{"id":172,"date":"2014-03-13T12:16:54","date_gmt":"2014-03-13T11:16:54","guid":{"rendered":"http:\/\/histoweb.com\/?page_id=172"},"modified":"2018-01-12T17:47:17","modified_gmt":"2018-01-12T16:47:17","slug":"tecniques-especials","status":"publish","type":"page","link":"https:\/\/histoweb.com\/ca\/serveis\/tecniques-especials\/","title":{"rendered":"T\u00e8cniques especials"},"content":{"rendered":"<div id='full_slider_1'  class='avia-fullwidth-slider main_color avia-shadow   avia-builder-el-0  el_before_av_textblock  avia-builder-el-first   container_wrap fullsize'  ><div  class='avia-slideshow av-av_slideshow_full-4f3ef5c0d0c5e5a45e27d5f99336c2be avia-slideshow-featured av_slideshow_full avia-slide-slider av-slideshow-ui av-control-default av-slideshow-manual av-loop-once av-loop-manual-endless av-default-height-applied   avia-slideshow-1' data-slideshow-options=\"{&quot;animation&quot;:&quot;slide&quot;,&quot;autoplay&quot;:false,&quot;loop_autoplay&quot;:&quot;once&quot;,&quot;interval&quot;:5,&quot;loop_manual&quot;:&quot;manual-endless&quot;,&quot;autoplay_stopper&quot;:false,&quot;noNavigation&quot;:false,&quot;bg_slider&quot;:false,&quot;keep_padding&quot;:false,&quot;hoverpause&quot;:false,&quot;show_slide_delay&quot;:0}\"  itemprop=\"image\" itemscope=\"itemscope\" itemtype=\"https:\/\/schema.org\/ImageObject\" ><ul class='avia-slideshow-inner ' style='padding-bottom: 26.595744680851%;'><li  class='avia-slideshow-slide av-av_slideshow_full-4f3ef5c0d0c5e5a45e27d5f99336c2be__0  av-single-slide slide-1 slide-odd'><div data-rel='slideshow-1' class='avia-slide-wrap '   ><img decoding=\"async\" fetchpriority=\"high\" class=\"wp-image-3191 avia-img-lazy-loading-not-3191\"  src=\"https:\/\/histoweb.com\/wp-content\/uploads\/2014\/11\/tecnolog\u00edas-especiales-patologia-animal.jpg\" width=\"940\" height=\"250\" title='tecnolog\u00edas-especiales-patologia-animal' alt=''  itemprop=\"thumbnailUrl\" srcset=\"https:\/\/histoweb.com\/wp-content\/uploads\/2014\/11\/tecnolog\u00edas-especiales-patologia-animal.jpg 940w, https:\/\/histoweb.com\/wp-content\/uploads\/2014\/11\/tecnolog\u00edas-especiales-patologia-animal-300x79.jpg 300w\" sizes=\"(max-width: 940px) 100vw, 940px\" \/><\/div><\/li><\/ul><\/div><\/div><div id='after_full_slider_1'  class='main_color av_default_container_wrap container_wrap fullsize'  ><div class='container av-section-cont-open' ><div class='template-page content  av-content-full alpha units'><div class='post-entry post-entry-type-page post-entry-172'><div class='entry-content-wrapper clearfix'>\n<section  class='av_textblock_section av-av_textblock-0366cc7376be6c9e82a3e9cc8987b64f '   itemscope=\"itemscope\" itemtype=\"https:\/\/schema.org\/CreativeWork\" ><div class='avia_textblock'  itemprop=\"text\" ><h2>T\u00c8CNIQUES ESPECIALS DE DIAGN\u00d2STIC<\/h2>\n<p><strong>INMUNOCITOQU\u00cdMICA<\/strong><\/p>\n<p>Les t\u00e8cniques inmunocitoqu\u00edmiques (ICQs) s&#8217;apliquen per a identificar neopl\u00e0sies indiferenciades o detectar agents infecciosos a les bi\u00f2psies ja trameses al laboratori, mitjan\u00e7ant l&#8217;\u00fas dels seg\u00fcents anticossos.<\/p>\n<\/div><\/section>\n<div class='avia-data-table-wrap av-av_table-2688e9a2447492468ddec62d22c68b84 avia_responsive_table avia-table-1'><table  class='avia-table avia-data-table avia_pricing_default  avia-builder-el-2  el_after_av_textblock  el_before_av_table '  itemscope=\"itemscope\" itemtype=\"https:\/\/schema.org\/Table\" ><tbody><tr class='avia-heading-row'><th class=''>ANTIC\u00d2S<\/th><th class=''>MARCATGE<\/th><th class=''>DIAGN\u00d2STIC<\/th><\/tr><tr class=''><td class=''>CD3<\/td><td class=''>Linf\u00f2cits T<\/td><td class=''>Linfoma T<\/td><\/tr><tr class=''><td class=''>CD79a<\/td><td class=''>Linf\u00f2cits B (gos)<\/td><td class=''>Linfoma B<\/td><\/tr><tr class=''><td class=''>CD45R<\/td><td class=''>Linf\u00f2cits B (gat)<\/td><td class=''>Linfoma B<\/td><\/tr><tr class=''><td class=''>MHCII<\/td><td class=''>C\u00e8l\u00b7lules dendr\u00edtiques<\/td><td class=''>Trastorns histioc\u00edtics<\/td><\/tr><tr class=''><td class=''>PAX5<\/td><td class=''>Linf\u00f2cits B<\/td><td class=''>Linfoma B<\/td><\/tr><tr class=''><td class=''>CD31<\/td><td class=''>C\u00e8l\u00b7lules endotelials<\/td><td class=''>Hemangioma \/ Hemangiosarcoma<\/td><\/tr><tr class=''><td class=''>E cadherina<\/td><td class=''>C\u00e8l\u00b7lules epitelials i dendr\u00edtiques<\/td><td class=''>Trastorns histioc\u00edtics \/ met\u00e0stasi<\/td><\/tr><tr class=''><td class=''>CD18 (can\u00ed)<\/td><td class=''>Integrina alfaXbeta2 \/ LFA1<\/td><td class=''>Trastorns leucocitaris (PMN, NK)<\/td><\/tr><tr class=''><td class=''>CD18 (fel\u00ed)<\/td><td class=''>Integrina alfaXbeta2 \/ LFA1<\/td><td class=''>Trastorns leucocitaris (PMN, NK)<\/td><\/tr><tr class=''><td class=''>Cadenes lambda<\/td><td class=''>Linf\u00f2cits B \/ C\u00e8l\u00b7lules plasm\u00e0tiques<\/td><td class=''>Linfoma B \/ Mieloma<\/td><\/tr><tr class=''><td class=''>CD11d<\/td><td class=''>Integrina alfaD<\/td><td class=''>Trastorns monoc\u00edtics \/macrof\u00e0gics<\/td><\/tr><tr class=''><td class=''>Triptasa<\/td><td class=''>Mast\u00f2cits<\/td><td class=''>Mastocitoma<\/td><\/tr><tr class=''><td class=''>Cadenes kappa<\/td><td class=''>Linf\u00f2cits B \/ C\u00e8l\u00b7lules plasm\u00e0tiques<\/td><td class=''>Linfoma B \/ Mieloma<\/td><\/tr><tr class=''><td class=''>Mioglobina<\/td><td class=''>M\u00fascul estriat<\/td><td class=''>Rabdomiosarcoma<\/td><\/tr><tr class=''><td class=''>TNF alfa<\/td><td class=''>TNF alfa<\/td><td class=''>Citoquina proinflamatoria<\/td><\/tr><tr class=''><td class=''>IL6<\/td><td class=''>Interleuquina 6<\/td><td class=''>Citoquina proinflamatoria<\/td><\/tr><tr class=''><td class=''>CD117<\/td><td class=''>ckit<\/td><td class=''>Mastocitoma<\/td><\/tr><tr class=''><td class=''>Factor VIII<\/td><td class=''>C\u00e8l\u00b7lules endotelials<\/td><td class=''>Hemangioma \/ Hemangiosarcoma<\/td><\/tr><tr class=''><td class=''>MAC387<\/td><td class=''>Macr\u00f2fegs<\/td><td class=''>Trastorns mielomonoc\u00edtics<\/td><\/tr><tr class=''><td class=''>Alfa-actina<\/td><td class=''>M\u00fascul llis<\/td><td class=''>Leiomioma \/ Leiomiosarcoma \/ Mioepiteli<\/td><\/tr><tr class=''><td class=''>Citoqueratines<\/td><td class=''>C\u00e8l\u00b7lules epitelials<\/td><td class=''>Carcinoma<\/td><\/tr><tr class=''><td class=''>Vimentina<\/td><td class=''>C\u00e8l\u00b7lules mesenquimatoses<\/td><td class=''>Sarcoma<\/td><\/tr><tr class=''><td class=''>Melan A<\/td><td class=''>Melan\u00f2cits<\/td><td class=''>Melanoma<\/td><\/tr><tr class=''><td class=''>S100<\/td><td class=''>S100<\/td><td class=''>Tumor de nervis perif\u00e8rics \/ Melanoma<\/td><\/tr><tr class=''><td class=''>GFAP<\/td><td class=''>GFAP<\/td><td class=''>Tumor glial<\/td><\/tr><tr class=''><td class=''>Sinaptofisina<\/td><td class=''>Ves\u00edcules sin\u00e0ptques<\/td><td class=''>Tumor neuroendocr\u00ed<\/td><\/tr><tr class=''><td class=''>Desmina<\/td><td class=''>M\u00fascul llis i estriat<\/td><td class=''>Tumor muscular<\/td><\/tr><tr class=''><td class=''>NF<\/td><td class=''>Neurofilaments<\/td><td class=''>Tumor neural \/ Tumor endocr\u00ed<\/td><\/tr><tr class=''><td class=''>PCNA<\/td><td class=''>Fases S y G1 cicle cel\u00b7lular<\/td><td class=''>Grau de proliferaci\u00f3<\/td><\/tr><tr class=''><td class=''>Ki67<\/td><td class=''>Fases S, G1 y G2 cicle cel\u00b7lular<\/td><td class=''>Grau de proliferaci\u00f3<\/td><\/tr><\/tbody><\/table><\/div><style type='text\/css'>.avia-table-1 td:nth-of-type(1):before { content: 'ANTIC\u00d2S'; } .avia-table-1 td:nth-of-type(2):before { content: 'MARCATGE'; } .avia-table-1 td:nth-of-type(3):before { content: 'DIAGN\u00d2STIC'; } <\/style>\n<div class='avia-data-table-wrap av-av_table-2688e9a2447492468ddec62d22c68b84 avia_responsive_table avia-table-2'><table  class='avia-table avia-data-table avia_pricing_default  avia-builder-el-3  el_after_av_table  el_before_av_textblock '  itemscope=\"itemscope\" itemtype=\"https:\/\/schema.org\/Table\" ><tbody><tr class='avia-heading-row'><th class=''>ANTICOSSOS EN FRONT D\u2019AGENTS INFECCIOSOS<br \/>\n<\/th><\/tr><tr class=''><td class=''>Coronavirus fel\u00ed (FcoV)<br \/>\n<\/td><\/tr><tr class=''><td class=''>Calicivirus fel\u00ed (FCV)<br \/>\n<\/td><\/tr><tr class=''><td class=''>Herpesvirus fel\u00ed (FHV)<br \/>\n<\/td><\/tr><tr class=''><td class=''>Virus de la Leuc\u00e8mia felina (FeLV)<br \/>\n<\/td><\/tr><tr class=''><td class=''>Parvovirus can\u00ed i fel\u00ed (FPV \/ CPV)<br \/>\n<\/td><\/tr><tr class=''><td class=''>Brom (CDV)<br \/>\n<\/td><\/tr><tr class=''><td class=''>Virus de la malaltia de Borna (BDV)<br \/>\n<\/td><\/tr><tr class=''><td class=''>Toxoplasma gondii<br \/>\n<\/td><\/tr><tr class=''><td class=''>Neospora caninum<br \/>\n<\/td><\/tr><tr class=''><td class=''>Anaplasma phagocytophylum<br \/>\n<\/td><\/tr><tr class=''><td class=''>Helicobacter spp.<br \/>\n<\/td><\/tr><tr class=''><td class=''>Leishmania infantum<br \/>\n<\/td><\/tr><tr class=''><td class=''>Clamidia psitacii<br \/>\n<\/td><\/tr><tr class=''><td class=''>Coxiella burnetti<br \/>\n<\/td><\/tr><tr class=''><td class=''>Salmonella spp.<\/td><\/tr><\/tbody><\/table><\/div><style type='text\/css'>.avia-table-2 td:nth-of-type(1):before { content: 'ANTICOSSOS EN FRONT D\u2019AGENTS INFECCIOSOS\n'; } <\/style>\n<section  class='av_textblock_section av-av_textblock-0366cc7376be6c9e82a3e9cc8987b64f '   itemscope=\"itemscope\" itemtype=\"https:\/\/schema.org\/CreativeWork\" ><div class='avia_textblock'  itemprop=\"text\" ><p><strong>PROVES MOL\u00b7LECULARS<\/strong><\/p>\n<p>Les probes mol\u00b7leculars (PCR) s\u2019apliquen per a detectar <a href=\"http:\/\/histovetblog.com\/2013\/04\/09\/pruebas-pronostico-2-mastocitomas\/\" target=\"_blank\" rel=\"noopener\">mutacions a mastocitomes (MTCs)<\/a>, per a valorar la resposta al tractament amb inhibidors de tirosinaquinases (ITQs) , aix\u00ed com en <a href=\"http:\/\/histovetblog.com\/2013\/07\/12\/4295\/\" target=\"_blank\" rel=\"noopener\">trastorns linfoproliferatius per a distinguir reactivitat de neoplasia<\/a> i, en aquest darrer cas, poder establir alhora el fenotip de la lesi\u00f3.<\/p>\n<p><strong>PROVES DE PRON\u00d2STIC<\/strong><\/p>\n<p>Les<a href=\"http:\/\/histovetblog.com\/category\/funcionamiento\/pruebas-de-pronostico\/\" target=\"_blank\" rel=\"noopener\"> proves de pron\u00f2stic<\/a> tenen aplicaci\u00f3 en la valoraci\u00f3 del comportament de determinades neopl\u00e0sies pel que fa a l\u2019agresivitat, Taxa de Superviv\u00e8ncia Global (TSG) i Int\u00e8rval Lliure de Malaltia (ILM). Utilitzen marcadors en front de prote\u00efnes de proliferaci\u00f3 i enzims.<\/p>\n<\/div><\/section>\n<div class='avia-data-table-wrap av-av_table-2688e9a2447492468ddec62d22c68b84 avia_responsive_table avia-table-3'><table  class='avia-table avia-data-table avia_pricing_default  avia-builder-el-5  el_after_av_textblock  el_before_av_hr '  itemscope=\"itemscope\" itemtype=\"https:\/\/schema.org\/Table\" ><tbody><tr class='avia-heading-row'><th class=''><\/th><th class=''>T\u00c8CNICA<\/th><th class=''>APLICACI\u00d3<\/th><\/tr><tr class=''><td class=''>LINFOMA CAN\u00cd<\/td><td class=''>PCR<\/td><td class=''>Diferenciaci\u00f3 objetiva entre proliferaci\u00f3 reactiva i neopl\u00e0sica. Valoraci\u00f3 del pron\u00f2stic a trav\u00e9s del fenotip<\/td><\/tr><tr class=''><td class=''>LINFOMA CAN\u00cd<\/td><td class=''>ICQ<\/td><td class=''>Diferenciaci\u00f3 subjectiva entre proliferaci\u00f3 reactiva i neopl\u00e0sica. Valoraci\u00f3 del pron\u00f2stic a trav\u00e9s del fenotip<\/td><\/tr><tr class=''><td class=''>LINFOMA FEL\u00cd<\/td><td class=''>PCR<\/td><td class=''>Diferenciaci\u00f3 objetiva entre proliferaci\u00f3 reactiva i neopl\u00e0sica. Tipificaci\u00f3 T\/B<\/td><\/tr><tr class=''><td class=''>LINFOMA FEL\u00cd<\/td><td class=''>ICQ<\/td><td class=''>Diferenciaci\u00f3 subjectiva entre proliferaci\u00f3 reactiva i neopl\u00e0sica. Tipificaci\u00f3 T\/B<\/td><\/tr><tr class=''><td class=''>LINFOMA ALIMENTARI FEL\u00cd<\/td><td class=''>PCR<\/td><td class=''>Diferenciaci\u00f3 objetiva entre Enteritis Linfoplasmac\u00edtica (IBD) i Linfoma alimentari<\/td><\/tr><tr class=''><td class=''>LINFOMA ALIMENTARI FEL\u00cd<\/td><td class=''>ICQ<\/td><td class=''>Diferenciaci\u00f3 objetiva entre Enteritis Linfoplasmac\u00edtica (IBD) i Linfoma alimentariDiferenciaci\u00f3 objetiva entre Enteritis Linfoplasmac\u00edtica (IBD) i Linfoma alimentari<\/td><\/tr><tr class=''><td class=''>MASTOCITOMA CAN\u00cd<\/td><td class=''>PCR<\/td><td class=''>Valoraci\u00f3 objetiva sobre mutacions. Informaci\u00f3 sobre la TSG i l\u2019ILM. Previsi\u00f3 sobre la mortalitat associada al tumor, recidives i efectivitat de la quimioterapia convencional i terapia amb ITQ<\/td><\/tr><tr class=''><td class=''>MASTOCITOMA CAN\u00cd<\/td><td class=''>ICQ<\/td><td class=''>Valoraci\u00f3 subjectiva sobre mutacions. Informaci\u00f3 sobre la TSG i ILE<\/td><\/tr><tr class=''><td class=''>MASTOCITOMA CAN\u00cd<\/td><td class=''>ICQ<\/td><td class=''>Distinci\u00f3 entre MTCs de \u201cgrau baix\u201d i MTCs de \u201cgrau alt\u201d i informaci\u00f3 sobre la TSG i posibilitat de recidives\/met\u00e0stasis<\/td><\/tr><tr class=''><td class=''>CARCINOMA MAMARI CAN\u00cd I FEL\u00cd<\/td><td class=''>ICQ<\/td><td class=''>Informaci\u00f3 sobre la TSG<\/td><\/tr><tr class=''><td class=''>OSTEOSARCOMA CAN\u00cd<\/td><td class=''>ICQ<\/td><td class=''>Informaci\u00f3 sobre l\u2019ILM<\/td><\/tr><tr class=''><td class=''>MELANOMA CAN\u00cd<\/td><td class=''>ICQ<\/td><td class=''>Informaci\u00f3 sobre el grau, la TSG i l\u2019ILM<\/td><\/tr><\/tbody><\/table><\/div><style type='text\/css'>.avia-table-3 td:nth-of-type(1):before { content: ''; } .avia-table-3 td:nth-of-type(2):before { content: 'T\u00c8CNICA'; } .avia-table-3 td:nth-of-type(3):before { content: 'APLICACI\u00d3'; } <\/style>\n<div  class='hr av-av_hr-dcd2069817a0e3d34ae04cad8f3443c7 hr-default  avia-builder-el-6  el_after_av_table  el_before_av_contact '><span class='hr-inner '><span class=\"hr-inner-style\"><\/span><\/span><\/div>\n<form action=\"https:\/\/histoweb.com\/ca\/serveis\/tecniques-especials\/\" method=\"post\" data-fields-with-error=\"Found errors in the following field(s):\" class=\"avia_ajax_form av-form-labels-visible   avia-builder-el-7  el_after_av_hr  el_before_av_hr   \" data-avia-form-id=\"1\" data-avia-redirect='' ><h3 class=''>Si voleu fer un comentari o una pregunta, si us plau, utilitzeu el seg\u00fcent formulari<\/h3><fieldset><p class='  first_form  form_element form_fullwidth' id='element_avia_1_1'><label for=\"avia_1_1\">Nombre <abbr class=\"required\" title=\"obligatori\">*<\/abbr><\/label> <input name=\"avia_1_1\" class=\"text_input is_empty\" type=\"text\" id=\"avia_1_1\" value=\"\" \/><\/p><p class='  first_form  form_element form_fullwidth' id='element_avia_2_1'><label for=\"avia_2_1\">E-Mail <abbr class=\"required\" title=\"obligatori\">*<\/abbr><\/label> <input name=\"avia_2_1\" class=\"text_input is_email\" type=\"text\" id=\"avia_2_1\" value=\"\" \/><\/p><p class='  first_form  form_element form_fullwidth' id='element_avia_3_1'><label for=\"avia_3_1\">Asunto <abbr class=\"required\" title=\"obligatori\">*<\/abbr><\/label> <input name=\"avia_3_1\" class=\"text_input is_empty\" type=\"text\" id=\"avia_3_1\" value=\"\" \/><\/p><p class='  first_form  form_element form_fullwidth' id='element_avia_4_1'><label for=\"avia_4_1\" class=\"textare_label hidden textare_label_avia_4_1\">Mensaje <abbr class=\"required\" title=\"obligatori\">*<\/abbr><\/label><textarea  name=\"avia_4_1\" class=\"text_area is_empty\" cols=\"40\" rows=\"7\" id=\"avia_4_1\" ><\/textarea><\/p><p class='  first_form  form_element form_fullwidth' id='element_avia_5_1'><input  name=\"avia_5_1\" class=\"input_checkbox is_empty\" type=\"checkbox\" id=\"avia_5_1\" value=\"true\"\/><label class=\"input_checkbox_label\" for=\"avia_5_1\">Accepto <a href=\"https:\/\/histoweb.com\/politica-de-privacidad\/\" target=\"_blank\" rel=\"noopener\">Termes i Condicions d\u2019\u00fas<\/a> <abbr class=\"required\" title=\"obligatori\">*<\/abbr><\/label><\/p><p class=\"hidden\"><input type=\"text\" name=\"avia_6_1\" class=\"hidden \" id=\"avia_6_1\" value=\"\" \/><\/p><p class='   form_element form_fullwidth' id='element_avia_7_1'><span class='value_verifier_label'>0 + 1 = ?<\/span><input name=\"avia_7_1_verifier\" type=\"hidden\" id=\"avia_7_1_verifier\" value=\"325711514\"\/><label for=\"avia_7_1\">Per a m\u00e9s seguretat, resolgui aquesta operaci\u00f3: <abbr class=\"required\" title=\"obligatori\">*<\/abbr><\/label><input name=\"avia_7_1\" class=\"text_input captcha\" type=\"text\" id=\"avia_7_1\" value=\"\"\/><\/p><p class=\"form_element \"><input type=\"hidden\" value=\"1\" name=\"avia_generated_form1\" \/><input type=\"submit\" value=\"Enviar\" class=\"button\"  data-sending-label=\"Enviant\"\/><\/p><\/fieldset><\/form><div id=\"ajaxresponse_1\" class=\"ajaxresponse ajaxresponse_1 hidden\"><\/div>\n<div  class='hr av-av_hr-dcd2069817a0e3d34ae04cad8f3443c7 hr-default  avia-builder-el-8  el_after_av_contact  el_before_av_textblock '><span class='hr-inner '><span class=\"hr-inner-style\"><\/span><\/span><\/div>\n<section  class='av_textblock_section av-av_textblock-0366cc7376be6c9e82a3e9cc8987b64f '   itemscope=\"itemscope\" itemtype=\"https:\/\/schema.org\/CreativeWork\" ><div class='avia_textblock'  itemprop=\"text\" ><h1 style=\"text-align: center;\">T\u00c8CNIQUES ESPECIALS DE DIAGN\u00d2STIC DE PATOLOGIES ANIMALS D&#8217;HISTOVET<\/h1>\n<\/div><\/section>\n","protected":false},"excerpt":{"rendered":"","protected":false},"author":2,"featured_media":0,"parent":180,"menu_order":0,"comment_status":"open","ping_status":"closed","template":"","meta":{"footnotes":""},"class_list":["post-172","page","type-page","status-publish","hentry"],"yoast_head":"<!-- This site is optimized with the Yoast SEO plugin v26.6 - https:\/\/yoast.com\/wordpress\/plugins\/seo\/ -->\n<title>T\u00e8cniques especials de diagn\u00f2stic per a patologia animal<\/title>\n<meta name=\"description\" content=\"T\u00e8cniques especials: immunocitoquimica, immunohistoquimica, immunocitoqu\u00edmiques, immunohistoquimiques, probes mol\u2022leculars o de pron\u00f2stic, PCR.\" \/>\n<meta name=\"robots\" content=\"index, follow, max-snippet:-1, max-image-preview:large, max-video-preview:-1\" \/>\n<link rel=\"canonical\" href=\"https:\/\/histoweb.com\/ca\/serveis\/tecniques-especials\/\" \/>\n<meta property=\"og:locale\" content=\"ca_ES\" \/>\n<meta property=\"og:type\" content=\"article\" \/>\n<meta property=\"og:title\" content=\"T\u00e8cniques especials de diagn\u00f2stic per a patologia animal\" \/>\n<meta property=\"og:description\" content=\"T\u00e8cniques especials: immunocitoquimica, immunohistoquimica, immunocitoqu\u00edmiques, immunohistoquimiques, probes mol\u2022leculars o de pron\u00f2stic, PCR.\" \/>\n<meta property=\"og:url\" content=\"https:\/\/histoweb.com\/ca\/serveis\/tecniques-especials\/\" \/>\n<meta property=\"og:site_name\" content=\"Histoweb\" \/>\n<meta property=\"article:modified_time\" content=\"2018-01-12T16:47:17+00:00\" \/>\n<meta name=\"twitter:label1\" content=\"Temps estimat de lectura\" \/>\n\t<meta name=\"twitter:data1\" content=\"13 minuts\" \/>\n<script type=\"application\/ld+json\" class=\"yoast-schema-graph\">{\"@context\":\"https:\/\/schema.org\",\"@graph\":[{\"@type\":\"WebPage\",\"@id\":\"https:\/\/histoweb.com\/ca\/serveis\/tecniques-especials\/\",\"url\":\"https:\/\/histoweb.com\/ca\/serveis\/tecniques-especials\/\",\"name\":\"T\u00e8cniques especials de diagn\u00f2stic per a patologia animal\",\"isPartOf\":{\"@id\":\"https:\/\/histoweb.com\/#website\"},\"datePublished\":\"2014-03-13T11:16:54+00:00\",\"dateModified\":\"2018-01-12T16:47:17+00:00\",\"description\":\"T\u00e8cniques especials: immunocitoquimica, immunohistoquimica, immunocitoqu\u00edmiques, immunohistoquimiques, probes mol\u2022leculars o de pron\u00f2stic, PCR.\",\"breadcrumb\":{\"@id\":\"https:\/\/histoweb.com\/ca\/serveis\/tecniques-especials\/#breadcrumb\"},\"inLanguage\":\"ca\",\"potentialAction\":[{\"@type\":\"ReadAction\",\"target\":[\"https:\/\/histoweb.com\/ca\/serveis\/tecniques-especials\/\"]}]},{\"@type\":\"BreadcrumbList\",\"@id\":\"https:\/\/histoweb.com\/ca\/serveis\/tecniques-especials\/#breadcrumb\",\"itemListElement\":[{\"@type\":\"ListItem\",\"position\":1,\"name\":\"Portada\",\"item\":\"https:\/\/histoweb.com\/ca\/portada\/\"},{\"@type\":\"ListItem\",\"position\":2,\"name\":\"Serveis\",\"item\":\"https:\/\/histoweb.com\/ca\/serveis\/\"},{\"@type\":\"ListItem\",\"position\":3,\"name\":\"T\u00e8cniques especials\"}]},{\"@type\":\"WebSite\",\"@id\":\"https:\/\/histoweb.com\/#website\",\"url\":\"https:\/\/histoweb.com\/\",\"name\":\"Histoweb\",\"description\":\"Servicio de diagn\u00f3stico histopatol\u00f3gico veterinario\",\"publisher\":{\"@id\":\"https:\/\/histoweb.com\/#organization\"},\"potentialAction\":[{\"@type\":\"SearchAction\",\"target\":{\"@type\":\"EntryPoint\",\"urlTemplate\":\"https:\/\/histoweb.com\/?s={search_term_string}\"},\"query-input\":{\"@type\":\"PropertyValueSpecification\",\"valueRequired\":true,\"valueName\":\"search_term_string\"}}],\"inLanguage\":\"ca\"},{\"@type\":\"Organization\",\"@id\":\"https:\/\/histoweb.com\/#organization\",\"name\":\"Histovet\",\"url\":\"https:\/\/histoweb.com\/\",\"logo\":{\"@type\":\"ImageObject\",\"inLanguage\":\"ca\",\"@id\":\"https:\/\/histoweb.com\/#\/schema\/logo\/image\/\",\"url\":\"https:\/\/histoweb.com\/wp-content\/uploads\/2014\/03\/logo.jpg\",\"contentUrl\":\"https:\/\/histoweb.com\/wp-content\/uploads\/2014\/03\/logo.jpg\",\"width\":336,\"height\":75,\"caption\":\"Histovet\"},\"image\":{\"@id\":\"https:\/\/histoweb.com\/#\/schema\/logo\/image\/\"}}]}<\/script>\n<!-- \/ Yoast SEO plugin. -->","yoast_head_json":{"title":"T\u00e8cniques especials de diagn\u00f2stic per a patologia animal","description":"T\u00e8cniques especials: immunocitoquimica, immunohistoquimica, immunocitoqu\u00edmiques, immunohistoquimiques, probes mol\u2022leculars o de pron\u00f2stic, PCR.","robots":{"index":"index","follow":"follow","max-snippet":"max-snippet:-1","max-image-preview":"max-image-preview:large","max-video-preview":"max-video-preview:-1"},"canonical":"https:\/\/histoweb.com\/ca\/serveis\/tecniques-especials\/","og_locale":"ca_ES","og_type":"article","og_title":"T\u00e8cniques especials de diagn\u00f2stic per a patologia animal","og_description":"T\u00e8cniques especials: immunocitoquimica, immunohistoquimica, immunocitoqu\u00edmiques, immunohistoquimiques, probes mol\u2022leculars o de pron\u00f2stic, PCR.","og_url":"https:\/\/histoweb.com\/ca\/serveis\/tecniques-especials\/","og_site_name":"Histoweb","article_modified_time":"2018-01-12T16:47:17+00:00","twitter_misc":{"Temps estimat de lectura":"13 minuts"},"schema":{"@context":"https:\/\/schema.org","@graph":[{"@type":"WebPage","@id":"https:\/\/histoweb.com\/ca\/serveis\/tecniques-especials\/","url":"https:\/\/histoweb.com\/ca\/serveis\/tecniques-especials\/","name":"T\u00e8cniques especials de diagn\u00f2stic per a patologia animal","isPartOf":{"@id":"https:\/\/histoweb.com\/#website"},"datePublished":"2014-03-13T11:16:54+00:00","dateModified":"2018-01-12T16:47:17+00:00","description":"T\u00e8cniques especials: immunocitoquimica, immunohistoquimica, immunocitoqu\u00edmiques, immunohistoquimiques, probes mol\u2022leculars o de pron\u00f2stic, PCR.","breadcrumb":{"@id":"https:\/\/histoweb.com\/ca\/serveis\/tecniques-especials\/#breadcrumb"},"inLanguage":"ca","potentialAction":[{"@type":"ReadAction","target":["https:\/\/histoweb.com\/ca\/serveis\/tecniques-especials\/"]}]},{"@type":"BreadcrumbList","@id":"https:\/\/histoweb.com\/ca\/serveis\/tecniques-especials\/#breadcrumb","itemListElement":[{"@type":"ListItem","position":1,"name":"Portada","item":"https:\/\/histoweb.com\/ca\/portada\/"},{"@type":"ListItem","position":2,"name":"Serveis","item":"https:\/\/histoweb.com\/ca\/serveis\/"},{"@type":"ListItem","position":3,"name":"T\u00e8cniques especials"}]},{"@type":"WebSite","@id":"https:\/\/histoweb.com\/#website","url":"https:\/\/histoweb.com\/","name":"Histoweb","description":"Servicio de diagn\u00f3stico histopatol\u00f3gico veterinario","publisher":{"@id":"https:\/\/histoweb.com\/#organization"},"potentialAction":[{"@type":"SearchAction","target":{"@type":"EntryPoint","urlTemplate":"https:\/\/histoweb.com\/?s={search_term_string}"},"query-input":{"@type":"PropertyValueSpecification","valueRequired":true,"valueName":"search_term_string"}}],"inLanguage":"ca"},{"@type":"Organization","@id":"https:\/\/histoweb.com\/#organization","name":"Histovet","url":"https:\/\/histoweb.com\/","logo":{"@type":"ImageObject","inLanguage":"ca","@id":"https:\/\/histoweb.com\/#\/schema\/logo\/image\/","url":"https:\/\/histoweb.com\/wp-content\/uploads\/2014\/03\/logo.jpg","contentUrl":"https:\/\/histoweb.com\/wp-content\/uploads\/2014\/03\/logo.jpg","width":336,"height":75,"caption":"Histovet"},"image":{"@id":"https:\/\/histoweb.com\/#\/schema\/logo\/image\/"}}]}},"_links":{"self":[{"href":"https:\/\/histoweb.com\/ca\/wp-json\/wp\/v2\/pages\/172","targetHints":{"allow":["GET"]}}],"collection":[{"href":"https:\/\/histoweb.com\/ca\/wp-json\/wp\/v2\/pages"}],"about":[{"href":"https:\/\/histoweb.com\/ca\/wp-json\/wp\/v2\/types\/page"}],"author":[{"embeddable":true,"href":"https:\/\/histoweb.com\/ca\/wp-json\/wp\/v2\/users\/2"}],"replies":[{"embeddable":true,"href":"https:\/\/histoweb.com\/ca\/wp-json\/wp\/v2\/comments?post=172"}],"version-history":[{"count":1,"href":"https:\/\/histoweb.com\/ca\/wp-json\/wp\/v2\/pages\/172\/revisions"}],"predecessor-version":[{"id":7344,"href":"https:\/\/histoweb.com\/ca\/wp-json\/wp\/v2\/pages\/172\/revisions\/7344"}],"up":[{"embeddable":true,"href":"https:\/\/histoweb.com\/ca\/wp-json\/wp\/v2\/pages\/180"}],"wp:attachment":[{"href":"https:\/\/histoweb.com\/ca\/wp-json\/wp\/v2\/media?parent=172"}],"curies":[{"name":"wp","href":"https:\/\/api.w.org\/{rel}","templated":true}]}}