{"id":177,"date":"2014-04-04T15:14:56","date_gmt":"2014-04-04T14:14:56","guid":{"rendered":"http:\/\/histoweb.com\/?page_id=177"},"modified":"2018-01-12T17:35:41","modified_gmt":"2018-01-12T16:35:41","slug":"rutina-de-treball","status":"publish","type":"page","link":"https:\/\/histoweb.com\/ca\/serveis\/rutina-de-treball\/","title":{"rendered":"Rutina de treball"},"content":{"rendered":"<div id='full_slider_1'  class='avia-fullwidth-slider main_color avia-shadow   avia-builder-el-0  el_before_av_textblock  avia-builder-el-first   container_wrap fullsize'  ><div  class='avia-slideshow av-av_slideshow_full-4f3ef5c0d0c5e5a45e27d5f99336c2be avia-slideshow-featured av_slideshow_full avia-slide-slider av-slideshow-ui av-control-default av-slideshow-manual av-loop-once av-loop-manual-endless av-default-height-applied   avia-slideshow-1' data-slideshow-options=\"{&quot;animation&quot;:&quot;slide&quot;,&quot;autoplay&quot;:false,&quot;loop_autoplay&quot;:&quot;once&quot;,&quot;interval&quot;:5,&quot;loop_manual&quot;:&quot;manual-endless&quot;,&quot;autoplay_stopper&quot;:false,&quot;noNavigation&quot;:false,&quot;bg_slider&quot;:false,&quot;keep_padding&quot;:false,&quot;hoverpause&quot;:false,&quot;show_slide_delay&quot;:0}\"  itemprop=\"image\" itemscope=\"itemscope\" itemtype=\"https:\/\/schema.org\/ImageObject\" ><ul class='avia-slideshow-inner ' style='padding-bottom: 26.595744680851%;'><li  class='avia-slideshow-slide av-av_slideshow_full-4f3ef5c0d0c5e5a45e27d5f99336c2be__0  av-single-slide slide-1 slide-odd'><div data-rel='slideshow-1' class='avia-slide-wrap '   ><img decoding=\"async\" fetchpriority=\"high\" class=\"wp-image-3055 avia-img-lazy-loading-not-3055\"  src=\"https:\/\/histoweb.com\/wp-content\/uploads\/2014\/11\/biopsia-citologia-24-horas.jpg\" width=\"940\" height=\"250\" title='biopsia-citologia-24-horas' alt=''  itemprop=\"thumbnailUrl\" srcset=\"https:\/\/histoweb.com\/wp-content\/uploads\/2014\/11\/biopsia-citologia-24-horas.jpg 940w, https:\/\/histoweb.com\/wp-content\/uploads\/2014\/11\/biopsia-citologia-24-horas-300x79.jpg 300w\" sizes=\"(max-width: 940px) 100vw, 940px\" \/><\/div><\/li><\/ul><\/div><\/div><div id='after_full_slider_1'  class='main_color av_default_container_wrap container_wrap fullsize'  ><div class='container av-section-cont-open' ><div class='template-page content  av-content-full alpha units'><div class='post-entry post-entry-type-page post-entry-177'><div class='entry-content-wrapper clearfix'>\n<section  class='av_textblock_section av-av_textblock-0366cc7376be6c9e82a3e9cc8987b64f '   itemscope=\"itemscope\" itemtype=\"https:\/\/schema.org\/CreativeWork\" ><div class='avia_textblock'  itemprop=\"text\" ><h2>RUTINA DE TREBALL<\/h2>\n<p>Les mostres s&#8217;entreguen a HISTOVET a llarg del mat\u00ed. Durant el migdia i la tarda del mateix dia es tallen i es posa en marxa el proc\u00e9s d&#8217;inclusi\u00f3 en parafina. Els teixits, un cop inclosos, es tallen i es tenyeixen l&#8217;endem\u00e0 al mat\u00ed i es diagnostiquen a la tarda. El resultat resta pendent de transcripci\u00f3, per\u00f2 la bi\u00f2psia sempre est\u00e0 diagnosticada entre les 24 i 36h hores de l&#8217;arribada al nostre laboratori. Les citologies es tenyeixen, \u00a0diagnostiquen i es transcriuen el mateix dia de l&#8217;arribada al centre.<\/p>\n<p>Els casos de bi\u00f2psia especialment urgents es diagnostiquen a primera hora de la tarda, amb la qual cosa s&#8217;aconsegueix la comunicaci\u00f3 del resultat just l&#8217;endem\u00e0 de l&#8217;arribada de la mostra. (Indiqueu si-us-plau aquests casos de forma claramente visible en el formulari de sol\u00b7licitud de estudi).<\/p>\n<p>Un cop realitzat el processat i el diagn\u00f2stic, la mostra de teixit sobrant (en cas de no haver practicat una inclusi\u00f3 total) es conserva durant 1-2 setmanes per eventuals reinclusions. Posteriorment es destrueix i \u00fanicament es conserva el bloc de parafina amb la mostra a partir de la qual s&#8217;ha realitzat el diagn\u00f2stic. El bloc queda arxivat definitivament a HISTOVET i no est\u00e0 a disposici\u00f3. Per segones opinions podem practicar talls blancs a partir del mateix bloc.<\/p>\n<div id=\"wrchoverdiv\"><\/div>\n<\/div><\/section>\n<div  class='hr av-av_hr-dcd2069817a0e3d34ae04cad8f3443c7 hr-default  avia-builder-el-2  el_after_av_textblock  el_before_av_contact '><span class='hr-inner '><span class=\"hr-inner-style\"><\/span><\/span><\/div>\n<form action=\"https:\/\/histoweb.com\/ca\/serveis\/rutina-de-treball\/\" method=\"post\" data-fields-with-error=\"Found errors in the following field(s):\" class=\"avia_ajax_form av-form-labels-visible   avia-builder-el-3  el_after_av_hr  el_before_av_hr   \" data-avia-form-id=\"1\" data-avia-redirect='' ><h3 class=''>Si voleu fer un comentari o una pregunta, si us plau, utilitzeu el seg\u00fcent formulari<\/h3><fieldset><p class='  first_form  form_element form_fullwidth' id='element_avia_1_1'><label for=\"avia_1_1\">Nombre <abbr class=\"required\" title=\"obligatori\">*<\/abbr><\/label> <input name=\"avia_1_1\" class=\"text_input is_empty\" type=\"text\" id=\"avia_1_1\" value=\"\" \/><\/p><p class='  first_form  form_element form_fullwidth' id='element_avia_2_1'><label for=\"avia_2_1\">E-Mail <abbr class=\"required\" title=\"obligatori\">*<\/abbr><\/label> <input name=\"avia_2_1\" class=\"text_input is_email\" type=\"text\" id=\"avia_2_1\" value=\"\" \/><\/p><p class='  first_form  form_element form_fullwidth' id='element_avia_3_1'><label for=\"avia_3_1\">Asunto <abbr class=\"required\" title=\"obligatori\">*<\/abbr><\/label> <input name=\"avia_3_1\" class=\"text_input is_empty\" type=\"text\" id=\"avia_3_1\" value=\"\" \/><\/p><p class='  first_form  form_element form_fullwidth' id='element_avia_4_1'><label for=\"avia_4_1\" class=\"textare_label hidden textare_label_avia_4_1\">Mensaje <abbr class=\"required\" title=\"obligatori\">*<\/abbr><\/label><textarea  name=\"avia_4_1\" class=\"text_area is_empty\" cols=\"40\" rows=\"7\" id=\"avia_4_1\" ><\/textarea><\/p><p class='  first_form  form_element form_fullwidth' id='element_avia_5_1'><input  name=\"avia_5_1\" class=\"input_checkbox is_empty\" type=\"checkbox\" id=\"avia_5_1\" value=\"true\"\/><label class=\"input_checkbox_label\" for=\"avia_5_1\">Accepto <a href=\"https:\/\/histoweb.com\/politica-de-privacidad\/\" target=\"_blank\" rel=\"noopener\">Termes i Condicions d\u2019\u00fas<\/a> <abbr class=\"required\" title=\"obligatori\">*<\/abbr><\/label><\/p><p class=\"hidden\"><input type=\"text\" name=\"avia_6_1\" class=\"hidden \" id=\"avia_6_1\" value=\"\" \/><\/p><p class='   form_element form_fullwidth' id='element_avia_7_1'><span class='value_verifier_label'>1 + 0 = ?<\/span><input name=\"avia_7_1_verifier\" type=\"hidden\" id=\"avia_7_1_verifier\" value=\"576741126\"\/><label for=\"avia_7_1\">Per a m\u00e9s seguretat, resolgui aquesta operaci\u00f3: <abbr class=\"required\" title=\"obligatori\">*<\/abbr><\/label><input name=\"avia_7_1\" class=\"text_input captcha\" type=\"text\" id=\"avia_7_1\" value=\"\"\/><\/p><p class=\"form_element \"><input type=\"hidden\" value=\"1\" name=\"avia_generated_form1\" \/><input type=\"submit\" value=\"Enviar\" class=\"button\"  data-sending-label=\"Enviant\"\/><\/p><\/fieldset><\/form><div id=\"ajaxresponse_1\" class=\"ajaxresponse ajaxresponse_1 hidden\"><\/div>\n<div  class='hr av-av_hr-dcd2069817a0e3d34ae04cad8f3443c7 hr-default  avia-builder-el-4  el_after_av_contact  el_before_av_textblock '><span class='hr-inner '><span class=\"hr-inner-style\"><\/span><\/span><\/div>\n<section  class='av_textblock_section av-av_textblock-0366cc7376be6c9e82a3e9cc8987b64f '   itemscope=\"itemscope\" itemtype=\"https:\/\/schema.org\/CreativeWork\" ><div class='avia_textblock'  itemprop=\"text\" ><h1 style=\"text-align: center;\">Bi\u00f2psies i citologies d&#8217;animals en 24 hores<\/h1>\n<\/div><\/section>\n","protected":false},"excerpt":{"rendered":"","protected":false},"author":2,"featured_media":0,"parent":180,"menu_order":0,"comment_status":"open","ping_status":"closed","template":"","meta":{"footnotes":""},"class_list":["post-177","page","type-page","status-publish","hentry"],"yoast_head":"<!-- This site is optimized with the Yoast SEO plugin v26.6 - https:\/\/yoast.com\/wordpress\/plugins\/seo\/ -->\n<title>Diagn\u00f2stic histopatol\u00f2gic veterinari en les primeres 24 hores<\/title>\n<meta name=\"description\" content=\"Bi\u00f2psia diagnosticada entre 24 i 36 hores de l&#039;arribada al laboratori de Histovet. Les citologies es diagnostiquen durant el mateix dia.\" \/>\n<meta name=\"robots\" content=\"index, follow, max-snippet:-1, max-image-preview:large, max-video-preview:-1\" \/>\n<link rel=\"canonical\" href=\"https:\/\/histoweb.com\/ca\/serveis\/rutina-de-treball\/\" \/>\n<meta property=\"og:locale\" content=\"ca_ES\" \/>\n<meta property=\"og:type\" content=\"article\" \/>\n<meta property=\"og:title\" content=\"Diagn\u00f2stic histopatol\u00f2gic veterinari en les primeres 24 hores\" \/>\n<meta property=\"og:description\" content=\"Bi\u00f2psia diagnosticada entre 24 i 36 hores de l&#039;arribada al laboratori de Histovet. Les citologies es diagnostiquen durant el mateix dia.\" \/>\n<meta property=\"og:url\" content=\"https:\/\/histoweb.com\/ca\/serveis\/rutina-de-treball\/\" \/>\n<meta property=\"og:site_name\" content=\"Histoweb\" \/>\n<meta property=\"article:modified_time\" content=\"2018-01-12T16:35:41+00:00\" \/>\n<meta name=\"twitter:label1\" content=\"Temps estimat de lectura\" \/>\n\t<meta name=\"twitter:data1\" content=\"3 minuts\" \/>\n<script type=\"application\/ld+json\" class=\"yoast-schema-graph\">{\"@context\":\"https:\/\/schema.org\",\"@graph\":[{\"@type\":\"WebPage\",\"@id\":\"https:\/\/histoweb.com\/ca\/serveis\/rutina-de-treball\/\",\"url\":\"https:\/\/histoweb.com\/ca\/serveis\/rutina-de-treball\/\",\"name\":\"Diagn\u00f2stic histopatol\u00f2gic veterinari en les primeres 24 hores\",\"isPartOf\":{\"@id\":\"https:\/\/histoweb.com\/#website\"},\"datePublished\":\"2014-04-04T14:14:56+00:00\",\"dateModified\":\"2018-01-12T16:35:41+00:00\",\"description\":\"Bi\u00f2psia diagnosticada entre 24 i 36 hores de l'arribada al laboratori de Histovet. Les citologies es diagnostiquen durant el mateix dia.\",\"breadcrumb\":{\"@id\":\"https:\/\/histoweb.com\/ca\/serveis\/rutina-de-treball\/#breadcrumb\"},\"inLanguage\":\"ca\",\"potentialAction\":[{\"@type\":\"ReadAction\",\"target\":[\"https:\/\/histoweb.com\/ca\/serveis\/rutina-de-treball\/\"]}]},{\"@type\":\"BreadcrumbList\",\"@id\":\"https:\/\/histoweb.com\/ca\/serveis\/rutina-de-treball\/#breadcrumb\",\"itemListElement\":[{\"@type\":\"ListItem\",\"position\":1,\"name\":\"Portada\",\"item\":\"https:\/\/histoweb.com\/ca\/portada\/\"},{\"@type\":\"ListItem\",\"position\":2,\"name\":\"Serveis\",\"item\":\"https:\/\/histoweb.com\/ca\/serveis\/\"},{\"@type\":\"ListItem\",\"position\":3,\"name\":\"Rutina de treball\"}]},{\"@type\":\"WebSite\",\"@id\":\"https:\/\/histoweb.com\/#website\",\"url\":\"https:\/\/histoweb.com\/\",\"name\":\"Histoweb\",\"description\":\"Servicio de diagn\u00f3stico histopatol\u00f3gico veterinario\",\"publisher\":{\"@id\":\"https:\/\/histoweb.com\/#organization\"},\"potentialAction\":[{\"@type\":\"SearchAction\",\"target\":{\"@type\":\"EntryPoint\",\"urlTemplate\":\"https:\/\/histoweb.com\/?s={search_term_string}\"},\"query-input\":{\"@type\":\"PropertyValueSpecification\",\"valueRequired\":true,\"valueName\":\"search_term_string\"}}],\"inLanguage\":\"ca\"},{\"@type\":\"Organization\",\"@id\":\"https:\/\/histoweb.com\/#organization\",\"name\":\"Histovet\",\"url\":\"https:\/\/histoweb.com\/\",\"logo\":{\"@type\":\"ImageObject\",\"inLanguage\":\"ca\",\"@id\":\"https:\/\/histoweb.com\/#\/schema\/logo\/image\/\",\"url\":\"https:\/\/histoweb.com\/wp-content\/uploads\/2014\/03\/logo.jpg\",\"contentUrl\":\"https:\/\/histoweb.com\/wp-content\/uploads\/2014\/03\/logo.jpg\",\"width\":336,\"height\":75,\"caption\":\"Histovet\"},\"image\":{\"@id\":\"https:\/\/histoweb.com\/#\/schema\/logo\/image\/\"}}]}<\/script>\n<!-- \/ Yoast SEO plugin. -->","yoast_head_json":{"title":"Diagn\u00f2stic histopatol\u00f2gic veterinari en les primeres 24 hores","description":"Bi\u00f2psia diagnosticada entre 24 i 36 hores de l'arribada al laboratori de Histovet. Les citologies es diagnostiquen durant el mateix dia.","robots":{"index":"index","follow":"follow","max-snippet":"max-snippet:-1","max-image-preview":"max-image-preview:large","max-video-preview":"max-video-preview:-1"},"canonical":"https:\/\/histoweb.com\/ca\/serveis\/rutina-de-treball\/","og_locale":"ca_ES","og_type":"article","og_title":"Diagn\u00f2stic histopatol\u00f2gic veterinari en les primeres 24 hores","og_description":"Bi\u00f2psia diagnosticada entre 24 i 36 hores de l'arribada al laboratori de Histovet. Les citologies es diagnostiquen durant el mateix dia.","og_url":"https:\/\/histoweb.com\/ca\/serveis\/rutina-de-treball\/","og_site_name":"Histoweb","article_modified_time":"2018-01-12T16:35:41+00:00","twitter_misc":{"Temps estimat de lectura":"3 minuts"},"schema":{"@context":"https:\/\/schema.org","@graph":[{"@type":"WebPage","@id":"https:\/\/histoweb.com\/ca\/serveis\/rutina-de-treball\/","url":"https:\/\/histoweb.com\/ca\/serveis\/rutina-de-treball\/","name":"Diagn\u00f2stic histopatol\u00f2gic veterinari en les primeres 24 hores","isPartOf":{"@id":"https:\/\/histoweb.com\/#website"},"datePublished":"2014-04-04T14:14:56+00:00","dateModified":"2018-01-12T16:35:41+00:00","description":"Bi\u00f2psia diagnosticada entre 24 i 36 hores de l'arribada al laboratori de Histovet. Les citologies es diagnostiquen durant el mateix dia.","breadcrumb":{"@id":"https:\/\/histoweb.com\/ca\/serveis\/rutina-de-treball\/#breadcrumb"},"inLanguage":"ca","potentialAction":[{"@type":"ReadAction","target":["https:\/\/histoweb.com\/ca\/serveis\/rutina-de-treball\/"]}]},{"@type":"BreadcrumbList","@id":"https:\/\/histoweb.com\/ca\/serveis\/rutina-de-treball\/#breadcrumb","itemListElement":[{"@type":"ListItem","position":1,"name":"Portada","item":"https:\/\/histoweb.com\/ca\/portada\/"},{"@type":"ListItem","position":2,"name":"Serveis","item":"https:\/\/histoweb.com\/ca\/serveis\/"},{"@type":"ListItem","position":3,"name":"Rutina de treball"}]},{"@type":"WebSite","@id":"https:\/\/histoweb.com\/#website","url":"https:\/\/histoweb.com\/","name":"Histoweb","description":"Servicio de diagn\u00f3stico histopatol\u00f3gico veterinario","publisher":{"@id":"https:\/\/histoweb.com\/#organization"},"potentialAction":[{"@type":"SearchAction","target":{"@type":"EntryPoint","urlTemplate":"https:\/\/histoweb.com\/?s={search_term_string}"},"query-input":{"@type":"PropertyValueSpecification","valueRequired":true,"valueName":"search_term_string"}}],"inLanguage":"ca"},{"@type":"Organization","@id":"https:\/\/histoweb.com\/#organization","name":"Histovet","url":"https:\/\/histoweb.com\/","logo":{"@type":"ImageObject","inLanguage":"ca","@id":"https:\/\/histoweb.com\/#\/schema\/logo\/image\/","url":"https:\/\/histoweb.com\/wp-content\/uploads\/2014\/03\/logo.jpg","contentUrl":"https:\/\/histoweb.com\/wp-content\/uploads\/2014\/03\/logo.jpg","width":336,"height":75,"caption":"Histovet"},"image":{"@id":"https:\/\/histoweb.com\/#\/schema\/logo\/image\/"}}]}},"_links":{"self":[{"href":"https:\/\/histoweb.com\/ca\/wp-json\/wp\/v2\/pages\/177","targetHints":{"allow":["GET"]}}],"collection":[{"href":"https:\/\/histoweb.com\/ca\/wp-json\/wp\/v2\/pages"}],"about":[{"href":"https:\/\/histoweb.com\/ca\/wp-json\/wp\/v2\/types\/page"}],"author":[{"embeddable":true,"href":"https:\/\/histoweb.com\/ca\/wp-json\/wp\/v2\/users\/2"}],"replies":[{"embeddable":true,"href":"https:\/\/histoweb.com\/ca\/wp-json\/wp\/v2\/comments?post=177"}],"version-history":[{"count":2,"href":"https:\/\/histoweb.com\/ca\/wp-json\/wp\/v2\/pages\/177\/revisions"}],"predecessor-version":[{"id":7327,"href":"https:\/\/histoweb.com\/ca\/wp-json\/wp\/v2\/pages\/177\/revisions\/7327"}],"up":[{"embeddable":true,"href":"https:\/\/histoweb.com\/ca\/wp-json\/wp\/v2\/pages\/180"}],"wp:attachment":[{"href":"https:\/\/histoweb.com\/ca\/wp-json\/wp\/v2\/media?parent=177"}],"curies":[{"name":"wp","href":"https:\/\/api.w.org\/{rel}","templated":true}]}}