{"id":180,"date":"2014-04-05T06:54:01","date_gmt":"2014-04-05T05:54:01","guid":{"rendered":"http:\/\/histoweb.com\/?page_id=180"},"modified":"2018-01-12T17:35:59","modified_gmt":"2018-01-12T16:35:59","slug":"serveis","status":"publish","type":"page","link":"https:\/\/histoweb.com\/ca\/serveis\/","title":{"rendered":"Serveis"},"content":{"rendered":"<div id='full_slider_1'  class='avia-fullwidth-slider main_color avia-shadow   avia-builder-el-0  el_before_av_textblock  avia-builder-el-first   container_wrap fullsize'  ><div  class='avia-slideshow av-av_slideshow_full-4f3ef5c0d0c5e5a45e27d5f99336c2be avia-slideshow-featured av_slideshow_full avia-slide-slider av-slideshow-ui av-control-default av-slideshow-manual av-loop-once av-loop-manual-endless av-default-height-applied   avia-slideshow-1' data-slideshow-options=\"{&quot;animation&quot;:&quot;slide&quot;,&quot;autoplay&quot;:false,&quot;loop_autoplay&quot;:&quot;once&quot;,&quot;interval&quot;:5,&quot;loop_manual&quot;:&quot;manual-endless&quot;,&quot;autoplay_stopper&quot;:false,&quot;noNavigation&quot;:false,&quot;bg_slider&quot;:false,&quot;keep_padding&quot;:false,&quot;hoverpause&quot;:false,&quot;show_slide_delay&quot;:0}\"  itemprop=\"image\" itemscope=\"itemscope\" itemtype=\"https:\/\/schema.org\/ImageObject\" ><ul class='avia-slideshow-inner ' style='padding-bottom: 26.595744680851%;'><li  class='avia-slideshow-slide av-av_slideshow_full-4f3ef5c0d0c5e5a45e27d5f99336c2be__0  av-single-slide slide-1 slide-odd'><div data-rel='slideshow-1' class='avia-slide-wrap '   ><img decoding=\"async\" fetchpriority=\"high\" class=\"wp-image-3083 avia-img-lazy-loading-not-3083\"  src=\"https:\/\/histoweb.com\/wp-content\/uploads\/2014\/11\/servicios-clinicas-veterina.jpg\" width=\"940\" height=\"250\" title='servicios-clinicas-veterina' alt=''  itemprop=\"thumbnailUrl\" srcset=\"https:\/\/histoweb.com\/wp-content\/uploads\/2014\/11\/servicios-clinicas-veterina.jpg 940w, https:\/\/histoweb.com\/wp-content\/uploads\/2014\/11\/servicios-clinicas-veterina-300x79.jpg 300w\" sizes=\"(max-width: 940px) 100vw, 940px\" \/><\/div><\/li><\/ul><\/div><\/div><div id='after_full_slider_1'  class='main_color av_default_container_wrap container_wrap fullsize'  ><div class='container av-section-cont-open' ><div class='template-page content  av-content-full alpha units'><div class='post-entry post-entry-type-page post-entry-180'><div class='entry-content-wrapper clearfix'>\n<section  class='av_textblock_section av-av_textblock-0366cc7376be6c9e82a3e9cc8987b64f '   itemscope=\"itemscope\" itemtype=\"https:\/\/schema.org\/CreativeWork\" ><div class='avia_textblock'  itemprop=\"text\" ><h2>Oferim un servei personalitzat, de qualitat i r\u00e0pid a les cl\u00edniques veterin\u00e0ries.<\/h2>\n<blockquote>\n<p>\u00danic servei de diagn\u00f2stic anatomopatol\u00f2gic a Espanya amb direcci\u00f3 cient\u00edfica acreditada per un pat\u00f2leg diplomat pel\u00a0<em>European College of Veterinary Pathologists<\/em> (ECVP) (<em>European Board for Veterinary Specialisation<\/em>). Reconegut com a &#8220;Centre de Formaci\u00f3 en Patologia Veterin\u00e0ria&#8221; (<em>Registered Training Centre<\/em>) pel ECVP\u201d<\/p>\n<\/blockquote>\n<p><strong>Un servei de diagn\u00f2stic histopatol\u00f2gic de qualitat i r\u00e0pid:<\/strong><\/p>\n<ul>\n<li>Ex\u00e0mens practicats per pat\u00f2legs especialitzats amb una llarga experi\u00e8ncia profesional<\/li>\n<li>Direcci\u00f3 cient\u00edfica acreditada pel ECVP<\/li>\n<li>Informes disponibles online en el moment de la transcripci\u00f3<\/li>\n<\/ul>\n<p><strong>Suport abans i despr\u00e9s del diagn\u00f2stic<\/strong><\/p>\n<ul>\n<li>Orientaci\u00f3 en la presa de mostres<\/li>\n<li>Subministrament d&#8217;envasos per bi\u00f2psies<\/li>\n<li>Atenci\u00f3 telef\u00f2nica continuada de 9:30 a 20:00 sempre per part de un pat\u00f2leg, suport en la interpretaci\u00f3 de casos diagnosticats y en qualsevol altre aspecte relacionat amb la Patologia Animal<\/li>\n<\/ul>\n<p><strong>Informes detallats, amb interpretacions cl\u00edniques, opinions personals i informaci\u00f3 bibliogr\u00e0fica amb refer\u00e8ncies a la patog\u00e8nia i pron\u00f2stic dels processos.\u00a0<\/strong><\/p>\n<p><strong>Aplicaci\u00f3 de t\u00e8cniques inmunol\u00f2giques, de biologia mol\u00b7lecular i de microscop\u00eda electr\u00f3nica per a:<\/strong><\/p>\n<ul>\n<li>Establir tipus de tumor<\/li>\n<li>Identificar agents infecciosos<\/li>\n<li>Valorar el pron\u00f2stic de neopl\u00e0sies.<\/li>\n<\/ul>\n<\/div><\/section>\n<div  class='hr av-av_hr-dcd2069817a0e3d34ae04cad8f3443c7 hr-default  avia-builder-el-2  el_after_av_textblock  el_before_av_contact '><span class='hr-inner '><span class=\"hr-inner-style\"><\/span><\/span><\/div>\n<form action=\"https:\/\/histoweb.com\/ca\/serveis\/\" method=\"post\" data-fields-with-error=\"Found errors in the following field(s):\" class=\"avia_ajax_form av-form-labels-visible   avia-builder-el-3  el_after_av_hr  el_before_av_hr   \" data-avia-form-id=\"1\" data-avia-redirect='' ><h3 class=''>Si voleu fer un comentari o una pregunta, si us plau, utilitzeu el seg\u00fcent formulari<\/h3><fieldset><p class='  first_form  form_element form_fullwidth' id='element_avia_1_1'><label for=\"avia_1_1\">Nombre <abbr class=\"required\" title=\"obligatori\">*<\/abbr><\/label> <input name=\"avia_1_1\" class=\"text_input is_empty\" type=\"text\" id=\"avia_1_1\" value=\"\" \/><\/p><p class='  first_form  form_element form_fullwidth' id='element_avia_2_1'><label for=\"avia_2_1\">E-Mail <abbr class=\"required\" title=\"obligatori\">*<\/abbr><\/label> <input name=\"avia_2_1\" class=\"text_input is_email\" type=\"text\" id=\"avia_2_1\" value=\"\" \/><\/p><p class='  first_form  form_element form_fullwidth' id='element_avia_3_1'><label for=\"avia_3_1\">Asunto <abbr class=\"required\" title=\"obligatori\">*<\/abbr><\/label> <input name=\"avia_3_1\" class=\"text_input is_empty\" type=\"text\" id=\"avia_3_1\" value=\"\" \/><\/p><p class='  first_form  form_element form_fullwidth' id='element_avia_4_1'><label for=\"avia_4_1\" class=\"textare_label hidden textare_label_avia_4_1\">Mensaje <abbr class=\"required\" title=\"obligatori\">*<\/abbr><\/label><textarea  name=\"avia_4_1\" class=\"text_area is_empty\" cols=\"40\" rows=\"7\" id=\"avia_4_1\" ><\/textarea><\/p><p class='  first_form  form_element form_fullwidth' id='element_avia_5_1'><input  name=\"avia_5_1\" class=\"input_checkbox is_empty\" type=\"checkbox\" id=\"avia_5_1\" value=\"true\"\/><label class=\"input_checkbox_label\" for=\"avia_5_1\">Accepto <a href=\"https:\/\/histoweb.com\/politica-de-privacidad\/\" target=\"_blank\" rel=\"noopener\">Termes i Condicions d\u2019\u00fas<\/a> <abbr class=\"required\" title=\"obligatori\">*<\/abbr><\/label><\/p><p class=\"hidden\"><input type=\"text\" name=\"avia_6_1\" class=\"hidden \" id=\"avia_6_1\" value=\"\" \/><\/p><p class='   form_element form_fullwidth' id='element_avia_7_1'><span class='value_verifier_label'>3 + 5 = ?<\/span><input name=\"avia_7_1_verifier\" type=\"hidden\" id=\"avia_7_1_verifier\" value=\"276841413\"\/><label for=\"avia_7_1\">Per a m\u00e9s seguretat, resolgui aquesta operaci\u00f3: <abbr class=\"required\" title=\"obligatori\">*<\/abbr><\/label><input name=\"avia_7_1\" class=\"text_input captcha\" type=\"text\" id=\"avia_7_1\" value=\"\"\/><\/p><p class=\"form_element \"><input type=\"hidden\" value=\"1\" name=\"avia_generated_form1\" \/><input type=\"submit\" value=\"Enviar\" class=\"button\"  data-sending-label=\"Enviant\"\/><\/p><\/fieldset><\/form><div id=\"ajaxresponse_1\" class=\"ajaxresponse ajaxresponse_1 hidden\"><\/div>\n<div  class='hr av-av_hr-dcd2069817a0e3d34ae04cad8f3443c7 hr-default  avia-builder-el-4  el_after_av_contact  el_before_av_textblock '><span class='hr-inner '><span class=\"hr-inner-style\"><\/span><\/span><\/div>\n<section  class='av_textblock_section av-av_textblock-0366cc7376be6c9e82a3e9cc8987b64f '   itemscope=\"itemscope\" itemtype=\"https:\/\/schema.org\/CreativeWork\" ><div class='avia_textblock'  itemprop=\"text\" ><h1 style=\"text-align: center;\">SERVEIS DE DIAGN\u00d2STIC D&#8217;ANATOMIA PATOL\u00d2GICA VETERIN\u00c0RIA D&#8217;HISTOVET<\/h1>\n<\/div><\/section>\n","protected":false},"excerpt":{"rendered":"","protected":false},"author":2,"featured_media":0,"parent":0,"menu_order":0,"comment_status":"open","ping_status":"closed","template":"","meta":{"footnotes":""},"class_list":["post-180","page","type-page","status-publish","hentry"],"yoast_head":"<!-- This site is optimized with the Yoast SEO plugin v26.6 - https:\/\/yoast.com\/wordpress\/plugins\/seo\/ -->\n<title>Servei de diagn\u00f2stic histopatol\u00f2gic de Histovet<\/title>\n<meta name=\"description\" content=\"Histovet realitza diagn\u00f2stics d&#039;anatomia patol\u00f2gica animal, estudis cl\u00ednics, resol dubtes i col\u2022labora en la redacci\u00f3 d&#039;articles cient\u00edfics.\" \/>\n<meta name=\"robots\" content=\"index, follow, max-snippet:-1, max-image-preview:large, max-video-preview:-1\" \/>\n<link rel=\"canonical\" href=\"https:\/\/histoweb.com\/ca\/serveis\/\" \/>\n<meta property=\"og:locale\" content=\"ca_ES\" \/>\n<meta property=\"og:type\" content=\"article\" \/>\n<meta property=\"og:title\" content=\"Servei de diagn\u00f2stic histopatol\u00f2gic de Histovet\" \/>\n<meta property=\"og:description\" content=\"Histovet realitza diagn\u00f2stics d&#039;anatomia patol\u00f2gica animal, estudis cl\u00ednics, resol dubtes i col\u2022labora en la redacci\u00f3 d&#039;articles cient\u00edfics.\" \/>\n<meta property=\"og:url\" content=\"https:\/\/histoweb.com\/ca\/serveis\/\" \/>\n<meta property=\"og:site_name\" content=\"Histoweb\" \/>\n<meta property=\"article:modified_time\" content=\"2018-01-12T16:35:59+00:00\" \/>\n<meta name=\"twitter:label1\" content=\"Temps estimat de lectura\" \/>\n\t<meta name=\"twitter:data1\" content=\"3 minuts\" \/>\n<script type=\"application\/ld+json\" class=\"yoast-schema-graph\">{\"@context\":\"https:\/\/schema.org\",\"@graph\":[{\"@type\":\"WebPage\",\"@id\":\"https:\/\/histoweb.com\/ca\/serveis\/\",\"url\":\"https:\/\/histoweb.com\/ca\/serveis\/\",\"name\":\"Servei de diagn\u00f2stic histopatol\u00f2gic de Histovet\",\"isPartOf\":{\"@id\":\"https:\/\/histoweb.com\/#website\"},\"datePublished\":\"2014-04-05T05:54:01+00:00\",\"dateModified\":\"2018-01-12T16:35:59+00:00\",\"description\":\"Histovet realitza diagn\u00f2stics d'anatomia patol\u00f2gica animal, estudis cl\u00ednics, resol dubtes i col\u2022labora en la redacci\u00f3 d'articles cient\u00edfics.\",\"breadcrumb\":{\"@id\":\"https:\/\/histoweb.com\/ca\/serveis\/#breadcrumb\"},\"inLanguage\":\"ca\",\"potentialAction\":[{\"@type\":\"ReadAction\",\"target\":[\"https:\/\/histoweb.com\/ca\/serveis\/\"]}]},{\"@type\":\"BreadcrumbList\",\"@id\":\"https:\/\/histoweb.com\/ca\/serveis\/#breadcrumb\",\"itemListElement\":[{\"@type\":\"ListItem\",\"position\":1,\"name\":\"Portada\",\"item\":\"https:\/\/histoweb.com\/ca\/portada\/\"},{\"@type\":\"ListItem\",\"position\":2,\"name\":\"Serveis\"}]},{\"@type\":\"WebSite\",\"@id\":\"https:\/\/histoweb.com\/#website\",\"url\":\"https:\/\/histoweb.com\/\",\"name\":\"Histoweb\",\"description\":\"Servicio de diagn\u00f3stico histopatol\u00f3gico veterinario\",\"publisher\":{\"@id\":\"https:\/\/histoweb.com\/#organization\"},\"potentialAction\":[{\"@type\":\"SearchAction\",\"target\":{\"@type\":\"EntryPoint\",\"urlTemplate\":\"https:\/\/histoweb.com\/?s={search_term_string}\"},\"query-input\":{\"@type\":\"PropertyValueSpecification\",\"valueRequired\":true,\"valueName\":\"search_term_string\"}}],\"inLanguage\":\"ca\"},{\"@type\":\"Organization\",\"@id\":\"https:\/\/histoweb.com\/#organization\",\"name\":\"Histovet\",\"url\":\"https:\/\/histoweb.com\/\",\"logo\":{\"@type\":\"ImageObject\",\"inLanguage\":\"ca\",\"@id\":\"https:\/\/histoweb.com\/#\/schema\/logo\/image\/\",\"url\":\"https:\/\/histoweb.com\/wp-content\/uploads\/2014\/03\/logo.jpg\",\"contentUrl\":\"https:\/\/histoweb.com\/wp-content\/uploads\/2014\/03\/logo.jpg\",\"width\":336,\"height\":75,\"caption\":\"Histovet\"},\"image\":{\"@id\":\"https:\/\/histoweb.com\/#\/schema\/logo\/image\/\"}}]}<\/script>\n<!-- \/ Yoast SEO plugin. -->","yoast_head_json":{"title":"Servei de diagn\u00f2stic histopatol\u00f2gic de Histovet","description":"Histovet realitza diagn\u00f2stics d'anatomia patol\u00f2gica animal, estudis cl\u00ednics, resol dubtes i col\u2022labora en la redacci\u00f3 d'articles cient\u00edfics.","robots":{"index":"index","follow":"follow","max-snippet":"max-snippet:-1","max-image-preview":"max-image-preview:large","max-video-preview":"max-video-preview:-1"},"canonical":"https:\/\/histoweb.com\/ca\/serveis\/","og_locale":"ca_ES","og_type":"article","og_title":"Servei de diagn\u00f2stic histopatol\u00f2gic de Histovet","og_description":"Histovet realitza diagn\u00f2stics d'anatomia patol\u00f2gica animal, estudis cl\u00ednics, resol dubtes i col\u2022labora en la redacci\u00f3 d'articles cient\u00edfics.","og_url":"https:\/\/histoweb.com\/ca\/serveis\/","og_site_name":"Histoweb","article_modified_time":"2018-01-12T16:35:59+00:00","twitter_misc":{"Temps estimat de lectura":"3 minuts"},"schema":{"@context":"https:\/\/schema.org","@graph":[{"@type":"WebPage","@id":"https:\/\/histoweb.com\/ca\/serveis\/","url":"https:\/\/histoweb.com\/ca\/serveis\/","name":"Servei de diagn\u00f2stic histopatol\u00f2gic de Histovet","isPartOf":{"@id":"https:\/\/histoweb.com\/#website"},"datePublished":"2014-04-05T05:54:01+00:00","dateModified":"2018-01-12T16:35:59+00:00","description":"Histovet realitza diagn\u00f2stics d'anatomia patol\u00f2gica animal, estudis cl\u00ednics, resol dubtes i col\u2022labora en la redacci\u00f3 d'articles cient\u00edfics.","breadcrumb":{"@id":"https:\/\/histoweb.com\/ca\/serveis\/#breadcrumb"},"inLanguage":"ca","potentialAction":[{"@type":"ReadAction","target":["https:\/\/histoweb.com\/ca\/serveis\/"]}]},{"@type":"BreadcrumbList","@id":"https:\/\/histoweb.com\/ca\/serveis\/#breadcrumb","itemListElement":[{"@type":"ListItem","position":1,"name":"Portada","item":"https:\/\/histoweb.com\/ca\/portada\/"},{"@type":"ListItem","position":2,"name":"Serveis"}]},{"@type":"WebSite","@id":"https:\/\/histoweb.com\/#website","url":"https:\/\/histoweb.com\/","name":"Histoweb","description":"Servicio de diagn\u00f3stico histopatol\u00f3gico veterinario","publisher":{"@id":"https:\/\/histoweb.com\/#organization"},"potentialAction":[{"@type":"SearchAction","target":{"@type":"EntryPoint","urlTemplate":"https:\/\/histoweb.com\/?s={search_term_string}"},"query-input":{"@type":"PropertyValueSpecification","valueRequired":true,"valueName":"search_term_string"}}],"inLanguage":"ca"},{"@type":"Organization","@id":"https:\/\/histoweb.com\/#organization","name":"Histovet","url":"https:\/\/histoweb.com\/","logo":{"@type":"ImageObject","inLanguage":"ca","@id":"https:\/\/histoweb.com\/#\/schema\/logo\/image\/","url":"https:\/\/histoweb.com\/wp-content\/uploads\/2014\/03\/logo.jpg","contentUrl":"https:\/\/histoweb.com\/wp-content\/uploads\/2014\/03\/logo.jpg","width":336,"height":75,"caption":"Histovet"},"image":{"@id":"https:\/\/histoweb.com\/#\/schema\/logo\/image\/"}}]}},"_links":{"self":[{"href":"https:\/\/histoweb.com\/ca\/wp-json\/wp\/v2\/pages\/180","targetHints":{"allow":["GET"]}}],"collection":[{"href":"https:\/\/histoweb.com\/ca\/wp-json\/wp\/v2\/pages"}],"about":[{"href":"https:\/\/histoweb.com\/ca\/wp-json\/wp\/v2\/types\/page"}],"author":[{"embeddable":true,"href":"https:\/\/histoweb.com\/ca\/wp-json\/wp\/v2\/users\/2"}],"replies":[{"embeddable":true,"href":"https:\/\/histoweb.com\/ca\/wp-json\/wp\/v2\/comments?post=180"}],"version-history":[{"count":2,"href":"https:\/\/histoweb.com\/ca\/wp-json\/wp\/v2\/pages\/180\/revisions"}],"predecessor-version":[{"id":7329,"href":"https:\/\/histoweb.com\/ca\/wp-json\/wp\/v2\/pages\/180\/revisions\/7329"}],"wp:attachment":[{"href":"https:\/\/histoweb.com\/ca\/wp-json\/wp\/v2\/media?parent=180"}],"curies":[{"name":"wp","href":"https:\/\/api.w.org\/{rel}","templated":true}]}}