{"id":326,"date":"2014-03-13T14:55:07","date_gmt":"2014-03-13T13:55:07","guid":{"rendered":"http:\/\/histoweb.com\/?page_id=326"},"modified":"2025-02-20T11:45:01","modified_gmt":"2025-02-20T10:45:01","slug":"portada","status":"publish","type":"page","link":"https:\/\/histoweb.com\/ca\/","title":{"rendered":"Histovet"},"content":{"rendered":"<div  class='flex_column av-3961se-9075cb9b5d61db37aecb9ece28d66e7f av_two_third  avia-builder-el-0  el_before_av_one_third  avia-builder-el-first  first flex_column_div  '     ><div  class='avia-slideshow av-l9zsuup7-4deb778cf02bdf92962c2c352cbb7f02 avia-slideshow-magazine av_slideshow avia-slide-slider  avia-builder-el-1  avia-builder-el-no-sibling  av-slideshow-ui av-control-default av-slideshow-autoplay av-loop-endless av-loop-manual-endless av-default-height-applied avia-slideshow-1' data-slideshow-options=\"{&quot;animation&quot;:&quot;slide&quot;,&quot;autoplay&quot;:true,&quot;loop_autoplay&quot;:&quot;endless&quot;,&quot;interval&quot;:3,&quot;loop_manual&quot;:&quot;manual-endless&quot;,&quot;autoplay_stopper&quot;:false,&quot;noNavigation&quot;:false,&quot;bg_slider&quot;:false,&quot;keep_padding&quot;:false,&quot;hoverpause&quot;:false,&quot;show_slide_delay&quot;:0}\"  itemprop=\"image\" itemscope=\"itemscope\" itemtype=\"https:\/\/schema.org\/ImageObject\" ><ul class='avia-slideshow-inner ' style='padding-bottom: 42.253521126761%;'><li  class='avia-slideshow-slide av-l9zsuup7-4deb778cf02bdf92962c2c352cbb7f02__0  slide-1 slide-odd'><a href=\"https:\/\/histoweb.com\/ca\/arxiu-imatges\/\"  data-rel='slideshow-1' class='avia-slide-wrap '   ><div class='av-slideshow-caption av-l9zsuup7-4deb778cf02bdf92962c2c352cbb7f02__0 avia-caption'><div class=\"avia-inner-caption\"><h2 class='avia-caption-title '  itemprop=\"name\" >Malaltia de Paget. Carcinoma glandular intraepidermal. Gos<\/h2><div class='avia-caption-content '  itemprop=\"description\" ><p>Arxiu<\/p>\n<\/div><\/div><\/div><img decoding=\"async\" fetchpriority=\"high\" class=\"wp-image-7719 avia-img-lazy-loading-not-7719\"  src=\"https:\/\/histoweb.com\/wp-content\/uploads\/2022\/11\/H719537-Paget-2-2-1-710x300.jpg\" width=\"710\" height=\"300\" title='H719537 Paget 2 2' alt=''  itemprop=\"thumbnailUrl\"   \/><\/a><\/li><li  class='avia-slideshow-slide av-l9zsuup7-4deb778cf02bdf92962c2c352cbb7f02__1  slide-2 slide-even'><div data-rel='slideshow-1' class='avia-slide-wrap '   ><div class='av-slideshow-caption av-l9zsuup7-4deb778cf02bdf92962c2c352cbb7f02__1 avia-caption'><div class=\"avia-inner-caption\"><h2 class='avia-caption-title '  itemprop=\"name\" >DIAGN\u00d2STIC VETERINARI<\/h2><div class='avia-caption-content '  itemprop=\"description\" ><p>Histovet \u00e9s un servei de diagn\u00f2stic veterinari amb dedicaci\u00f3 exclusiva a l\u2019Anatomia Patol\u00f2gica<\/p>\n<\/div><\/div><\/div><img decoding=\"async\" fetchpriority=\"high\" class=\"wp-image-5686 avia-img-lazy-loading-not-5686\"  src=\"https:\/\/histoweb.com\/wp-content\/uploads\/2014\/03\/histopatologia-veterinaria-710x300.jpg\" width=\"710\" height=\"300\" title='histopatologia-veterinaria' alt=''  itemprop=\"thumbnailUrl\"   \/><\/div><\/li><li  class='avia-slideshow-slide av-l9zsuup7-4deb778cf02bdf92962c2c352cbb7f02__2  slide-3 slide-odd'><a href=\"https:\/\/histoweb.com\/ca\/arxiu-imatges\/\"  data-rel='slideshow-1' class='avia-slide-wrap '   ><div class='av-slideshow-caption av-l9zsuup7-4deb778cf02bdf92962c2c352cbb7f02__2 avia-caption'><div class=\"avia-inner-caption\"><h2 class='avia-caption-title '  itemprop=\"name\" >Tumor de col\u00b7lisi\u00f3. Carcinoma i osteosarcoma<\/h2><div class='avia-caption-content '  itemprop=\"description\" ><p>Arxiu<\/p>\n<\/div><\/div><\/div><img decoding=\"async\" fetchpriority=\"high\" class=\"wp-image-7347 avia-img-lazy-loading-not-7347\"  src=\"https:\/\/histoweb.com\/wp-content\/uploads\/2018\/04\/DSCN5555-copia-710x300.jpg\" width=\"710\" height=\"300\" title='Tumor de colisi\u00f3n' alt=''  itemprop=\"thumbnailUrl\"   \/><\/a><\/li><li  class='avia-slideshow-slide av-l9zsuup7-4deb778cf02bdf92962c2c352cbb7f02__3  slide-4 slide-even'><div data-rel='slideshow-1' class='avia-slide-wrap '   ><div class='av-slideshow-caption av-l9zsuup7-4deb778cf02bdf92962c2c352cbb7f02__3 avia-caption'><div class=\"avia-inner-caption\"><h2 class='avia-caption-title '  itemprop=\"name\" >PATOLOGIA ANIMAL<\/h2><div class='avia-caption-content '  itemprop=\"description\" ><p>Laboratori dirigit per pat\u00f2legs diplomats i reconegut com a Training Centre pel ECVP<\/p>\n<\/div><\/div><\/div><img decoding=\"async\" fetchpriority=\"high\" class=\"wp-image-5693 avia-img-lazy-loading-not-5693\"  src=\"https:\/\/histoweb.com\/wp-content\/uploads\/2014\/03\/citopatologia-veterinaria-710x300.jpg\" width=\"710\" height=\"300\" title='citopatologia-veterinaria' alt=''  itemprop=\"thumbnailUrl\"   \/><\/div><\/li><\/ul><div class='avia-slideshow-arrows avia-slideshow-controls' ><a href='#prev' class='prev-slide  avia-svg-icon avia-font-svg_entypo-fontello' data-av_svg_icon='left-open-big' data-av_iconset='svg_entypo-fontello' tabindex='-1' title=\"Anterior\"><svg version=\"1.1\" xmlns=\"http:\/\/www.w3.org\/2000\/svg\" width=\"15\" height=\"32\" viewBox=\"0 0 15 32\" preserveAspectRatio=\"xMidYMid meet\" aria-labelledby='av-svg-title-1' aria-describedby='av-svg-desc-1' role=\"graphics-symbol\" aria-hidden=\"true\">\n<title id='av-svg-title-1'>Anterior<\/title>\n<desc id='av-svg-desc-1'>Anterior<\/desc>\n<path d=\"M14.464 27.84q0.832 0.832 0 1.536-0.832 0.832-1.536 0l-12.544-12.608q-0.768-0.768 0-1.6l12.544-12.608q0.704-0.832 1.536 0 0.832 0.704 0 1.536l-11.456 11.904z\"><\/path>\n<\/svg><span class='avia_hidden_link_text'>Anterior<\/span><\/a><a href='#next' class='next-slide  avia-svg-icon avia-font-svg_entypo-fontello' data-av_svg_icon='right-open-big' data-av_iconset='svg_entypo-fontello' tabindex='-1' title=\"Seg\u00fcent\"><svg version=\"1.1\" xmlns=\"http:\/\/www.w3.org\/2000\/svg\" width=\"15\" height=\"32\" viewBox=\"0 0 15 32\" preserveAspectRatio=\"xMidYMid meet\" aria-labelledby='av-svg-title-2' aria-describedby='av-svg-desc-2' role=\"graphics-symbol\" aria-hidden=\"true\">\n<title id='av-svg-title-2'>Seg\u00fcent<\/title>\n<desc id='av-svg-desc-2'>Seg\u00fcent<\/desc>\n<path d=\"M0.416 27.84l11.456-11.84-11.456-11.904q-0.832-0.832 0-1.536 0.832-0.832 1.536 0l12.544 12.608q0.768 0.832 0 1.6l-12.544 12.608q-0.704 0.832-1.536 0-0.832-0.704 0-1.536z\"><\/path>\n<\/svg><span class='avia_hidden_link_text'>Seg\u00fcent<\/span><\/a><\/div><div class='avia-slideshow-dots avia-slideshow-controls'><a href='#1' class='goto-slide active' >1<\/a><a href='#2' class='goto-slide ' >2<\/a><a href='#3' class='goto-slide ' >3<\/a><a href='#4' class='goto-slide ' >4<\/a><\/div><\/div><\/div>\n\n<style type=\"text\/css\" data-created_by=\"avia_inline_auto\" id=\"style-css-av-2ls9ry-d64202c51ca77327ff52592232c3623c\">\n.flex_column.av-2ls9ry-d64202c51ca77327ff52592232c3623c{\nborder-radius:0px 0px 0px 0px;\npadding:0px 0px 0px 0px;\n}\n<\/style>\n<div  class='flex_column av-2ls9ry-d64202c51ca77327ff52592232c3623c av_one_third  avia-builder-el-2  el_after_av_two_third  el_before_av_one_fourth  flex_column_div av-zero-column-padding  '     ><div  data-slideshow-options=\"{&quot;animation&quot;:&quot;fade&quot;,&quot;autoplay&quot;:false,&quot;loop_autoplay&quot;:&quot;once&quot;,&quot;interval&quot;:5,&quot;loop_manual&quot;:&quot;manual-endless&quot;,&quot;autoplay_stopper&quot;:false,&quot;noNavigation&quot;:false,&quot;show_slide_delay&quot;:90}\" class='avia-content-slider avia-content-grid-active avia-content-slider1 avia-content-slider-odd  avia-builder-el-3  avia-builder-el-no-sibling  av-slideshow-ui av-control-default   av-no-slider-navigation av-slideshow-manual av-loop-once av-loop-manual-endless '  itemscope=\"itemscope\" itemtype=\"https:\/\/schema.org\/Blog\" ><div class=\"avia-content-slider-inner\"><div class=\"slide-entry-wrap\"><article class='slide-entry flex_column  post-entry post-entry-7426 slide-entry-overview slide-loop-1 slide-parity-odd  post-entry-last  av_fullwidth first real-thumbnail posttype-post post-format-standard'  itemscope=\"itemscope\" itemtype=\"https:\/\/schema.org\/CreativeWork\" ><a href='https:\/\/histoweb.com\/ca\/melanoma\/' data-rel='slide-1' class='slide-image' title='Melanoma'><img decoding=\"async\" fetchpriority=\"high\" width=\"260\" height=\"185\" src=\"https:\/\/histoweb.com\/wp-content\/uploads\/2018\/05\/MelanomaIris-3-260x185.jpg\" class=\"wp-image-7413 avia-img-lazy-loading-not-7413 attachment-portfolio_small size-portfolio_small wp-post-image\" alt=\"\" \/><\/a><div class=\"slide-content\"><header class=\"entry-content-header\" aria-label=\"Slide: Melanoma\"><h3 class='slide-entry-title entry-title '  itemprop=\"headline\" ><a href='https:\/\/histoweb.com\/ca\/melanoma\/' title='Melanoma'>Melanoma<\/a><\/h3><span class=\"av-vertical-delimiter\"><\/span><\/header><div class=\"slide-meta\"><time class='slide-meta-time updated'  itemprop=\"datePublished\" datetime=\"2018-05-07T17:45:07+01:00\" >7 maig, 2018<\/time><\/div><div class='slide-entry-excerpt entry-content'  itemprop=\"text\" ><div class=\"read-more-link\"><a href=\"https:\/\/histoweb.com\/ca\/melanoma\/\" class=\"more-link\">Llegir m\u00e9s<span class='more-link-arrow avia-svg-icon avia-font-svg_entypo-fontello' data-av_svg_icon='right-open-big' data-av_iconset='svg_entypo-fontello'><svg version=\"1.1\" xmlns=\"http:\/\/www.w3.org\/2000\/svg\" width=\"15\" height=\"32\" viewBox=\"0 0 15 32\" preserveAspectRatio=\"xMidYMid meet\" role=\"graphics-symbol\" aria-hidden=\"true\">\n<path d=\"M0.416 27.84l11.456-11.84-11.456-11.904q-0.832-0.832 0-1.536 0.832-0.832 1.536 0l12.544 12.608q0.768 0.832 0 1.6l-12.544 12.608q-0.704 0.832-1.536 0-0.832-0.704 0-1.536z\"><\/path>\n<\/svg><\/span><\/a><\/div><\/div><\/div><footer class=\"entry-footer\"><\/footer><span class='hidden'>\n\t\t\t\t<span class='av-structured-data'  itemprop=\"image\" itemscope=\"itemscope\" itemtype=\"https:\/\/schema.org\/ImageObject\" >\n\t\t\t\t\t\t<span itemprop='url'>https:\/\/histoweb.com\/wp-content\/uploads\/2018\/05\/MelanomaIris-3.jpg<\/span>\n\t\t\t\t\t\t<span itemprop='height'>960<\/span>\n\t\t\t\t\t\t<span itemprop='width'>1280<\/span>\n\t\t\t\t<\/span>\n\t\t\t\t<span class='av-structured-data'  itemprop=\"publisher\" itemtype=\"https:\/\/schema.org\/Organization\" itemscope=\"itemscope\" >\n\t\t\t\t\t\t<span itemprop='name'>Histovet<\/span>\n\t\t\t\t\t\t<span itemprop='logo' itemscope itemtype='https:\/\/schema.org\/ImageObject'>\n\t\t\t\t\t\t\t<span itemprop='url'>https:\/\/histoweb.com\/wp-content\/uploads\/2015\/06\/logo-HISTOVET.jpg<\/span>\n\t\t\t\t\t\t<\/span>\n\t\t\t\t<\/span><span class='av-structured-data'  itemprop=\"author\" itemscope=\"itemscope\" itemtype=\"https:\/\/schema.org\/Person\" ><span itemprop='name'>Histovet<\/span><\/span><span class='av-structured-data'  itemprop=\"datePublished\" datetime=\"2014-03-13T14:55:07+01:00\" >2018-05-07 17:45:07<\/span><span class='av-structured-data'  itemprop=\"dateModified\" itemtype=\"https:\/\/schema.org\/dateModified\" >2022-11-14 18:48:30<\/span><span class='av-structured-data'  itemprop=\"mainEntityOfPage\" itemtype=\"https:\/\/schema.org\/mainEntityOfPage\" ><span itemprop='name'>Melanoma<\/span><\/span><\/span><\/article><\/div><\/div><\/div><\/div>\n<div  class='flex_column av-1q72qe-d07bd5e940e2dc7002355025e6f9099e av_one_fourth  avia-builder-el-4  el_after_av_one_third  el_before_av_one_fourth  first flex_column_div  column-top-margin'     ><article  class='iconbox iconbox_top av-1md4om-595203e19e7e050090a54f155f101888 av-no-box  avia-builder-el-5  avia-builder-el-no-sibling '  itemscope=\"itemscope\" itemtype=\"https:\/\/schema.org\/CreativeWork\" ><div class=\"iconbox_content\"><header class=\"entry-content-header\" aria-label=\"Icon: SERVEI\"><div class='iconbox_icon heading-color avia-iconfont avia-font-entypo-fontello' data-av_icon='\ue82b' data-av_iconfont='entypo-fontello'  ><\/div><h3 class='iconbox_content_title '  itemprop=\"headline\" >SERVEI<\/h3><\/header><div class='iconbox_content_container '  itemprop=\"text\" ><p>Un servei de diagn\u00f2stic histopatol\u00f2gic de qualitat i r\u00e0pid<\/p>\n<\/div><\/div><footer class=\"entry-footer\"><\/footer><\/article><\/div>\n\n<style type=\"text\/css\" data-created_by=\"avia_inline_auto\" id=\"style-css-av-1gn5k6-50941c4ec8265c8ed284e2ad15011b01\">\n.flex_column.av-1gn5k6-50941c4ec8265c8ed284e2ad15011b01{\nborder-radius:0px 0px 0px 0px;\npadding:0px 0px 0px 0px;\n}\n<\/style>\n<div  class='flex_column av-1gn5k6-50941c4ec8265c8ed284e2ad15011b01 av_one_fourth  avia-builder-el-6  el_after_av_one_fourth  el_before_av_one_fourth  flex_column_div av-zero-column-padding  column-top-margin'     ><article  class='iconbox iconbox_top av-18swam-446da5a6edbe78655eef14e4b5120de2 av-no-box  avia-builder-el-7  avia-builder-el-no-sibling '  itemscope=\"itemscope\" itemtype=\"https:\/\/schema.org\/CreativeWork\" ><div class=\"iconbox_content\"><header class=\"entry-content-header\" aria-label=\"Icon: SUPORT\"><div class='iconbox_icon heading-color avia-iconfont avia-font-entypo-fontello' data-av_icon='\ue891' data-av_iconfont='entypo-fontello'  ><\/div><h3 class='iconbox_content_title '  itemprop=\"headline\" >SUPORT<\/h3><\/header><div class='iconbox_content_container '  itemprop=\"text\" ><p>Suport abans i despr\u00e9s del diagn\u00f2stic<\/p>\n<\/div><\/div><footer class=\"entry-footer\"><\/footer><\/article><\/div>\n\n<style type=\"text\/css\" data-created_by=\"avia_inline_auto\" id=\"style-css-av-13i83i-b79783b8a21780bc7f4faa5376d27b79\">\n.flex_column.av-13i83i-b79783b8a21780bc7f4faa5376d27b79{\nborder-radius:0px 0px 0px 0px;\npadding:0px 0px 0px 0px;\n}\n<\/style>\n<div  class='flex_column av-13i83i-b79783b8a21780bc7f4faa5376d27b79 av_one_fourth  avia-builder-el-8  el_after_av_one_fourth  el_before_av_one_fourth  flex_column_div av-zero-column-padding  column-top-margin'     ><article  class='iconbox iconbox_top av-xpm2e-642111decb266de6977fd2d2d64db407 av-no-box  avia-builder-el-9  avia-builder-el-no-sibling '  itemscope=\"itemscope\" itemtype=\"https:\/\/schema.org\/CreativeWork\" ><div class=\"iconbox_content\"><header class=\"entry-content-header\" aria-label=\"Icon: INFORMES\"><div class='iconbox_icon heading-color avia-iconfont avia-font-entypo-fontello' data-av_icon='\ue84d' data-av_iconfont='entypo-fontello'  ><\/div><h3 class='iconbox_content_title '  itemprop=\"headline\" >INFORMES<\/h3><\/header><div class='iconbox_content_container '  itemprop=\"text\" ><p>Informes detallats, amb opinions personals i informaci\u00f3 bibliogr\u00e0fica amb refer\u00e8ncies a la patog\u00e8nia i pron\u00f2stics dels processos.<\/p>\n<\/div><\/div><footer class=\"entry-footer\"><\/footer><\/article><\/div>\n\n<style type=\"text\/css\" data-created_by=\"avia_inline_auto\" id=\"style-css-av-t7j6u-7597c6e306c07e05b0e76469387ece04\">\n.flex_column.av-t7j6u-7597c6e306c07e05b0e76469387ece04{\nborder-radius:0px 0px 0px 0px;\npadding:0px 0px 0px 0px;\n}\n<\/style>\n<div  class='flex_column av-t7j6u-7597c6e306c07e05b0e76469387ece04 av_one_fourth  avia-builder-el-10  el_after_av_one_fourth  el_before_av_hr  flex_column_div av-zero-column-padding  column-top-margin'     ><article  class='iconbox iconbox_top av-28952-b54cacd2e24bec0bfa9cabd132ee6a16 av-no-box  avia-builder-el-11  avia-builder-el-no-sibling '  itemscope=\"itemscope\" itemtype=\"https:\/\/schema.org\/CreativeWork\" ><div class=\"iconbox_content\"><header class=\"entry-content-header\" aria-label=\"Icon: T\u00c8CNIQUES\"><div class='iconbox_icon heading-color avia-iconfont avia-font-entypo-fontello' data-av_icon='\ue8d6' data-av_iconfont='entypo-fontello'  ><\/div><h3 class='iconbox_content_title '  itemprop=\"headline\" >T\u00c8CNIQUES<\/h3><\/header><div class='iconbox_content_container '  itemprop=\"text\" ><p>Aplicaci\u00f3 de t\u00e8cniques immunol\u00f2giques, de biologia mol\u00b7lecular i de microscopia electr\u00f2nica.<\/p>\n<\/div><\/div><footer class=\"entry-footer\"><\/footer><\/article><\/div>\n\n<style type=\"text\/css\" data-created_by=\"avia_inline_auto\" id=\"style-css-av-hrkxy-4c047f8c5d45cb8cd6e9de3d910365af\">\n#top .hr.hr-invisible.av-hrkxy-4c047f8c5d45cb8cd6e9de3d910365af{\nheight:70px;\n}\n<\/style>\n<div  class='hr av-hrkxy-4c047f8c5d45cb8cd6e9de3d910365af hr-invisible  avia-builder-el-12  el_after_av_one_fourth  el_before_av_textblock  av-small-hide av-mini-hide'><span class='hr-inner '><span class=\"hr-inner-style\"><\/span><\/span><\/div>\n<section  class='av_textblock_section av-7fmie-c2bbf6ab935e170cdd261e377d6b4b57 '   itemscope=\"itemscope\" itemtype=\"https:\/\/schema.org\/CreativeWork\" ><div class='avia_textblock'  itemprop=\"text\" ><h1 style=\"text-align: center;\">HISTOVET: ANATOMIA PATOL\u00d2GICA D&#8217;ANIMALS<\/h1>\n<\/div><\/section>\n","protected":false},"excerpt":{"rendered":"","protected":false},"author":2,"featured_media":0,"parent":0,"menu_order":0,"comment_status":"open","ping_status":"open","template":"","meta":{"footnotes":""},"class_list":["post-326","page","type-page","status-publish","hentry"],"yoast_head":"<!-- This site is optimized with the Yoast SEO plugin v26.6 - https:\/\/yoast.com\/wordpress\/plugins\/seo\/ -->\n<title>Diagn\u00f2stic veterinari centrat en anatomia patol\u00f2gica<\/title>\n<meta name=\"description\" content=\"Histovet, laboratori de refer\u00e8ncia que ofereix suport a la tasca cl\u00ednica veterin\u00e0ria centrada en Anatomia Patol\u00f2gica d&#039;animals dom\u00e8stics (+34937211916)\" \/>\n<meta name=\"robots\" content=\"index, follow, max-snippet:-1, max-image-preview:large, max-video-preview:-1\" \/>\n<link rel=\"canonical\" href=\"https:\/\/histoweb.com\/ca\/portada\/\" \/>\n<meta property=\"og:locale\" content=\"ca_ES\" \/>\n<meta property=\"og:type\" content=\"article\" \/>\n<meta property=\"og:title\" content=\"Diagn\u00f2stic veterinari centrat en anatomia patol\u00f2gica\" \/>\n<meta property=\"og:description\" content=\"Histovet, laboratori de refer\u00e8ncia que ofereix suport a la tasca cl\u00ednica veterin\u00e0ria centrada en Anatomia Patol\u00f2gica d&#039;animals dom\u00e8stics (+34937211916)\" \/>\n<meta property=\"og:url\" content=\"https:\/\/histoweb.com\/ca\/portada\/\" \/>\n<meta property=\"og:site_name\" content=\"Histoweb\" \/>\n<meta property=\"article:modified_time\" content=\"2025-02-20T10:45:01+00:00\" \/>\n<meta name=\"twitter:label1\" content=\"Temps estimat de lectura\" \/>\n\t<meta name=\"twitter:data1\" content=\"2 minuts\" \/>\n<script type=\"application\/ld+json\" class=\"yoast-schema-graph\">{\"@context\":\"https:\/\/schema.org\",\"@graph\":[{\"@type\":\"WebPage\",\"@id\":\"https:\/\/histoweb.com\/ca\/portada\/\",\"url\":\"https:\/\/histoweb.com\/ca\/portada\/\",\"name\":\"Diagn\u00f2stic veterinari centrat en anatomia patol\u00f2gica\",\"isPartOf\":{\"@id\":\"https:\/\/histoweb.com\/#website\"},\"datePublished\":\"2014-03-13T13:55:07+00:00\",\"dateModified\":\"2025-02-20T10:45:01+00:00\",\"description\":\"Histovet, laboratori de refer\u00e8ncia que ofereix suport a la tasca cl\u00ednica veterin\u00e0ria centrada en Anatomia Patol\u00f2gica d'animals dom\u00e8stics (+34937211916)\",\"breadcrumb\":{\"@id\":\"https:\/\/histoweb.com\/ca\/portada\/#breadcrumb\"},\"inLanguage\":\"ca\",\"potentialAction\":[{\"@type\":\"ReadAction\",\"target\":[\"https:\/\/histoweb.com\/ca\/portada\/\"]}]},{\"@type\":\"BreadcrumbList\",\"@id\":\"https:\/\/histoweb.com\/ca\/portada\/#breadcrumb\",\"itemListElement\":[{\"@type\":\"ListItem\",\"position\":1,\"name\":\"Portada\",\"item\":\"https:\/\/histoweb.com\/ca\/portada\/\"},{\"@type\":\"ListItem\",\"position\":2,\"name\":\"Histovet\"}]},{\"@type\":\"WebSite\",\"@id\":\"https:\/\/histoweb.com\/#website\",\"url\":\"https:\/\/histoweb.com\/\",\"name\":\"Histoweb\",\"description\":\"Servicio de diagn\u00f3stico histopatol\u00f3gico veterinario\",\"publisher\":{\"@id\":\"https:\/\/histoweb.com\/#organization\"},\"potentialAction\":[{\"@type\":\"SearchAction\",\"target\":{\"@type\":\"EntryPoint\",\"urlTemplate\":\"https:\/\/histoweb.com\/?s={search_term_string}\"},\"query-input\":{\"@type\":\"PropertyValueSpecification\",\"valueRequired\":true,\"valueName\":\"search_term_string\"}}],\"inLanguage\":\"ca\"},{\"@type\":\"Organization\",\"@id\":\"https:\/\/histoweb.com\/#organization\",\"name\":\"Histovet\",\"url\":\"https:\/\/histoweb.com\/\",\"logo\":{\"@type\":\"ImageObject\",\"inLanguage\":\"ca\",\"@id\":\"https:\/\/histoweb.com\/#\/schema\/logo\/image\/\",\"url\":\"https:\/\/histoweb.com\/wp-content\/uploads\/2014\/03\/logo.jpg\",\"contentUrl\":\"https:\/\/histoweb.com\/wp-content\/uploads\/2014\/03\/logo.jpg\",\"width\":336,\"height\":75,\"caption\":\"Histovet\"},\"image\":{\"@id\":\"https:\/\/histoweb.com\/#\/schema\/logo\/image\/\"}}]}<\/script>\n<!-- \/ Yoast SEO plugin. -->","yoast_head_json":{"title":"Diagn\u00f2stic veterinari centrat en anatomia patol\u00f2gica","description":"Histovet, laboratori de refer\u00e8ncia que ofereix suport a la tasca cl\u00ednica veterin\u00e0ria centrada en Anatomia Patol\u00f2gica d'animals dom\u00e8stics (+34937211916)","robots":{"index":"index","follow":"follow","max-snippet":"max-snippet:-1","max-image-preview":"max-image-preview:large","max-video-preview":"max-video-preview:-1"},"canonical":"https:\/\/histoweb.com\/ca\/portada\/","og_locale":"ca_ES","og_type":"article","og_title":"Diagn\u00f2stic veterinari centrat en anatomia patol\u00f2gica","og_description":"Histovet, laboratori de refer\u00e8ncia que ofereix suport a la tasca cl\u00ednica veterin\u00e0ria centrada en Anatomia Patol\u00f2gica d'animals dom\u00e8stics (+34937211916)","og_url":"https:\/\/histoweb.com\/ca\/portada\/","og_site_name":"Histoweb","article_modified_time":"2025-02-20T10:45:01+00:00","twitter_misc":{"Temps estimat de lectura":"2 minuts"},"schema":{"@context":"https:\/\/schema.org","@graph":[{"@type":"WebPage","@id":"https:\/\/histoweb.com\/ca\/portada\/","url":"https:\/\/histoweb.com\/ca\/portada\/","name":"Diagn\u00f2stic veterinari centrat en anatomia patol\u00f2gica","isPartOf":{"@id":"https:\/\/histoweb.com\/#website"},"datePublished":"2014-03-13T13:55:07+00:00","dateModified":"2025-02-20T10:45:01+00:00","description":"Histovet, laboratori de refer\u00e8ncia que ofereix suport a la tasca cl\u00ednica veterin\u00e0ria centrada en Anatomia Patol\u00f2gica d'animals dom\u00e8stics (+34937211916)","breadcrumb":{"@id":"https:\/\/histoweb.com\/ca\/portada\/#breadcrumb"},"inLanguage":"ca","potentialAction":[{"@type":"ReadAction","target":["https:\/\/histoweb.com\/ca\/portada\/"]}]},{"@type":"BreadcrumbList","@id":"https:\/\/histoweb.com\/ca\/portada\/#breadcrumb","itemListElement":[{"@type":"ListItem","position":1,"name":"Portada","item":"https:\/\/histoweb.com\/ca\/portada\/"},{"@type":"ListItem","position":2,"name":"Histovet"}]},{"@type":"WebSite","@id":"https:\/\/histoweb.com\/#website","url":"https:\/\/histoweb.com\/","name":"Histoweb","description":"Servicio de diagn\u00f3stico histopatol\u00f3gico veterinario","publisher":{"@id":"https:\/\/histoweb.com\/#organization"},"potentialAction":[{"@type":"SearchAction","target":{"@type":"EntryPoint","urlTemplate":"https:\/\/histoweb.com\/?s={search_term_string}"},"query-input":{"@type":"PropertyValueSpecification","valueRequired":true,"valueName":"search_term_string"}}],"inLanguage":"ca"},{"@type":"Organization","@id":"https:\/\/histoweb.com\/#organization","name":"Histovet","url":"https:\/\/histoweb.com\/","logo":{"@type":"ImageObject","inLanguage":"ca","@id":"https:\/\/histoweb.com\/#\/schema\/logo\/image\/","url":"https:\/\/histoweb.com\/wp-content\/uploads\/2014\/03\/logo.jpg","contentUrl":"https:\/\/histoweb.com\/wp-content\/uploads\/2014\/03\/logo.jpg","width":336,"height":75,"caption":"Histovet"},"image":{"@id":"https:\/\/histoweb.com\/#\/schema\/logo\/image\/"}}]}},"_links":{"self":[{"href":"https:\/\/histoweb.com\/ca\/wp-json\/wp\/v2\/pages\/326","targetHints":{"allow":["GET"]}}],"collection":[{"href":"https:\/\/histoweb.com\/ca\/wp-json\/wp\/v2\/pages"}],"about":[{"href":"https:\/\/histoweb.com\/ca\/wp-json\/wp\/v2\/types\/page"}],"author":[{"embeddable":true,"href":"https:\/\/histoweb.com\/ca\/wp-json\/wp\/v2\/users\/2"}],"replies":[{"embeddable":true,"href":"https:\/\/histoweb.com\/ca\/wp-json\/wp\/v2\/comments?post=326"}],"version-history":[{"count":9,"href":"https:\/\/histoweb.com\/ca\/wp-json\/wp\/v2\/pages\/326\/revisions"}],"predecessor-version":[{"id":8204,"href":"https:\/\/histoweb.com\/ca\/wp-json\/wp\/v2\/pages\/326\/revisions\/8204"}],"wp:attachment":[{"href":"https:\/\/histoweb.com\/ca\/wp-json\/wp\/v2\/media?parent=326"}],"curies":[{"name":"wp","href":"https:\/\/api.w.org\/{rel}","templated":true}]}}