{"id":4384,"date":"2015-01-31T11:35:22","date_gmt":"2015-01-31T10:35:22","guid":{"rendered":"http:\/\/histoweb.com\/?page_id=4384"},"modified":"2022-11-02T16:38:45","modified_gmt":"2022-11-02T15:38:45","slug":"arxiu-imatges","status":"publish","type":"page","link":"https:\/\/histoweb.com\/ca\/arxiu-imatges\/","title":{"rendered":"Arxiu d&#8217;imatges"},"content":{"rendered":"<div id=\"attachment_7719\" style=\"width: 900px\" class=\"wp-caption aligncenter\"><img loading=\"lazy\" decoding=\"async\" aria-describedby=\"caption-attachment-7719\" class=\"wp-image-7719 \" src=\"https:\/\/histoweb.com\/wp-content\/uploads\/2022\/11\/H719537-Paget-2-2-1.jpg\" alt=\"\" width=\"890\" height=\"284\" srcset=\"https:\/\/histoweb.com\/wp-content\/uploads\/2022\/11\/H719537-Paget-2-2-1.jpg 940w, https:\/\/histoweb.com\/wp-content\/uploads\/2022\/11\/H719537-Paget-2-2-1-300x96.jpg 300w, https:\/\/histoweb.com\/wp-content\/uploads\/2022\/11\/H719537-Paget-2-2-1-768x245.jpg 768w, https:\/\/histoweb.com\/wp-content\/uploads\/2022\/11\/H719537-Paget-2-2-1-705x225.jpg 705w\" sizes=\"auto, (max-width: 890px) 100vw, 890px\" \/><p id=\"caption-attachment-7719\" class=\"wp-caption-text\">MALALTIA DE PAGET. Carcinoma glandular intraepidermal. Gos<\/p><\/div>\n<p>&nbsp;<\/p>\n<div id=\"attachment_7347\" style=\"width: 910px\" class=\"wp-caption aligncenter\"><img loading=\"lazy\" decoding=\"async\" aria-describedby=\"caption-attachment-7347\" class=\"wp-image-7347 size-full\" src=\"https:\/\/histoweb.com\/wp-content\/uploads\/2018\/04\/DSCN5555-copia.jpg\" alt=\"\" width=\"900\" height=\"300\" srcset=\"https:\/\/histoweb.com\/wp-content\/uploads\/2018\/04\/DSCN5555-copia.jpg 900w, https:\/\/histoweb.com\/wp-content\/uploads\/2018\/04\/DSCN5555-copia-300x100.jpg 300w, https:\/\/histoweb.com\/wp-content\/uploads\/2018\/04\/DSCN5555-copia-768x256.jpg 768w, https:\/\/histoweb.com\/wp-content\/uploads\/2018\/04\/DSCN5555-copia-705x235.jpg 705w, https:\/\/histoweb.com\/wp-content\/uploads\/2018\/04\/DSCN5555-copia-450x150.jpg 450w\" sizes=\"auto, (max-width: 900px) 100vw, 900px\" \/><p id=\"caption-attachment-7347\" class=\"wp-caption-text\">TUMOR DE COL\u00b7LISI\u00d3. Conflu\u00e8ncia d&#8217;un carcinoma i un osteosarcoma<\/p><\/div>\n<p>&nbsp;<\/p>\n<div id=\"attachment_7244\" style=\"width: 925px\" class=\"wp-caption aligncenter\"><img loading=\"lazy\" decoding=\"async\" aria-describedby=\"caption-attachment-7244\" class=\" wp-image-7244\" src=\"https:\/\/histoweb.com\/wp-content\/uploads\/2017\/06\/Carcinoma-basal.jpg\" alt=\"OLYMPUS DIGITAL CAMERA\" width=\"915\" height=\"292\" srcset=\"https:\/\/histoweb.com\/wp-content\/uploads\/2017\/06\/Carcinoma-basal.jpg 940w, https:\/\/histoweb.com\/wp-content\/uploads\/2017\/06\/Carcinoma-basal-300x96.jpg 300w, https:\/\/histoweb.com\/wp-content\/uploads\/2017\/06\/Carcinoma-basal-768x245.jpg 768w, https:\/\/histoweb.com\/wp-content\/uploads\/2017\/06\/Carcinoma-basal-705x225.jpg 705w, https:\/\/histoweb.com\/wp-content\/uploads\/2017\/06\/Carcinoma-basal-450x144.jpg 450w\" sizes=\"auto, (max-width: 915px) 100vw, 915px\" \/><p id=\"caption-attachment-7244\" class=\"wp-caption-text\">CARCINOMA DE C\u00c8L.LULES BASALS. Neoplasia epitelial CK5+ i CK8+<\/p><\/div>\n<p>&nbsp;<\/p>\n<div id=\"attachment_7211\" style=\"width: 931px\" class=\"wp-caption aligncenter\"><img loading=\"lazy\" decoding=\"async\" aria-describedby=\"caption-attachment-7211\" class=\"wp-image-7211 \" src=\"https:\/\/histoweb.com\/wp-content\/uploads\/2016\/12\/Alopecia-areata.jpg\" alt=\"alopecia-areata\" width=\"921\" height=\"294\" srcset=\"https:\/\/histoweb.com\/wp-content\/uploads\/2016\/12\/Alopecia-areata.jpg 940w, https:\/\/histoweb.com\/wp-content\/uploads\/2016\/12\/Alopecia-areata-300x96.jpg 300w, https:\/\/histoweb.com\/wp-content\/uploads\/2016\/12\/Alopecia-areata-768x245.jpg 768w, https:\/\/histoweb.com\/wp-content\/uploads\/2016\/12\/Alopecia-areata-705x225.jpg 705w, https:\/\/histoweb.com\/wp-content\/uploads\/2016\/12\/Alopecia-areata-450x144.jpg 450w\" sizes=\"auto, (max-width: 921px) 100vw, 921px\" \/><p id=\"caption-attachment-7211\" class=\"wp-caption-text\">ALOPECIA AREATA. Acumulaci\u00f3 de limf\u00f2cits CD4 + i CD8 + en el bulb fol\u00b7licular<\/p><\/div>\n<p>&nbsp;<\/p>\n<div id=\"attachment_7047\" style=\"width: 950px\" class=\"wp-caption aligncenter\"><img loading=\"lazy\" decoding=\"async\" aria-describedby=\"caption-attachment-7047\" class=\"wp-image-7047 size-full\" src=\"https:\/\/histoweb.com\/wp-content\/uploads\/2016\/09\/c-kit-mastocitoma.jpg\" alt=\"c-kit-mastocitoma\" width=\"940\" height=\"300\" srcset=\"https:\/\/histoweb.com\/wp-content\/uploads\/2016\/09\/c-kit-mastocitoma.jpg 940w, https:\/\/histoweb.com\/wp-content\/uploads\/2016\/09\/c-kit-mastocitoma-300x96.jpg 300w, https:\/\/histoweb.com\/wp-content\/uploads\/2016\/09\/c-kit-mastocitoma-768x245.jpg 768w, https:\/\/histoweb.com\/wp-content\/uploads\/2016\/09\/c-kit-mastocitoma-705x225.jpg 705w, https:\/\/histoweb.com\/wp-content\/uploads\/2016\/09\/c-kit-mastocitoma-450x144.jpg 450w\" sizes=\"auto, (max-width: 940px) 100vw, 940px\" \/><p id=\"caption-attachment-7047\" class=\"wp-caption-text\">c-kit. Patr\u00f3 d&#8217;expressi\u00f3 II de c-kit en mastocitoma. Indica mutaci\u00f3<\/p><\/div>\n<p>&nbsp;<\/p>\n<div id=\"attachment_7006\" style=\"width: 950px\" class=\"wp-caption aligncenter\"><img loading=\"lazy\" decoding=\"async\" aria-describedby=\"caption-attachment-7006\" class=\"wp-image-7006 size-full\" src=\"https:\/\/histoweb.com\/wp-content\/uploads\/2016\/06\/IMG-20160408-WA0003-2.jpg\" alt=\"Mesotelioma\" width=\"940\" height=\"300\" srcset=\"https:\/\/histoweb.com\/wp-content\/uploads\/2016\/06\/IMG-20160408-WA0003-2.jpg 940w, https:\/\/histoweb.com\/wp-content\/uploads\/2016\/06\/IMG-20160408-WA0003-2-300x96.jpg 300w, https:\/\/histoweb.com\/wp-content\/uploads\/2016\/06\/IMG-20160408-WA0003-2-768x245.jpg 768w, https:\/\/histoweb.com\/wp-content\/uploads\/2016\/06\/IMG-20160408-WA0003-2-705x225.jpg 705w, https:\/\/histoweb.com\/wp-content\/uploads\/2016\/06\/IMG-20160408-WA0003-2-450x144.jpg 450w\" sizes=\"auto, (max-width: 940px) 100vw, 940px\" \/><p id=\"caption-attachment-7006\" class=\"wp-caption-text\">MESOTELIOMA. Neoplasia epitelial derivada de seroses.<\/p><\/div>\n<p>&nbsp;<\/p>\n<div id=\"attachment_6454\" style=\"width: 950px\" class=\"wp-caption aligncenter\"><img loading=\"lazy\" decoding=\"async\" aria-describedby=\"caption-attachment-6454\" class=\"wp-image-6454 size-full\" src=\"https:\/\/histoweb.com\/wp-content\/uploads\/2016\/02\/Lymph-B.-CD79-green-CD3-red.png\" alt=\"Lymph B. CD79 green, CD3 red\" width=\"940\" height=\"300\" srcset=\"https:\/\/histoweb.com\/wp-content\/uploads\/2016\/02\/Lymph-B.-CD79-green-CD3-red.png 940w, https:\/\/histoweb.com\/wp-content\/uploads\/2016\/02\/Lymph-B.-CD79-green-CD3-red-300x96.png 300w, https:\/\/histoweb.com\/wp-content\/uploads\/2016\/02\/Lymph-B.-CD79-green-CD3-red-768x245.png 768w, https:\/\/histoweb.com\/wp-content\/uploads\/2016\/02\/Lymph-B.-CD79-green-CD3-red-705x225.png 705w, https:\/\/histoweb.com\/wp-content\/uploads\/2016\/02\/Lymph-B.-CD79-green-CD3-red-450x144.png 450w\" sizes=\"auto, (max-width: 940px) 100vw, 940px\" \/><p id=\"caption-attachment-6454\" class=\"wp-caption-text\">IMMUNOMARCATGE DOBLE DE LINFOMA B. En verd limf\u00f2cits B (CD79+). En vermell limf\u00f2cits T (CD3+).<\/p><\/div>\n<p>&nbsp;<\/p>\n<div id=\"attachment_6317\" style=\"width: 950px\" class=\"wp-caption aligncenter\"><img loading=\"lazy\" decoding=\"async\" aria-describedby=\"caption-attachment-6317\" class=\"wp-image-6317 size-full\" src=\"https:\/\/histoweb.com\/wp-content\/uploads\/2015\/12\/DSCN4895.jpg\" alt=\"DSCN4895\" width=\"940\" height=\"300\" srcset=\"https:\/\/histoweb.com\/wp-content\/uploads\/2015\/12\/DSCN4895.jpg 940w, https:\/\/histoweb.com\/wp-content\/uploads\/2015\/12\/DSCN4895-300x96.jpg 300w, https:\/\/histoweb.com\/wp-content\/uploads\/2015\/12\/DSCN4895-705x225.jpg 705w, https:\/\/histoweb.com\/wp-content\/uploads\/2015\/12\/DSCN4895-450x144.jpg 450w\" sizes=\"auto, (max-width: 940px) 100vw, 940px\" \/><p id=\"caption-attachment-6317\" class=\"wp-caption-text\">PLACA VIRICA PIGMENTADA. Infecci\u00f3 per papilomavirus<\/p><\/div>\n<p>&nbsp;<\/p>\n<div id=\"attachment_6200\" style=\"width: 950px\" class=\"wp-caption aligncenter\"><img loading=\"lazy\" decoding=\"async\" aria-describedby=\"caption-attachment-6200\" class=\"wp-image-6200 size-full\" src=\"https:\/\/histoweb.com\/wp-content\/uploads\/2015\/10\/DSCN2774.jpg\" alt=\"DSCN2774\" width=\"940\" height=\"300\" srcset=\"https:\/\/histoweb.com\/wp-content\/uploads\/2015\/10\/DSCN2774.jpg 940w, https:\/\/histoweb.com\/wp-content\/uploads\/2015\/10\/DSCN2774-300x96.jpg 300w, https:\/\/histoweb.com\/wp-content\/uploads\/2015\/10\/DSCN2774-705x225.jpg 705w, https:\/\/histoweb.com\/wp-content\/uploads\/2015\/10\/DSCN2774-450x144.jpg 450w\" sizes=\"auto, (max-width: 940px) 100vw, 940px\" \/><p id=\"caption-attachment-6200\" class=\"wp-caption-text\">MICOBACTERIOSI. Limfadenitis granulomatosa en un Schnauzer associada a Mycobacterium avium subsp. Hominissuis<\/p><\/div>\n<p>&nbsp;<\/p>\n<div id=\"attachment_6078\" style=\"width: 950px\" class=\"wp-caption aligncenter\"><img loading=\"lazy\" decoding=\"async\" aria-describedby=\"caption-attachment-6078\" class=\"wp-image-6078 size-full\" src=\"https:\/\/histoweb.com\/wp-content\/uploads\/2015\/06\/DSCN6519.jpg\" alt=\"DSCN6519\" width=\"940\" height=\"300\" srcset=\"https:\/\/histoweb.com\/wp-content\/uploads\/2015\/06\/DSCN6519.jpg 940w, https:\/\/histoweb.com\/wp-content\/uploads\/2015\/06\/DSCN6519-300x96.jpg 300w, https:\/\/histoweb.com\/wp-content\/uploads\/2015\/06\/DSCN6519-705x225.jpg 705w, https:\/\/histoweb.com\/wp-content\/uploads\/2015\/06\/DSCN6519-450x144.jpg 450w\" sizes=\"auto, (max-width: 940px) 100vw, 940px\" \/><p id=\"caption-attachment-6078\" class=\"wp-caption-text\">CRIPTOCOCOSI. Organismes monom\u00f3rfics de 1-7 \u00b5m de di\u00e0metre amb halo capsular transparent<\/p><\/div>\n<p>&nbsp;<\/p>\n<div id=\"attachment_5957\" style=\"width: 950px\" class=\"wp-caption aligncenter\"><img loading=\"lazy\" decoding=\"async\" aria-describedby=\"caption-attachment-5957\" class=\"wp-image-5957 size-full\" src=\"https:\/\/histoweb.com\/wp-content\/uploads\/2015\/06\/Ves\u00edcula.red_1.jpg\" alt=\"Ves\u00edcula.red\" width=\"940\" height=\"300\" srcset=\"https:\/\/histoweb.com\/wp-content\/uploads\/2015\/06\/Ves\u00edcula.red_1.jpg 940w, https:\/\/histoweb.com\/wp-content\/uploads\/2015\/06\/Ves\u00edcula.red_1-300x96.jpg 300w, https:\/\/histoweb.com\/wp-content\/uploads\/2015\/06\/Ves\u00edcula.red_1-705x225.jpg 705w, https:\/\/histoweb.com\/wp-content\/uploads\/2015\/06\/Ves\u00edcula.red_1-450x144.jpg 450w\" sizes=\"auto, (max-width: 940px) 100vw, 940px\" \/><p id=\"caption-attachment-5957\" class=\"wp-caption-text\">EPIDERMOLISI BULLOSA. Separaci\u00f3 entre l&#8217;epidermis i la dermis<\/p><\/div>\n<p>&nbsp;<\/p>\n<div id=\"attachment_5873\" style=\"width: 950px\" class=\"wp-caption aligncenter\"><img loading=\"lazy\" decoding=\"async\" aria-describedby=\"caption-attachment-5873\" class=\"wp-image-5873 size-full\" src=\"https:\/\/histoweb.com\/wp-content\/uploads\/2015\/06\/Cirrosis-Histovet.jpg\" alt=\"CIRROSI. Fibrosi i hiperplasia nodular\" width=\"940\" height=\"300\" srcset=\"https:\/\/histoweb.com\/wp-content\/uploads\/2015\/06\/Cirrosis-Histovet.jpg 940w, https:\/\/histoweb.com\/wp-content\/uploads\/2015\/06\/Cirrosis-Histovet-300x96.jpg 300w, https:\/\/histoweb.com\/wp-content\/uploads\/2015\/06\/Cirrosis-Histovet-705x225.jpg 705w, https:\/\/histoweb.com\/wp-content\/uploads\/2015\/06\/Cirrosis-Histovet-450x144.jpg 450w\" sizes=\"auto, (max-width: 940px) 100vw, 940px\" \/><p id=\"caption-attachment-5873\" class=\"wp-caption-text\">CIRROSI. Fibrosi i hiperplasia nodular<\/p><\/div>\n<p>&nbsp;<\/p>\n<div id=\"attachment_5904\" style=\"width: 950px\" class=\"wp-caption aligncenter\"><img loading=\"lazy\" decoding=\"async\" aria-describedby=\"caption-attachment-5904\" class=\"wp-image-5904 size-full\" src=\"https:\/\/histoweb.com\/wp-content\/uploads\/2015\/06\/insulinoma-Histovet.jpg\" alt=\"INSULINOMA. Adenoma de c\u00e8l\u00b7lules beta productores d'insulina.\" width=\"940\" height=\"300\" srcset=\"https:\/\/histoweb.com\/wp-content\/uploads\/2015\/06\/insulinoma-Histovet.jpg 940w, https:\/\/histoweb.com\/wp-content\/uploads\/2015\/06\/insulinoma-Histovet-300x96.jpg 300w, https:\/\/histoweb.com\/wp-content\/uploads\/2015\/06\/insulinoma-Histovet-705x225.jpg 705w, https:\/\/histoweb.com\/wp-content\/uploads\/2015\/06\/insulinoma-Histovet-450x144.jpg 450w\" sizes=\"auto, (max-width: 940px) 100vw, 940px\" \/><p id=\"caption-attachment-5904\" class=\"wp-caption-text\">INSULINOMA. Adenoma de c\u00e8l\u00b7lules beta productores d&#8217;insulina.<\/p><\/div>\n<p>&nbsp;<\/p>\n<div id=\"attachment_5291\" style=\"width: 950px\" class=\"wp-caption aligncenter\"><img loading=\"lazy\" decoding=\"async\" aria-describedby=\"caption-attachment-5291\" class=\"wp-image-5291 size-full\" src=\"https:\/\/histoweb.com\/wp-content\/uploads\/2015\/04\/7.jpg\" alt=\"histovet - CITOQUERATINA. C\u00e8l\u00b7lules citoqueratina positives en un carcinoma\" width=\"940\" height=\"300\" srcset=\"https:\/\/histoweb.com\/wp-content\/uploads\/2015\/04\/7.jpg 940w, https:\/\/histoweb.com\/wp-content\/uploads\/2015\/04\/7-300x96.jpg 300w, https:\/\/histoweb.com\/wp-content\/uploads\/2015\/04\/7-705x225.jpg 705w, https:\/\/histoweb.com\/wp-content\/uploads\/2015\/04\/7-450x144.jpg 450w\" sizes=\"auto, (max-width: 940px) 100vw, 940px\" \/><p id=\"caption-attachment-5291\" class=\"wp-caption-text\">CITOQUERATINA. C\u00e8l\u00b7lules citoqueratina positives en un carcinoma<\/p><\/div>\n<p>&nbsp;<\/p>\n<div id=\"attachment_4958\" style=\"width: 950px\" class=\"wp-caption aligncenter\"><img loading=\"lazy\" decoding=\"async\" aria-describedby=\"caption-attachment-4958\" class=\"wp-image-4958 size-full\" src=\"https:\/\/histoweb.com\/wp-content\/uploads\/2015\/03\/fig11.jpg\" alt=\"fig1\" width=\"940\" height=\"300\" srcset=\"https:\/\/histoweb.com\/wp-content\/uploads\/2015\/03\/fig11.jpg 940w, https:\/\/histoweb.com\/wp-content\/uploads\/2015\/03\/fig11-300x96.jpg 300w, https:\/\/histoweb.com\/wp-content\/uploads\/2015\/03\/fig11-705x225.jpg 705w, https:\/\/histoweb.com\/wp-content\/uploads\/2015\/03\/fig11-450x144.jpg 450w\" sizes=\"auto, (max-width: 940px) 100vw, 940px\" \/><p id=\"caption-attachment-4958\" class=\"wp-caption-text\">PLEOCITOSI. Increment de c\u00e8l.lules inflamat\u00f2ries al liquid cefalorraquidi en casos d&#8217;encefalitis<\/p><\/div>\n<p>&nbsp;<\/p>\n<div id=\"attachment_5113\" style=\"width: 950px\" class=\"wp-caption aligncenter\"><img loading=\"lazy\" decoding=\"async\" aria-describedby=\"caption-attachment-5113\" class=\"wp-image-5113 size-full\" src=\"https:\/\/histoweb.com\/wp-content\/uploads\/2015\/01\/SCHWANOMA.jpg\" alt=\"SCHWANOMA\" width=\"940\" height=\"300\" srcset=\"https:\/\/histoweb.com\/wp-content\/uploads\/2015\/01\/SCHWANOMA.jpg 940w, https:\/\/histoweb.com\/wp-content\/uploads\/2015\/01\/SCHWANOMA-300x96.jpg 300w, https:\/\/histoweb.com\/wp-content\/uploads\/2015\/01\/SCHWANOMA-705x225.jpg 705w, https:\/\/histoweb.com\/wp-content\/uploads\/2015\/01\/SCHWANOMA-450x144.jpg 450w\" sizes=\"auto, (max-width: 940px) 100vw, 940px\" \/><p id=\"caption-attachment-5113\" class=\"wp-caption-text\">SCHWANOMA. Tumor neural benigne<\/p><\/div>\n<p>&nbsp;<\/p>\n<div id=\"attachment_4623\" style=\"width: 950px\" class=\"wp-caption aligncenter\"><img loading=\"lazy\" decoding=\"async\" aria-describedby=\"caption-attachment-4623\" class=\"wp-image-4623 size-full\" src=\"https:\/\/histoweb.com\/wp-content\/uploads\/2015\/02\/vasculitis-slider.jpg\" alt=\"vasculitis\" width=\"940\" height=\"300\" srcset=\"https:\/\/histoweb.com\/wp-content\/uploads\/2015\/02\/vasculitis-slider.jpg 940w, https:\/\/histoweb.com\/wp-content\/uploads\/2015\/02\/vasculitis-slider-300x96.jpg 300w, https:\/\/histoweb.com\/wp-content\/uploads\/2015\/02\/vasculitis-slider-705x225.jpg 705w, https:\/\/histoweb.com\/wp-content\/uploads\/2015\/02\/vasculitis-slider-450x144.jpg 450w\" sizes=\"auto, (max-width: 940px) 100vw, 940px\" \/><p id=\"caption-attachment-4623\" class=\"wp-caption-text\">VASCULITIS. Reacci\u00f3 d&#8217;hipersensibilitat tipus III<\/p><\/div>\n<p>&nbsp;<\/p>\n<div id=\"attachment_4616\" style=\"width: 950px\" class=\"wp-caption aligncenter\"><img loading=\"lazy\" decoding=\"async\" aria-describedby=\"caption-attachment-4616\" class=\"wp-image-4616 size-full\" src=\"https:\/\/histoweb.com\/wp-content\/uploads\/2015\/02\/linfagiectasia-slider.jpg\" alt=\"linfagiectasia\" width=\"940\" height=\"300\" srcset=\"https:\/\/histoweb.com\/wp-content\/uploads\/2015\/02\/linfagiectasia-slider.jpg 940w, https:\/\/histoweb.com\/wp-content\/uploads\/2015\/02\/linfagiectasia-slider-300x96.jpg 300w, https:\/\/histoweb.com\/wp-content\/uploads\/2015\/02\/linfagiectasia-slider-705x225.jpg 705w, https:\/\/histoweb.com\/wp-content\/uploads\/2015\/02\/linfagiectasia-slider-450x144.jpg 450w\" sizes=\"auto, (max-width: 940px) 100vw, 940px\" \/><p id=\"caption-attachment-4616\" class=\"wp-caption-text\">LINFAGIECTASIA. Dilataci\u00f3 de linf\u00e0tics en una enteritis amb p\u00e9rdua de proteines<\/p><\/div>\n","protected":false},"excerpt":{"rendered":"<p>&nbsp; &nbsp; &nbsp; &nbsp; &nbsp; &nbsp; &nbsp; &nbsp; &nbsp; &nbsp; &nbsp; &nbsp; &nbsp; &nbsp; &nbsp; &nbsp; &nbsp;<\/p>\n","protected":false},"author":4,"featured_media":0,"parent":0,"menu_order":0,"comment_status":"closed","ping_status":"closed","template":"","meta":{"footnotes":""},"class_list":["post-4384","page","type-page","status-publish","hentry"],"yoast_head":"<!-- This site is optimized with the Yoast SEO plugin v26.6 - https:\/\/yoast.com\/wordpress\/plugins\/seo\/ -->\n<title>Arxiu d&#039;imatges - Histoweb<\/title>\n<meta name=\"robots\" content=\"index, follow, max-snippet:-1, max-image-preview:large, max-video-preview:-1\" \/>\n<link rel=\"canonical\" href=\"https:\/\/histoweb.com\/ca\/arxiu-imatges\/\" \/>\n<meta property=\"og:locale\" content=\"ca_ES\" \/>\n<meta property=\"og:type\" content=\"article\" \/>\n<meta property=\"og:title\" content=\"Arxiu d&#039;imatges - Histoweb\" \/>\n<meta property=\"og:description\" content=\"&nbsp; &nbsp; &nbsp; &nbsp; &nbsp; &nbsp; &nbsp; &nbsp; &nbsp; &nbsp; &nbsp; &nbsp; &nbsp; &nbsp; &nbsp; &nbsp; &nbsp;\" \/>\n<meta property=\"og:url\" content=\"https:\/\/histoweb.com\/ca\/arxiu-imatges\/\" \/>\n<meta property=\"og:site_name\" content=\"Histoweb\" \/>\n<meta property=\"article:modified_time\" content=\"2022-11-02T15:38:45+00:00\" \/>\n<meta property=\"og:image\" content=\"https:\/\/histoweb.com\/wp-content\/uploads\/2022\/11\/H719537-Paget-2-2-1.jpg\" \/>\n<meta name=\"twitter:label1\" content=\"Temps estimat de lectura\" \/>\n\t<meta name=\"twitter:data1\" content=\"2 minuts\" \/>\n<script type=\"application\/ld+json\" class=\"yoast-schema-graph\">{\"@context\":\"https:\/\/schema.org\",\"@graph\":[{\"@type\":\"WebPage\",\"@id\":\"https:\/\/histoweb.com\/ca\/arxiu-imatges\/\",\"url\":\"https:\/\/histoweb.com\/ca\/arxiu-imatges\/\",\"name\":\"Arxiu d'imatges - Histoweb\",\"isPartOf\":{\"@id\":\"https:\/\/histoweb.com\/#website\"},\"primaryImageOfPage\":{\"@id\":\"https:\/\/histoweb.com\/ca\/arxiu-imatges\/#primaryimage\"},\"image\":{\"@id\":\"https:\/\/histoweb.com\/ca\/arxiu-imatges\/#primaryimage\"},\"thumbnailUrl\":\"https:\/\/histoweb.com\/wp-content\/uploads\/2022\/11\/H719537-Paget-2-2-1.jpg\",\"datePublished\":\"2015-01-31T10:35:22+00:00\",\"dateModified\":\"2022-11-02T15:38:45+00:00\",\"breadcrumb\":{\"@id\":\"https:\/\/histoweb.com\/ca\/arxiu-imatges\/#breadcrumb\"},\"inLanguage\":\"ca\",\"potentialAction\":[{\"@type\":\"ReadAction\",\"target\":[\"https:\/\/histoweb.com\/ca\/arxiu-imatges\/\"]}]},{\"@type\":\"ImageObject\",\"inLanguage\":\"ca\",\"@id\":\"https:\/\/histoweb.com\/ca\/arxiu-imatges\/#primaryimage\",\"url\":\"https:\/\/histoweb.com\/wp-content\/uploads\/2022\/11\/H719537-Paget-2-2-1.jpg\",\"contentUrl\":\"https:\/\/histoweb.com\/wp-content\/uploads\/2022\/11\/H719537-Paget-2-2-1.jpg\"},{\"@type\":\"BreadcrumbList\",\"@id\":\"https:\/\/histoweb.com\/ca\/arxiu-imatges\/#breadcrumb\",\"itemListElement\":[{\"@type\":\"ListItem\",\"position\":1,\"name\":\"Portada\",\"item\":\"https:\/\/histoweb.com\/ca\/portada\/\"},{\"@type\":\"ListItem\",\"position\":2,\"name\":\"Arxiu d&#8217;imatges\"}]},{\"@type\":\"WebSite\",\"@id\":\"https:\/\/histoweb.com\/#website\",\"url\":\"https:\/\/histoweb.com\/\",\"name\":\"Histoweb\",\"description\":\"Servicio de diagn\u00f3stico histopatol\u00f3gico veterinario\",\"publisher\":{\"@id\":\"https:\/\/histoweb.com\/#organization\"},\"potentialAction\":[{\"@type\":\"SearchAction\",\"target\":{\"@type\":\"EntryPoint\",\"urlTemplate\":\"https:\/\/histoweb.com\/?s={search_term_string}\"},\"query-input\":{\"@type\":\"PropertyValueSpecification\",\"valueRequired\":true,\"valueName\":\"search_term_string\"}}],\"inLanguage\":\"ca\"},{\"@type\":\"Organization\",\"@id\":\"https:\/\/histoweb.com\/#organization\",\"name\":\"Histovet\",\"url\":\"https:\/\/histoweb.com\/\",\"logo\":{\"@type\":\"ImageObject\",\"inLanguage\":\"ca\",\"@id\":\"https:\/\/histoweb.com\/#\/schema\/logo\/image\/\",\"url\":\"https:\/\/histoweb.com\/wp-content\/uploads\/2014\/03\/logo.jpg\",\"contentUrl\":\"https:\/\/histoweb.com\/wp-content\/uploads\/2014\/03\/logo.jpg\",\"width\":336,\"height\":75,\"caption\":\"Histovet\"},\"image\":{\"@id\":\"https:\/\/histoweb.com\/#\/schema\/logo\/image\/\"}}]}<\/script>\n<!-- \/ Yoast SEO plugin. -->","yoast_head_json":{"title":"Arxiu d'imatges - Histoweb","robots":{"index":"index","follow":"follow","max-snippet":"max-snippet:-1","max-image-preview":"max-image-preview:large","max-video-preview":"max-video-preview:-1"},"canonical":"https:\/\/histoweb.com\/ca\/arxiu-imatges\/","og_locale":"ca_ES","og_type":"article","og_title":"Arxiu d'imatges - Histoweb","og_description":"&nbsp; &nbsp; &nbsp; &nbsp; &nbsp; &nbsp; &nbsp; &nbsp; &nbsp; &nbsp; &nbsp; &nbsp; &nbsp; &nbsp; &nbsp; &nbsp; &nbsp;","og_url":"https:\/\/histoweb.com\/ca\/arxiu-imatges\/","og_site_name":"Histoweb","article_modified_time":"2022-11-02T15:38:45+00:00","og_image":[{"url":"https:\/\/histoweb.com\/wp-content\/uploads\/2022\/11\/H719537-Paget-2-2-1.jpg","type":"","width":"","height":""}],"twitter_misc":{"Temps estimat de lectura":"2 minuts"},"schema":{"@context":"https:\/\/schema.org","@graph":[{"@type":"WebPage","@id":"https:\/\/histoweb.com\/ca\/arxiu-imatges\/","url":"https:\/\/histoweb.com\/ca\/arxiu-imatges\/","name":"Arxiu d'imatges - Histoweb","isPartOf":{"@id":"https:\/\/histoweb.com\/#website"},"primaryImageOfPage":{"@id":"https:\/\/histoweb.com\/ca\/arxiu-imatges\/#primaryimage"},"image":{"@id":"https:\/\/histoweb.com\/ca\/arxiu-imatges\/#primaryimage"},"thumbnailUrl":"https:\/\/histoweb.com\/wp-content\/uploads\/2022\/11\/H719537-Paget-2-2-1.jpg","datePublished":"2015-01-31T10:35:22+00:00","dateModified":"2022-11-02T15:38:45+00:00","breadcrumb":{"@id":"https:\/\/histoweb.com\/ca\/arxiu-imatges\/#breadcrumb"},"inLanguage":"ca","potentialAction":[{"@type":"ReadAction","target":["https:\/\/histoweb.com\/ca\/arxiu-imatges\/"]}]},{"@type":"ImageObject","inLanguage":"ca","@id":"https:\/\/histoweb.com\/ca\/arxiu-imatges\/#primaryimage","url":"https:\/\/histoweb.com\/wp-content\/uploads\/2022\/11\/H719537-Paget-2-2-1.jpg","contentUrl":"https:\/\/histoweb.com\/wp-content\/uploads\/2022\/11\/H719537-Paget-2-2-1.jpg"},{"@type":"BreadcrumbList","@id":"https:\/\/histoweb.com\/ca\/arxiu-imatges\/#breadcrumb","itemListElement":[{"@type":"ListItem","position":1,"name":"Portada","item":"https:\/\/histoweb.com\/ca\/portada\/"},{"@type":"ListItem","position":2,"name":"Arxiu d&#8217;imatges"}]},{"@type":"WebSite","@id":"https:\/\/histoweb.com\/#website","url":"https:\/\/histoweb.com\/","name":"Histoweb","description":"Servicio de diagn\u00f3stico histopatol\u00f3gico veterinario","publisher":{"@id":"https:\/\/histoweb.com\/#organization"},"potentialAction":[{"@type":"SearchAction","target":{"@type":"EntryPoint","urlTemplate":"https:\/\/histoweb.com\/?s={search_term_string}"},"query-input":{"@type":"PropertyValueSpecification","valueRequired":true,"valueName":"search_term_string"}}],"inLanguage":"ca"},{"@type":"Organization","@id":"https:\/\/histoweb.com\/#organization","name":"Histovet","url":"https:\/\/histoweb.com\/","logo":{"@type":"ImageObject","inLanguage":"ca","@id":"https:\/\/histoweb.com\/#\/schema\/logo\/image\/","url":"https:\/\/histoweb.com\/wp-content\/uploads\/2014\/03\/logo.jpg","contentUrl":"https:\/\/histoweb.com\/wp-content\/uploads\/2014\/03\/logo.jpg","width":336,"height":75,"caption":"Histovet"},"image":{"@id":"https:\/\/histoweb.com\/#\/schema\/logo\/image\/"}}]}},"_links":{"self":[{"href":"https:\/\/histoweb.com\/ca\/wp-json\/wp\/v2\/pages\/4384","targetHints":{"allow":["GET"]}}],"collection":[{"href":"https:\/\/histoweb.com\/ca\/wp-json\/wp\/v2\/pages"}],"about":[{"href":"https:\/\/histoweb.com\/ca\/wp-json\/wp\/v2\/types\/page"}],"author":[{"embeddable":true,"href":"https:\/\/histoweb.com\/ca\/wp-json\/wp\/v2\/users\/4"}],"replies":[{"embeddable":true,"href":"https:\/\/histoweb.com\/ca\/wp-json\/wp\/v2\/comments?post=4384"}],"version-history":[{"count":5,"href":"https:\/\/histoweb.com\/ca\/wp-json\/wp\/v2\/pages\/4384\/revisions"}],"predecessor-version":[{"id":7359,"href":"https:\/\/histoweb.com\/ca\/wp-json\/wp\/v2\/pages\/4384\/revisions\/7359"}],"wp:attachment":[{"href":"https:\/\/histoweb.com\/ca\/wp-json\/wp\/v2\/media?parent=4384"}],"curies":[{"name":"wp","href":"https:\/\/api.w.org\/{rel}","templated":true}]}}