{"id":8214,"date":"2018-05-30T21:12:03","date_gmt":"2018-05-30T20:12:03","guid":{"rendered":"https:\/\/histoweb.com\/?page_id=8214"},"modified":"2025-04-10T10:30:41","modified_gmt":"2025-04-10T09:30:41","slug":"avis-legal","status":"publish","type":"page","link":"https:\/\/histoweb.com\/ca\/avis-legal\/","title":{"rendered":"Av\u00eds legal"},"content":{"rendered":"<h3>TITULARITAT DEL PORTAL<\/h3>\n<p>En compliment de la Llei 34\/2002, d\u201911 de juliol, de serveis de la societat de la informaci\u00f3 i de comer\u00e7 electr\u00f2nic, HISTOVET, S.L. informa que \u00e9s titular dels llocs web: <a href=\"http:\/\/www.histoweb.com\/\">www.histoweb.com<\/a>. D\u2019acord amb l\u2019exig\u00e8ncia de l\u2019article 10 de l\u2019esmentada Llei, HISTOVET, S.L. notifica les seg\u00fcents dades:<\/p>\n<p>HISTOVET, S.L. \u00e9s la titular del portal web <a href=\"http:\/\/www.histoweb.com\/\">www.histoweb.com<\/a> (d\u2019ara endavant, el Portal). El seu domicili es troba a Sant Quirze del Vall\u00e8s, Avinguda Pa\u00efsos Catalans 12 D, 08192, i est\u00e0 provista de CIF B60931532.<\/p>\n<p>Es pot posar en contacte amb el titular del Portal a trav\u00e9s del correu electr\u00f2nic: <a href=\"mailto:histovet@histoweb.com\">histovet@histoweb.com<\/a><\/p>\n<p>El nom de domini HISTOVET a trav\u00e9s del qual s\u2019accedeix a aquest Portal \u00e9s titularitat de HISTOVET, S.L. i est\u00e0 prohibit el seu \u00fas en connexi\u00f3 amb continguts, productes o serveis que no siguin titularitat de HISTOVET i que puguin causar confusi\u00f3 entre els usuaris finals o perjudicar la imatge de HISTOVET.<\/p>\n<hr \/>\n<h3>OBJECTE<\/h3>\n<p>Aquest Av\u00eds Legal t\u00e9 com a objecte establir les Condicions Generals que regulen l\u2019acc\u00e9s, navegaci\u00f3 i \u00fas del Portal per part de tots els Usuaris. Si l\u2019Usuari no hi est\u00e0 d\u2019acord, no tindr\u00e0 dret a utilitzar el lloc web de HISTOVET.<\/p>\n<p>El fet d\u2019accedir al Portal suposa el coneixement i l\u2019acceptaci\u00f3 \u00edntegra per part de l\u2019Usuari dels termes i condicions d\u2019\u00fas del Portal, en la versi\u00f3 publicada en el moment de l\u2019acc\u00e9s.<\/p>\n<p>En aquest sentit, HISTOVET es reserva el dret de modificar o actualitzar, en qualsevol moment, aquestes Condicions Generals i, en general, qualsevol element del disseny i configuraci\u00f3 del Portal. Per aquest motiu, HISTOVET recomana als Usuaris llegir atentament aquestes condicions cada vegada que accedeixin al Portal.<\/p>\n<p>Aix\u00ed mateix, el Titular es reserva la facultat d\u2019acabar, suspendre o interrompre, en qualsevol moment i sense necessitat d\u2019av\u00eds previ, l\u2019acc\u00e9s als productes, serveis i\/o continguts del Portal, aix\u00ed com la seva configuraci\u00f3, prestacions i elements, sense que l\u2019Usuari pugui reclamar ni exigir cap indemnitzaci\u00f3; en particular, per operacions de manteniment, reparaci\u00f3, actualitzaci\u00f3, millora i\/o adaptaci\u00f3 a canvis t\u00e8cnics, operatius i\/o legals. Un cop finalitzat l\u2019acc\u00e9s, continuaran vigents les prohibicions, restriccions i limitacions recollides en aquest Av\u00eds Legal i\/o en qualsevol condici\u00f3 particular aplicable.<\/p>\n<hr \/>\n<h3>ACC\u00c9S I \u00daS DEL PORTAL<\/h3>\n<p>L\u2019Usuari declara tenir la capacitat legal necess\u00e0ria per obligar-se mitjan\u00e7ant aquest acord i per utilitzar aquest Portal de conformitat amb les Condicions Generals aqu\u00ed recollides, que declara comprendre en la seva totalitat.<\/p>\n<p>L\u2019acc\u00e9s al Portal, l\u2019\u00fas dels continguts oferts, la complimentaci\u00f3 de formularis, l\u2019enviament de sol\u00b7licituds d\u2019informaci\u00f3 i qualsevol acte de naturalesa similar suposar\u00e0 l\u2019adquisici\u00f3 de la condici\u00f3 d\u2019Usuari i l\u2019acceptaci\u00f3, sense reserves, de totes les normes d\u2019aquest Av\u00eds Legal.<\/p>\n<p>L\u2019Usuari declara igualment que tota la informaci\u00f3 subministrada durant l\u2019\u00fas del Portal \u00e9s vera\u00e7, completa i precisa.<\/p>\n<p>L\u2019acc\u00e9s, navegaci\u00f3 i \u00fas del Portal es fan sota l\u2019\u00fanica i exclusiva responsabilitat de l\u2019Usuari, qui es compromet a seguir diligentment qualsevol instrucci\u00f3 addicional sobre l\u2019\u00fas del Portal i els seus continguts. En aquest sentit, l\u2019Usuari es compromet a utilitzar els continguts del Portal de manera diligent, correcta i l\u00edcita, d\u2019acord amb la legislaci\u00f3 vigent, i especialment es compromet a abstenir-se de:<\/p>\n<ul>\n<li>Utilitzar-los amb finalitats contr\u00e0ries a la llei, la moral, les bones costums generalment acceptades o l\u2019ordre p\u00fablic, o a les instruccions del Titular.<\/li>\n<li>Fer-los servir amb finalitats lesives per als drets leg\u00edtims de tercers.<\/li>\n<li>Utilitzar la informaci\u00f3 obtinguda per enviar publicitat, comunicacions amb finalitats comercials o qualsevol altra finalitat comercial, o missatges no sol\u00b7licitats adre\u00e7ats a una pluralitat de persones, aix\u00ed com comercialitzar o divulgar de qualsevol manera aquesta informaci\u00f3.<\/li>\n<\/ul>\n<hr \/>\n<h3>PROPIETAT INTEL\u00b7LECTUAL I INDUSTRIAL<\/h3>\n<p>Tots els continguts del Portal, incloent-hi \u2014de manera enunciativa i no exhaustiva\u2014 textos, fotografies, gr\u00e0fics, imatges, icones, tecnologia, estructura de navegaci\u00f3, programari, continguts audiovisuals o sonors, disseny gr\u00e0fic, codis font, \u00edndexs, marques, logotips, expressions i informacions, s\u00f3n propietat intel\u00b7lectual de HISTOVET o de tercers que han autoritzat el seu \u00fas.<\/p>\n<p>Queden reservats tots els drets de propietat intel\u00b7lectual i industrial sobre aquests continguts. L\u2019\u00fas no autoritzat pot donar lloc a responsabilitats.<\/p>\n<p>Tamb\u00e9 est\u00e0 prohibit l\u2019\u00fas de marques, noms comercials o signes distintius titularitat del Titular o de tercers sense el seu consentiment expr\u00e9s i per escrit.<\/p>\n<hr \/>\n<h3>RESPONSABILITATS DEL TITULAR<\/h3>\n<p>El Titular declara que ha adoptat les mesures necess\u00e0ries i raonables, dins de les seves possibilitats i de l\u2019estat de la tecnologia, per garantir el funcionament del Portal i evitar la pres\u00e8ncia de virus o altres components nocius.<\/p>\n<p>Aix\u00ed mateix, far\u00e0 tots els esfor\u00e7os raonables per comprovar la veracitat, exactitud, adequaci\u00f3, idone\u00eftat, exhaustivitat i actualitzaci\u00f3 de la informaci\u00f3 i els continguts disponibles al Portal.<\/p>\n<hr \/>\n<h3>EXCLUSI\u00d3 DE GARANTIES<\/h3>\n<p>L\u2019Usuari reconeix i accepta que el Titular no ofereix cap garantia, expressa o impl\u00edcita, sobre la fiabilitat, utilitat o exactitud de la informaci\u00f3 publicada al Portal respecte als productes i\/o serveis de HISTOVET.<\/p>\n<p>En particular, el Titular no garanteix ni es responsabilitza de:<\/p>\n<ul>\n<li>La manca de disponibilitat o continu\u00eftat del Portal;<\/li>\n<li>Interrupcions, errors o mal funcionament del Portal o problemes t\u00e8cnics durant la connexi\u00f3;<\/li>\n<li>L\u2019abs\u00e8ncia de virus o altres components nocius al Portal o al servidor;<\/li>\n<li>La invulnerabilitat del Portal;<\/li>\n<li>La inexist\u00e8ncia d\u2019errors en els continguts;<\/li>\n<li>L\u2019adequaci\u00f3 del Portal per a un fi concret;<\/li>\n<li>Les decisions preses a partir de la informaci\u00f3 subministrada;<\/li>\n<li>Els danys als equips inform\u00e0tics dels usuaris o de tercers durant la prestaci\u00f3 del servei;<\/li>\n<li>Qualsevol altre dany que pugui derivar-se del mal funcionament del Portal.<\/li>\n<\/ul>\n<hr \/>\n<h3>ENLLA\u00c7OS A ALTRES P\u00c0GINES WEB<\/h3>\n<p>El Titular pot oferir al Portal enlla\u00e7os a altres p\u00e0gines web alienes. Aquests enlla\u00e7os no impliquen cap relaci\u00f3 o recomanaci\u00f3 amb els responsables d\u2019aquestes p\u00e0gines.<\/p>\n<p>El Titular no t\u00e9 capacitat per controlar o verificar els continguts d\u2019altres llocs enlla\u00e7ats i, per tant, no assumeix cap responsabilitat sobre el seu funcionament, accessibilitat, informaci\u00f3, qualitat ni fiabilitat dels seus serveis o continguts.<\/p>\n<hr \/>\n<h3>ENLLA\u00c7OS AL PORTAL DE HISTOVET<\/h3>\n<p>Qualsevol usuari, entitat o p\u00e0gina web que vulgui establir un enlla\u00e7 al Portal haur\u00e0 d\u2019obtenir pr\u00e8viament una autoritzaci\u00f3 expressa i per escrit del Titular. L\u2019enlla\u00e7 haur\u00e0 de dirigir-se a la p\u00e0gina principal del Portal i abastar-la completament.<\/p>\n<p>Si es desitja utilitzar la marca, denominaci\u00f3, nom comercial, logotip o qualsevol signe identificatiu del Titular, tamb\u00e9 caldr\u00e0 una autoritzaci\u00f3 pr\u00e8via i expressa per escrit.<\/p>\n<hr \/>\n<h3>NUL\u00b7LITAT<\/h3>\n<p>Si alguna disposici\u00f3 d\u2019aquest Av\u00eds Legal fos considerada nul\u00b7la o inaplicable, aix\u00f2 no afectar\u00e0 la resta de disposicions, que continuaran vigents.<\/p>\n<p>El fet que el Titular no exerceixi un dret reconegut en aquest Av\u00eds Legal no implicar\u00e0 la seva ren\u00fancia, excepte reconeixement expr\u00e9s i per escrit.<\/p>\n<hr \/>\n<h3>LEGISLACI\u00d3 APLICABLE I JURISDICCI\u00d3<\/h3>\n<p>Aquest Av\u00eds Legal es regeix per la normativa espanyola.<\/p>\n<p>Per resoldre qualsevol conflicte derivat de l\u2019acc\u00e9s al Portal, l\u2019Usuari i el Titular, amb ren\u00fancia expressa a qualsevol altre fur, acorden sotmetre\u2019s als Jutjats i Tribunals de la ciutat on tingui domicili el Titular.<\/p>\n<p>&nbsp;<\/p>\n","protected":false},"excerpt":{"rendered":"<p>TITULARITAT DEL PORTAL En compliment de la Llei 34\/2002, d\u201911 de juliol, de serveis de la societat de la informaci\u00f3 i de comer\u00e7 electr\u00f2nic, HISTOVET, S.L. informa que \u00e9s titular dels llocs web: www.histoweb.com. D\u2019acord amb l\u2019exig\u00e8ncia de l\u2019article 10 de l\u2019esmentada Llei, HISTOVET, S.L. notifica les seg\u00fcents dades: HISTOVET, S.L. \u00e9s la titular del [&hellip;]<\/p>\n","protected":false},"author":4,"featured_media":0,"parent":0,"menu_order":0,"comment_status":"closed","ping_status":"closed","template":"","meta":{"footnotes":""},"class_list":["post-8214","page","type-page","status-publish","hentry"],"yoast_head":"<!-- This site is optimized with the Yoast SEO plugin v26.6 - https:\/\/yoast.com\/wordpress\/plugins\/seo\/ -->\n<title>Av\u00eds legal - Histoweb<\/title>\n<meta name=\"robots\" content=\"index, follow, max-snippet:-1, max-image-preview:large, max-video-preview:-1\" \/>\n<link rel=\"canonical\" href=\"https:\/\/histoweb.com\/ca\/avis-legal\/\" \/>\n<meta property=\"og:locale\" content=\"ca_ES\" \/>\n<meta property=\"og:type\" content=\"article\" \/>\n<meta property=\"og:title\" content=\"Av\u00eds legal - Histoweb\" \/>\n<meta property=\"og:description\" content=\"TITULARITAT DEL PORTAL En compliment de la Llei 34\/2002, d\u201911 de juliol, de serveis de la societat de la informaci\u00f3 i de comer\u00e7 electr\u00f2nic, HISTOVET, S.L. informa que \u00e9s titular dels llocs web: www.histoweb.com. D\u2019acord amb l\u2019exig\u00e8ncia de l\u2019article 10 de l\u2019esmentada Llei, HISTOVET, S.L. notifica les seg\u00fcents dades: HISTOVET, S.L. \u00e9s la titular del [&hellip;]\" \/>\n<meta property=\"og:url\" content=\"https:\/\/histoweb.com\/ca\/avis-legal\/\" \/>\n<meta property=\"og:site_name\" content=\"Histoweb\" \/>\n<meta property=\"article:modified_time\" content=\"2025-04-10T09:30:41+00:00\" \/>\n<meta name=\"twitter:label1\" content=\"Temps estimat de lectura\" \/>\n\t<meta name=\"twitter:data1\" content=\"6 minuts\" \/>\n<script type=\"application\/ld+json\" class=\"yoast-schema-graph\">{\"@context\":\"https:\/\/schema.org\",\"@graph\":[{\"@type\":\"WebPage\",\"@id\":\"https:\/\/histoweb.com\/ca\/avis-legal\/\",\"url\":\"https:\/\/histoweb.com\/ca\/avis-legal\/\",\"name\":\"Av\u00eds legal - Histoweb\",\"isPartOf\":{\"@id\":\"https:\/\/histoweb.com\/#website\"},\"datePublished\":\"2018-05-30T20:12:03+00:00\",\"dateModified\":\"2025-04-10T09:30:41+00:00\",\"breadcrumb\":{\"@id\":\"https:\/\/histoweb.com\/ca\/avis-legal\/#breadcrumb\"},\"inLanguage\":\"ca\",\"potentialAction\":[{\"@type\":\"ReadAction\",\"target\":[\"https:\/\/histoweb.com\/ca\/avis-legal\/\"]}]},{\"@type\":\"BreadcrumbList\",\"@id\":\"https:\/\/histoweb.com\/ca\/avis-legal\/#breadcrumb\",\"itemListElement\":[{\"@type\":\"ListItem\",\"position\":1,\"name\":\"Portada\",\"item\":\"https:\/\/histoweb.com\/ca\/portada\/\"},{\"@type\":\"ListItem\",\"position\":2,\"name\":\"Av\u00eds legal\"}]},{\"@type\":\"WebSite\",\"@id\":\"https:\/\/histoweb.com\/#website\",\"url\":\"https:\/\/histoweb.com\/\",\"name\":\"Histoweb\",\"description\":\"Servicio de diagn\u00f3stico histopatol\u00f3gico veterinario\",\"publisher\":{\"@id\":\"https:\/\/histoweb.com\/#organization\"},\"potentialAction\":[{\"@type\":\"SearchAction\",\"target\":{\"@type\":\"EntryPoint\",\"urlTemplate\":\"https:\/\/histoweb.com\/?s={search_term_string}\"},\"query-input\":{\"@type\":\"PropertyValueSpecification\",\"valueRequired\":true,\"valueName\":\"search_term_string\"}}],\"inLanguage\":\"ca\"},{\"@type\":\"Organization\",\"@id\":\"https:\/\/histoweb.com\/#organization\",\"name\":\"Histovet\",\"url\":\"https:\/\/histoweb.com\/\",\"logo\":{\"@type\":\"ImageObject\",\"inLanguage\":\"ca\",\"@id\":\"https:\/\/histoweb.com\/#\/schema\/logo\/image\/\",\"url\":\"https:\/\/histoweb.com\/wp-content\/uploads\/2014\/03\/logo.jpg\",\"contentUrl\":\"https:\/\/histoweb.com\/wp-content\/uploads\/2014\/03\/logo.jpg\",\"width\":336,\"height\":75,\"caption\":\"Histovet\"},\"image\":{\"@id\":\"https:\/\/histoweb.com\/#\/schema\/logo\/image\/\"}}]}<\/script>\n<!-- \/ Yoast SEO plugin. -->","yoast_head_json":{"title":"Av\u00eds legal - Histoweb","robots":{"index":"index","follow":"follow","max-snippet":"max-snippet:-1","max-image-preview":"max-image-preview:large","max-video-preview":"max-video-preview:-1"},"canonical":"https:\/\/histoweb.com\/ca\/avis-legal\/","og_locale":"ca_ES","og_type":"article","og_title":"Av\u00eds legal - Histoweb","og_description":"TITULARITAT DEL PORTAL En compliment de la Llei 34\/2002, d\u201911 de juliol, de serveis de la societat de la informaci\u00f3 i de comer\u00e7 electr\u00f2nic, HISTOVET, S.L. informa que \u00e9s titular dels llocs web: www.histoweb.com. D\u2019acord amb l\u2019exig\u00e8ncia de l\u2019article 10 de l\u2019esmentada Llei, HISTOVET, S.L. notifica les seg\u00fcents dades: HISTOVET, S.L. \u00e9s la titular del [&hellip;]","og_url":"https:\/\/histoweb.com\/ca\/avis-legal\/","og_site_name":"Histoweb","article_modified_time":"2025-04-10T09:30:41+00:00","twitter_misc":{"Temps estimat de lectura":"6 minuts"},"schema":{"@context":"https:\/\/schema.org","@graph":[{"@type":"WebPage","@id":"https:\/\/histoweb.com\/ca\/avis-legal\/","url":"https:\/\/histoweb.com\/ca\/avis-legal\/","name":"Av\u00eds legal - Histoweb","isPartOf":{"@id":"https:\/\/histoweb.com\/#website"},"datePublished":"2018-05-30T20:12:03+00:00","dateModified":"2025-04-10T09:30:41+00:00","breadcrumb":{"@id":"https:\/\/histoweb.com\/ca\/avis-legal\/#breadcrumb"},"inLanguage":"ca","potentialAction":[{"@type":"ReadAction","target":["https:\/\/histoweb.com\/ca\/avis-legal\/"]}]},{"@type":"BreadcrumbList","@id":"https:\/\/histoweb.com\/ca\/avis-legal\/#breadcrumb","itemListElement":[{"@type":"ListItem","position":1,"name":"Portada","item":"https:\/\/histoweb.com\/ca\/portada\/"},{"@type":"ListItem","position":2,"name":"Av\u00eds legal"}]},{"@type":"WebSite","@id":"https:\/\/histoweb.com\/#website","url":"https:\/\/histoweb.com\/","name":"Histoweb","description":"Servicio de diagn\u00f3stico histopatol\u00f3gico veterinario","publisher":{"@id":"https:\/\/histoweb.com\/#organization"},"potentialAction":[{"@type":"SearchAction","target":{"@type":"EntryPoint","urlTemplate":"https:\/\/histoweb.com\/?s={search_term_string}"},"query-input":{"@type":"PropertyValueSpecification","valueRequired":true,"valueName":"search_term_string"}}],"inLanguage":"ca"},{"@type":"Organization","@id":"https:\/\/histoweb.com\/#organization","name":"Histovet","url":"https:\/\/histoweb.com\/","logo":{"@type":"ImageObject","inLanguage":"ca","@id":"https:\/\/histoweb.com\/#\/schema\/logo\/image\/","url":"https:\/\/histoweb.com\/wp-content\/uploads\/2014\/03\/logo.jpg","contentUrl":"https:\/\/histoweb.com\/wp-content\/uploads\/2014\/03\/logo.jpg","width":336,"height":75,"caption":"Histovet"},"image":{"@id":"https:\/\/histoweb.com\/#\/schema\/logo\/image\/"}}]}},"_links":{"self":[{"href":"https:\/\/histoweb.com\/ca\/wp-json\/wp\/v2\/pages\/8214","targetHints":{"allow":["GET"]}}],"collection":[{"href":"https:\/\/histoweb.com\/ca\/wp-json\/wp\/v2\/pages"}],"about":[{"href":"https:\/\/histoweb.com\/ca\/wp-json\/wp\/v2\/types\/page"}],"author":[{"embeddable":true,"href":"https:\/\/histoweb.com\/ca\/wp-json\/wp\/v2\/users\/4"}],"replies":[{"embeddable":true,"href":"https:\/\/histoweb.com\/ca\/wp-json\/wp\/v2\/comments?post=8214"}],"version-history":[{"count":1,"href":"https:\/\/histoweb.com\/ca\/wp-json\/wp\/v2\/pages\/8214\/revisions"}],"predecessor-version":[{"id":8215,"href":"https:\/\/histoweb.com\/ca\/wp-json\/wp\/v2\/pages\/8214\/revisions\/8215"}],"wp:attachment":[{"href":"https:\/\/histoweb.com\/ca\/wp-json\/wp\/v2\/media?parent=8214"}],"curies":[{"name":"wp","href":"https:\/\/api.w.org\/{rel}","templated":true}]}}