{"id":8228,"date":"2014-03-13T15:36:15","date_gmt":"2014-03-13T14:36:15","guid":{"rendered":"https:\/\/histoweb.com\/?page_id=8228"},"modified":"2025-04-10T10:42:55","modified_gmt":"2025-04-10T09:42:55","slug":"politica-de-privacitat","status":"publish","type":"page","link":"https:\/\/histoweb.com\/ca\/politica-de-privacitat\/","title":{"rendered":"Pol\u00edtica de privacitat"},"content":{"rendered":"<h3>PROTECCI\u00d3 DE DADES PERSONALS<\/h3>\n<p>De conformitat amb el que estableix la Llei Org\u00e0nica 15\/1999 de Protecci\u00f3 de Dades de Car\u00e0cter Personal, HISTOVET informa els usuaris del seu lloc web que les dades personals recollides per l\u2019empresa mitjan\u00e7ant els formularis situats a les seves p\u00e0gines, seran incorporades a un fitxer automatitzat sota la responsabilitat de HISTOVET amb la finalitat de facilitar, agilitzar i complir els compromisos establerts entre ambdues parts.<\/p>\n<p>Aix\u00ed mateix, HISTOVET informa de la possibilitat d\u2019exercir els drets d\u2019acc\u00e9s, cancel\u00b7laci\u00f3, rectificaci\u00f3 i oposici\u00f3 mitjan\u00e7ant un escrit a l\u2019adre\u00e7a: Av. Pa\u00efsos Catalans 12D, Codi Postal: 08192, Localitat: Sant Quirze del Vall\u00e8s. Prov\u00edncia: Barcelona, aportant fotoc\u00f2pia del DNI o documentaci\u00f3 alternativa que acrediti la seva identitat.<\/p>\n<p>Mentre no ens comuniqui el contrari, entendrem que les seves dades no han estat modificades, que es compromet a notificar-nos qualsevol variaci\u00f3 i que tenim el seu consentiment per utilitzar-les amb la finalitat de mantenir la relaci\u00f3 entre les parts.<\/p>\n<p>D\u2019acord amb el que estableix l\u2019article 21 de la Llei 34\/2002, de Serveis de la Societat de la Informaci\u00f3 i Comer\u00e7 Electr\u00f2nic, sol\u00b7licitem el seu consentiment per poder enviar-li comunicacions publicit\u00e0ries que considerem del seu inter\u00e8s, per correu electr\u00f2nic o per qualsevol altre mitj\u00e0 de comunicaci\u00f3 electr\u00f2nic equivalent.<\/p>\n<hr \/>\n<h3>POL\u00cdTICA D\u2019ENLLA\u00c7OS I EXEMPCIONS DE RESPONSABILITAT<\/h3>\n<p>HISTOVET no es fa responsable del contingut de les p\u00e0gines web a les quals l\u2019usuari pugui accedir mitjan\u00e7ant els enlla\u00e7os establerts en els seus llocs web i declara que, en cap cas, examinar\u00e0 ni exercir\u00e0 cap tipus de control sobre el contingut d\u2019altres p\u00e0gines de la xarxa.<\/p>\n<p>Aix\u00ed mateix, tampoc garanteix la disponibilitat t\u00e8cnica, exactitud, veracitat, validesa o legalitat de p\u00e0gines alienes a la seva propietat a les quals es pugui accedir a trav\u00e9s dels enlla\u00e7os.<\/p>\n<p>HISTOVET declara haver adoptat totes les mesures necess\u00e0ries per evitar qualsevol dany que pugui derivar-se de la navegaci\u00f3 per les seves p\u00e0gines web. En conseq\u00fc\u00e8ncia, HISTOVET no es fa responsable, en cap cas, dels eventuals danys que pugui patir l\u2019usuari a causa de la navegaci\u00f3 per Internet.<\/p>\n<p>HISTOVET no es responsabilitza dels danys o perjudicis de qualsevol tipus produ\u00efts a l\u2019usuari que es derivin de fallades o desconnexions en les xarxes de telecomunicacions que produeixin la suspensi\u00f3, cancel\u00b7laci\u00f3, instal\u00b7laci\u00f3 o interrupci\u00f3 del servei del lloc web durant la prestaci\u00f3 del mateix o amb car\u00e0cter previ.<\/p>\n<p>L\u2019acc\u00e9s a la web: <a href=\"http:\/\/www.histoweb.com\/\">www.histoweb.com<\/a> no implica l\u2019obligaci\u00f3 per part de l\u2019empresa de controlar l\u2019abs\u00e8ncia de virus o qualsevol altre element inform\u00e0tic nociu. Correspon a l\u2019usuari disposar d\u2019eines adequades per a la detecci\u00f3 i desinfecci\u00f3 de programes inform\u00e0tics nocius.<\/p>\n<p>HISTOVET no es responsabilitza dels danys produ\u00efts en els equips inform\u00e0tics, documents i\/o fitxers dels usuaris o de tercers durant la prestaci\u00f3 del servei al Portal.<\/p>\n<hr \/>\n<h3>PUBLICITAT<\/h3>\n<p>El lloc web: <a href=\"http:\/\/www.histoweb.com\/\">www.histoweb.com<\/a> podr\u00e0 allotjar continguts publicitaris o patrocinats. Els anunciants o patrocinadors s\u00f3n els \u00fanics responsables d\u2019assegurar que el material rem\u00e8s per a la seva inclusi\u00f3 al web compleix amb la legislaci\u00f3 que sigui d\u2019aplicaci\u00f3 en cada cas.<\/p>\n<p>HISTOVET no ser\u00e0 responsable de cap error, inexactitud o irregularitat que puguin contenir els continguts publicitaris o dels patrocinadors.<\/p>\n<hr \/>\n<h3>MODIFICACIONS<\/h3>\n<p>HISTOVET es reserva el dret de realitzar les modificacions que consideri oportunes, sense previ av\u00eds, en el contingut dels seus llocs web, tant pel que fa als continguts com a les condicions d\u2019\u00fas o a les condicions generals de contractaci\u00f3. Aquestes modificacions podran fer-se de qualsevol manera admesa en dret i seran d\u2019obligat compliment mentre estiguin publicades al lloc web i fins que no siguin modificades per altres de posteriors.<\/p>\n<hr \/>\n<h3>RESERVA DE COOKIES<\/h3>\n<p>HISTOVET es reserva el dret d\u2019utilitzar cookies durant la navegaci\u00f3 de l\u2019usuari pels seus llocs web amb la finalitat de facilitar-ne la personalitzaci\u00f3 i comoditat. D\u2019acord amb la pol\u00edtica de protecci\u00f3 de dades de l\u2019empresa, HISTOVET informa que les cookies s\u2019associen a l\u2019usuari an\u00f2nim i al seu ordinador, i no proporcionen per si mateixes ni el nom ni els cognoms de l\u2019usuari.<\/p>\n<p>L\u2019usuari pot configurar el seu navegador perqu\u00e8 l\u2019avisi de la recepci\u00f3 de cookies i, si ho desitja, impedir-ne la instal\u00b7laci\u00f3 al seu disc dur. No obstant aix\u00f2, per accedir als llocs web de HISTOVET no \u00e9s imprescindible la instal\u00b7laci\u00f3 de cookies.<\/p>\n<p>L\u2019usuari es compromet a abstenir-se de reproduir, copiar, distribuir, posar a disposici\u00f3 o de qualsevol altra manera comunicar p\u00fablicament, transformar o modificar els continguts, llevat que compti amb l\u2019autoritzaci\u00f3 del titular dels corresponents drets o ho permeti legalment.<\/p>\n<hr \/>\n<h3>PROPIETAT INTEL\u00b7LECTUAL<\/h3>\n<p>Els drets de propietat intel\u00b7lectual i industrial derivats de tots els textos, imatges, aix\u00ed com dels mitjans i formes de presentaci\u00f3 i muntatge de les seves p\u00e0gines, pertanyen, per si mateixos o com a cession\u00e0ria, a HISTOVET. Per tant, s\u00f3n obres protegides per la propietat intel\u00b7lectual dins de l\u2019ordenament jur\u00eddic espanyol i se\u2019ls podr\u00e0 aplicar tant la normativa espanyola i comunit\u00e0ria en aquest \u00e0mbit, com els tractats internacionals relatius a la mat\u00e8ria i subscrits per Espanya.<\/p>\n<p>Tots els drets reservats. En compliment de la Llei de Propietat Intel\u00b7lectual, queda expressament prohibida la reproducci\u00f3, distribuci\u00f3, comunicaci\u00f3 p\u00fablica i utilitzaci\u00f3, total o parcial, dels continguts de les seves p\u00e0gines web sense el consentiment expl\u00edcit de HISTOVET.<\/p>\n<p>Aix\u00ed mateix, HISTOVET es reserva la facultat d\u2019exercir les accions civils o penals que consideri oportunes per la utilitzaci\u00f3 indeguda de les seves p\u00e0gines web i continguts o per l\u2019incompliment d\u2019aquestes condicions.<\/p>\n<hr \/>\n<h3>ACCIONS LEGALS, LEGISLACI\u00d3 APLICABLE I JURISDICCI\u00d3<\/h3>\n<p>La relaci\u00f3 entre l\u2019usuari i HISTOVET es regir\u00e0 per la normativa espanyola vigent, i seran competents per resoldre qualsevol controv\u00e8rsia que pugui sorgir entre l\u2019usuari i HISTOVET els jutjats i tribunals de la localitat de Barcelona.<\/p>\n<p>&nbsp;<\/p>\n","protected":false},"excerpt":{"rendered":"<p>PROTECCI\u00d3 DE DADES PERSONALS De conformitat amb el que estableix la Llei Org\u00e0nica 15\/1999 de Protecci\u00f3 de Dades de Car\u00e0cter Personal, HISTOVET informa els usuaris del seu lloc web que les dades personals recollides per l\u2019empresa mitjan\u00e7ant els formularis situats a les seves p\u00e0gines, seran incorporades a un fitxer automatitzat sota la responsabilitat de HISTOVET [&hellip;]<\/p>\n","protected":false},"author":4,"featured_media":0,"parent":0,"menu_order":0,"comment_status":"open","ping_status":"open","template":"","meta":{"footnotes":""},"class_list":["post-8228","page","type-page","status-publish","hentry"],"yoast_head":"<!-- This site is optimized with the Yoast SEO plugin v26.6 - https:\/\/yoast.com\/wordpress\/plugins\/seo\/ -->\n<title>Pol\u00edtica de privacitat - Histoweb<\/title>\n<meta name=\"robots\" content=\"index, follow, max-snippet:-1, max-image-preview:large, max-video-preview:-1\" \/>\n<link rel=\"canonical\" href=\"https:\/\/histoweb.com\/ca\/politica-de-privacitat\/\" \/>\n<meta property=\"og:locale\" content=\"ca_ES\" \/>\n<meta property=\"og:type\" content=\"article\" \/>\n<meta property=\"og:title\" content=\"Pol\u00edtica de privacitat - Histoweb\" \/>\n<meta property=\"og:description\" content=\"PROTECCI\u00d3 DE DADES PERSONALS De conformitat amb el que estableix la Llei Org\u00e0nica 15\/1999 de Protecci\u00f3 de Dades de Car\u00e0cter Personal, HISTOVET informa els usuaris del seu lloc web que les dades personals recollides per l\u2019empresa mitjan\u00e7ant els formularis situats a les seves p\u00e0gines, seran incorporades a un fitxer automatitzat sota la responsabilitat de HISTOVET [&hellip;]\" \/>\n<meta property=\"og:url\" content=\"https:\/\/histoweb.com\/ca\/politica-de-privacitat\/\" \/>\n<meta property=\"og:site_name\" content=\"Histoweb\" \/>\n<meta property=\"article:modified_time\" content=\"2025-04-10T09:42:55+00:00\" \/>\n<meta name=\"twitter:label1\" content=\"Temps estimat de lectura\" \/>\n\t<meta name=\"twitter:data1\" content=\"5 minuts\" \/>\n<script type=\"application\/ld+json\" class=\"yoast-schema-graph\">{\"@context\":\"https:\/\/schema.org\",\"@graph\":[{\"@type\":\"WebPage\",\"@id\":\"https:\/\/histoweb.com\/ca\/politica-de-privacitat\/\",\"url\":\"https:\/\/histoweb.com\/ca\/politica-de-privacitat\/\",\"name\":\"Pol\u00edtica de privacitat - Histoweb\",\"isPartOf\":{\"@id\":\"https:\/\/histoweb.com\/#website\"},\"datePublished\":\"2014-03-13T14:36:15+00:00\",\"dateModified\":\"2025-04-10T09:42:55+00:00\",\"breadcrumb\":{\"@id\":\"https:\/\/histoweb.com\/ca\/politica-de-privacitat\/#breadcrumb\"},\"inLanguage\":\"ca\",\"potentialAction\":[{\"@type\":\"ReadAction\",\"target\":[\"https:\/\/histoweb.com\/ca\/politica-de-privacitat\/\"]}]},{\"@type\":\"BreadcrumbList\",\"@id\":\"https:\/\/histoweb.com\/ca\/politica-de-privacitat\/#breadcrumb\",\"itemListElement\":[{\"@type\":\"ListItem\",\"position\":1,\"name\":\"Portada\",\"item\":\"https:\/\/histoweb.com\/ca\/portada\/\"},{\"@type\":\"ListItem\",\"position\":2,\"name\":\"Pol\u00edtica de privacitat\"}]},{\"@type\":\"WebSite\",\"@id\":\"https:\/\/histoweb.com\/#website\",\"url\":\"https:\/\/histoweb.com\/\",\"name\":\"Histoweb\",\"description\":\"Servicio de diagn\u00f3stico histopatol\u00f3gico veterinario\",\"publisher\":{\"@id\":\"https:\/\/histoweb.com\/#organization\"},\"potentialAction\":[{\"@type\":\"SearchAction\",\"target\":{\"@type\":\"EntryPoint\",\"urlTemplate\":\"https:\/\/histoweb.com\/?s={search_term_string}\"},\"query-input\":{\"@type\":\"PropertyValueSpecification\",\"valueRequired\":true,\"valueName\":\"search_term_string\"}}],\"inLanguage\":\"ca\"},{\"@type\":\"Organization\",\"@id\":\"https:\/\/histoweb.com\/#organization\",\"name\":\"Histovet\",\"url\":\"https:\/\/histoweb.com\/\",\"logo\":{\"@type\":\"ImageObject\",\"inLanguage\":\"ca\",\"@id\":\"https:\/\/histoweb.com\/#\/schema\/logo\/image\/\",\"url\":\"https:\/\/histoweb.com\/wp-content\/uploads\/2014\/03\/logo.jpg\",\"contentUrl\":\"https:\/\/histoweb.com\/wp-content\/uploads\/2014\/03\/logo.jpg\",\"width\":336,\"height\":75,\"caption\":\"Histovet\"},\"image\":{\"@id\":\"https:\/\/histoweb.com\/#\/schema\/logo\/image\/\"}}]}<\/script>\n<!-- \/ Yoast SEO plugin. -->","yoast_head_json":{"title":"Pol\u00edtica de privacitat - Histoweb","robots":{"index":"index","follow":"follow","max-snippet":"max-snippet:-1","max-image-preview":"max-image-preview:large","max-video-preview":"max-video-preview:-1"},"canonical":"https:\/\/histoweb.com\/ca\/politica-de-privacitat\/","og_locale":"ca_ES","og_type":"article","og_title":"Pol\u00edtica de privacitat - Histoweb","og_description":"PROTECCI\u00d3 DE DADES PERSONALS De conformitat amb el que estableix la Llei Org\u00e0nica 15\/1999 de Protecci\u00f3 de Dades de Car\u00e0cter Personal, HISTOVET informa els usuaris del seu lloc web que les dades personals recollides per l\u2019empresa mitjan\u00e7ant els formularis situats a les seves p\u00e0gines, seran incorporades a un fitxer automatitzat sota la responsabilitat de HISTOVET [&hellip;]","og_url":"https:\/\/histoweb.com\/ca\/politica-de-privacitat\/","og_site_name":"Histoweb","article_modified_time":"2025-04-10T09:42:55+00:00","twitter_misc":{"Temps estimat de lectura":"5 minuts"},"schema":{"@context":"https:\/\/schema.org","@graph":[{"@type":"WebPage","@id":"https:\/\/histoweb.com\/ca\/politica-de-privacitat\/","url":"https:\/\/histoweb.com\/ca\/politica-de-privacitat\/","name":"Pol\u00edtica de privacitat - Histoweb","isPartOf":{"@id":"https:\/\/histoweb.com\/#website"},"datePublished":"2014-03-13T14:36:15+00:00","dateModified":"2025-04-10T09:42:55+00:00","breadcrumb":{"@id":"https:\/\/histoweb.com\/ca\/politica-de-privacitat\/#breadcrumb"},"inLanguage":"ca","potentialAction":[{"@type":"ReadAction","target":["https:\/\/histoweb.com\/ca\/politica-de-privacitat\/"]}]},{"@type":"BreadcrumbList","@id":"https:\/\/histoweb.com\/ca\/politica-de-privacitat\/#breadcrumb","itemListElement":[{"@type":"ListItem","position":1,"name":"Portada","item":"https:\/\/histoweb.com\/ca\/portada\/"},{"@type":"ListItem","position":2,"name":"Pol\u00edtica de privacitat"}]},{"@type":"WebSite","@id":"https:\/\/histoweb.com\/#website","url":"https:\/\/histoweb.com\/","name":"Histoweb","description":"Servicio de diagn\u00f3stico histopatol\u00f3gico veterinario","publisher":{"@id":"https:\/\/histoweb.com\/#organization"},"potentialAction":[{"@type":"SearchAction","target":{"@type":"EntryPoint","urlTemplate":"https:\/\/histoweb.com\/?s={search_term_string}"},"query-input":{"@type":"PropertyValueSpecification","valueRequired":true,"valueName":"search_term_string"}}],"inLanguage":"ca"},{"@type":"Organization","@id":"https:\/\/histoweb.com\/#organization","name":"Histovet","url":"https:\/\/histoweb.com\/","logo":{"@type":"ImageObject","inLanguage":"ca","@id":"https:\/\/histoweb.com\/#\/schema\/logo\/image\/","url":"https:\/\/histoweb.com\/wp-content\/uploads\/2014\/03\/logo.jpg","contentUrl":"https:\/\/histoweb.com\/wp-content\/uploads\/2014\/03\/logo.jpg","width":336,"height":75,"caption":"Histovet"},"image":{"@id":"https:\/\/histoweb.com\/#\/schema\/logo\/image\/"}}]}},"_links":{"self":[{"href":"https:\/\/histoweb.com\/ca\/wp-json\/wp\/v2\/pages\/8228","targetHints":{"allow":["GET"]}}],"collection":[{"href":"https:\/\/histoweb.com\/ca\/wp-json\/wp\/v2\/pages"}],"about":[{"href":"https:\/\/histoweb.com\/ca\/wp-json\/wp\/v2\/types\/page"}],"author":[{"embeddable":true,"href":"https:\/\/histoweb.com\/ca\/wp-json\/wp\/v2\/users\/4"}],"replies":[{"embeddable":true,"href":"https:\/\/histoweb.com\/ca\/wp-json\/wp\/v2\/comments?post=8228"}],"version-history":[{"count":2,"href":"https:\/\/histoweb.com\/ca\/wp-json\/wp\/v2\/pages\/8228\/revisions"}],"predecessor-version":[{"id":8230,"href":"https:\/\/histoweb.com\/ca\/wp-json\/wp\/v2\/pages\/8228\/revisions\/8230"}],"wp:attachment":[{"href":"https:\/\/histoweb.com\/ca\/wp-json\/wp\/v2\/media?parent=8228"}],"curies":[{"name":"wp","href":"https:\/\/api.w.org\/{rel}","templated":true}]}}