{"id":8240,"date":"2018-05-30T21:12:21","date_gmt":"2018-05-30T20:12:21","guid":{"rendered":"https:\/\/histoweb.com\/?page_id=8240"},"modified":"2025-04-10T10:53:48","modified_gmt":"2025-04-10T09:53:48","slug":"politica-de-cookies","status":"publish","type":"page","link":"https:\/\/histoweb.com\/ca\/politica-de-cookies\/","title":{"rendered":"Pol\u00edtica de cookies"},"content":{"rendered":"<h3>QU\u00c8 S\u00d3N LES COOKIES?<\/h3>\n<p>Les cookies s\u00f3n petits fitxers de dades que es reben al dispositiu des del lloc web visitat i s&#8217;utilitzen per registrar certes interaccions de navegaci\u00f3 dins d&#8217;un lloc web, emmagatzemant dades que poden ser actualitzades i recuperades. Aquests fitxers s&#8217;emmagatzemen a l&#8217;ordinador de l&#8217;usuari i contenen dades an\u00f2nimes que no s\u00f3n perjudicials per al dispositiu. S&#8217;utilitzen per recordar les prefer\u00e8ncies de l&#8217;usuari, com ara l&#8217;idioma seleccionat, les dades d&#8217;acc\u00e9s o la personalitzaci\u00f3 de la p\u00e0gina.<\/p>\n<p>Les cookies tamb\u00e9 poden ser utilitzades per registrar informaci\u00f3 an\u00f2nima sobre com un visitant utilitza un lloc web. Per exemple, des de quin lloc ha accedit o si ha utilitzat un \u201cbanner\u201d publicitari per arribar-hi.<\/p>\n<hr \/>\n<h3>PER QU\u00c8 UTILITZEM COOKIES?<\/h3>\n<p>HISTOVET utilitza cookies estrictament necess\u00e0ries i essencials per tal que pugui utilitzar els nostres llocs web i despla\u00e7ar-s\u2019hi lliurement, accedir a \u00e0rees segures, utilitzar opcions personalitzades, etc. A m\u00e9s, HISTOVET utilitza cookies que recullen dades relatives a l&#8217;an\u00e0lisi de l\u2019\u00fas de la web. Aquestes s\u2019utilitzen per ajudar a millorar el servei al client, mesurant l\u2019\u00fas i el rendiment de la p\u00e0gina, per optimitzar-la i personalitzar-la.<\/p>\n<p>Els nostres llocs tamb\u00e9 poden incloure enlla\u00e7os a xarxes socials (com Facebook o Twitter). HISTOVET no controla les cookies utilitzades per aquests llocs web externs. Per a m\u00e9s informaci\u00f3 sobre les cookies d\u2019aquestes xarxes socials o altres llocs externs, recomanem revisar les seves pr\u00f2pies pol\u00edtiques de cookies.<\/p>\n<p>Aquest lloc web utilitza &#8220;cookies&#8221; de la manera seg\u00fcent:<\/p>\n<ul>\n<li><strong>Cookie de Google Analytics<\/strong>: Google Analytics \u00e9s un servei gratu\u00eft ofert per Google Inc. que recull informaci\u00f3 sobre les p\u00e0gines visitades, l\u2019hora, el navegador web utilitzat, etc. Aquesta informaci\u00f3 es transmet posteriorment als servidors de Google Inc. als Estats Units.<\/li>\n<li><strong>Cookies de l\u2019aplicaci\u00f3 &#8220;Add-this&#8221;<\/strong>: Add-this \u00e9s un servei gratu\u00eft que permet compartir p\u00e0gines d\u2019aquest lloc web a trav\u00e9s de diversos canals (correu electr\u00f2nic, xarxes socials, etc.). Add-this recull informaci\u00f3 estad\u00edstica sobre la navegaci\u00f3 per oferir publicitat adaptada als h\u00e0bits de navegaci\u00f3 de l\u2019usuari en aquest lloc o en altres.<\/li>\n<\/ul>\n<hr \/>\n<h3>QUIN \u00daS FEM DELS DIFERENTS TIPUS DE COOKIES?<\/h3>\n<p><strong>Segons la seva finalitat:<\/strong><\/p>\n<ul>\n<li><strong>Cookies t\u00e8cniques<\/strong>: S\u00f3n imprescindibles i estrictament necess\u00e0ries per al funcionament correcte del lloc web i per utilitzar les diferents opcions i serveis que ofereix (manteniment de sessi\u00f3, gesti\u00f3 del temps de resposta, \u00fas d\u2019elements de seguretat, compartir continguts amb xarxes socials, etc.).<\/li>\n<li><strong>Cookies de personalitzaci\u00f3<\/strong>: Permeten a l\u2019usuari definir o personalitzar algunes caracter\u00edstiques generals del lloc web, com ara l\u2019idioma, la configuraci\u00f3 regional o el tipus de navegador.<\/li>\n<li><strong>Cookies anal\u00edtiques<\/strong>: Utilitzades pel nostre lloc web per elaborar perfils de navegaci\u00f3 i con\u00e8ixer les prefer\u00e8ncies dels usuaris amb l\u2019objectiu de millorar l\u2019oferta de productes i serveis. Per exemple, es poden utilitzar per saber quines zones geogr\u00e0fiques generen m\u00e9s inter\u00e8s o quin \u00e9s el producte m\u00e9s consultat.<\/li>\n<li><strong>Cookies publicit\u00e0ries\/de publicitat<\/strong>: Permeten gestionar els espais publicitaris en funci\u00f3 de criteris concrets, com la freq\u00fc\u00e8ncia d&#8217;acc\u00e9s o el contingut consultat. Tamb\u00e9 permeten emmagatzemar informaci\u00f3 sobre els h\u00e0bits de navegaci\u00f3 de l&#8217;usuari per crear un perfil i mostrar publicitat relacionada amb els seus interessos.<\/li>\n<\/ul>\n<p><strong>Segons el termini:<\/strong><\/p>\n<ul>\n<li><strong>Cookies de sessi\u00f3<\/strong>: Duren nom\u00e9s el temps que l\u2019usuari est\u00e0 navegant pel lloc web i s\u2019eliminen en finalitzar la sessi\u00f3.<\/li>\n<li><strong>Cookies persistents<\/strong>: Es mantenen emmagatzemades al dispositiu durant un per\u00edode m\u00e9s llarg, facilitant la recuperaci\u00f3 de prefer\u00e8ncies seleccionades sense haver de configurar-les de nou a cada visita.<\/li>\n<\/ul>\n<hr \/>\n<h3>COOKIES PR\u00d2PIES EN \u00daS<\/h3>\n<p>S\u2019han perm\u00e8s algunes de les seg\u00fcents cookies en visitar aquesta p\u00e0gina:<\/p>\n<table>\n<thead>\n<tr>\n<th>Domini<\/th>\n<th>Cookie<\/th>\n<th>Empresa<\/th>\n<th>Funci\u00f3<\/th>\n<th>Caducitat<\/th>\n<\/tr>\n<\/thead>\n<tbody>\n<tr>\n<td>histoweb.com<\/td>\n<td>_ga<\/td>\n<td>Google<\/td>\n<td>Analytics, s&#8217;utilitza per identificar usuaris.<\/td>\n<td>2 anys<\/td>\n<\/tr>\n<tr>\n<td><\/td>\n<td>_gat<\/td>\n<td>Google<\/td>\n<td>Analytics, per controlar la taxa de sol\u00b7licituds.<\/td>\n<td>2 anys<\/td>\n<\/tr>\n<tr>\n<td><\/td>\n<td>_gid<\/td>\n<td>Google<\/td>\n<td>Analytics, dades estad\u00edstiques.<\/td>\n<td>Sessi\u00f3<\/td>\n<\/tr>\n<tr>\n<td><\/td>\n<td>PHPSESSID<\/td>\n<td>PHP<\/td>\n<td>Cookie t\u00e8cnica per a la sessi\u00f3.<\/td>\n<td>Sessi\u00f3<\/td>\n<\/tr>\n<\/tbody>\n<\/table>\n<hr \/>\n<h3>PER QU\u00c8 NECESSITEM EL TEU CONSENTIMENT EXPL\u00cdCIT PER UTILITZAR-LES?<\/h3>\n<p><strong>Sent\u00e8ncia del Tribunal de Just\u00edcia de la Uni\u00f3 Europea, 1 d\u2019octubre de 2019<\/strong><\/p>\n<p>Aquesta sent\u00e8ncia estableix que <strong>el consentiment no \u00e9s v\u00e0lid<\/strong> si l\u2019usuari l\u2019autoritza mitjan\u00e7ant una casella marcada per defecte. L&#8217;autoritzaci\u00f3 ha de basar-se en <strong>una acceptaci\u00f3 expl\u00edcita<\/strong> o b\u00e9 en un rebuig clar per part de l&#8217;usuari.<\/p>\n<p>Aquesta interpretaci\u00f3 <strong>\u00e9s aplicable encara que les dades recollides no siguin de car\u00e0cter personal<\/strong>.<\/p>\n<p>La sent\u00e8ncia tamb\u00e9 determina que el prove\u00efdor de serveis ha d\u2019informar l\u2019usuari sobre el <strong>temps durant el qual les cookies estaran actives<\/strong> i sobre la <strong>possibilitat que tercers accedeixin a la informaci\u00f3<\/strong> emmagatzemada.<\/p>\n<hr \/>\n<h3>QU\u00c8 PASSA SI REBUTGES LES COOKIES?<\/h3>\n<p>Si rebutges o elimines les cookies de navegaci\u00f3, <strong>no podrem mantenir les teves prefer\u00e8ncies<\/strong>, algunes funcionalitats del lloc poden no estar disponibles i <strong>et demanarem el teu consentiment cada vegada que visitis el nostre lloc web<\/strong>.<\/p>\n<hr \/>\n<h3>COM ES POT CONFIGURAR EL NAVEGADOR?<\/h3>\n<p>Si tot i aix\u00f2 decideixes modificar la configuraci\u00f3 de cookies, pots eliminar-les o impedir-ne el registre mitjan\u00e7ant els par\u00e0metres del navegador:<\/p>\n<ul>\n<li><a href=\"https:\/\/support.microsoft.com\/ca-es\/help\/17442\/windows-internet-explorer-delete-manage-cookies\">Configuraci\u00f3 de cookies a Internet Explorer<\/a><\/li>\n<li><a href=\"https:\/\/support.mozilla.org\/ca\/kb\/activam-i-desactivam-les-cookies-que-els-llocs-we\">Configuraci\u00f3 de cookies a Firefox<\/a><\/li>\n<li><a href=\"https:\/\/support.google.com\/chrome\/answer\/95647?hl=ca\">Configuraci\u00f3 de cookies a Google Chrome<\/a><\/li>\n<li><a href=\"https:\/\/support.apple.com\/ca-es\/guide\/safari\/sfri11471\/mac\">Configuraci\u00f3 de cookies a Safari<\/a><\/li>\n<\/ul>\n<p>Els navegadors poden actualitzar-se o modificar-se, aix\u00ed que no garantim que aquestes guies s\u2019ajustin sempre a la darrera versi\u00f3. Si utilitzes un altre navegador (com Konqueror, Arora, Flock, etc.), consulta l\u2019opci\u00f3 \u201cPrivadesa\u201d dins el men\u00fa d\u2019ajuda del navegador.<\/p>\n<hr \/>\n<h3>ON POTS OBTENIR M\u00c9S INFORMACI\u00d3?<\/h3>\n<p>Pots trobar m\u00e9s informaci\u00f3 sobre les cookies a:<br \/>\n<a href=\"http:\/\/www.allaboutcookies.org\/\">www.allaboutcookies.org<\/a><\/p>\n<p>&nbsp;<\/p>\n","protected":false},"excerpt":{"rendered":"<p>QU\u00c8 S\u00d3N LES COOKIES? Les cookies s\u00f3n petits fitxers de dades que es reben al dispositiu des del lloc web visitat i s&#8217;utilitzen per registrar certes interaccions de navegaci\u00f3 dins d&#8217;un lloc web, emmagatzemant dades que poden ser actualitzades i recuperades. Aquests fitxers s&#8217;emmagatzemen a l&#8217;ordinador de l&#8217;usuari i contenen dades an\u00f2nimes que no s\u00f3n [&hellip;]<\/p>\n","protected":false},"author":4,"featured_media":0,"parent":0,"menu_order":0,"comment_status":"closed","ping_status":"closed","template":"","meta":{"footnotes":""},"class_list":["post-8240","page","type-page","status-publish","hentry"],"yoast_head":"<!-- This site is optimized with the Yoast SEO plugin v26.6 - https:\/\/yoast.com\/wordpress\/plugins\/seo\/ -->\n<title>Pol\u00edtica de cookies - Histoweb<\/title>\n<meta name=\"robots\" content=\"index, follow, max-snippet:-1, max-image-preview:large, max-video-preview:-1\" \/>\n<link rel=\"canonical\" href=\"https:\/\/histoweb.com\/ca\/politica-de-cookies\/\" \/>\n<meta property=\"og:locale\" content=\"ca_ES\" \/>\n<meta property=\"og:type\" content=\"article\" \/>\n<meta property=\"og:title\" content=\"Pol\u00edtica de cookies - Histoweb\" \/>\n<meta property=\"og:description\" content=\"QU\u00c8 S\u00d3N LES COOKIES? Les cookies s\u00f3n petits fitxers de dades que es reben al dispositiu des del lloc web visitat i s&#8217;utilitzen per registrar certes interaccions de navegaci\u00f3 dins d&#8217;un lloc web, emmagatzemant dades que poden ser actualitzades i recuperades. Aquests fitxers s&#8217;emmagatzemen a l&#8217;ordinador de l&#8217;usuari i contenen dades an\u00f2nimes que no s\u00f3n [&hellip;]\" \/>\n<meta property=\"og:url\" content=\"https:\/\/histoweb.com\/ca\/politica-de-cookies\/\" \/>\n<meta property=\"og:site_name\" content=\"Histoweb\" \/>\n<meta property=\"article:modified_time\" content=\"2025-04-10T09:53:48+00:00\" \/>\n<meta name=\"twitter:label1\" content=\"Temps estimat de lectura\" \/>\n\t<meta name=\"twitter:data1\" content=\"4 minuts\" \/>\n<script type=\"application\/ld+json\" class=\"yoast-schema-graph\">{\"@context\":\"https:\/\/schema.org\",\"@graph\":[{\"@type\":\"WebPage\",\"@id\":\"https:\/\/histoweb.com\/ca\/politica-de-cookies\/\",\"url\":\"https:\/\/histoweb.com\/ca\/politica-de-cookies\/\",\"name\":\"Pol\u00edtica de cookies - Histoweb\",\"isPartOf\":{\"@id\":\"https:\/\/histoweb.com\/#website\"},\"datePublished\":\"2018-05-30T20:12:21+00:00\",\"dateModified\":\"2025-04-10T09:53:48+00:00\",\"breadcrumb\":{\"@id\":\"https:\/\/histoweb.com\/ca\/politica-de-cookies\/#breadcrumb\"},\"inLanguage\":\"ca\",\"potentialAction\":[{\"@type\":\"ReadAction\",\"target\":[\"https:\/\/histoweb.com\/ca\/politica-de-cookies\/\"]}]},{\"@type\":\"BreadcrumbList\",\"@id\":\"https:\/\/histoweb.com\/ca\/politica-de-cookies\/#breadcrumb\",\"itemListElement\":[{\"@type\":\"ListItem\",\"position\":1,\"name\":\"Portada\",\"item\":\"https:\/\/histoweb.com\/ca\/portada\/\"},{\"@type\":\"ListItem\",\"position\":2,\"name\":\"Pol\u00edtica de cookies\"}]},{\"@type\":\"WebSite\",\"@id\":\"https:\/\/histoweb.com\/#website\",\"url\":\"https:\/\/histoweb.com\/\",\"name\":\"Histoweb\",\"description\":\"Servicio de diagn\u00f3stico histopatol\u00f3gico veterinario\",\"publisher\":{\"@id\":\"https:\/\/histoweb.com\/#organization\"},\"potentialAction\":[{\"@type\":\"SearchAction\",\"target\":{\"@type\":\"EntryPoint\",\"urlTemplate\":\"https:\/\/histoweb.com\/?s={search_term_string}\"},\"query-input\":{\"@type\":\"PropertyValueSpecification\",\"valueRequired\":true,\"valueName\":\"search_term_string\"}}],\"inLanguage\":\"ca\"},{\"@type\":\"Organization\",\"@id\":\"https:\/\/histoweb.com\/#organization\",\"name\":\"Histovet\",\"url\":\"https:\/\/histoweb.com\/\",\"logo\":{\"@type\":\"ImageObject\",\"inLanguage\":\"ca\",\"@id\":\"https:\/\/histoweb.com\/#\/schema\/logo\/image\/\",\"url\":\"https:\/\/histoweb.com\/wp-content\/uploads\/2014\/03\/logo.jpg\",\"contentUrl\":\"https:\/\/histoweb.com\/wp-content\/uploads\/2014\/03\/logo.jpg\",\"width\":336,\"height\":75,\"caption\":\"Histovet\"},\"image\":{\"@id\":\"https:\/\/histoweb.com\/#\/schema\/logo\/image\/\"}}]}<\/script>\n<!-- \/ Yoast SEO plugin. -->","yoast_head_json":{"title":"Pol\u00edtica de cookies - Histoweb","robots":{"index":"index","follow":"follow","max-snippet":"max-snippet:-1","max-image-preview":"max-image-preview:large","max-video-preview":"max-video-preview:-1"},"canonical":"https:\/\/histoweb.com\/ca\/politica-de-cookies\/","og_locale":"ca_ES","og_type":"article","og_title":"Pol\u00edtica de cookies - Histoweb","og_description":"QU\u00c8 S\u00d3N LES COOKIES? Les cookies s\u00f3n petits fitxers de dades que es reben al dispositiu des del lloc web visitat i s&#8217;utilitzen per registrar certes interaccions de navegaci\u00f3 dins d&#8217;un lloc web, emmagatzemant dades que poden ser actualitzades i recuperades. Aquests fitxers s&#8217;emmagatzemen a l&#8217;ordinador de l&#8217;usuari i contenen dades an\u00f2nimes que no s\u00f3n [&hellip;]","og_url":"https:\/\/histoweb.com\/ca\/politica-de-cookies\/","og_site_name":"Histoweb","article_modified_time":"2025-04-10T09:53:48+00:00","twitter_misc":{"Temps estimat de lectura":"4 minuts"},"schema":{"@context":"https:\/\/schema.org","@graph":[{"@type":"WebPage","@id":"https:\/\/histoweb.com\/ca\/politica-de-cookies\/","url":"https:\/\/histoweb.com\/ca\/politica-de-cookies\/","name":"Pol\u00edtica de cookies - Histoweb","isPartOf":{"@id":"https:\/\/histoweb.com\/#website"},"datePublished":"2018-05-30T20:12:21+00:00","dateModified":"2025-04-10T09:53:48+00:00","breadcrumb":{"@id":"https:\/\/histoweb.com\/ca\/politica-de-cookies\/#breadcrumb"},"inLanguage":"ca","potentialAction":[{"@type":"ReadAction","target":["https:\/\/histoweb.com\/ca\/politica-de-cookies\/"]}]},{"@type":"BreadcrumbList","@id":"https:\/\/histoweb.com\/ca\/politica-de-cookies\/#breadcrumb","itemListElement":[{"@type":"ListItem","position":1,"name":"Portada","item":"https:\/\/histoweb.com\/ca\/portada\/"},{"@type":"ListItem","position":2,"name":"Pol\u00edtica de cookies"}]},{"@type":"WebSite","@id":"https:\/\/histoweb.com\/#website","url":"https:\/\/histoweb.com\/","name":"Histoweb","description":"Servicio de diagn\u00f3stico histopatol\u00f3gico veterinario","publisher":{"@id":"https:\/\/histoweb.com\/#organization"},"potentialAction":[{"@type":"SearchAction","target":{"@type":"EntryPoint","urlTemplate":"https:\/\/histoweb.com\/?s={search_term_string}"},"query-input":{"@type":"PropertyValueSpecification","valueRequired":true,"valueName":"search_term_string"}}],"inLanguage":"ca"},{"@type":"Organization","@id":"https:\/\/histoweb.com\/#organization","name":"Histovet","url":"https:\/\/histoweb.com\/","logo":{"@type":"ImageObject","inLanguage":"ca","@id":"https:\/\/histoweb.com\/#\/schema\/logo\/image\/","url":"https:\/\/histoweb.com\/wp-content\/uploads\/2014\/03\/logo.jpg","contentUrl":"https:\/\/histoweb.com\/wp-content\/uploads\/2014\/03\/logo.jpg","width":336,"height":75,"caption":"Histovet"},"image":{"@id":"https:\/\/histoweb.com\/#\/schema\/logo\/image\/"}}]}},"_links":{"self":[{"href":"https:\/\/histoweb.com\/ca\/wp-json\/wp\/v2\/pages\/8240","targetHints":{"allow":["GET"]}}],"collection":[{"href":"https:\/\/histoweb.com\/ca\/wp-json\/wp\/v2\/pages"}],"about":[{"href":"https:\/\/histoweb.com\/ca\/wp-json\/wp\/v2\/types\/page"}],"author":[{"embeddable":true,"href":"https:\/\/histoweb.com\/ca\/wp-json\/wp\/v2\/users\/4"}],"replies":[{"embeddable":true,"href":"https:\/\/histoweb.com\/ca\/wp-json\/wp\/v2\/comments?post=8240"}],"version-history":[{"count":2,"href":"https:\/\/histoweb.com\/ca\/wp-json\/wp\/v2\/pages\/8240\/revisions"}],"predecessor-version":[{"id":8242,"href":"https:\/\/histoweb.com\/ca\/wp-json\/wp\/v2\/pages\/8240\/revisions\/8242"}],"wp:attachment":[{"href":"https:\/\/histoweb.com\/ca\/wp-json\/wp\/v2\/media?parent=8240"}],"curies":[{"name":"wp","href":"https:\/\/api.w.org\/{rel}","templated":true}]}}