{"id":476,"date":"2014-03-13T12:10:10","date_gmt":"2014-03-13T11:10:10","guid":{"rendered":"http:\/\/histoweb.com\/?page_id=476"},"modified":"2017-07-03T20:12:57","modified_gmt":"2017-07-03T19:12:57","slug":"azienda","status":"publish","type":"page","link":"https:\/\/histoweb.com\/it\/azienda\/","title":{"rendered":"Azienda"},"content":{"rendered":"<div id='full_slider_1'  class='avia-fullwidth-slider main_color avia-shadow   avia-builder-el-0  el_before_av_textblock  avia-builder-el-first   container_wrap fullsize'  ><div  class='avia-slideshow av-av_slideshow_full-4f3ef5c0d0c5e5a45e27d5f99336c2be avia-slideshow-featured av_slideshow_full avia-slide-slider av-slideshow-ui av-control-default av-slideshow-manual av-loop-once av-loop-manual-endless av-default-height-applied   avia-slideshow-1' data-slideshow-options=\"{&quot;animation&quot;:&quot;slide&quot;,&quot;autoplay&quot;:false,&quot;loop_autoplay&quot;:&quot;once&quot;,&quot;interval&quot;:5,&quot;loop_manual&quot;:&quot;manual-endless&quot;,&quot;autoplay_stopper&quot;:false,&quot;noNavigation&quot;:false,&quot;bg_slider&quot;:false,&quot;keep_padding&quot;:false,&quot;hoverpause&quot;:false,&quot;show_slide_delay&quot;:0}\"  itemprop=\"image\" itemscope=\"itemscope\" itemtype=\"https:\/\/schema.org\/ImageObject\" ><ul class='avia-slideshow-inner ' style='padding-bottom: 26.595744680851%;'><li  class='avia-slideshow-slide av-av_slideshow_full-4f3ef5c0d0c5e5a45e27d5f99336c2be__0  av-single-slide slide-1 slide-odd'><div data-rel='slideshow-1' class='avia-slide-wrap '   ><img decoding=\"async\" fetchpriority=\"high\" class=\"wp-image-3075 avia-img-lazy-loading-not-3075\"  src=\"https:\/\/histoweb.com\/wp-content\/uploads\/2014\/11\/histovet-diagnostico-histopatologico-veterinario.jpg\" width=\"940\" height=\"250\" title='histovet-diagnostico-histopatologico-veterinario' alt=''  itemprop=\"thumbnailUrl\" srcset=\"https:\/\/histoweb.com\/wp-content\/uploads\/2014\/11\/histovet-diagnostico-histopatologico-veterinario.jpg 940w, https:\/\/histoweb.com\/wp-content\/uploads\/2014\/11\/histovet-diagnostico-histopatologico-veterinario-300x79.jpg 300w\" sizes=\"(max-width: 940px) 100vw, 940px\" \/><\/div><\/li><\/ul><\/div><\/div><div id='after_full_slider_1'  class='main_color av_default_container_wrap container_wrap fullsize'  ><div class='container av-section-cont-open' ><div class='template-page content  av-content-full alpha units'><div class='post-entry post-entry-type-page post-entry-476'><div class='entry-content-wrapper clearfix'>\n<section  class='av_textblock_section av-av_textblock-0366cc7376be6c9e82a3e9cc8987b64f '   itemscope=\"itemscope\" itemtype=\"https:\/\/schema.org\/CreativeWork\" ><div class='avia_textblock'  itemprop=\"text\" ><h2 style=\"text-align: center;\">Histovet \u00e8 un servizio di diagnostica veterinaria che si dedica esclusivamente all&#8217;Anatomia Patologica.<\/h2>\n<blockquote>\n<p>Primo servizio di diagnostica anatomopatologica in Spagna, con direzione scientifica accreditata da patologi diplomato all&#8217; <em>European College of Veterinary Pathologists<\/em> (ECVP) (<em>European Board for Veterinary Specialisation<\/em>). Centro di formazione in Patologia Veterinaria riconosciuto dall&#8217; ECVP (ECVP <em>Registered Residency Training Centre<\/em>)<\/p>\n<\/blockquote>\n<p><strong><br \/>\nNon siamo un laboratorio generalizzato<\/strong>\u00a0del quale l&#8217;Anatomia Patologica \u00e8 solo una parte delle attivit\u00e1 del centro. <span style=\"color: #7c6853;\">Focalizziamo il nosotro lavoro sull&#8217;Anatomia Patologica, alla quale dedichiamo una formazione continua, garantendo in questo modo che il servizio sia il pi\u00f9 qualificato possibile.<\/span><\/p>\n<p><strong>Non dedichiamo il nostro lavoro ad altri servizi di laboratorio<\/strong>. Non dedichiamo parte del nostro tempo alla diagnostica sierologica, microbiologica, test allergologici, prove ormonali, etc.<span style=\"color: #7c6853;\">\u00a0<\/span><span style=\"color: #18acb2;\"><span style=\"color: #7c6853;\">Tutti i veterinari che lavorano in Histovet si dedicano esclusivamente alla diagnostica anatomopatologica, a commentare casi clinici, a risolvere dubbi online o telefonicamente, cos\u00ed come collaborare nella redazione di articoli scientifici. L&#8217;obbiettivo del servizio \u00e8 dare supporto al lavoro clinico veterinario in tutti gli aspetti relazionati esclusivamente con l&#8217;Anatomia Patologica.<\/span><br \/>\n<\/span><\/p>\n<p><span style=\"line-height: 25.200000762939453px;\"><strong>Non siamo patologi di medicina umana e tanto meno la sezione veterinaria di nessun laboratorio di medicina umana. Non facciamo parte di nessuna rete commerciale.<\/strong>\u00a0\u00a0<\/span><span style=\"color: #7c6853;\">Histovet ha una sola sede, \u00e8 un servizio diretto e amministrato esclusivamente dagli stessi veterinari che eseguono la diagnostica e non siamo sottomessi a nessuna direzione o interesse commerciale superiore.<\/span><\/p>\n<p><strong>A parte delle biopsie e delle citologie, il laboratorio non analizza altri tipi di campioni (siero, plasma, tamponi..).<\/strong><span style=\"color: #7c6853;\">\u00a0<\/span><span style=\"color: #18acb2;\"><span style=\"color: #7c6853;\">In questo modo si ottiene una diagnosi pi\u00f9 r\u00e0pida, un contatto pi\u00f9 efficiente con le Cliniche Veterinarie e si riduce il rischio della perdita di informazioni o di errori di identificazione.<\/span><br \/>\n<\/span><\/p>\n<h2><\/h2>\n<\/div><\/section>\n<div  class='togglecontainer av-av_toggle_container-8e0c6e39d39b619a829887bd54fff3ed  avia-builder-el-2  el_after_av_textblock  el_before_av_hr  toggle_close_all' ><\/div>\n\n<style type=\"text\/css\" data-created_by=\"avia_inline_auto\" id=\"style-css-av-av_hr-0688d0b0b6ed2f8b057db7a8270206df\">\n#top .hr.hr-invisible.av-av_hr-0688d0b0b6ed2f8b057db7a8270206df{\nheight:50px;\n}\n<\/style>\n<div  class='hr av-av_hr-0688d0b0b6ed2f8b057db7a8270206df hr-invisible  avia-builder-el-3  el_after_av_toggle_container  el_before_av_hr '><span class='hr-inner '><span class=\"hr-inner-style\"><\/span><\/span><\/div>\n<div  class='hr av-av_hr-dcd2069817a0e3d34ae04cad8f3443c7 hr-default  avia-builder-el-4  el_after_av_hr  el_before_av_textblock '><span class='hr-inner '><span class=\"hr-inner-style\"><\/span><\/span><\/div>\n<section  class='av_textblock_section av-av_textblock-0366cc7376be6c9e82a3e9cc8987b64f '   itemscope=\"itemscope\" itemtype=\"https:\/\/schema.org\/CreativeWork\" ><div class='avia_textblock'  itemprop=\"text\" ><h1 style=\"text-align: center;\">HISTOVET: LABORATORIO DI PATOLOGIA VETERINARIA<\/h1>\n<\/div><\/section>\n","protected":false},"excerpt":{"rendered":"","protected":false},"author":4,"featured_media":0,"parent":0,"menu_order":0,"comment_status":"open","ping_status":"closed","template":"","meta":{"footnotes":""},"class_list":["post-476","page","type-page","status-publish","hentry"],"yoast_head":"<!-- This site is optimized with the Yoast SEO plugin v26.6 - https:\/\/yoast.com\/wordpress\/plugins\/seo\/ -->\n<title>Histovet, servizio di diagnostica anatomopatologica veterinaria<\/title>\n<meta name=\"description\" content=\"Laboratorio di diagnostica con direzione scientifica accreditato da European College of Veterinary Pathologists (ECVP)\" \/>\n<meta name=\"robots\" content=\"index, follow, max-snippet:-1, max-image-preview:large, max-video-preview:-1\" \/>\n<link rel=\"canonical\" href=\"https:\/\/histoweb.com\/it\/azienda\/\" \/>\n<meta property=\"og:locale\" content=\"it_IT\" \/>\n<meta property=\"og:type\" content=\"article\" \/>\n<meta property=\"og:title\" content=\"Histovet, servizio di diagnostica anatomopatologica veterinaria\" \/>\n<meta property=\"og:description\" content=\"Laboratorio di diagnostica con direzione scientifica accreditato da European College of Veterinary Pathologists (ECVP)\" \/>\n<meta property=\"og:url\" content=\"https:\/\/histoweb.com\/it\/azienda\/\" \/>\n<meta property=\"og:site_name\" content=\"Histoweb\" \/>\n<meta property=\"article:modified_time\" content=\"2017-07-03T19:12:57+00:00\" \/>\n<meta name=\"twitter:label1\" content=\"Tempo di lettura stimato\" \/>\n\t<meta name=\"twitter:data1\" content=\"2 minuti\" \/>\n<script type=\"application\/ld+json\" class=\"yoast-schema-graph\">{\"@context\":\"https:\/\/schema.org\",\"@graph\":[{\"@type\":\"WebPage\",\"@id\":\"https:\/\/histoweb.com\/it\/azienda\/\",\"url\":\"https:\/\/histoweb.com\/it\/azienda\/\",\"name\":\"Histovet, servizio di diagnostica anatomopatologica veterinaria\",\"isPartOf\":{\"@id\":\"https:\/\/histoweb.com\/#website\"},\"datePublished\":\"2014-03-13T11:10:10+00:00\",\"dateModified\":\"2017-07-03T19:12:57+00:00\",\"description\":\"Laboratorio di diagnostica con direzione scientifica accreditato da European College of Veterinary Pathologists (ECVP)\",\"breadcrumb\":{\"@id\":\"https:\/\/histoweb.com\/it\/azienda\/#breadcrumb\"},\"inLanguage\":\"it-IT\",\"potentialAction\":[{\"@type\":\"ReadAction\",\"target\":[\"https:\/\/histoweb.com\/it\/azienda\/\"]}]},{\"@type\":\"BreadcrumbList\",\"@id\":\"https:\/\/histoweb.com\/it\/azienda\/#breadcrumb\",\"itemListElement\":[{\"@type\":\"ListItem\",\"position\":1,\"name\":\"Portada\",\"item\":\"https:\/\/histoweb.com\/it\/home-it\/\"},{\"@type\":\"ListItem\",\"position\":2,\"name\":\"Azienda\"}]},{\"@type\":\"WebSite\",\"@id\":\"https:\/\/histoweb.com\/#website\",\"url\":\"https:\/\/histoweb.com\/\",\"name\":\"Histoweb\",\"description\":\"Servicio de diagn\u00f3stico histopatol\u00f3gico veterinario\",\"publisher\":{\"@id\":\"https:\/\/histoweb.com\/#organization\"},\"potentialAction\":[{\"@type\":\"SearchAction\",\"target\":{\"@type\":\"EntryPoint\",\"urlTemplate\":\"https:\/\/histoweb.com\/?s={search_term_string}\"},\"query-input\":{\"@type\":\"PropertyValueSpecification\",\"valueRequired\":true,\"valueName\":\"search_term_string\"}}],\"inLanguage\":\"it-IT\"},{\"@type\":\"Organization\",\"@id\":\"https:\/\/histoweb.com\/#organization\",\"name\":\"Histovet\",\"url\":\"https:\/\/histoweb.com\/\",\"logo\":{\"@type\":\"ImageObject\",\"inLanguage\":\"it-IT\",\"@id\":\"https:\/\/histoweb.com\/#\/schema\/logo\/image\/\",\"url\":\"https:\/\/histoweb.com\/wp-content\/uploads\/2014\/03\/logo.jpg\",\"contentUrl\":\"https:\/\/histoweb.com\/wp-content\/uploads\/2014\/03\/logo.jpg\",\"width\":336,\"height\":75,\"caption\":\"Histovet\"},\"image\":{\"@id\":\"https:\/\/histoweb.com\/#\/schema\/logo\/image\/\"}}]}<\/script>\n<!-- \/ Yoast SEO plugin. -->","yoast_head_json":{"title":"Histovet, servizio di diagnostica anatomopatologica veterinaria","description":"Laboratorio di diagnostica con direzione scientifica accreditato da European College of Veterinary Pathologists (ECVP)","robots":{"index":"index","follow":"follow","max-snippet":"max-snippet:-1","max-image-preview":"max-image-preview:large","max-video-preview":"max-video-preview:-1"},"canonical":"https:\/\/histoweb.com\/it\/azienda\/","og_locale":"it_IT","og_type":"article","og_title":"Histovet, servizio di diagnostica anatomopatologica veterinaria","og_description":"Laboratorio di diagnostica con direzione scientifica accreditato da European College of Veterinary Pathologists (ECVP)","og_url":"https:\/\/histoweb.com\/it\/azienda\/","og_site_name":"Histoweb","article_modified_time":"2017-07-03T19:12:57+00:00","twitter_misc":{"Tempo di lettura stimato":"2 minuti"},"schema":{"@context":"https:\/\/schema.org","@graph":[{"@type":"WebPage","@id":"https:\/\/histoweb.com\/it\/azienda\/","url":"https:\/\/histoweb.com\/it\/azienda\/","name":"Histovet, servizio di diagnostica anatomopatologica veterinaria","isPartOf":{"@id":"https:\/\/histoweb.com\/#website"},"datePublished":"2014-03-13T11:10:10+00:00","dateModified":"2017-07-03T19:12:57+00:00","description":"Laboratorio di diagnostica con direzione scientifica accreditato da European College of Veterinary Pathologists (ECVP)","breadcrumb":{"@id":"https:\/\/histoweb.com\/it\/azienda\/#breadcrumb"},"inLanguage":"it-IT","potentialAction":[{"@type":"ReadAction","target":["https:\/\/histoweb.com\/it\/azienda\/"]}]},{"@type":"BreadcrumbList","@id":"https:\/\/histoweb.com\/it\/azienda\/#breadcrumb","itemListElement":[{"@type":"ListItem","position":1,"name":"Portada","item":"https:\/\/histoweb.com\/it\/home-it\/"},{"@type":"ListItem","position":2,"name":"Azienda"}]},{"@type":"WebSite","@id":"https:\/\/histoweb.com\/#website","url":"https:\/\/histoweb.com\/","name":"Histoweb","description":"Servicio de diagn\u00f3stico histopatol\u00f3gico veterinario","publisher":{"@id":"https:\/\/histoweb.com\/#organization"},"potentialAction":[{"@type":"SearchAction","target":{"@type":"EntryPoint","urlTemplate":"https:\/\/histoweb.com\/?s={search_term_string}"},"query-input":{"@type":"PropertyValueSpecification","valueRequired":true,"valueName":"search_term_string"}}],"inLanguage":"it-IT"},{"@type":"Organization","@id":"https:\/\/histoweb.com\/#organization","name":"Histovet","url":"https:\/\/histoweb.com\/","logo":{"@type":"ImageObject","inLanguage":"it-IT","@id":"https:\/\/histoweb.com\/#\/schema\/logo\/image\/","url":"https:\/\/histoweb.com\/wp-content\/uploads\/2014\/03\/logo.jpg","contentUrl":"https:\/\/histoweb.com\/wp-content\/uploads\/2014\/03\/logo.jpg","width":336,"height":75,"caption":"Histovet"},"image":{"@id":"https:\/\/histoweb.com\/#\/schema\/logo\/image\/"}}]}},"_links":{"self":[{"href":"https:\/\/histoweb.com\/it\/wp-json\/wp\/v2\/pages\/476","targetHints":{"allow":["GET"]}}],"collection":[{"href":"https:\/\/histoweb.com\/it\/wp-json\/wp\/v2\/pages"}],"about":[{"href":"https:\/\/histoweb.com\/it\/wp-json\/wp\/v2\/types\/page"}],"author":[{"embeddable":true,"href":"https:\/\/histoweb.com\/it\/wp-json\/wp\/v2\/users\/4"}],"replies":[{"embeddable":true,"href":"https:\/\/histoweb.com\/it\/wp-json\/wp\/v2\/comments?post=476"}],"version-history":[{"count":1,"href":"https:\/\/histoweb.com\/it\/wp-json\/wp\/v2\/pages\/476\/revisions"}],"predecessor-version":[{"id":7274,"href":"https:\/\/histoweb.com\/it\/wp-json\/wp\/v2\/pages\/476\/revisions\/7274"}],"wp:attachment":[{"href":"https:\/\/histoweb.com\/it\/wp-json\/wp\/v2\/media?parent=476"}],"curies":[{"name":"wp","href":"https:\/\/api.w.org\/{rel}","templated":true}]}}