{"id":539,"date":"2014-04-05T06:54:01","date_gmt":"2014-04-05T05:54:01","guid":{"rendered":"http:\/\/histoweb.com\/?page_id=539"},"modified":"2018-01-12T17:37:53","modified_gmt":"2018-01-12T16:37:53","slug":"servizi","status":"publish","type":"page","link":"https:\/\/histoweb.com\/it\/servizi\/","title":{"rendered":"Servizi"},"content":{"rendered":"<div id='full_slider_1'  class='avia-fullwidth-slider main_color avia-shadow   avia-builder-el-0  el_before_av_textblock  avia-builder-el-first   container_wrap fullsize'  ><div  class='avia-slideshow av-av_slideshow_full-4f3ef5c0d0c5e5a45e27d5f99336c2be avia-slideshow-featured av_slideshow_full avia-slide-slider av-slideshow-ui av-control-default av-slideshow-manual av-loop-once av-loop-manual-endless av-default-height-applied   avia-slideshow-1' data-slideshow-options=\"{&quot;animation&quot;:&quot;slide&quot;,&quot;autoplay&quot;:false,&quot;loop_autoplay&quot;:&quot;once&quot;,&quot;interval&quot;:5,&quot;loop_manual&quot;:&quot;manual-endless&quot;,&quot;autoplay_stopper&quot;:false,&quot;noNavigation&quot;:false,&quot;bg_slider&quot;:false,&quot;keep_padding&quot;:false,&quot;hoverpause&quot;:false,&quot;show_slide_delay&quot;:0}\"  itemprop=\"image\" itemscope=\"itemscope\" itemtype=\"https:\/\/schema.org\/ImageObject\" ><ul class='avia-slideshow-inner ' style='padding-bottom: 26.595744680851%;'><li  class='avia-slideshow-slide av-av_slideshow_full-4f3ef5c0d0c5e5a45e27d5f99336c2be__0  av-single-slide slide-1 slide-odd'><div data-rel='slideshow-1' class='avia-slide-wrap '   ><img decoding=\"async\" fetchpriority=\"high\" class=\"wp-image-3082 avia-img-lazy-loading-not-3082\"  src=\"https:\/\/histoweb.com\/wp-content\/uploads\/2014\/11\/servicios-clinicas-veterina.jpg\" width=\"940\" height=\"250\" title='servicios-clinicas-veterina' alt=''  itemprop=\"thumbnailUrl\" srcset=\"https:\/\/histoweb.com\/wp-content\/uploads\/2014\/11\/servicios-clinicas-veterina.jpg 940w, https:\/\/histoweb.com\/wp-content\/uploads\/2014\/11\/servicios-clinicas-veterina-300x79.jpg 300w\" sizes=\"(max-width: 940px) 100vw, 940px\" \/><\/div><\/li><\/ul><\/div><\/div><div id='after_full_slider_1'  class='main_color av_default_container_wrap container_wrap fullsize'  ><div class='container av-section-cont-open' ><div class='template-page content  av-content-full alpha units'><div class='post-entry post-entry-type-page post-entry-539'><div class='entry-content-wrapper clearfix'>\n<section  class='av_textblock_section av-av_textblock-0366cc7376be6c9e82a3e9cc8987b64f '   itemscope=\"itemscope\" itemtype=\"https:\/\/schema.org\/CreativeWork\" ><div class='avia_textblock'  itemprop=\"text\" ><h2>Dare un servizio personalizzato, veloce e di qualit\u00e0 alle Cliniche Veterinarie \u00e8 la nostra priorit\u00e0.<\/h2>\n<blockquote>\n<p>Unico centro di diagnostica anatomopatologica in Spagna sotto direzione scientifica accreditata da un patologo diplomato nell&#8217; <em>European College of Veterinary Pathologists<\/em> (ECVP) <em>(European Board for Veterinary Specialisation)<\/em>. Riconosciuto come &#8220;Centro di formazione in Patologia Veterinaria&#8221; <em>(Registered Training Centre)<\/em> dall&#8217;ECVP.<\/p>\n<\/blockquote>\n<p><strong style=\"line-height: 25.200000762939453px;\">Un servizio di diagnostica anatomopatologica veloce e di qualit\u00e0:<\/strong><\/p>\n<ul>\n<li>Analisi effetutate da patologi specializzati e con una lunga esperienza professionale<\/li>\n<li>Direzione scientifica accreditata dall&#8217; ECVP<\/li>\n<li>Referti disponibili online immediatamente dopo la loro trascrizione<\/li>\n<\/ul>\n<p><strong><span style=\"line-height: 25.200000762939453px;\">Assistenza prima e dopo la diagnostica:<\/span><\/strong><\/p>\n<ul>\n<li>Orientamento per la raccolta dei campioni<\/li>\n<li>Spedizione di contenitori da biopsia<\/li>\n<li>Attenzione telefonica continua (dalle 9.30 alle 20.00) sempre da parte di un patologo, assistenza nell&#8217;interpretazione dei casi diagnosticati e qualsiasi altro aspetto in relazione all&#8217;Anatomia Patologica.<\/li>\n<\/ul>\n<ul>\n<li>Orientaci\u00f3n en la toma de muestras<\/li>\n<li>Env\u00edo de envases para biopsias<\/li>\n<li>Atenci\u00f3n telef\u00f3nica continuada de 9:30 a 20:00 siempre por parte de un pat\u00f3logo, soporte en la interpretaci\u00f3n de casos diagnosticados y cualquier otro aspecto relacionado con Anatom\u00eda Patol\u00f3gica<\/li>\n<\/ul>\n<p><strong>Referti dettagliati, con intepretazione clinica, opinioni personali e informazione bibliografica sulla patogenia e la prognosi dei processi.<\/strong><\/p>\n<p><strong>Uso di tecniche immunologiche, di biologia molecolare e di microscopia elettronica per:<\/strong><\/p>\n<ul>\n<li>Stabilire il tipo di tumore<\/li>\n<li>Identificare agenti infettivi<\/li>\n<li>Valutare la prognosi delle diverse neoplasie<\/li>\n<\/ul>\n<\/div><\/section>\n<div  class='hr av-av_hr-dcd2069817a0e3d34ae04cad8f3443c7 hr-default  avia-builder-el-2  el_after_av_textblock  el_before_av_contact '><span class='hr-inner '><span class=\"hr-inner-style\"><\/span><\/span><\/div>\n<form action=\"https:\/\/histoweb.com\/it\/servizi\/\" method=\"post\" data-fields-with-error=\"Sono stati riscontrati errori nei seguenti campi:\" class=\"avia_ajax_form av-form-labels-visible   avia-builder-el-3  el_after_av_hr  el_before_av_hr   \" data-avia-form-id=\"1\" data-avia-redirect='' ><h3 class=''>Se avete un commento o una domanda, si prega di utilizzare il modulo qui sotto<\/h3><fieldset><p class='  first_form  form_element form_fullwidth' id='element_avia_1_1'><label for=\"avia_1_1\">Nome <abbr class=\"required\" title=\"richiesto\">*<\/abbr><\/label> <input name=\"avia_1_1\" class=\"text_input is_empty\" type=\"text\" id=\"avia_1_1\" value=\"\" \/><\/p><p class='  first_form  form_element form_fullwidth' id='element_avia_2_1'><label for=\"avia_2_1\">E-Mail <abbr class=\"required\" title=\"richiesto\">*<\/abbr><\/label> <input name=\"avia_2_1\" class=\"text_input is_email\" type=\"text\" id=\"avia_2_1\" value=\"\" \/><\/p><p class='  first_form  form_element form_fullwidth' id='element_avia_3_1'><label for=\"avia_3_1\"> Soggetto  <abbr class=\"required\" title=\"richiesto\">*<\/abbr><\/label> <input name=\"avia_3_1\" class=\"text_input is_empty\" type=\"text\" id=\"avia_3_1\" value=\"\" \/><\/p><p class='  first_form  form_element form_fullwidth' id='element_avia_4_1'><label for=\"avia_4_1\" class=\"textare_label hidden textare_label_avia_4_1\">Messaggio <abbr class=\"required\" title=\"richiesto\">*<\/abbr><\/label><textarea  name=\"avia_4_1\" class=\"text_area is_empty\" cols=\"40\" rows=\"7\" id=\"avia_4_1\" ><\/textarea><\/p><p class='  first_form  form_element form_fullwidth' id='element_avia_5_1'><input  name=\"avia_5_1\" class=\"input_checkbox is_empty\" type=\"checkbox\" id=\"avia_5_1\" value=\"true\"\/><label class=\"input_checkbox_label\" for=\"avia_5_1\">Accetto <a href=\"https:\/\/histoweb.com\/politica-de-privacidad\/\" target=\"_blank\" rel=\"noopener\">i Termini e le Condizioni di Utilizzo<\/a> <abbr class=\"required\" title=\"richiesto\">*<\/abbr><\/label><\/p><p class=\"hidden\"><input type=\"text\" name=\"avia_6_1\" class=\"hidden \" id=\"avia_6_1\" value=\"\" \/><\/p><p class='   form_element form_fullwidth' id='element_avia_7_1'><span class='value_verifier_label'>7 + 0 = ?<\/span><input name=\"avia_7_1_verifier\" type=\"hidden\" id=\"avia_7_1_verifier\" value=\"827322716\"\/><label for=\"avia_7_1\">Dimostra di essere umano risolvendo l'equazione <abbr class=\"required\" title=\"richiesto\">*<\/abbr><\/label><input name=\"avia_7_1\" class=\"text_input captcha\" type=\"text\" id=\"avia_7_1\" value=\"\"\/><\/p><p class=\"form_element \"><input type=\"hidden\" value=\"1\" name=\"avia_generated_form1\" \/><input type=\"submit\" value=\"Inviare\" class=\"button\"  data-sending-label=\"Invio\"\/><\/p><\/fieldset><\/form><div id=\"ajaxresponse_1\" class=\"ajaxresponse ajaxresponse_1 hidden\"><\/div>\n<div  class='hr av-av_hr-dcd2069817a0e3d34ae04cad8f3443c7 hr-default  avia-builder-el-4  el_after_av_contact  el_before_av_textblock '><span class='hr-inner '><span class=\"hr-inner-style\"><\/span><\/span><\/div>\n<section  class='av_textblock_section av-av_textblock-0366cc7376be6c9e82a3e9cc8987b64f '   itemscope=\"itemscope\" itemtype=\"https:\/\/schema.org\/CreativeWork\" ><div class='avia_textblock'  itemprop=\"text\" ><h1 style=\"text-align: center;\">SERVIZI VETERINARI DIAGNOSTICI A HISTOVET<\/h1>\n<\/div><\/section>\n","protected":false},"excerpt":{"rendered":"","protected":false},"author":4,"featured_media":0,"parent":0,"menu_order":0,"comment_status":"open","ping_status":"closed","template":"","meta":{"footnotes":""},"class_list":["post-539","page","type-page","status-publish","hentry"],"yoast_head":"<!-- This site is optimized with the Yoast SEO plugin v26.6 - https:\/\/yoast.com\/wordpress\/plugins\/seo\/ -->\n<title>Servizio di diagnostica istopatologica<\/title>\n<meta name=\"description\" content=\"Histovet si dedica alla diagnostica anatomopatologica, a commentare casi clinici, a risolvere dubbi e collabora nella redazione di articoli scientifici.\" \/>\n<meta name=\"robots\" content=\"index, follow, max-snippet:-1, max-image-preview:large, max-video-preview:-1\" \/>\n<link rel=\"canonical\" href=\"https:\/\/histoweb.com\/it\/servizi\/\" \/>\n<meta property=\"og:locale\" content=\"it_IT\" \/>\n<meta property=\"og:type\" content=\"article\" \/>\n<meta property=\"og:title\" content=\"Servizio di diagnostica istopatologica\" \/>\n<meta property=\"og:description\" content=\"Histovet si dedica alla diagnostica anatomopatologica, a commentare casi clinici, a risolvere dubbi e collabora nella redazione di articoli scientifici.\" \/>\n<meta property=\"og:url\" content=\"https:\/\/histoweb.com\/it\/servizi\/\" \/>\n<meta property=\"og:site_name\" content=\"Histoweb\" \/>\n<meta property=\"article:modified_time\" content=\"2018-01-12T16:37:53+00:00\" \/>\n<meta name=\"twitter:label1\" content=\"Tempo di lettura stimato\" \/>\n\t<meta name=\"twitter:data1\" content=\"3 minuti\" \/>\n<script type=\"application\/ld+json\" class=\"yoast-schema-graph\">{\"@context\":\"https:\/\/schema.org\",\"@graph\":[{\"@type\":\"WebPage\",\"@id\":\"https:\/\/histoweb.com\/it\/servizi\/\",\"url\":\"https:\/\/histoweb.com\/it\/servizi\/\",\"name\":\"Servizio di diagnostica istopatologica\",\"isPartOf\":{\"@id\":\"https:\/\/histoweb.com\/#website\"},\"datePublished\":\"2014-04-05T05:54:01+00:00\",\"dateModified\":\"2018-01-12T16:37:53+00:00\",\"description\":\"Histovet si dedica alla diagnostica anatomopatologica, a commentare casi clinici, a risolvere dubbi e collabora nella redazione di articoli scientifici.\",\"breadcrumb\":{\"@id\":\"https:\/\/histoweb.com\/it\/servizi\/#breadcrumb\"},\"inLanguage\":\"it-IT\",\"potentialAction\":[{\"@type\":\"ReadAction\",\"target\":[\"https:\/\/histoweb.com\/it\/servizi\/\"]}]},{\"@type\":\"BreadcrumbList\",\"@id\":\"https:\/\/histoweb.com\/it\/servizi\/#breadcrumb\",\"itemListElement\":[{\"@type\":\"ListItem\",\"position\":1,\"name\":\"Portada\",\"item\":\"https:\/\/histoweb.com\/it\/home-it\/\"},{\"@type\":\"ListItem\",\"position\":2,\"name\":\"Servizi\"}]},{\"@type\":\"WebSite\",\"@id\":\"https:\/\/histoweb.com\/#website\",\"url\":\"https:\/\/histoweb.com\/\",\"name\":\"Histoweb\",\"description\":\"Servicio de diagn\u00f3stico histopatol\u00f3gico veterinario\",\"publisher\":{\"@id\":\"https:\/\/histoweb.com\/#organization\"},\"potentialAction\":[{\"@type\":\"SearchAction\",\"target\":{\"@type\":\"EntryPoint\",\"urlTemplate\":\"https:\/\/histoweb.com\/?s={search_term_string}\"},\"query-input\":{\"@type\":\"PropertyValueSpecification\",\"valueRequired\":true,\"valueName\":\"search_term_string\"}}],\"inLanguage\":\"it-IT\"},{\"@type\":\"Organization\",\"@id\":\"https:\/\/histoweb.com\/#organization\",\"name\":\"Histovet\",\"url\":\"https:\/\/histoweb.com\/\",\"logo\":{\"@type\":\"ImageObject\",\"inLanguage\":\"it-IT\",\"@id\":\"https:\/\/histoweb.com\/#\/schema\/logo\/image\/\",\"url\":\"https:\/\/histoweb.com\/wp-content\/uploads\/2014\/03\/logo.jpg\",\"contentUrl\":\"https:\/\/histoweb.com\/wp-content\/uploads\/2014\/03\/logo.jpg\",\"width\":336,\"height\":75,\"caption\":\"Histovet\"},\"image\":{\"@id\":\"https:\/\/histoweb.com\/#\/schema\/logo\/image\/\"}}]}<\/script>\n<!-- \/ Yoast SEO plugin. -->","yoast_head_json":{"title":"Servizio di diagnostica istopatologica","description":"Histovet si dedica alla diagnostica anatomopatologica, a commentare casi clinici, a risolvere dubbi e collabora nella redazione di articoli scientifici.","robots":{"index":"index","follow":"follow","max-snippet":"max-snippet:-1","max-image-preview":"max-image-preview:large","max-video-preview":"max-video-preview:-1"},"canonical":"https:\/\/histoweb.com\/it\/servizi\/","og_locale":"it_IT","og_type":"article","og_title":"Servizio di diagnostica istopatologica","og_description":"Histovet si dedica alla diagnostica anatomopatologica, a commentare casi clinici, a risolvere dubbi e collabora nella redazione di articoli scientifici.","og_url":"https:\/\/histoweb.com\/it\/servizi\/","og_site_name":"Histoweb","article_modified_time":"2018-01-12T16:37:53+00:00","twitter_misc":{"Tempo di lettura stimato":"3 minuti"},"schema":{"@context":"https:\/\/schema.org","@graph":[{"@type":"WebPage","@id":"https:\/\/histoweb.com\/it\/servizi\/","url":"https:\/\/histoweb.com\/it\/servizi\/","name":"Servizio di diagnostica istopatologica","isPartOf":{"@id":"https:\/\/histoweb.com\/#website"},"datePublished":"2014-04-05T05:54:01+00:00","dateModified":"2018-01-12T16:37:53+00:00","description":"Histovet si dedica alla diagnostica anatomopatologica, a commentare casi clinici, a risolvere dubbi e collabora nella redazione di articoli scientifici.","breadcrumb":{"@id":"https:\/\/histoweb.com\/it\/servizi\/#breadcrumb"},"inLanguage":"it-IT","potentialAction":[{"@type":"ReadAction","target":["https:\/\/histoweb.com\/it\/servizi\/"]}]},{"@type":"BreadcrumbList","@id":"https:\/\/histoweb.com\/it\/servizi\/#breadcrumb","itemListElement":[{"@type":"ListItem","position":1,"name":"Portada","item":"https:\/\/histoweb.com\/it\/home-it\/"},{"@type":"ListItem","position":2,"name":"Servizi"}]},{"@type":"WebSite","@id":"https:\/\/histoweb.com\/#website","url":"https:\/\/histoweb.com\/","name":"Histoweb","description":"Servicio de diagn\u00f3stico histopatol\u00f3gico veterinario","publisher":{"@id":"https:\/\/histoweb.com\/#organization"},"potentialAction":[{"@type":"SearchAction","target":{"@type":"EntryPoint","urlTemplate":"https:\/\/histoweb.com\/?s={search_term_string}"},"query-input":{"@type":"PropertyValueSpecification","valueRequired":true,"valueName":"search_term_string"}}],"inLanguage":"it-IT"},{"@type":"Organization","@id":"https:\/\/histoweb.com\/#organization","name":"Histovet","url":"https:\/\/histoweb.com\/","logo":{"@type":"ImageObject","inLanguage":"it-IT","@id":"https:\/\/histoweb.com\/#\/schema\/logo\/image\/","url":"https:\/\/histoweb.com\/wp-content\/uploads\/2014\/03\/logo.jpg","contentUrl":"https:\/\/histoweb.com\/wp-content\/uploads\/2014\/03\/logo.jpg","width":336,"height":75,"caption":"Histovet"},"image":{"@id":"https:\/\/histoweb.com\/#\/schema\/logo\/image\/"}}]}},"_links":{"self":[{"href":"https:\/\/histoweb.com\/it\/wp-json\/wp\/v2\/pages\/539","targetHints":{"allow":["GET"]}}],"collection":[{"href":"https:\/\/histoweb.com\/it\/wp-json\/wp\/v2\/pages"}],"about":[{"href":"https:\/\/histoweb.com\/it\/wp-json\/wp\/v2\/types\/page"}],"author":[{"embeddable":true,"href":"https:\/\/histoweb.com\/it\/wp-json\/wp\/v2\/users\/4"}],"replies":[{"embeddable":true,"href":"https:\/\/histoweb.com\/it\/wp-json\/wp\/v2\/comments?post=539"}],"version-history":[{"count":1,"href":"https:\/\/histoweb.com\/it\/wp-json\/wp\/v2\/pages\/539\/revisions"}],"predecessor-version":[{"id":7333,"href":"https:\/\/histoweb.com\/it\/wp-json\/wp\/v2\/pages\/539\/revisions\/7333"}],"wp:attachment":[{"href":"https:\/\/histoweb.com\/it\/wp-json\/wp\/v2\/media?parent=539"}],"curies":[{"name":"wp","href":"https:\/\/api.w.org\/{rel}","templated":true}]}}