{"id":8222,"date":"2018-05-30T21:12:03","date_gmt":"2018-05-30T20:12:03","guid":{"rendered":"https:\/\/histoweb.com\/?page_id=8222"},"modified":"2025-04-10T10:37:32","modified_gmt":"2025-04-10T09:37:32","slug":"avviso-legale","status":"publish","type":"page","link":"https:\/\/histoweb.com\/it\/avviso-legale\/","title":{"rendered":"Avviso legale"},"content":{"rendered":"<h3>TITOLARIT\u00c0 DEL PORTALE<\/h3>\n<p>In conformit\u00e0 alla Legge 34\/2002, dell\u201911 luglio, sui servizi della societ\u00e0 dell&#8217;informazione e sul commercio elettronico, HISTOVET, S.L. informa che \u00e8 titolare del sito web: <a href=\"http:\/\/www.histoweb.com\/\">www.histoweb.com<\/a>. Ai sensi dell\u2019articolo 10 della suddetta Legge, HISTOVET, S.L. fornisce i seguenti dati:<\/p>\n<p>HISTOVET, S.L. \u00e8 il titolare del sito web <a href=\"http:\/\/www.histoweb.com\/\">www.histoweb.com<\/a> (di seguito, il \u201cPortale\u201d). La sua sede legale si trova a Sant Quirze del Vall\u00e8s, Avinguda Pa\u00efsos Catalans 12 D, 08192, ed \u00e8 provvista di codice fiscale (CIF) B60931532.<\/p>\n<p>\u00c8 possibile contattare il titolare del Portale all\u2019indirizzo email: <a href=\"mailto:histovet@histoweb.com\">histovet@histoweb.com<\/a><\/p>\n<p>Il nome di dominio HISTOVET, attraverso il quale si accede al presente Portale, \u00e8 di propriet\u00e0 di HISTOVET, S.L., ed \u00e8 vietato utilizzarlo in relazione a contenuti, prodotti o servizi che non siano di propriet\u00e0 di HISTOVET, e che possano generare confusione tra gli utenti finali o danneggiare l\u2019immagine di HISTOVET.<\/p>\n<hr \/>\n<h3>OGGETTO<\/h3>\n<p>Il presente Avviso Legale ha lo scopo di stabilire le Condizioni Generali che regolano l\u2019accesso, la navigazione e l\u2019utilizzo del Portale da parte di tutti gli Utenti. Qualora l\u2019Utente non sia d\u2019accordo con tali condizioni, non avr\u00e0 il diritto di utilizzare il sito web di HISTOVET.<\/p>\n<p>L\u2019accesso al Portale implica la piena conoscenza e accettazione da parte dell\u2019Utente dei termini e delle condizioni d\u2019uso del Portale, cos\u00ec come pubblicati al momento dell\u2019accesso.<\/p>\n<p>In tal senso, HISTOVET si riserva il diritto di modificare o aggiornare, in qualsiasi momento, le presenti Condizioni Generali e, in generale, qualsiasi elemento che compone il design e la configurazione del Portale. Per tale motivo, HISTOVET raccomanda agli Utenti di leggere attentamente queste condizioni ogni volta che accedono al Portale.<\/p>\n<p>Inoltre, il Titolare si riserva il diritto di cessare, sospendere o interrompere, in qualsiasi momento e senza preavviso, l\u2019accesso ai prodotti, servizi e\/o contenuti del Portale, nonch\u00e9 la configurazione stessa del Portale, le funzionalit\u00e0, i prodotti, i servizi e i contenuti, senza che l\u2019Utente possa avanzare alcuna pretesa o richiedere indennizzi; in particolare, per operazioni di manutenzione, riparazione, aggiornamento, miglioramento e\/o adeguamento a cambiamenti tecnici, operativi e\/o legali. Dopo tale cessazione, resteranno in vigore le proibizioni, restrizioni e limitazioni contenute nel presente Avviso Legale e\/o nelle eventuali condizioni particolari applicabili.<\/p>\n<hr \/>\n<h3>ACCESSO E UTILIZZO DEL PORTALE<\/h3>\n<p>L\u2019Utente dichiara di avere la capacit\u00e0 legale necessaria per essere vincolato dal presente accordo e per utilizzare il Portale in conformit\u00e0 con le Condizioni Generali qui stabilite, che dichiara di comprendere pienamente.<\/p>\n<p>Il semplice accesso al Portale, l\u2019utilizzo dei contenuti offerti, la compilazione di moduli, l\u2019invio di richieste di informazioni o qualsiasi atto simile comporta l\u2019acquisizione della qualifica di Utente e l\u2019accettazione, senza riserve, di tutte le norme contenute nel presente Avviso Legale.<\/p>\n<p>L\u2019Utente dichiara inoltre che tutte le informazioni fornite durante l\u2019utilizzo del Portale sono veritiere, complete e precise.<\/p>\n<p>In ogni caso, l\u2019accesso, la navigazione e l\u2019utilizzo del Portale avvengono sotto l\u2019esclusiva responsabilit\u00e0 dell\u2019Utente, il quale si impegna a seguire diligentemente qualsiasi istruzione aggiuntiva relativa all\u2019uso del Portale e dei suoi contenuti. In questo senso, l\u2019Utente si impegna a utilizzare i contenuti del Portale in modo diligente, corretto e lecito, in conformit\u00e0 con la normativa vigente e, in particolare, si impegna a non:<\/p>\n<ul>\n<li>Utilizzarli per fini contrari alla legge, alla morale, ai buoni costumi generalmente accettati o all\u2019ordine pubblico, n\u00e9 alle istruzioni del Titolare;<\/li>\n<li>Utilizzarli in modo da ledere i diritti legittimi di terzi;<\/li>\n<li>Utilizzare i contenuti e, in particolare, le informazioni ottenute tramite il Portale per inviare pubblicit\u00e0, comunicazioni a scopo commerciale o messaggi non richiesti a pi\u00f9 destinatari, nonch\u00e9 divulgare o commercializzare tali informazioni in qualsiasi forma.<\/li>\n<\/ul>\n<hr \/>\n<h3>PROPRIET\u00c0 INTELLETTUALE E INDUSTRIALE<\/h3>\n<p>Tutti i contenuti del Portale, compresi \u2014a titolo esemplificativo ma non esaustivo\u2014 testi, fotografie, grafiche, immagini, icone, tecnologia, struttura di navigazione, software, contenuti audiovisivi o sonori, design grafico, codici sorgente, indici, marchi, loghi, espressioni e informazioni, sono di propriet\u00e0 intellettuale di HISTOVET o di terzi che ne hanno autorizzato l\u2019uso.<\/p>\n<p>Tutti i diritti di propriet\u00e0 intellettuale e industriale sui contenuti sono riservati. Qualsiasi uso non autorizzato comporter\u00e0 responsabilit\u00e0 legali.<\/p>\n<p>\u00c8 inoltre vietato l\u2019uso di marchi, nomi commerciali o segni distintivi di propriet\u00e0 del Titolare o di terzi senza il loro previo consenso scritto.<\/p>\n<hr \/>\n<h3>RESPONSABILIT\u00c0 DEL TITOLARE<\/h3>\n<p>Il Titolare dichiara di aver adottato tutte le misure ragionevoli, nei limiti delle proprie possibilit\u00e0 e dello stato della tecnologia, per garantire il corretto funzionamento del Portale e prevenire la presenza o la trasmissione di virus o altri elementi dannosi.<\/p>\n<p>Si impegna altres\u00ec a fare tutto il possibile per verificare la veridicit\u00e0, esattezza, adeguatezza, completezza e attualit\u00e0 delle informazioni e dei contenuti forniti sul Portale.<\/p>\n<hr \/>\n<h3>ESCLUSIONE DI GARANZIE<\/h3>\n<p>L\u2019Utente riconosce ed accetta espressamente che il Titolare non fornisce alcuna garanzia, espressa o implicita, sulla affidabilit\u00e0, utilit\u00e0 o accuratezza delle informazioni pubblicate e\/o fornite sul Portale in relazione ai prodotti e\/o servizi di HISTOVET.<\/p>\n<p>In particolare, il Titolare non garantisce e non \u00e8 responsabile per:<\/p>\n<ul>\n<li>L\u2019assenza di disponibilit\u00e0 o accessibilit\u00e0 del Portale, o la continuit\u00e0 dei contenuti;<\/li>\n<li>Interruzioni, errori o malfunzionamenti del Portale, o problemi tecnici durante la connessione a Internet;<\/li>\n<li>L\u2019assenza di virus o altri elementi dannosi; \u00e8 responsabilit\u00e0 dell\u2019Utente dotarsi degli strumenti adeguati per rilevare o disinfettare tali elementi;<\/li>\n<li>L\u2019invulnerabilit\u00e0 del Portale e delle misure di sicurezza adottate;<\/li>\n<li>L\u2019assenza di errori nei contenuti;<\/li>\n<li>L\u2019idoneit\u00e0 del Portale per uno scopo specifico;<\/li>\n<li>Le decisioni prese in base alle informazioni fornite sul Portale;<\/li>\n<li>I danni ai dispositivi degli utenti o di terzi durante l\u2019utilizzo del Portale;<\/li>\n<li>Qualsiasi altro danno derivante dal malfunzionamento del Portale.<\/li>\n<\/ul>\n<hr \/>\n<h3>COLLEGAMENTI AD ALTRI SITI WEB<\/h3>\n<p>Il Titolare pu\u00f2 offrire, sul proprio Portale, collegamenti diretti o indiretti a risorse o siti web esterni. Questi collegamenti non implicano alcuna relazione o raccomandazione da parte di HISTOVET nei confronti dei servizi o prodotti offerti da tali siti.<\/p>\n<p>Il Titolare non ha n\u00e9 i mezzi tecnici n\u00e9 le risorse umane per controllare o approvare le informazioni, contenuti, prodotti o servizi forniti da siti web esterni. Pertanto, non si assume alcuna responsabilit\u00e0 per qualsiasi aspetto relativo a tali siti collegati.<\/p>\n<hr \/>\n<h3>COLLEGAMENTI VERSO IL PORTALE HISTOVET<\/h3>\n<p>Qualsiasi Utente, ente o sito web che desideri inserire un collegamento verso il Portale HISTOVET deve ottenere previamente un\u2019autorizzazione espressa e scritta dal Titolare. Il collegamento dovr\u00e0 essere completo e diretto alla pagina principale del Portale.<\/p>\n<p>Nel caso in cui si desideri inoltre utilizzare il marchio, il nome commerciale, il logo o qualsiasi altro segno identificativo del Titolare o del Portale, sar\u00e0 necessaria un\u2019autorizzazione scritta espressa di HISTOVET.<\/p>\n<hr \/>\n<h3>NULLIT\u00c0<\/h3>\n<p>Nel caso in cui una qualsiasi disposizione del presente Avviso Legale sia considerata nulla o inapplicabile, in tutto o in parte, ci\u00f2 non pregiudicher\u00e0 le restanti disposizioni.<\/p>\n<p>Il mancato esercizio da parte del Titolare di qualsiasi diritto o azione riconosciuti nel presente Avviso Legale non costituir\u00e0 rinuncia, se non espressamente riconosciuta e formalizzata per iscritto.<\/p>\n<hr \/>\n<h3>LEGGE APPLICABILE E FORO COMPETENTE<\/h3>\n<p>Il presente Avviso Legale \u00e8 regolato dalla legge spagnola.<\/p>\n<p>Per la risoluzione di qualsiasi controversia derivante dall\u2019accesso al Portale, l\u2019Utente e il Titolare accettano espressamente di sottoporsi ai Tribunali della citt\u00e0 di residenza del Titolare, con rinuncia espressa a qualsiasi altro foro.<\/p>\n<p>&nbsp;<\/p>\n","protected":false},"excerpt":{"rendered":"<p>TITOLARIT\u00c0 DEL PORTALE In conformit\u00e0 alla Legge 34\/2002, dell\u201911 luglio, sui servizi della societ\u00e0 dell&#8217;informazione e sul commercio elettronico, HISTOVET, S.L. informa che \u00e8 titolare del sito web: www.histoweb.com. Ai sensi dell\u2019articolo 10 della suddetta Legge, HISTOVET, S.L. fornisce i seguenti dati: HISTOVET, S.L. \u00e8 il titolare del sito web www.histoweb.com (di seguito, il \u201cPortale\u201d). [&hellip;]<\/p>\n","protected":false},"author":4,"featured_media":0,"parent":0,"menu_order":0,"comment_status":"closed","ping_status":"closed","template":"","meta":{"footnotes":""},"class_list":["post-8222","page","type-page","status-publish","hentry"],"yoast_head":"<!-- This site is optimized with the Yoast SEO plugin v26.6 - https:\/\/yoast.com\/wordpress\/plugins\/seo\/ -->\n<title>Avviso legale - Histoweb<\/title>\n<meta name=\"robots\" content=\"index, follow, max-snippet:-1, max-image-preview:large, max-video-preview:-1\" \/>\n<link rel=\"canonical\" href=\"https:\/\/histoweb.com\/it\/avviso-legale\/\" \/>\n<meta property=\"og:locale\" content=\"it_IT\" \/>\n<meta property=\"og:type\" content=\"article\" \/>\n<meta property=\"og:title\" content=\"Avviso legale - Histoweb\" \/>\n<meta property=\"og:description\" content=\"TITOLARIT\u00c0 DEL PORTALE In conformit\u00e0 alla Legge 34\/2002, dell\u201911 luglio, sui servizi della societ\u00e0 dell&#8217;informazione e sul commercio elettronico, HISTOVET, S.L. informa che \u00e8 titolare del sito web: www.histoweb.com. Ai sensi dell\u2019articolo 10 della suddetta Legge, HISTOVET, S.L. fornisce i seguenti dati: HISTOVET, S.L. \u00e8 il titolare del sito web www.histoweb.com (di seguito, il \u201cPortale\u201d). [&hellip;]\" \/>\n<meta property=\"og:url\" content=\"https:\/\/histoweb.com\/it\/avviso-legale\/\" \/>\n<meta property=\"og:site_name\" content=\"Histoweb\" \/>\n<meta property=\"article:modified_time\" content=\"2025-04-10T09:37:32+00:00\" \/>\n<meta name=\"twitter:label1\" content=\"Tempo di lettura stimato\" \/>\n\t<meta name=\"twitter:data1\" content=\"6 minuti\" \/>\n<script type=\"application\/ld+json\" class=\"yoast-schema-graph\">{\"@context\":\"https:\/\/schema.org\",\"@graph\":[{\"@type\":\"WebPage\",\"@id\":\"https:\/\/histoweb.com\/it\/avviso-legale\/\",\"url\":\"https:\/\/histoweb.com\/it\/avviso-legale\/\",\"name\":\"Avviso legale - Histoweb\",\"isPartOf\":{\"@id\":\"https:\/\/histoweb.com\/#website\"},\"datePublished\":\"2018-05-30T20:12:03+00:00\",\"dateModified\":\"2025-04-10T09:37:32+00:00\",\"breadcrumb\":{\"@id\":\"https:\/\/histoweb.com\/it\/avviso-legale\/#breadcrumb\"},\"inLanguage\":\"it-IT\",\"potentialAction\":[{\"@type\":\"ReadAction\",\"target\":[\"https:\/\/histoweb.com\/it\/avviso-legale\/\"]}]},{\"@type\":\"BreadcrumbList\",\"@id\":\"https:\/\/histoweb.com\/it\/avviso-legale\/#breadcrumb\",\"itemListElement\":[{\"@type\":\"ListItem\",\"position\":1,\"name\":\"Portada\",\"item\":\"https:\/\/histoweb.com\/it\/home-it\/\"},{\"@type\":\"ListItem\",\"position\":2,\"name\":\"Avviso legale\"}]},{\"@type\":\"WebSite\",\"@id\":\"https:\/\/histoweb.com\/#website\",\"url\":\"https:\/\/histoweb.com\/\",\"name\":\"Histoweb\",\"description\":\"Servicio de diagn\u00f3stico histopatol\u00f3gico veterinario\",\"publisher\":{\"@id\":\"https:\/\/histoweb.com\/#organization\"},\"potentialAction\":[{\"@type\":\"SearchAction\",\"target\":{\"@type\":\"EntryPoint\",\"urlTemplate\":\"https:\/\/histoweb.com\/?s={search_term_string}\"},\"query-input\":{\"@type\":\"PropertyValueSpecification\",\"valueRequired\":true,\"valueName\":\"search_term_string\"}}],\"inLanguage\":\"it-IT\"},{\"@type\":\"Organization\",\"@id\":\"https:\/\/histoweb.com\/#organization\",\"name\":\"Histovet\",\"url\":\"https:\/\/histoweb.com\/\",\"logo\":{\"@type\":\"ImageObject\",\"inLanguage\":\"it-IT\",\"@id\":\"https:\/\/histoweb.com\/#\/schema\/logo\/image\/\",\"url\":\"https:\/\/histoweb.com\/wp-content\/uploads\/2014\/03\/logo.jpg\",\"contentUrl\":\"https:\/\/histoweb.com\/wp-content\/uploads\/2014\/03\/logo.jpg\",\"width\":336,\"height\":75,\"caption\":\"Histovet\"},\"image\":{\"@id\":\"https:\/\/histoweb.com\/#\/schema\/logo\/image\/\"}}]}<\/script>\n<!-- \/ Yoast SEO plugin. -->","yoast_head_json":{"title":"Avviso legale - Histoweb","robots":{"index":"index","follow":"follow","max-snippet":"max-snippet:-1","max-image-preview":"max-image-preview:large","max-video-preview":"max-video-preview:-1"},"canonical":"https:\/\/histoweb.com\/it\/avviso-legale\/","og_locale":"it_IT","og_type":"article","og_title":"Avviso legale - Histoweb","og_description":"TITOLARIT\u00c0 DEL PORTALE In conformit\u00e0 alla Legge 34\/2002, dell\u201911 luglio, sui servizi della societ\u00e0 dell&#8217;informazione e sul commercio elettronico, HISTOVET, S.L. informa che \u00e8 titolare del sito web: www.histoweb.com. Ai sensi dell\u2019articolo 10 della suddetta Legge, HISTOVET, S.L. fornisce i seguenti dati: HISTOVET, S.L. \u00e8 il titolare del sito web www.histoweb.com (di seguito, il \u201cPortale\u201d). [&hellip;]","og_url":"https:\/\/histoweb.com\/it\/avviso-legale\/","og_site_name":"Histoweb","article_modified_time":"2025-04-10T09:37:32+00:00","twitter_misc":{"Tempo di lettura stimato":"6 minuti"},"schema":{"@context":"https:\/\/schema.org","@graph":[{"@type":"WebPage","@id":"https:\/\/histoweb.com\/it\/avviso-legale\/","url":"https:\/\/histoweb.com\/it\/avviso-legale\/","name":"Avviso legale - Histoweb","isPartOf":{"@id":"https:\/\/histoweb.com\/#website"},"datePublished":"2018-05-30T20:12:03+00:00","dateModified":"2025-04-10T09:37:32+00:00","breadcrumb":{"@id":"https:\/\/histoweb.com\/it\/avviso-legale\/#breadcrumb"},"inLanguage":"it-IT","potentialAction":[{"@type":"ReadAction","target":["https:\/\/histoweb.com\/it\/avviso-legale\/"]}]},{"@type":"BreadcrumbList","@id":"https:\/\/histoweb.com\/it\/avviso-legale\/#breadcrumb","itemListElement":[{"@type":"ListItem","position":1,"name":"Portada","item":"https:\/\/histoweb.com\/it\/home-it\/"},{"@type":"ListItem","position":2,"name":"Avviso legale"}]},{"@type":"WebSite","@id":"https:\/\/histoweb.com\/#website","url":"https:\/\/histoweb.com\/","name":"Histoweb","description":"Servicio de diagn\u00f3stico histopatol\u00f3gico veterinario","publisher":{"@id":"https:\/\/histoweb.com\/#organization"},"potentialAction":[{"@type":"SearchAction","target":{"@type":"EntryPoint","urlTemplate":"https:\/\/histoweb.com\/?s={search_term_string}"},"query-input":{"@type":"PropertyValueSpecification","valueRequired":true,"valueName":"search_term_string"}}],"inLanguage":"it-IT"},{"@type":"Organization","@id":"https:\/\/histoweb.com\/#organization","name":"Histovet","url":"https:\/\/histoweb.com\/","logo":{"@type":"ImageObject","inLanguage":"it-IT","@id":"https:\/\/histoweb.com\/#\/schema\/logo\/image\/","url":"https:\/\/histoweb.com\/wp-content\/uploads\/2014\/03\/logo.jpg","contentUrl":"https:\/\/histoweb.com\/wp-content\/uploads\/2014\/03\/logo.jpg","width":336,"height":75,"caption":"Histovet"},"image":{"@id":"https:\/\/histoweb.com\/#\/schema\/logo\/image\/"}}]}},"_links":{"self":[{"href":"https:\/\/histoweb.com\/it\/wp-json\/wp\/v2\/pages\/8222","targetHints":{"allow":["GET"]}}],"collection":[{"href":"https:\/\/histoweb.com\/it\/wp-json\/wp\/v2\/pages"}],"about":[{"href":"https:\/\/histoweb.com\/it\/wp-json\/wp\/v2\/types\/page"}],"author":[{"embeddable":true,"href":"https:\/\/histoweb.com\/it\/wp-json\/wp\/v2\/users\/4"}],"replies":[{"embeddable":true,"href":"https:\/\/histoweb.com\/it\/wp-json\/wp\/v2\/comments?post=8222"}],"version-history":[{"count":2,"href":"https:\/\/histoweb.com\/it\/wp-json\/wp\/v2\/pages\/8222\/revisions"}],"predecessor-version":[{"id":8224,"href":"https:\/\/histoweb.com\/it\/wp-json\/wp\/v2\/pages\/8222\/revisions\/8224"}],"wp:attachment":[{"href":"https:\/\/histoweb.com\/it\/wp-json\/wp\/v2\/media?parent=8222"}],"curies":[{"name":"wp","href":"https:\/\/api.w.org\/{rel}","templated":true}]}}