{"id":8237,"date":"2014-03-13T15:36:15","date_gmt":"2014-03-13T14:36:15","guid":{"rendered":"https:\/\/histoweb.com\/?page_id=8237"},"modified":"2025-04-10T10:48:48","modified_gmt":"2025-04-10T09:48:48","slug":"privacy-policy","status":"publish","type":"page","link":"https:\/\/histoweb.com\/it\/privacy-policy\/","title":{"rendered":"Privacy policy"},"content":{"rendered":"<h3>PROTEZIONE DEI DATI PERSONALI<\/h3>\n<p>In conformit\u00e0 a quanto stabilito dalla Legge Organica 15\/1999 sulla Protezione dei Dati di Carattere Personale, HISTOVET informa gli utenti del proprio sito web che i dati personali raccolti tramite i moduli presenti nelle sue pagine saranno inseriti in un archivio automatizzato sotto la responsabilit\u00e0 di HISTOVET, al fine di facilitare, accelerare e adempiere agli impegni stabiliti tra le parti.<\/p>\n<p>HISTOVET informa inoltre della possibilit\u00e0 di esercitare i diritti di accesso, cancellazione, rettifica e opposizione mediante comunicazione scritta da inviare all\u2019indirizzo: Av. Pa\u00efsos Catalans 12D, CAP: 08192, Localit\u00e0: Sant Quirze del Vall\u00e8s, Provincia: Barcellona, allegando una fotocopia del documento d\u2019identit\u00e0 o altra documentazione che attesti l\u2019identit\u00e0 dell\u2019interessato.<\/p>\n<p>Fino a diversa comunicazione, si intender\u00e0 che i dati non sono stati modificati, che l\u2019utente si impegna a comunicarci qualsiasi variazione e che ci autorizza al loro utilizzo al fine di mantenere il rapporto tra le parti.<\/p>\n<p>In conformit\u00e0 con l\u2019articolo 21 della Legge 34\/2002 sui Servizi della Societ\u00e0 dell\u2019Informazione e del Commercio Elettronico, richiediamo il suo consenso per poter inviare comunicazioni pubblicitarie che riteniamo possano essere di suo interesse, tramite posta elettronica o qualsiasi altro mezzo di comunicazione elettronica equivalente.<\/p>\n<hr \/>\n<h3>POLITICA DEI LINK ED ESCLUSIONE DI RESPONSABILIT\u00c0<\/h3>\n<p>HISTOVET non \u00e8 responsabile del contenuto delle pagine web accessibili tramite i link presenti nei suoi siti web e dichiara di non esercitare alcun controllo n\u00e9 verifica sul contenuto di altri siti web.<\/p>\n<p>Inoltre, non garantisce la disponibilit\u00e0 tecnica, l\u2019esattezza, la veridicit\u00e0, la validit\u00e0 o la legalit\u00e0 di pagine non appartenenti alla propria propriet\u00e0, alle quali si possa accedere tramite i suddetti link.<\/p>\n<p>HISTOVET dichiara di aver adottato tutte le misure necessarie per evitare danni derivanti dalla navigazione sulle proprie pagine web. Di conseguenza, non \u00e8 in alcun caso responsabile per eventuali danni che l\u2019utente possa subire durante la navigazione su Internet.<\/p>\n<p>HISTOVET non \u00e8 responsabile per danni o perdite di qualsiasi tipo subiti dall\u2019utente a causa di guasti o disconnessioni nelle reti di telecomunicazione che comportino la sospensione, cancellazione, installazione o interruzione del servizio web durante o prima della sua fornitura.<\/p>\n<p>L\u2019accesso al sito <a href=\"http:\/\/www.histoweb.com\/\">www.histoweb.com<\/a> non comporta da parte dell\u2019azienda l\u2019obbligo di controllare l\u2019assenza di virus o altri elementi informatici dannosi. \u00c8 responsabilit\u00e0 dell\u2019utente disporre degli strumenti adeguati per il rilevamento e la disinfezione di tali elementi.<\/p>\n<p>HISTOVET non \u00e8 responsabile per eventuali danni ai dispositivi informatici, documenti e\/o file degli utenti o di terzi durante la fornitura dei servizi tramite il Portale.<\/p>\n<hr \/>\n<h3>PUBBLICIT\u00c0<\/h3>\n<p>Il sito <a href=\"http:\/\/www.histoweb.com\/\">www.histoweb.com<\/a> potr\u00e0 contenere contenuti pubblicitari o sponsorizzati. Gli inserzionisti o gli sponsor sono gli unici responsabili del rispetto delle normative vigenti applicabili al materiale inviato per l\u2019inserimento nel sito.<\/p>\n<p>HISTOVET non \u00e8 responsabile per eventuali errori, inesattezze o irregolarit\u00e0 presenti nei contenuti pubblicitari o sponsorizzati.<\/p>\n<hr \/>\n<h3>MODIFICHE<\/h3>\n<p>HISTOVET si riserva il diritto di apportare, senza preavviso, tutte le modifiche che ritenga opportune ai contenuti dei propri siti web, sia in relazione ai contenuti stessi che alle condizioni di utilizzo o alle condizioni generali di contratto. Tali modifiche potranno essere effettuate in qualsiasi modo previsto dalla legge e saranno vincolanti finch\u00e9 rimarranno pubblicate sul sito web, fino alla loro sostituzione con modifiche successive.<\/p>\n<hr \/>\n<h3>USO DEI COOKIE<\/h3>\n<p>HISTOVET si riserva il diritto di utilizzare cookie durante la navigazione dell\u2019utente sui propri siti web, al fine di rendere la navigazione pi\u00f9 personalizzata e comoda. In conformit\u00e0 alla propria politica di protezione dei dati, HISTOVET informa che i cookie sono associati a un utente anonimo e al suo dispositivo, e non forniscono il nome n\u00e9 il cognome dell\u2019utente.<\/p>\n<p>L\u2019utente pu\u00f2 configurare il proprio browser per essere avvisato della ricezione dei cookie e, se lo desidera, impedirne l\u2019installazione sul disco rigido. Tuttavia, non \u00e8 obbligatoria l\u2019installazione dei cookie per accedere ai siti web di HISTOVET.<\/p>\n<p>L\u2019utente si impegna ad astenersi dal riprodurre, copiare, distribuire, rendere disponibili o, in qualsiasi altro modo, comunicare pubblicamente, trasformare o modificare i contenuti, salvo previa autorizzazione del titolare dei diritti o laddove legalmente consentito.<\/p>\n<hr \/>\n<h3>PROPRIET\u00c0 INTELLETTUALE<\/h3>\n<p>I diritti di propriet\u00e0 intellettuale e industriale relativi a tutti i testi, immagini, cos\u00ec come ai metodi e alle forme di presentazione e assemblaggio delle pagine, appartengono direttamente o come cessionari a HISTOVET. Tali opere sono pertanto protette dalla normativa sulla propriet\u00e0 intellettuale vigente in Spagna, nonch\u00e9 dalla normativa europea e dai trattati internazionali sottoscritti dalla Spagna in materia.<\/p>\n<p>Tutti i diritti sono riservati. In conformit\u00e0 con la Legge sulla Propriet\u00e0 Intellettuale, \u00e8 espressamente vietata la riproduzione, distribuzione, comunicazione pubblica e utilizzo, totale o parziale, dei contenuti delle pagine web senza l\u2019esplicito consenso scritto di HISTOVET.<\/p>\n<p>HISTOVET si riserva inoltre il diritto di intraprendere azioni civili o penali che ritenga opportune in caso di uso improprio dei propri siti web e contenuti, o in caso di violazione delle presenti condizioni.<\/p>\n<hr \/>\n<h3>AZIONI LEGALI, LEGGE APPLICABILE E GIURISDIZIONE<\/h3>\n<p>Il rapporto tra l\u2019utente e HISTOVET sar\u00e0 regolato dalla normativa spagnola vigente, e qualsiasi controversia che possa sorgere sar\u00e0 sottoposta alla competenza dei Tribunali della citt\u00e0 di Barcellona.<\/p>\n<p>&nbsp;<\/p>\n","protected":false},"excerpt":{"rendered":"<p>PROTEZIONE DEI DATI PERSONALI In conformit\u00e0 a quanto stabilito dalla Legge Organica 15\/1999 sulla Protezione dei Dati di Carattere Personale, HISTOVET informa gli utenti del proprio sito web che i dati personali raccolti tramite i moduli presenti nelle sue pagine saranno inseriti in un archivio automatizzato sotto la responsabilit\u00e0 di HISTOVET, al fine di facilitare, [&hellip;]<\/p>\n","protected":false},"author":4,"featured_media":0,"parent":0,"menu_order":0,"comment_status":"open","ping_status":"open","template":"","meta":{"footnotes":""},"class_list":["post-8237","page","type-page","status-publish","hentry"],"yoast_head":"<!-- This site is optimized with the Yoast SEO plugin v26.6 - https:\/\/yoast.com\/wordpress\/plugins\/seo\/ -->\n<title>Privacy policy - Histoweb<\/title>\n<meta name=\"robots\" content=\"index, follow, max-snippet:-1, max-image-preview:large, max-video-preview:-1\" \/>\n<link rel=\"canonical\" href=\"https:\/\/histoweb.com\/it\/privacy-policy\/\" \/>\n<meta property=\"og:locale\" content=\"it_IT\" \/>\n<meta property=\"og:type\" content=\"article\" \/>\n<meta property=\"og:title\" content=\"Privacy policy - Histoweb\" \/>\n<meta property=\"og:description\" content=\"PROTEZIONE DEI DATI PERSONALI In conformit\u00e0 a quanto stabilito dalla Legge Organica 15\/1999 sulla Protezione dei Dati di Carattere Personale, HISTOVET informa gli utenti del proprio sito web che i dati personali raccolti tramite i moduli presenti nelle sue pagine saranno inseriti in un archivio automatizzato sotto la responsabilit\u00e0 di HISTOVET, al fine di facilitare, [&hellip;]\" \/>\n<meta property=\"og:url\" content=\"https:\/\/histoweb.com\/it\/privacy-policy\/\" \/>\n<meta property=\"og:site_name\" content=\"Histoweb\" \/>\n<meta property=\"article:modified_time\" content=\"2025-04-10T09:48:48+00:00\" \/>\n<meta name=\"twitter:label1\" content=\"Tempo di lettura stimato\" \/>\n\t<meta name=\"twitter:data1\" content=\"4 minuti\" \/>\n<script type=\"application\/ld+json\" class=\"yoast-schema-graph\">{\"@context\":\"https:\/\/schema.org\",\"@graph\":[{\"@type\":\"WebPage\",\"@id\":\"https:\/\/histoweb.com\/it\/privacy-policy\/\",\"url\":\"https:\/\/histoweb.com\/it\/privacy-policy\/\",\"name\":\"Privacy policy - Histoweb\",\"isPartOf\":{\"@id\":\"https:\/\/histoweb.com\/#website\"},\"datePublished\":\"2014-03-13T14:36:15+00:00\",\"dateModified\":\"2025-04-10T09:48:48+00:00\",\"breadcrumb\":{\"@id\":\"https:\/\/histoweb.com\/it\/privacy-policy\/#breadcrumb\"},\"inLanguage\":\"it-IT\",\"potentialAction\":[{\"@type\":\"ReadAction\",\"target\":[\"https:\/\/histoweb.com\/it\/privacy-policy\/\"]}]},{\"@type\":\"BreadcrumbList\",\"@id\":\"https:\/\/histoweb.com\/it\/privacy-policy\/#breadcrumb\",\"itemListElement\":[{\"@type\":\"ListItem\",\"position\":1,\"name\":\"Portada\",\"item\":\"https:\/\/histoweb.com\/it\/home-it\/\"},{\"@type\":\"ListItem\",\"position\":2,\"name\":\"Privacy policy\"}]},{\"@type\":\"WebSite\",\"@id\":\"https:\/\/histoweb.com\/#website\",\"url\":\"https:\/\/histoweb.com\/\",\"name\":\"Histoweb\",\"description\":\"Servicio de diagn\u00f3stico histopatol\u00f3gico veterinario\",\"publisher\":{\"@id\":\"https:\/\/histoweb.com\/#organization\"},\"potentialAction\":[{\"@type\":\"SearchAction\",\"target\":{\"@type\":\"EntryPoint\",\"urlTemplate\":\"https:\/\/histoweb.com\/?s={search_term_string}\"},\"query-input\":{\"@type\":\"PropertyValueSpecification\",\"valueRequired\":true,\"valueName\":\"search_term_string\"}}],\"inLanguage\":\"it-IT\"},{\"@type\":\"Organization\",\"@id\":\"https:\/\/histoweb.com\/#organization\",\"name\":\"Histovet\",\"url\":\"https:\/\/histoweb.com\/\",\"logo\":{\"@type\":\"ImageObject\",\"inLanguage\":\"it-IT\",\"@id\":\"https:\/\/histoweb.com\/#\/schema\/logo\/image\/\",\"url\":\"https:\/\/histoweb.com\/wp-content\/uploads\/2014\/03\/logo.jpg\",\"contentUrl\":\"https:\/\/histoweb.com\/wp-content\/uploads\/2014\/03\/logo.jpg\",\"width\":336,\"height\":75,\"caption\":\"Histovet\"},\"image\":{\"@id\":\"https:\/\/histoweb.com\/#\/schema\/logo\/image\/\"}}]}<\/script>\n<!-- \/ Yoast SEO plugin. -->","yoast_head_json":{"title":"Privacy policy - Histoweb","robots":{"index":"index","follow":"follow","max-snippet":"max-snippet:-1","max-image-preview":"max-image-preview:large","max-video-preview":"max-video-preview:-1"},"canonical":"https:\/\/histoweb.com\/it\/privacy-policy\/","og_locale":"it_IT","og_type":"article","og_title":"Privacy policy - Histoweb","og_description":"PROTEZIONE DEI DATI PERSONALI In conformit\u00e0 a quanto stabilito dalla Legge Organica 15\/1999 sulla Protezione dei Dati di Carattere Personale, HISTOVET informa gli utenti del proprio sito web che i dati personali raccolti tramite i moduli presenti nelle sue pagine saranno inseriti in un archivio automatizzato sotto la responsabilit\u00e0 di HISTOVET, al fine di facilitare, [&hellip;]","og_url":"https:\/\/histoweb.com\/it\/privacy-policy\/","og_site_name":"Histoweb","article_modified_time":"2025-04-10T09:48:48+00:00","twitter_misc":{"Tempo di lettura stimato":"4 minuti"},"schema":{"@context":"https:\/\/schema.org","@graph":[{"@type":"WebPage","@id":"https:\/\/histoweb.com\/it\/privacy-policy\/","url":"https:\/\/histoweb.com\/it\/privacy-policy\/","name":"Privacy policy - Histoweb","isPartOf":{"@id":"https:\/\/histoweb.com\/#website"},"datePublished":"2014-03-13T14:36:15+00:00","dateModified":"2025-04-10T09:48:48+00:00","breadcrumb":{"@id":"https:\/\/histoweb.com\/it\/privacy-policy\/#breadcrumb"},"inLanguage":"it-IT","potentialAction":[{"@type":"ReadAction","target":["https:\/\/histoweb.com\/it\/privacy-policy\/"]}]},{"@type":"BreadcrumbList","@id":"https:\/\/histoweb.com\/it\/privacy-policy\/#breadcrumb","itemListElement":[{"@type":"ListItem","position":1,"name":"Portada","item":"https:\/\/histoweb.com\/it\/home-it\/"},{"@type":"ListItem","position":2,"name":"Privacy policy"}]},{"@type":"WebSite","@id":"https:\/\/histoweb.com\/#website","url":"https:\/\/histoweb.com\/","name":"Histoweb","description":"Servicio de diagn\u00f3stico histopatol\u00f3gico veterinario","publisher":{"@id":"https:\/\/histoweb.com\/#organization"},"potentialAction":[{"@type":"SearchAction","target":{"@type":"EntryPoint","urlTemplate":"https:\/\/histoweb.com\/?s={search_term_string}"},"query-input":{"@type":"PropertyValueSpecification","valueRequired":true,"valueName":"search_term_string"}}],"inLanguage":"it-IT"},{"@type":"Organization","@id":"https:\/\/histoweb.com\/#organization","name":"Histovet","url":"https:\/\/histoweb.com\/","logo":{"@type":"ImageObject","inLanguage":"it-IT","@id":"https:\/\/histoweb.com\/#\/schema\/logo\/image\/","url":"https:\/\/histoweb.com\/wp-content\/uploads\/2014\/03\/logo.jpg","contentUrl":"https:\/\/histoweb.com\/wp-content\/uploads\/2014\/03\/logo.jpg","width":336,"height":75,"caption":"Histovet"},"image":{"@id":"https:\/\/histoweb.com\/#\/schema\/logo\/image\/"}}]}},"_links":{"self":[{"href":"https:\/\/histoweb.com\/it\/wp-json\/wp\/v2\/pages\/8237","targetHints":{"allow":["GET"]}}],"collection":[{"href":"https:\/\/histoweb.com\/it\/wp-json\/wp\/v2\/pages"}],"about":[{"href":"https:\/\/histoweb.com\/it\/wp-json\/wp\/v2\/types\/page"}],"author":[{"embeddable":true,"href":"https:\/\/histoweb.com\/it\/wp-json\/wp\/v2\/users\/4"}],"replies":[{"embeddable":true,"href":"https:\/\/histoweb.com\/it\/wp-json\/wp\/v2\/comments?post=8237"}],"version-history":[{"count":2,"href":"https:\/\/histoweb.com\/it\/wp-json\/wp\/v2\/pages\/8237\/revisions"}],"predecessor-version":[{"id":8239,"href":"https:\/\/histoweb.com\/it\/wp-json\/wp\/v2\/pages\/8237\/revisions\/8239"}],"wp:attachment":[{"href":"https:\/\/histoweb.com\/it\/wp-json\/wp\/v2\/media?parent=8237"}],"curies":[{"name":"wp","href":"https:\/\/api.w.org\/{rel}","templated":true}]}}