{"id":8249,"date":"2018-05-30T21:12:21","date_gmt":"2018-05-30T20:12:21","guid":{"rendered":"https:\/\/histoweb.com\/?page_id=8249"},"modified":"2025-04-10T10:57:45","modified_gmt":"2025-04-10T09:57:45","slug":"politica-sui-cookie","status":"publish","type":"page","link":"https:\/\/histoweb.com\/it\/politica-sui-cookie\/","title":{"rendered":"Politica sui cookie"},"content":{"rendered":"<h3>COSA SONO I COOKIE?<\/h3>\n<p>I cookie sono piccoli file di dati che vengono inviati al dispositivo dell\u2019utente dal sito web visitato e vengono utilizzati per registrare alcune interazioni di navigazione, memorizzando dati che possono essere aggiornati e recuperati successivamente. Questi file vengono memorizzati sul computer dell\u2019utente e contengono dati anonimi che non danneggiano il dispositivo. Servono, ad esempio, per ricordare le preferenze dell\u2019utente, come la lingua selezionata, i dati di accesso o la personalizzazione della pagina.<\/p>\n<p>I cookie possono anche essere utilizzati per raccogliere informazioni anonime su come un visitatore utilizza un sito web. Ad esempio, da quale sito \u00e8 arrivato o se ha utilizzato un banner pubblicitario per accedere.<\/p>\n<hr \/>\n<h3>PERCH\u00c9 UTILIZZIAMO I COOKIE?<\/h3>\n<p>HISTOVET utilizza cookie strettamente necessari ed essenziali affinch\u00e9 l\u2019utente possa navigare liberamente nei nostri siti web, accedere ad aree sicure e utilizzare opzioni personalizzate. Inoltre, HISTOVET utilizza cookie che raccolgono dati relativi all\u2019analisi dell\u2019uso del sito. Questi dati ci aiutano a migliorare il servizio, valutando l\u2019uso e le prestazioni del sito per ottimizzarlo e personalizzarlo.<\/p>\n<p>I nostri siti possono anche includere collegamenti ai social network (come Facebook o Twitter). HISTOVET non controlla i cookie utilizzati da questi siti esterni. Per maggiori informazioni sui cookie di tali piattaforme o di siti esterni, ti consigliamo di consultare le loro politiche specifiche.<\/p>\n<p>Questo sito utilizza cookie nei seguenti modi:<\/p>\n<ul>\n<li><strong>Cookie di Google Analytics<\/strong>: Google Analytics \u00e8 un servizio gratuito fornito da Google Inc. che raccoglie informazioni sulle pagine visitate, sull\u2019ora, sul browser utilizzato, ecc. Tali dati vengono poi inviati ai server di Google Inc. negli Stati Uniti.<\/li>\n<li><strong>Cookie dell&#8217;applicazione AddThis<\/strong>: AddThis \u00e8 un servizio gratuito che consente di condividere pagine di questo sito tramite diversi canali (email, social network, ecc.). AddThis raccoglie informazioni statistiche sulla navigazione per mostrare pubblicit\u00e0 mirata in base alle abitudini di navigazione dell\u2019utente.<\/li>\n<\/ul>\n<hr \/>\n<h3>QUALI TIPI DI COOKIE UTILIZZIAMO?<\/h3>\n<p><strong>In base alla finalit\u00e0:<\/strong><\/p>\n<ul>\n<li><strong>Cookie tecnici<\/strong>: Sono essenziali per il corretto funzionamento del sito web e per l\u2019uso delle varie funzionalit\u00e0 offerte (ad esempio, mantenimento della sessione, gestione del tempo di risposta, condivisione di contenuti sui social, ecc.).<\/li>\n<li><strong>Cookie di personalizzazione<\/strong>: Consentono all\u2019utente di configurare o personalizzare alcune impostazioni generali del sito web, come la lingua, la configurazione regionale o il tipo di browser.<\/li>\n<li><strong>Cookie analitici<\/strong>: Utilizzati per creare profili di navigazione e conoscere le preferenze degli utenti, al fine di migliorare l\u2019offerta di prodotti e servizi. Ad esempio, permettono di sapere quali aree geografiche generano pi\u00f9 interesse o quale prodotto \u00e8 pi\u00f9 popolare.<\/li>\n<li><strong>Cookie pubblicitari<\/strong>: Permettono di gestire gli spazi pubblicitari in base a criteri specifici (come la frequenza di accesso o il contenuto visualizzato). Possono anche raccogliere informazioni sul comportamento dell\u2019utente per costruire un profilo e mostrare pubblicit\u00e0 coerente con i suoi interessi.<\/li>\n<\/ul>\n<p><strong>In base alla durata:<\/strong><\/p>\n<ul>\n<li><strong>Cookie di sessione<\/strong>: Sono temporanei e restano attivi solo durante la sessione di navigazione. Vengono cancellati al termine della sessione.<\/li>\n<li><strong>Cookie persistenti<\/strong>: Restano memorizzati sul dispositivo dell\u2019utente per un periodo pi\u00f9 lungo, facilitando il recupero delle preferenze senza doverle reimpostare a ogni visita.<\/li>\n<\/ul>\n<hr \/>\n<h3>COOKIE PROPRI IN USO<\/h3>\n<p>Durante la visita a questo sito, possono essere attivi alcuni dei seguenti cookie:<\/p>\n<table>\n<thead>\n<tr>\n<th>Dominio<\/th>\n<th>Cookie<\/th>\n<th>Azienda<\/th>\n<th>Funzione<\/th>\n<th>Scadenza<\/th>\n<\/tr>\n<\/thead>\n<tbody>\n<tr>\n<td>histoweb.com<\/td>\n<td>_ga<\/td>\n<td>Google<\/td>\n<td>Analytics, identifica gli utenti<\/td>\n<td>2 anni<\/td>\n<\/tr>\n<tr>\n<td><\/td>\n<td>_gat<\/td>\n<td>Google<\/td>\n<td>Analytics, controlla la frequenza delle richieste<\/td>\n<td>2 anni<\/td>\n<\/tr>\n<tr>\n<td><\/td>\n<td>_gid<\/td>\n<td>Google<\/td>\n<td>Analytics, dati statistici<\/td>\n<td>Sessione<\/td>\n<\/tr>\n<tr>\n<td><\/td>\n<td>PHPSESSID<\/td>\n<td>PHP<\/td>\n<td>Cookie tecnico di sessione<\/td>\n<td>Sessione<\/td>\n<\/tr>\n<\/tbody>\n<\/table>\n<hr \/>\n<h3>PERCH\u00c9 ABBIAMO BISOGNO DEL TUO CONSENSO ESPLICITO?<\/h3>\n<p><strong>Sentenza della Corte di Giustizia dell\u2019Unione Europea \u2013 1 ottobre 2019<\/strong><\/p>\n<p>Questa sentenza stabilisce che il consenso <strong>non \u00e8 valido<\/strong> se si basa su una casella pre-selezionata che l\u2019utente deve deselezionare per rifiutare. Il consenso deve essere fornito <strong>esplicitamente<\/strong>, attraverso un\u2019azione chiara da parte dell\u2019utente.<\/p>\n<p>Questa interpretazione vale <strong>indipendentemente dal fatto che le informazioni raccolte siano o meno dati personali<\/strong>.<\/p>\n<p>La Corte ha anche stabilito che il fornitore del servizio deve informare l\u2019utente:<\/p>\n<ul>\n<li>Della <strong>durata dei cookie<\/strong><\/li>\n<li>Della <strong>possibilit\u00e0 che terzi accedano alle informazioni raccolte<\/strong><\/li>\n<\/ul>\n<p>Queste disposizioni sono previste dalla Direttiva 2009\/136\/CE, che modifica l\u2019articolo 5, paragrafo 3, della Direttiva 2002\/58\/CE.<\/p>\n<hr \/>\n<h3>COSA SUCCEDE SE RIFIUTI I COOKIE?<\/h3>\n<p>Se rifiuti o cancelli i cookie di navigazione, <strong>non potremo memorizzare le tue preferenze<\/strong>, alcune funzionalit\u00e0 del sito potrebbero non essere operative e <strong>ti chiederemo nuovamente l\u2019autorizzazione ogni volta che visiterai il nostro sito web<\/strong>.<\/p>\n<hr \/>\n<h3>COME PUOI CONFIGURARE IL TUO BROWSER?<\/h3>\n<p>Se desideri modificare le impostazioni dei cookie, puoi eliminarli o impedire che vengano registrati tramite la configurazione del browser:<\/p>\n<ul>\n<li><a href=\"https:\/\/support.microsoft.com\/it-it\/help\/17442\/windows-internet-explorer-delete-manage-cookies\">Impostazioni dei cookie in Internet Explorer<\/a><\/li>\n<li><a href=\"https:\/\/support.mozilla.org\/it\/kb\/Gestione%20dei%20cookie\">Impostazioni dei cookie in Firefox<\/a><\/li>\n<li><a href=\"https:\/\/support.google.com\/chrome\/answer\/95647?hl=it\">Impostazioni dei cookie in Google Chrome<\/a><\/li>\n<li><a href=\"https:\/\/support.apple.com\/it-it\/HT201265\">Impostazioni dei cookie in Safari<\/a><\/li>\n<\/ul>\n<p>Tieni presente che i browser possono essere aggiornati e modificati, quindi le istruzioni potrebbero non essere sempre aggiornate. Se usi un altro browser (come Konqueror, Arora, Flock, ecc.), consulta le impostazioni nella sezione \u201cPrivacy\u201d o il menu \u201cAiuto\u201d del tuo browser.<\/p>\n<hr \/>\n<h3>DOVE POSSO TROVARE MAGGIORI INFORMAZIONI?<\/h3>\n<p>Puoi trovare ulteriori informazioni sui cookie su:<br \/>\n<a href=\"http:\/\/www.allaboutcookies.org\/\">www.allaboutcookies.org<\/a><\/p>\n<p>&nbsp;<\/p>\n","protected":false},"excerpt":{"rendered":"<p>COSA SONO I COOKIE? I cookie sono piccoli file di dati che vengono inviati al dispositivo dell\u2019utente dal sito web visitato e vengono utilizzati per registrare alcune interazioni di navigazione, memorizzando dati che possono essere aggiornati e recuperati successivamente. Questi file vengono memorizzati sul computer dell\u2019utente e contengono dati anonimi che non danneggiano il dispositivo. [&hellip;]<\/p>\n","protected":false},"author":4,"featured_media":0,"parent":0,"menu_order":0,"comment_status":"closed","ping_status":"closed","template":"","meta":{"footnotes":""},"class_list":["post-8249","page","type-page","status-publish","hentry"],"yoast_head":"<!-- This site is optimized with the Yoast SEO plugin v26.6 - https:\/\/yoast.com\/wordpress\/plugins\/seo\/ -->\n<title>Politica sui cookie - Histoweb<\/title>\n<meta name=\"robots\" content=\"index, follow, max-snippet:-1, max-image-preview:large, max-video-preview:-1\" \/>\n<link rel=\"canonical\" href=\"https:\/\/histoweb.com\/it\/politica-sui-cookie\/\" \/>\n<meta property=\"og:locale\" content=\"it_IT\" \/>\n<meta property=\"og:type\" content=\"article\" \/>\n<meta property=\"og:title\" content=\"Politica sui cookie - Histoweb\" \/>\n<meta property=\"og:description\" content=\"COSA SONO I COOKIE? I cookie sono piccoli file di dati che vengono inviati al dispositivo dell\u2019utente dal sito web visitato e vengono utilizzati per registrare alcune interazioni di navigazione, memorizzando dati che possono essere aggiornati e recuperati successivamente. Questi file vengono memorizzati sul computer dell\u2019utente e contengono dati anonimi che non danneggiano il dispositivo. [&hellip;]\" \/>\n<meta property=\"og:url\" content=\"https:\/\/histoweb.com\/it\/politica-sui-cookie\/\" \/>\n<meta property=\"og:site_name\" content=\"Histoweb\" \/>\n<meta property=\"article:modified_time\" content=\"2025-04-10T09:57:45+00:00\" \/>\n<meta name=\"twitter:label1\" content=\"Tempo di lettura stimato\" \/>\n\t<meta name=\"twitter:data1\" content=\"4 minuti\" \/>\n<script type=\"application\/ld+json\" class=\"yoast-schema-graph\">{\"@context\":\"https:\/\/schema.org\",\"@graph\":[{\"@type\":\"WebPage\",\"@id\":\"https:\/\/histoweb.com\/it\/politica-sui-cookie\/\",\"url\":\"https:\/\/histoweb.com\/it\/politica-sui-cookie\/\",\"name\":\"Politica sui cookie - Histoweb\",\"isPartOf\":{\"@id\":\"https:\/\/histoweb.com\/#website\"},\"datePublished\":\"2018-05-30T20:12:21+00:00\",\"dateModified\":\"2025-04-10T09:57:45+00:00\",\"breadcrumb\":{\"@id\":\"https:\/\/histoweb.com\/it\/politica-sui-cookie\/#breadcrumb\"},\"inLanguage\":\"it-IT\",\"potentialAction\":[{\"@type\":\"ReadAction\",\"target\":[\"https:\/\/histoweb.com\/it\/politica-sui-cookie\/\"]}]},{\"@type\":\"BreadcrumbList\",\"@id\":\"https:\/\/histoweb.com\/it\/politica-sui-cookie\/#breadcrumb\",\"itemListElement\":[{\"@type\":\"ListItem\",\"position\":1,\"name\":\"Portada\",\"item\":\"https:\/\/histoweb.com\/it\/home-it\/\"},{\"@type\":\"ListItem\",\"position\":2,\"name\":\"Politica sui cookie\"}]},{\"@type\":\"WebSite\",\"@id\":\"https:\/\/histoweb.com\/#website\",\"url\":\"https:\/\/histoweb.com\/\",\"name\":\"Histoweb\",\"description\":\"Servicio de diagn\u00f3stico histopatol\u00f3gico veterinario\",\"publisher\":{\"@id\":\"https:\/\/histoweb.com\/#organization\"},\"potentialAction\":[{\"@type\":\"SearchAction\",\"target\":{\"@type\":\"EntryPoint\",\"urlTemplate\":\"https:\/\/histoweb.com\/?s={search_term_string}\"},\"query-input\":{\"@type\":\"PropertyValueSpecification\",\"valueRequired\":true,\"valueName\":\"search_term_string\"}}],\"inLanguage\":\"it-IT\"},{\"@type\":\"Organization\",\"@id\":\"https:\/\/histoweb.com\/#organization\",\"name\":\"Histovet\",\"url\":\"https:\/\/histoweb.com\/\",\"logo\":{\"@type\":\"ImageObject\",\"inLanguage\":\"it-IT\",\"@id\":\"https:\/\/histoweb.com\/#\/schema\/logo\/image\/\",\"url\":\"https:\/\/histoweb.com\/wp-content\/uploads\/2014\/03\/logo.jpg\",\"contentUrl\":\"https:\/\/histoweb.com\/wp-content\/uploads\/2014\/03\/logo.jpg\",\"width\":336,\"height\":75,\"caption\":\"Histovet\"},\"image\":{\"@id\":\"https:\/\/histoweb.com\/#\/schema\/logo\/image\/\"}}]}<\/script>\n<!-- \/ Yoast SEO plugin. -->","yoast_head_json":{"title":"Politica sui cookie - Histoweb","robots":{"index":"index","follow":"follow","max-snippet":"max-snippet:-1","max-image-preview":"max-image-preview:large","max-video-preview":"max-video-preview:-1"},"canonical":"https:\/\/histoweb.com\/it\/politica-sui-cookie\/","og_locale":"it_IT","og_type":"article","og_title":"Politica sui cookie - Histoweb","og_description":"COSA SONO I COOKIE? I cookie sono piccoli file di dati che vengono inviati al dispositivo dell\u2019utente dal sito web visitato e vengono utilizzati per registrare alcune interazioni di navigazione, memorizzando dati che possono essere aggiornati e recuperati successivamente. Questi file vengono memorizzati sul computer dell\u2019utente e contengono dati anonimi che non danneggiano il dispositivo. [&hellip;]","og_url":"https:\/\/histoweb.com\/it\/politica-sui-cookie\/","og_site_name":"Histoweb","article_modified_time":"2025-04-10T09:57:45+00:00","twitter_misc":{"Tempo di lettura stimato":"4 minuti"},"schema":{"@context":"https:\/\/schema.org","@graph":[{"@type":"WebPage","@id":"https:\/\/histoweb.com\/it\/politica-sui-cookie\/","url":"https:\/\/histoweb.com\/it\/politica-sui-cookie\/","name":"Politica sui cookie - Histoweb","isPartOf":{"@id":"https:\/\/histoweb.com\/#website"},"datePublished":"2018-05-30T20:12:21+00:00","dateModified":"2025-04-10T09:57:45+00:00","breadcrumb":{"@id":"https:\/\/histoweb.com\/it\/politica-sui-cookie\/#breadcrumb"},"inLanguage":"it-IT","potentialAction":[{"@type":"ReadAction","target":["https:\/\/histoweb.com\/it\/politica-sui-cookie\/"]}]},{"@type":"BreadcrumbList","@id":"https:\/\/histoweb.com\/it\/politica-sui-cookie\/#breadcrumb","itemListElement":[{"@type":"ListItem","position":1,"name":"Portada","item":"https:\/\/histoweb.com\/it\/home-it\/"},{"@type":"ListItem","position":2,"name":"Politica sui cookie"}]},{"@type":"WebSite","@id":"https:\/\/histoweb.com\/#website","url":"https:\/\/histoweb.com\/","name":"Histoweb","description":"Servicio de diagn\u00f3stico histopatol\u00f3gico veterinario","publisher":{"@id":"https:\/\/histoweb.com\/#organization"},"potentialAction":[{"@type":"SearchAction","target":{"@type":"EntryPoint","urlTemplate":"https:\/\/histoweb.com\/?s={search_term_string}"},"query-input":{"@type":"PropertyValueSpecification","valueRequired":true,"valueName":"search_term_string"}}],"inLanguage":"it-IT"},{"@type":"Organization","@id":"https:\/\/histoweb.com\/#organization","name":"Histovet","url":"https:\/\/histoweb.com\/","logo":{"@type":"ImageObject","inLanguage":"it-IT","@id":"https:\/\/histoweb.com\/#\/schema\/logo\/image\/","url":"https:\/\/histoweb.com\/wp-content\/uploads\/2014\/03\/logo.jpg","contentUrl":"https:\/\/histoweb.com\/wp-content\/uploads\/2014\/03\/logo.jpg","width":336,"height":75,"caption":"Histovet"},"image":{"@id":"https:\/\/histoweb.com\/#\/schema\/logo\/image\/"}}]}},"_links":{"self":[{"href":"https:\/\/histoweb.com\/it\/wp-json\/wp\/v2\/pages\/8249","targetHints":{"allow":["GET"]}}],"collection":[{"href":"https:\/\/histoweb.com\/it\/wp-json\/wp\/v2\/pages"}],"about":[{"href":"https:\/\/histoweb.com\/it\/wp-json\/wp\/v2\/types\/page"}],"author":[{"embeddable":true,"href":"https:\/\/histoweb.com\/it\/wp-json\/wp\/v2\/users\/4"}],"replies":[{"embeddable":true,"href":"https:\/\/histoweb.com\/it\/wp-json\/wp\/v2\/comments?post=8249"}],"version-history":[{"count":2,"href":"https:\/\/histoweb.com\/it\/wp-json\/wp\/v2\/pages\/8249\/revisions"}],"predecessor-version":[{"id":8251,"href":"https:\/\/histoweb.com\/it\/wp-json\/wp\/v2\/pages\/8249\/revisions\/8251"}],"wp:attachment":[{"href":"https:\/\/histoweb.com\/it\/wp-json\/wp\/v2\/media?parent=8249"}],"curies":[{"name":"wp","href":"https:\/\/api.w.org\/{rel}","templated":true}]}}