{"id":194,"date":"2014-03-13T12:10:10","date_gmt":"2014-03-13T11:10:10","guid":{"rendered":"http:\/\/histoweb.com\/?page_id=194"},"modified":"2017-07-03T20:13:52","modified_gmt":"2017-07-03T19:13:52","slug":"empresa-pt","status":"publish","type":"page","link":"https:\/\/histoweb.com\/pt-pt\/empresa-pt\/","title":{"rendered":"Empresa"},"content":{"rendered":"<div id='full_slider_1'  class='avia-fullwidth-slider main_color avia-shadow   avia-builder-el-0  el_before_av_textblock  avia-builder-el-first   container_wrap fullsize'  ><div  class='avia-slideshow av-av_slideshow_full-4f3ef5c0d0c5e5a45e27d5f99336c2be avia-slideshow-featured av_slideshow_full avia-slide-slider av-slideshow-ui av-control-default av-slideshow-manual av-loop-once av-loop-manual-endless av-default-height-applied   avia-slideshow-1' data-slideshow-options=\"{&quot;animation&quot;:&quot;slide&quot;,&quot;autoplay&quot;:false,&quot;loop_autoplay&quot;:&quot;once&quot;,&quot;interval&quot;:5,&quot;loop_manual&quot;:&quot;manual-endless&quot;,&quot;autoplay_stopper&quot;:false,&quot;noNavigation&quot;:false,&quot;bg_slider&quot;:false,&quot;keep_padding&quot;:false,&quot;hoverpause&quot;:false,&quot;show_slide_delay&quot;:0}\"  itemprop=\"image\" itemscope=\"itemscope\" itemtype=\"https:\/\/schema.org\/ImageObject\" ><ul class='avia-slideshow-inner ' style='padding-bottom: 26.595744680851%;'><li  class='avia-slideshow-slide av-av_slideshow_full-4f3ef5c0d0c5e5a45e27d5f99336c2be__0  av-single-slide slide-1 slide-odd'><div data-rel='slideshow-1' class='avia-slide-wrap '   ><img decoding=\"async\" fetchpriority=\"high\" class=\"wp-image-3077 avia-img-lazy-loading-not-3077\"  src=\"https:\/\/histoweb.com\/wp-content\/uploads\/2014\/11\/histovet-diagnostico-histopatologico-veterinario.jpg\" width=\"940\" height=\"250\" title='histovet-diagnostico-histopatologico-veterinario' alt=''  itemprop=\"thumbnailUrl\" srcset=\"https:\/\/histoweb.com\/wp-content\/uploads\/2014\/11\/histovet-diagnostico-histopatologico-veterinario.jpg 940w, https:\/\/histoweb.com\/wp-content\/uploads\/2014\/11\/histovet-diagnostico-histopatologico-veterinario-300x79.jpg 300w\" sizes=\"(max-width: 940px) 100vw, 940px\" \/><\/div><\/li><\/ul><\/div><\/div><div id='after_full_slider_1'  class='main_color av_default_container_wrap container_wrap fullsize'  ><div class='container av-section-cont-open' ><div class='template-page content  av-content-full alpha units'><div class='post-entry post-entry-type-page post-entry-194'><div class='entry-content-wrapper clearfix'>\n<section  class='av_textblock_section av-av_textblock-0366cc7376be6c9e82a3e9cc8987b64f '   itemscope=\"itemscope\" itemtype=\"https:\/\/schema.org\/CreativeWork\" ><div class='avia_textblock'  itemprop=\"text\" ><h2 style=\"text-align: center;\">Histovet \u00e9 um servi\u00e7o de diagn\u00f3stico veterin\u00e1rio com dedica\u00e7\u00e3o exclusiva \u00e0 Anatomia Patol\u00f3gica.<\/h2>\n<blockquote>\n<p>Primeiro servi\u00e7o de diagn\u00f3stico anatomopatol\u00f3gico em Espanha baixo dire\u00e7\u00e3o cient\u00edfica acreditada por patologistas diplomados pelo <i>European College of Veterinary Pathologists<\/i> (ECVP) <i>(European Board for Veterinary Specialisation)<\/i>. Centro de forma\u00e7\u00e3o em Patologia Veterin\u00e1ria pelo ECVP (ECVP <i>Registered Residency Training Centre<\/i>).<\/p>\n<\/blockquote>\n<p><strong><br \/>\nN\u00e3o somos um laborat\u00f3rio generalista\u00a0<\/strong>onde a Anatomia Patol\u00f3gica s\u00f3 representa uma parte da atividade do centro.<strong>\u00a0<\/strong><span style=\"color: #7c6853;\">Centramos nosso trabalho na Anatomia Patol\u00f3gica, com uma forma\u00e7\u00e3o continuada, garantindo um servi\u00e7o o mais qualificado poss\u00edvel.<\/span><\/p>\n<p><strong>N\u00e3o diversificamos nosso labor em outros servi\u00e7os de laborat\u00f3rio.\u00a0<\/strong>\u00a0N\u00e3o dedicamos parte de nosso tempo a diagnosticar mostras de sorologia, microbiologia, teste de alergia, teste de hormonas, etc.\u00a0<span style=\"color: #7c6853;\">Todos os veterin\u00e1rios que trabalham em Histovet dedicam-se exclusivamente ao diagn\u00f3stico anatomopatol\u00f3gico, a comentar casos cl\u00ednicos, a solucionar d\u00favidas on-line ou telefonicamente e a colaborar na reda\u00e7\u00e3o de artigos cient\u00edficos. A finalidade do servi\u00e7o \u00e9 proporcionar suporte ao labor cl\u00ednica veterin\u00e1ria em todos aqueles aspectos relacionados exclusivamente com a Anatomia Patol\u00f3gica de animais dom\u00e9sticos.\u00a0<\/span><\/p>\n<p><strong>N\u00e3o somos patologistas de medicina humana nem a divis\u00e3o veterin\u00e1ria dum laborat\u00f3rio de medicina humana.\u00a0N\u00e3o pertencermos a nenhuma rede comercial.\u00a0<\/strong><span style=\"color: #7c6853;\">Histovet tem uma sede \u00fanica, \u00e9 um servi\u00e7o dirigido e administrado exclusivamente pelos mesmos veterin\u00e1rios que praticam o diagn\u00f3stico e n\u00e3o estamos submetidos a nenhuma dire\u00e7\u00e3o ou interesse comercial superior.<\/span><\/p>\n<p><strong>O laborat\u00f3rio n\u00e3o processa, junto com as biopsias e citologias, outras mostras de diagn\u00f3stico (soro, plasma, zaragatoas,\u2026).\u00a0<\/strong><span style=\"color: #7c6853;\">Com isso se consegue um diagn\u00f3stico mais \u00e1gil, um contato mais eficiente com as Cl\u00ednicas Veterin\u00e1rias e diminui o risco de perda de informa\u00e7\u00e3o ou erros de identifica\u00e7\u00e3o.<\/span><\/p>\n<h2><\/h2>\n<div id=\"wrchoverdiv\" style=\"display: none;\">\n<div id=\"wrccontainer\">\n<div id=\"wrcheader\">\n<div id=\"wrctitle\">WebRep<\/div>\n<\/div>\n<div class=\"wrchorizontal\"><\/div>\n<div id=\"wrccurrentvote\">currentVote<\/div>\n<div class=\"wrchorizontal\"><\/div>\n<div id=\"wrcrating\"><\/div>\n<div id=\"wrcratingtext\">noRating<\/div>\n<div id=\"wrcweighttext\">noWeight<\/div>\n<div id=\"wrcflags\"><\/div>\n<div class=\"wrchorizontal\"><\/div>\n<\/div>\n<\/div>\n<\/div><\/section>\n<div  class='togglecontainer av-av_toggle_container-8e0c6e39d39b619a829887bd54fff3ed  avia-builder-el-2  el_after_av_textblock  el_before_av_hr  toggle_close_all' ><\/div>\n\n<style type=\"text\/css\" data-created_by=\"avia_inline_auto\" id=\"style-css-av-av_hr-0688d0b0b6ed2f8b057db7a8270206df\">\n#top .hr.hr-invisible.av-av_hr-0688d0b0b6ed2f8b057db7a8270206df{\nheight:50px;\n}\n<\/style>\n<div  class='hr av-av_hr-0688d0b0b6ed2f8b057db7a8270206df hr-invisible  avia-builder-el-3  el_after_av_toggle_container  el_before_av_hr '><span class='hr-inner '><span class=\"hr-inner-style\"><\/span><\/span><\/div>\n<div  class='hr av-av_hr-dcd2069817a0e3d34ae04cad8f3443c7 hr-default  avia-builder-el-4  el_after_av_hr  el_before_av_textblock '><span class='hr-inner '><span class=\"hr-inner-style\"><\/span><\/span><\/div>\n<section  class='av_textblock_section av-av_textblock-0366cc7376be6c9e82a3e9cc8987b64f '   itemscope=\"itemscope\" itemtype=\"https:\/\/schema.org\/CreativeWork\" ><div class='avia_textblock'  itemprop=\"text\" ><h1 style=\"text-align: center;\">HISTOVET: LABORAT\u00d3RIO DE PATOLOGIA VETERIN\u00c1RIA<\/h1>\n<\/div><\/section>\n","protected":false},"excerpt":{"rendered":"","protected":false},"author":2,"featured_media":0,"parent":0,"menu_order":0,"comment_status":"open","ping_status":"closed","template":"","meta":{"footnotes":""},"class_list":["post-194","page","type-page","status-publish","hentry"],"yoast_head":"<!-- This site is optimized with the Yoast SEO plugin v26.6 - https:\/\/yoast.com\/wordpress\/plugins\/seo\/ -->\n<title>Histovet, veterin\u00e1rio.<\/title>\n<meta name=\"description\" content=\"Laborat\u00f3rio de diagn\u00f3stico de patologia cl\u00ednica veterin\u00e1ria, baixo dire\u00e7\u00e3o cient\u00edfica acreditada pelo European College of Veterinary Pathologists.\" \/>\n<meta name=\"robots\" content=\"index, follow, max-snippet:-1, max-image-preview:large, max-video-preview:-1\" \/>\n<link rel=\"canonical\" href=\"https:\/\/histoweb.com\/pt-pt\/empresa-pt\/\" \/>\n<meta property=\"og:locale\" content=\"pt_PT\" \/>\n<meta property=\"og:type\" content=\"article\" \/>\n<meta property=\"og:title\" content=\"Histovet, veterin\u00e1rio.\" \/>\n<meta property=\"og:description\" content=\"Laborat\u00f3rio de diagn\u00f3stico de patologia cl\u00ednica veterin\u00e1ria, baixo dire\u00e7\u00e3o cient\u00edfica acreditada pelo European College of Veterinary Pathologists.\" \/>\n<meta property=\"og:url\" content=\"https:\/\/histoweb.com\/pt-pt\/empresa-pt\/\" \/>\n<meta property=\"og:site_name\" content=\"Histoweb\" \/>\n<meta property=\"article:modified_time\" content=\"2017-07-03T19:13:52+00:00\" \/>\n<meta name=\"twitter:label1\" content=\"Tempo estimado de leitura\" \/>\n\t<meta name=\"twitter:data1\" content=\"2 minutos\" \/>\n<script type=\"application\/ld+json\" class=\"yoast-schema-graph\">{\"@context\":\"https:\/\/schema.org\",\"@graph\":[{\"@type\":\"WebPage\",\"@id\":\"https:\/\/histoweb.com\/pt-pt\/empresa-pt\/\",\"url\":\"https:\/\/histoweb.com\/pt-pt\/empresa-pt\/\",\"name\":\"Histovet, veterin\u00e1rio.\",\"isPartOf\":{\"@id\":\"https:\/\/histoweb.com\/#website\"},\"datePublished\":\"2014-03-13T11:10:10+00:00\",\"dateModified\":\"2017-07-03T19:13:52+00:00\",\"description\":\"Laborat\u00f3rio de diagn\u00f3stico de patologia cl\u00ednica veterin\u00e1ria, baixo dire\u00e7\u00e3o cient\u00edfica acreditada pelo European College of Veterinary Pathologists.\",\"breadcrumb\":{\"@id\":\"https:\/\/histoweb.com\/pt-pt\/empresa-pt\/#breadcrumb\"},\"inLanguage\":\"pt-PT\",\"potentialAction\":[{\"@type\":\"ReadAction\",\"target\":[\"https:\/\/histoweb.com\/pt-pt\/empresa-pt\/\"]}]},{\"@type\":\"BreadcrumbList\",\"@id\":\"https:\/\/histoweb.com\/pt-pt\/empresa-pt\/#breadcrumb\",\"itemListElement\":[{\"@type\":\"ListItem\",\"position\":1,\"name\":\"Portada\",\"item\":\"https:\/\/histoweb.com\/pt-pt\/portada-2\/\"},{\"@type\":\"ListItem\",\"position\":2,\"name\":\"Empresa\"}]},{\"@type\":\"WebSite\",\"@id\":\"https:\/\/histoweb.com\/#website\",\"url\":\"https:\/\/histoweb.com\/\",\"name\":\"Histoweb\",\"description\":\"Servicio de diagn\u00f3stico histopatol\u00f3gico veterinario\",\"publisher\":{\"@id\":\"https:\/\/histoweb.com\/#organization\"},\"potentialAction\":[{\"@type\":\"SearchAction\",\"target\":{\"@type\":\"EntryPoint\",\"urlTemplate\":\"https:\/\/histoweb.com\/?s={search_term_string}\"},\"query-input\":{\"@type\":\"PropertyValueSpecification\",\"valueRequired\":true,\"valueName\":\"search_term_string\"}}],\"inLanguage\":\"pt-PT\"},{\"@type\":\"Organization\",\"@id\":\"https:\/\/histoweb.com\/#organization\",\"name\":\"Histovet\",\"url\":\"https:\/\/histoweb.com\/\",\"logo\":{\"@type\":\"ImageObject\",\"inLanguage\":\"pt-PT\",\"@id\":\"https:\/\/histoweb.com\/#\/schema\/logo\/image\/\",\"url\":\"https:\/\/histoweb.com\/wp-content\/uploads\/2014\/03\/logo.jpg\",\"contentUrl\":\"https:\/\/histoweb.com\/wp-content\/uploads\/2014\/03\/logo.jpg\",\"width\":336,\"height\":75,\"caption\":\"Histovet\"},\"image\":{\"@id\":\"https:\/\/histoweb.com\/#\/schema\/logo\/image\/\"}}]}<\/script>\n<!-- \/ Yoast SEO plugin. -->","yoast_head_json":{"title":"Histovet, veterin\u00e1rio.","description":"Laborat\u00f3rio de diagn\u00f3stico de patologia cl\u00ednica veterin\u00e1ria, baixo dire\u00e7\u00e3o cient\u00edfica acreditada pelo European College of Veterinary Pathologists.","robots":{"index":"index","follow":"follow","max-snippet":"max-snippet:-1","max-image-preview":"max-image-preview:large","max-video-preview":"max-video-preview:-1"},"canonical":"https:\/\/histoweb.com\/pt-pt\/empresa-pt\/","og_locale":"pt_PT","og_type":"article","og_title":"Histovet, veterin\u00e1rio.","og_description":"Laborat\u00f3rio de diagn\u00f3stico de patologia cl\u00ednica veterin\u00e1ria, baixo dire\u00e7\u00e3o cient\u00edfica acreditada pelo European College of Veterinary Pathologists.","og_url":"https:\/\/histoweb.com\/pt-pt\/empresa-pt\/","og_site_name":"Histoweb","article_modified_time":"2017-07-03T19:13:52+00:00","twitter_misc":{"Tempo estimado de leitura":"2 minutos"},"schema":{"@context":"https:\/\/schema.org","@graph":[{"@type":"WebPage","@id":"https:\/\/histoweb.com\/pt-pt\/empresa-pt\/","url":"https:\/\/histoweb.com\/pt-pt\/empresa-pt\/","name":"Histovet, veterin\u00e1rio.","isPartOf":{"@id":"https:\/\/histoweb.com\/#website"},"datePublished":"2014-03-13T11:10:10+00:00","dateModified":"2017-07-03T19:13:52+00:00","description":"Laborat\u00f3rio de diagn\u00f3stico de patologia cl\u00ednica veterin\u00e1ria, baixo dire\u00e7\u00e3o cient\u00edfica acreditada pelo European College of Veterinary Pathologists.","breadcrumb":{"@id":"https:\/\/histoweb.com\/pt-pt\/empresa-pt\/#breadcrumb"},"inLanguage":"pt-PT","potentialAction":[{"@type":"ReadAction","target":["https:\/\/histoweb.com\/pt-pt\/empresa-pt\/"]}]},{"@type":"BreadcrumbList","@id":"https:\/\/histoweb.com\/pt-pt\/empresa-pt\/#breadcrumb","itemListElement":[{"@type":"ListItem","position":1,"name":"Portada","item":"https:\/\/histoweb.com\/pt-pt\/portada-2\/"},{"@type":"ListItem","position":2,"name":"Empresa"}]},{"@type":"WebSite","@id":"https:\/\/histoweb.com\/#website","url":"https:\/\/histoweb.com\/","name":"Histoweb","description":"Servicio de diagn\u00f3stico histopatol\u00f3gico veterinario","publisher":{"@id":"https:\/\/histoweb.com\/#organization"},"potentialAction":[{"@type":"SearchAction","target":{"@type":"EntryPoint","urlTemplate":"https:\/\/histoweb.com\/?s={search_term_string}"},"query-input":{"@type":"PropertyValueSpecification","valueRequired":true,"valueName":"search_term_string"}}],"inLanguage":"pt-PT"},{"@type":"Organization","@id":"https:\/\/histoweb.com\/#organization","name":"Histovet","url":"https:\/\/histoweb.com\/","logo":{"@type":"ImageObject","inLanguage":"pt-PT","@id":"https:\/\/histoweb.com\/#\/schema\/logo\/image\/","url":"https:\/\/histoweb.com\/wp-content\/uploads\/2014\/03\/logo.jpg","contentUrl":"https:\/\/histoweb.com\/wp-content\/uploads\/2014\/03\/logo.jpg","width":336,"height":75,"caption":"Histovet"},"image":{"@id":"https:\/\/histoweb.com\/#\/schema\/logo\/image\/"}}]}},"_links":{"self":[{"href":"https:\/\/histoweb.com\/pt-pt\/wp-json\/wp\/v2\/pages\/194","targetHints":{"allow":["GET"]}}],"collection":[{"href":"https:\/\/histoweb.com\/pt-pt\/wp-json\/wp\/v2\/pages"}],"about":[{"href":"https:\/\/histoweb.com\/pt-pt\/wp-json\/wp\/v2\/types\/page"}],"author":[{"embeddable":true,"href":"https:\/\/histoweb.com\/pt-pt\/wp-json\/wp\/v2\/users\/2"}],"replies":[{"embeddable":true,"href":"https:\/\/histoweb.com\/pt-pt\/wp-json\/wp\/v2\/comments?post=194"}],"version-history":[{"count":1,"href":"https:\/\/histoweb.com\/pt-pt\/wp-json\/wp\/v2\/pages\/194\/revisions"}],"predecessor-version":[{"id":7275,"href":"https:\/\/histoweb.com\/pt-pt\/wp-json\/wp\/v2\/pages\/194\/revisions\/7275"}],"wp:attachment":[{"href":"https:\/\/histoweb.com\/pt-pt\/wp-json\/wp\/v2\/media?parent=194"}],"curies":[{"name":"wp","href":"https:\/\/api.w.org\/{rel}","templated":true}]}}