{"id":198,"date":"2014-03-13T11:44:42","date_gmt":"2014-03-13T10:44:42","guid":{"rendered":"http:\/\/histoweb.com\/?page_id=198"},"modified":"2018-01-12T17:40:45","modified_gmt":"2018-01-12T16:40:45","slug":"biopsias-citologias","status":"publish","type":"page","link":"https:\/\/histoweb.com\/pt-pt\/servicos\/biopsias-citologias\/","title":{"rendered":"Biopsias e Citologias"},"content":{"rendered":"<div id='full_slider_1'  class='avia-fullwidth-slider main_color avia-shadow   avia-builder-el-0  el_before_av_textblock  avia-builder-el-first   container_wrap fullsize'  ><div  class='avia-slideshow av-av_slideshow_full-4f3ef5c0d0c5e5a45e27d5f99336c2be avia-slideshow-featured av_slideshow_full avia-slide-slider av-slideshow-ui av-control-default av-slideshow-manual av-loop-once av-loop-manual-endless av-default-height-applied   avia-slideshow-1' data-slideshow-options=\"{&quot;animation&quot;:&quot;slide&quot;,&quot;autoplay&quot;:false,&quot;loop_autoplay&quot;:&quot;once&quot;,&quot;interval&quot;:5,&quot;loop_manual&quot;:&quot;manual-endless&quot;,&quot;autoplay_stopper&quot;:false,&quot;noNavigation&quot;:false,&quot;bg_slider&quot;:false,&quot;keep_padding&quot;:false,&quot;hoverpause&quot;:false,&quot;show_slide_delay&quot;:0}\"  itemprop=\"image\" itemscope=\"itemscope\" itemtype=\"https:\/\/schema.org\/ImageObject\" ><ul class='avia-slideshow-inner ' style='padding-bottom: 26.595744680851%;'><li  class='avia-slideshow-slide av-av_slideshow_full-4f3ef5c0d0c5e5a45e27d5f99336c2be__0  av-single-slide slide-1 slide-odd'><div data-rel='slideshow-1' class='avia-slide-wrap '   ><img decoding=\"async\" fetchpriority=\"high\" class=\"wp-image-3049 avia-img-lazy-loading-not-3049\"  src=\"https:\/\/histoweb.com\/wp-content\/uploads\/2014\/11\/biopsia-citologia.jpg\" width=\"940\" height=\"250\" title='biopsia-citologia' alt=''  itemprop=\"thumbnailUrl\" srcset=\"https:\/\/histoweb.com\/wp-content\/uploads\/2014\/11\/biopsia-citologia.jpg 940w, https:\/\/histoweb.com\/wp-content\/uploads\/2014\/11\/biopsia-citologia-300x79.jpg 300w\" sizes=\"(max-width: 940px) 100vw, 940px\" \/><\/div><\/li><\/ul><\/div><\/div><div id='after_full_slider_1'  class='main_color av_default_container_wrap container_wrap fullsize'  ><div class='container av-section-cont-open' ><div class='template-page content  av-content-full alpha units'><div class='post-entry post-entry-type-page post-entry-198'><div class='entry-content-wrapper clearfix'>\n<section  class='av_textblock_section av-av_textblock-0366cc7376be6c9e82a3e9cc8987b64f '   itemscope=\"itemscope\" itemtype=\"https:\/\/schema.org\/CreativeWork\" ><div class='avia_textblock'  itemprop=\"text\" ><h2>Biopsias e citologias<\/h2>\n<p><span style=\"color: #18acb4;\"><strong>BIOPSIAS<\/strong><\/span><\/p>\n<p>As mostras de tecido devem enviar-se sempre em formol 10% (1 parte de formalde\u00eddo comercial -ao 40%- em 9 partes de \u00e1gua corrente). Respeito \u00e0 forma de prepara\u00e7\u00e3o do envio, deve cuidar-se uma s\u00e9rie de aspectos importantes:<\/p>\n<ol>\n<li>As mostras de tecido para biopsia n\u00e3o devem superar os 2 cm. de di\u00e2metro.<\/li>\n<li>Se a les\u00e3o \u00e9 de um tamanho superior (p.e. <em>cadeia mam\u00e1ria<\/em>), esta deve cortar-se em fragmentos representativos.<\/li>\n<li>O volume de formol deve ser sempre no m\u00ednimo triplo que o volume de tecido.<\/li>\n<li>Nunca introduzir a mostra a press\u00e3o na embalagem (e n\u00e3o usar embalagens de gargalo estreito).<\/li>\n<li>Nunca utilizar sacos, sempre embalagens de pl\u00e1stico r\u00edgido e com tampa herm\u00e9tica (evitar o cristal).<\/li>\n<\/ol>\n<p><span style=\"color: #18acb4;\"><strong>CITOLOG\u00cdAS<\/strong><\/span><\/p>\n<p>Depois da colheita de flu\u00eddos ou material aspirado por agulha fina de qualquer les\u00e3o,<\/p>\n<ol>\n<li>Expulsar lentamente o conte\u00fado da seringa num extremo da porta-objetos ou l\u00e2mina.<\/li>\n<li>Com outra l\u00e2mina limpa e colocada em 45\u00ba em cima do material extra\u00eddo, deslizar e realizar uma extens\u00e3o do material ao longo da l\u00e2mina.<\/li>\n<li>Secar a extens\u00e3o por 20 ou 30 min. (24h se suspeita-se de lipoma).<\/li>\n<li>Submergir a l\u00e2mina em metanol por dois minutos (1\u00ba l\u00edquido da colora\u00e7\u00e3o Diff-Quick).<\/li>\n<li>Esperar a evapora\u00e7\u00e3o do \u00e1lcool e enviar ao laborat\u00f3rio com hist\u00f3rico detalhado.<\/li>\n<\/ol>\n<p><span style=\"color: #ff6600;\"><strong>V\u00eddeos: \u00a0 <\/strong><\/span><\/p>\n<\/div><\/section>\n<div  class='flex_column av-av_one_third-2a9015ff38129c418a3f2eafba3e9512 av_one_third  avia-builder-el-2  el_after_av_textblock  el_before_av_one_third  first flex_column_div  column-top-margin'     ><style type=\"text\/css\" data-created_by=\"avia_inline_auto\" id=\"style-css-av-av_image-797dda9396be3e42dcb659062ecde407\">\n.avia-image-container.av-av_image-797dda9396be3e42dcb659062ecde407 img.avia_image{\nbox-shadow:none;\n}\n.avia-image-container.av-av_image-797dda9396be3e42dcb659062ecde407 .av-caption-image-overlay-bg{\nopacity:0.4;\nbackground-color:#000000;\n}\n.avia-image-container.av-av_image-797dda9396be3e42dcb659062ecde407 .av-image-caption-overlay-center{\ncolor:#ffffff;\n}\n<\/style>\n<div  class='avia-image-container av-av_image-797dda9396be3e42dcb659062ecde407 av-styling- av-img-linked avia-align-center  avia-builder-el-3  avia-builder-el-no-sibling  noHover av-overlay-hover-deactivate'   itemprop=\"image\" itemscope=\"itemscope\" itemtype=\"https:\/\/schema.org\/ImageObject\" ><div class=\"avia-image-container-inner\"><div class=\"avia-image-overlay-wrap\"><a href=\"https:\/\/histoweb.com\/pt-pt\/histovet-citologia-tecidos-solidas-video\/\" class='avia_image '  target=\"_blank\"  rel=\"noopener noreferrer\" aria-label='citolog\u00eda-tejidos-s\u00f3lidos'><div class=\"av-image-caption-overlay\"><div class=\"av-caption-image-overlay-bg\"><\/div><div class=\"av-image-caption-overlay-position\"><div class=\"av-image-caption-overlay-center\"><p>V\u00cdDEO: Citolog\u00eda tecidos s\u00f3lidas<\/p>\n<\/div><\/div><\/div><img decoding=\"async\" fetchpriority=\"high\" class='wp-image-5464 avia-img-lazy-loading-not-5464 avia_image ' src=\"https:\/\/histoweb.com\/wp-content\/uploads\/2014\/03\/citolog\u00eda-tejidos-s\u00f3lidos.jpg\" alt='Citolog\u00eda tecidos s\u00f3lidas Histovet' title='citolog\u00eda-tejidos-s\u00f3lidos'  height=\"482\" width=\"630\"  itemprop=\"thumbnailUrl\" srcset=\"https:\/\/histoweb.com\/wp-content\/uploads\/2014\/03\/citolog\u00eda-tejidos-s\u00f3lidos.jpg 630w, https:\/\/histoweb.com\/wp-content\/uploads\/2014\/03\/citolog\u00eda-tejidos-s\u00f3lidos-300x230.jpg 300w, https:\/\/histoweb.com\/wp-content\/uploads\/2014\/03\/citolog\u00eda-tejidos-s\u00f3lidos-450x344.jpg 450w\" sizes=\"(max-width: 630px) 100vw, 630px\" \/><\/a><\/div><\/div><\/div><\/div>\n\n<style type=\"text\/css\" data-created_by=\"avia_inline_auto\" id=\"style-css-av-av_one_third-9c1d454dc06f7247226bc4e8f931daae\">\n.flex_column.av-av_one_third-9c1d454dc06f7247226bc4e8f931daae{\nborder-radius:0px 0px 0px 0px;\npadding:0px 0px 0px 0px;\n}\n<\/style>\n<div  class='flex_column av-av_one_third-9c1d454dc06f7247226bc4e8f931daae av_one_third  avia-builder-el-4  el_after_av_one_third  el_before_av_one_third  flex_column_div av-zero-column-padding  column-top-margin'     ><style type=\"text\/css\" data-created_by=\"avia_inline_auto\" id=\"style-css-av-av_image-091bacda4e5264f98c38bc1cc3e187ca\">\n.avia-image-container.av-av_image-091bacda4e5264f98c38bc1cc3e187ca img.avia_image{\nbox-shadow:none;\n}\n.avia-image-container.av-av_image-091bacda4e5264f98c38bc1cc3e187ca .av-caption-image-overlay-bg{\nopacity:0.4;\nbackground-color:#000000;\n}\n.avia-image-container.av-av_image-091bacda4e5264f98c38bc1cc3e187ca .av-image-caption-overlay-center{\ncolor:#ffffff;\n}\n<\/style>\n<div  class='avia-image-container av-av_image-091bacda4e5264f98c38bc1cc3e187ca av-styling- av-img-linked avia-align-center  avia-builder-el-5  avia-builder-el-no-sibling  noHover av-overlay-hover-deactivate'   itemprop=\"image\" itemscope=\"itemscope\" itemtype=\"https:\/\/schema.org\/ImageObject\" ><div class=\"avia-image-container-inner\"><div class=\"avia-image-overlay-wrap\"><a href=\"https:\/\/histoweb.com\/pt-pt\/histovet-lavagem-traqueal-video\/\" class='avia_image '  target=\"_blank\"  rel=\"noopener noreferrer\" aria-label='lavado-traqueal'><div class=\"av-image-caption-overlay\"><div class=\"av-caption-image-overlay-bg\"><\/div><div class=\"av-image-caption-overlay-position\"><div class=\"av-image-caption-overlay-center\"><p>V\u00cdDEO: Lavagem traqueal<\/p>\n<\/div><\/div><\/div><img decoding=\"async\" fetchpriority=\"high\" class='wp-image-5471 avia-img-lazy-loading-not-5471 avia_image ' src=\"https:\/\/histoweb.com\/wp-content\/uploads\/2014\/03\/lavado-traqueal.jpg\" alt='Lavagem traqueal Histovet' title='lavado-traqueal'  height=\"482\" width=\"630\"  itemprop=\"thumbnailUrl\" srcset=\"https:\/\/histoweb.com\/wp-content\/uploads\/2014\/03\/lavado-traqueal.jpg 630w, https:\/\/histoweb.com\/wp-content\/uploads\/2014\/03\/lavado-traqueal-300x230.jpg 300w, https:\/\/histoweb.com\/wp-content\/uploads\/2014\/03\/lavado-traqueal-450x344.jpg 450w\" sizes=\"(max-width: 630px) 100vw, 630px\" \/><\/a><\/div><\/div><\/div><\/div>\n\n<style type=\"text\/css\" data-created_by=\"avia_inline_auto\" id=\"style-css-av-av_one_third-9c1d454dc06f7247226bc4e8f931daae\">\n.flex_column.av-av_one_third-9c1d454dc06f7247226bc4e8f931daae{\nborder-radius:0px 0px 0px 0px;\npadding:0px 0px 0px 0px;\n}\n<\/style>\n<div  class='flex_column av-av_one_third-9c1d454dc06f7247226bc4e8f931daae av_one_third  avia-builder-el-6  el_after_av_one_third  el_before_av_textblock  flex_column_div av-zero-column-padding  column-top-margin'     ><style type=\"text\/css\" data-created_by=\"avia_inline_auto\" id=\"style-css-av-av_image-fd09a49a79e78020a072fe9c3990af11\">\n.avia-image-container.av-av_image-fd09a49a79e78020a072fe9c3990af11 img.avia_image{\nbox-shadow:none;\n}\n.avia-image-container.av-av_image-fd09a49a79e78020a072fe9c3990af11 .av-caption-image-overlay-bg{\nopacity:0.4;\nbackground-color:#000000;\n}\n.avia-image-container.av-av_image-fd09a49a79e78020a072fe9c3990af11 .av-image-caption-overlay-center{\ncolor:#ffffff;\n}\n<\/style>\n<div  class='avia-image-container av-av_image-fd09a49a79e78020a072fe9c3990af11 av-styling- av-img-linked avia-align-center  avia-builder-el-7  avia-builder-el-no-sibling  noHover av-overlay-hover-deactivate'   itemprop=\"image\" itemscope=\"itemscope\" itemtype=\"https:\/\/schema.org\/ImageObject\" ><div class=\"avia-image-container-inner\"><div class=\"avia-image-overlay-wrap\"><a href=\"https:\/\/histoweb.com\/pt-pt\/histovet-toracocentesi-abdominocentesi-video\/\" class='avia_image '  target=\"_blank\"  rel=\"noopener noreferrer\" aria-label='Toraco-abdominocentesis'><div class=\"av-image-caption-overlay\"><div class=\"av-caption-image-overlay-bg\"><\/div><div class=\"av-image-caption-overlay-position\"><div class=\"av-image-caption-overlay-center\"><p>V\u00cdDEO: Toracentesi\/Abdominocentesi<\/p>\n<\/div><\/div><\/div><img decoding=\"async\" fetchpriority=\"high\" class='wp-image-5478 avia-img-lazy-loading-not-5478 avia_image ' src=\"https:\/\/histoweb.com\/wp-content\/uploads\/2014\/03\/Toraco-abdominocentesis.jpg\" alt='Toracentesi\/Abdominocentesi Histovet' title='Toraco-abdominocentesis'  height=\"482\" width=\"630\"  itemprop=\"thumbnailUrl\" srcset=\"https:\/\/histoweb.com\/wp-content\/uploads\/2014\/03\/Toraco-abdominocentesis.jpg 630w, https:\/\/histoweb.com\/wp-content\/uploads\/2014\/03\/Toraco-abdominocentesis-300x230.jpg 300w, https:\/\/histoweb.com\/wp-content\/uploads\/2014\/03\/Toraco-abdominocentesis-450x344.jpg 450w\" sizes=\"(max-width: 630px) 100vw, 630px\" \/><\/a><\/div><\/div><\/div><\/div>\n<section  class='av_textblock_section av-av_textblock-0366cc7376be6c9e82a3e9cc8987b64f '   itemscope=\"itemscope\" itemtype=\"https:\/\/schema.org\/CreativeWork\" ><div class='avia_textblock'  itemprop=\"text\" ><p>(CC A.Lanevschi)<\/p>\n<p><a href=\"http:\/\/histovetblog.com\/category\/biopsias\/indicaciones-para-la-toma-de-muestras\/muestreo-de-organos-especificos\/\" target=\"_blank\" rel=\"noopener\">Colheita de \u00f3rg\u00e3os espec\u00edficos<\/a>\u00a0(g\u00e2nglio linf\u00e1tico, m\u00fasculo, d\u00edgitos, medula \u00f3ssea, globo ocular, enc\u00e9falo, sistema digest\u00f3rio), <a href=\"http:\/\/histovetblog.com\/category\/biopsias\/indicaciones-para-la-toma-de-muestras\/toma-de-muestras-en-procesos-concretos\/\" target=\"_blank\" rel=\"noopener\">Mostras de les\u00f5es concretas<\/a>\u00a0(\u00f3sseas, linfoma, les\u00f5es no ba\u00e7o, rinite, onicodistrofia) y <a href=\"http:\/\/histovetblog.com\/category\/biopsias\/indicaciones-para-la-toma-de-muestras\/toma-de-muestras-en-casos-especiales\/\" target=\"_blank\" rel=\"noopener\">Casos especiais\u00a0<\/a>\u00a0(morte depois de anestesia, intoxica\u00e7\u00e3o, morte perinatal, abortos).<\/p>\n<\/div><\/section>\n<div  class='hr av-av_hr-dcd2069817a0e3d34ae04cad8f3443c7 hr-default  avia-builder-el-9  el_after_av_textblock  el_before_av_contact '><span class='hr-inner '><span class=\"hr-inner-style\"><\/span><\/span><\/div>\n<form action=\"https:\/\/histoweb.com\/pt-pt\/servicos\/biopsias-citologias\/\" method=\"post\" data-fields-with-error=\"Found errors in the following field(s):\" class=\"avia_ajax_form av-form-labels-visible   avia-builder-el-10  el_after_av_hr  el_before_av_hr   \" data-avia-form-id=\"1\" data-avia-redirect='' ><h3 class=''>Se faz favor, use o formul\u00e1rio abaixo para fazer sua pergunta ou coment\u00e1rio.<\/h3><fieldset><p class='  first_form  form_element form_fullwidth' id='element_avia_1_1'><label for=\"avia_1_1\">Nome <abbr class=\"required\" title=\"required\">*<\/abbr><\/label> <input name=\"avia_1_1\" class=\"text_input is_empty\" type=\"text\" id=\"avia_1_1\" value=\"\" \/><\/p><p class='  first_form  form_element form_fullwidth' id='element_avia_2_1'><label for=\"avia_2_1\">E-Mail <abbr class=\"required\" title=\"required\">*<\/abbr><\/label> <input name=\"avia_2_1\" class=\"text_input is_email\" type=\"text\" id=\"avia_2_1\" value=\"\" \/><\/p><p class='  first_form  form_element form_fullwidth' id='element_avia_3_1'><label for=\"avia_3_1\">Assunto <abbr class=\"required\" title=\"required\">*<\/abbr><\/label> <input name=\"avia_3_1\" class=\"text_input is_empty\" type=\"text\" id=\"avia_3_1\" value=\"\" \/><\/p><p class='  first_form  form_element form_fullwidth' id='element_avia_4_1'><label for=\"avia_4_1\" class=\"textare_label hidden textare_label_avia_4_1\">Mensagem <abbr class=\"required\" title=\"required\">*<\/abbr><\/label><textarea  name=\"avia_4_1\" class=\"text_area is_empty\" cols=\"40\" rows=\"7\" id=\"avia_4_1\" ><\/textarea><\/p><p class='  first_form  form_element form_fullwidth' id='element_avia_5_1'><input  name=\"avia_5_1\" class=\"input_checkbox is_empty\" type=\"checkbox\" id=\"avia_5_1\" value=\"true\"\/><label class=\"input_checkbox_label\" for=\"avia_5_1\">Aceito <a href=\"https:\/\/histoweb.com\/politica-de-privacidad\/\" target=\"_blank\" rel=\"noopener\">os Termos e Condi\u00e7\u00f5es de Uso<\/a> <abbr class=\"required\" title=\"required\">*<\/abbr><\/label><\/p><p class=\"hidden\"><input type=\"text\" name=\"avia_6_1\" class=\"hidden \" id=\"avia_6_1\" value=\"\" \/><\/p><p class='   form_element form_fullwidth' id='element_avia_7_1'><span class='value_verifier_label'>6 + 1 = ?<\/span><input name=\"avia_7_1_verifier\" type=\"hidden\" id=\"avia_7_1_verifier\" value=\"744857635\"\/><label for=\"avia_7_1\">Por favor, resolver a equa\u00e7\u00e3o para mostrar que voc\u00ea n\u00e3o \u00e9 um rob\u00f4 . <abbr class=\"required\" title=\"required\">*<\/abbr><\/label><input name=\"avia_7_1\" class=\"text_input captcha\" type=\"text\" id=\"avia_7_1\" value=\"\"\/><\/p><p class=\"form_element \"><input type=\"hidden\" value=\"1\" name=\"avia_generated_form1\" \/><input type=\"submit\" value=\"Enviar\" class=\"button\"  data-sending-label=\"Sending\"\/><\/p><\/fieldset><\/form><div id=\"ajaxresponse_1\" class=\"ajaxresponse ajaxresponse_1 hidden\"><\/div>\n<div  class='hr av-av_hr-dcd2069817a0e3d34ae04cad8f3443c7 hr-default  avia-builder-el-11  el_after_av_contact  el_before_av_textblock '><span class='hr-inner '><span class=\"hr-inner-style\"><\/span><\/span><\/div>\n<section  class='av_textblock_section av-av_textblock-0366cc7376be6c9e82a3e9cc8987b64f '   itemscope=\"itemscope\" itemtype=\"https:\/\/schema.org\/CreativeWork\" ><div class='avia_textblock'  itemprop=\"text\" ><h1 style=\"text-align: center;\">BI\u00d3PSIAS E CITOLOGIA ANIMAIS: C\u00c3ES, GATOS&#8230;<\/h1>\n<\/div><\/section>\n","protected":false},"excerpt":{"rendered":"","protected":false},"author":2,"featured_media":0,"parent":210,"menu_order":0,"comment_status":"open","ping_status":"closed","template":"","meta":{"footnotes":""},"class_list":["post-198","page","type-page","status-publish","hentry"],"yoast_head":"<!-- This site is optimized with the Yoast SEO plugin v26.6 - https:\/\/yoast.com\/wordpress\/plugins\/seo\/ -->\n<title>Biopsias e citologias, provas diagn\u00f3sticas de Histovet<\/title>\n<meta name=\"description\" content=\"Apoio dantes, durante e ap\u00f3s o diagn\u00f3stico: tomada de mostras de tecido animal, envio de embalagens para biopsias e citologias. Relat\u00f3rio cl\u00ednico detalhado.\" \/>\n<meta name=\"robots\" content=\"index, follow, max-snippet:-1, max-image-preview:large, max-video-preview:-1\" \/>\n<link rel=\"canonical\" href=\"https:\/\/histoweb.com\/pt-pt\/servicos\/biopsias-citologias\/\" \/>\n<meta property=\"og:locale\" content=\"pt_PT\" \/>\n<meta property=\"og:type\" content=\"article\" \/>\n<meta property=\"og:title\" content=\"Biopsias e citologias, provas diagn\u00f3sticas de Histovet\" \/>\n<meta property=\"og:description\" content=\"Apoio dantes, durante e ap\u00f3s o diagn\u00f3stico: tomada de mostras de tecido animal, envio de embalagens para biopsias e citologias. Relat\u00f3rio cl\u00ednico detalhado.\" \/>\n<meta property=\"og:url\" content=\"https:\/\/histoweb.com\/pt-pt\/servicos\/biopsias-citologias\/\" \/>\n<meta property=\"og:site_name\" content=\"Histoweb\" \/>\n<meta property=\"article:modified_time\" content=\"2018-01-12T16:40:45+00:00\" \/>\n<meta name=\"twitter:label1\" content=\"Tempo estimado de leitura\" \/>\n\t<meta name=\"twitter:data1\" content=\"5 minutos\" \/>\n<script type=\"application\/ld+json\" class=\"yoast-schema-graph\">{\"@context\":\"https:\/\/schema.org\",\"@graph\":[{\"@type\":\"WebPage\",\"@id\":\"https:\/\/histoweb.com\/pt-pt\/servicos\/biopsias-citologias\/\",\"url\":\"https:\/\/histoweb.com\/pt-pt\/servicos\/biopsias-citologias\/\",\"name\":\"Biopsias e citologias, provas diagn\u00f3sticas de Histovet\",\"isPartOf\":{\"@id\":\"https:\/\/histoweb.com\/#website\"},\"datePublished\":\"2014-03-13T10:44:42+00:00\",\"dateModified\":\"2018-01-12T16:40:45+00:00\",\"description\":\"Apoio dantes, durante e ap\u00f3s o diagn\u00f3stico: tomada de mostras de tecido animal, envio de embalagens para biopsias e citologias. Relat\u00f3rio cl\u00ednico detalhado.\",\"breadcrumb\":{\"@id\":\"https:\/\/histoweb.com\/pt-pt\/servicos\/biopsias-citologias\/#breadcrumb\"},\"inLanguage\":\"pt-PT\",\"potentialAction\":[{\"@type\":\"ReadAction\",\"target\":[\"https:\/\/histoweb.com\/pt-pt\/servicos\/biopsias-citologias\/\"]}]},{\"@type\":\"BreadcrumbList\",\"@id\":\"https:\/\/histoweb.com\/pt-pt\/servicos\/biopsias-citologias\/#breadcrumb\",\"itemListElement\":[{\"@type\":\"ListItem\",\"position\":1,\"name\":\"Portada\",\"item\":\"https:\/\/histoweb.com\/pt-pt\/portada-2\/\"},{\"@type\":\"ListItem\",\"position\":2,\"name\":\"Servi\u00e7os\",\"item\":\"https:\/\/histoweb.com\/pt-pt\/servicos\/\"},{\"@type\":\"ListItem\",\"position\":3,\"name\":\"Biopsias e Citologias\"}]},{\"@type\":\"WebSite\",\"@id\":\"https:\/\/histoweb.com\/#website\",\"url\":\"https:\/\/histoweb.com\/\",\"name\":\"Histoweb\",\"description\":\"Servicio de diagn\u00f3stico histopatol\u00f3gico veterinario\",\"publisher\":{\"@id\":\"https:\/\/histoweb.com\/#organization\"},\"potentialAction\":[{\"@type\":\"SearchAction\",\"target\":{\"@type\":\"EntryPoint\",\"urlTemplate\":\"https:\/\/histoweb.com\/?s={search_term_string}\"},\"query-input\":{\"@type\":\"PropertyValueSpecification\",\"valueRequired\":true,\"valueName\":\"search_term_string\"}}],\"inLanguage\":\"pt-PT\"},{\"@type\":\"Organization\",\"@id\":\"https:\/\/histoweb.com\/#organization\",\"name\":\"Histovet\",\"url\":\"https:\/\/histoweb.com\/\",\"logo\":{\"@type\":\"ImageObject\",\"inLanguage\":\"pt-PT\",\"@id\":\"https:\/\/histoweb.com\/#\/schema\/logo\/image\/\",\"url\":\"https:\/\/histoweb.com\/wp-content\/uploads\/2014\/03\/logo.jpg\",\"contentUrl\":\"https:\/\/histoweb.com\/wp-content\/uploads\/2014\/03\/logo.jpg\",\"width\":336,\"height\":75,\"caption\":\"Histovet\"},\"image\":{\"@id\":\"https:\/\/histoweb.com\/#\/schema\/logo\/image\/\"}}]}<\/script>\n<!-- \/ Yoast SEO plugin. -->","yoast_head_json":{"title":"Biopsias e citologias, provas diagn\u00f3sticas de Histovet","description":"Apoio dantes, durante e ap\u00f3s o diagn\u00f3stico: tomada de mostras de tecido animal, envio de embalagens para biopsias e citologias. Relat\u00f3rio cl\u00ednico detalhado.","robots":{"index":"index","follow":"follow","max-snippet":"max-snippet:-1","max-image-preview":"max-image-preview:large","max-video-preview":"max-video-preview:-1"},"canonical":"https:\/\/histoweb.com\/pt-pt\/servicos\/biopsias-citologias\/","og_locale":"pt_PT","og_type":"article","og_title":"Biopsias e citologias, provas diagn\u00f3sticas de Histovet","og_description":"Apoio dantes, durante e ap\u00f3s o diagn\u00f3stico: tomada de mostras de tecido animal, envio de embalagens para biopsias e citologias. Relat\u00f3rio cl\u00ednico detalhado.","og_url":"https:\/\/histoweb.com\/pt-pt\/servicos\/biopsias-citologias\/","og_site_name":"Histoweb","article_modified_time":"2018-01-12T16:40:45+00:00","twitter_misc":{"Tempo estimado de leitura":"5 minutos"},"schema":{"@context":"https:\/\/schema.org","@graph":[{"@type":"WebPage","@id":"https:\/\/histoweb.com\/pt-pt\/servicos\/biopsias-citologias\/","url":"https:\/\/histoweb.com\/pt-pt\/servicos\/biopsias-citologias\/","name":"Biopsias e citologias, provas diagn\u00f3sticas de Histovet","isPartOf":{"@id":"https:\/\/histoweb.com\/#website"},"datePublished":"2014-03-13T10:44:42+00:00","dateModified":"2018-01-12T16:40:45+00:00","description":"Apoio dantes, durante e ap\u00f3s o diagn\u00f3stico: tomada de mostras de tecido animal, envio de embalagens para biopsias e citologias. Relat\u00f3rio cl\u00ednico detalhado.","breadcrumb":{"@id":"https:\/\/histoweb.com\/pt-pt\/servicos\/biopsias-citologias\/#breadcrumb"},"inLanguage":"pt-PT","potentialAction":[{"@type":"ReadAction","target":["https:\/\/histoweb.com\/pt-pt\/servicos\/biopsias-citologias\/"]}]},{"@type":"BreadcrumbList","@id":"https:\/\/histoweb.com\/pt-pt\/servicos\/biopsias-citologias\/#breadcrumb","itemListElement":[{"@type":"ListItem","position":1,"name":"Portada","item":"https:\/\/histoweb.com\/pt-pt\/portada-2\/"},{"@type":"ListItem","position":2,"name":"Servi\u00e7os","item":"https:\/\/histoweb.com\/pt-pt\/servicos\/"},{"@type":"ListItem","position":3,"name":"Biopsias e Citologias"}]},{"@type":"WebSite","@id":"https:\/\/histoweb.com\/#website","url":"https:\/\/histoweb.com\/","name":"Histoweb","description":"Servicio de diagn\u00f3stico histopatol\u00f3gico veterinario","publisher":{"@id":"https:\/\/histoweb.com\/#organization"},"potentialAction":[{"@type":"SearchAction","target":{"@type":"EntryPoint","urlTemplate":"https:\/\/histoweb.com\/?s={search_term_string}"},"query-input":{"@type":"PropertyValueSpecification","valueRequired":true,"valueName":"search_term_string"}}],"inLanguage":"pt-PT"},{"@type":"Organization","@id":"https:\/\/histoweb.com\/#organization","name":"Histovet","url":"https:\/\/histoweb.com\/","logo":{"@type":"ImageObject","inLanguage":"pt-PT","@id":"https:\/\/histoweb.com\/#\/schema\/logo\/image\/","url":"https:\/\/histoweb.com\/wp-content\/uploads\/2014\/03\/logo.jpg","contentUrl":"https:\/\/histoweb.com\/wp-content\/uploads\/2014\/03\/logo.jpg","width":336,"height":75,"caption":"Histovet"},"image":{"@id":"https:\/\/histoweb.com\/#\/schema\/logo\/image\/"}}]}},"_links":{"self":[{"href":"https:\/\/histoweb.com\/pt-pt\/wp-json\/wp\/v2\/pages\/198","targetHints":{"allow":["GET"]}}],"collection":[{"href":"https:\/\/histoweb.com\/pt-pt\/wp-json\/wp\/v2\/pages"}],"about":[{"href":"https:\/\/histoweb.com\/pt-pt\/wp-json\/wp\/v2\/types\/page"}],"author":[{"embeddable":true,"href":"https:\/\/histoweb.com\/pt-pt\/wp-json\/wp\/v2\/users\/2"}],"replies":[{"embeddable":true,"href":"https:\/\/histoweb.com\/pt-pt\/wp-json\/wp\/v2\/comments?post=198"}],"version-history":[{"count":1,"href":"https:\/\/histoweb.com\/pt-pt\/wp-json\/wp\/v2\/pages\/198\/revisions"}],"predecessor-version":[{"id":7340,"href":"https:\/\/histoweb.com\/pt-pt\/wp-json\/wp\/v2\/pages\/198\/revisions\/7340"}],"up":[{"embeddable":true,"href":"https:\/\/histoweb.com\/pt-pt\/wp-json\/wp\/v2\/pages\/210"}],"wp:attachment":[{"href":"https:\/\/histoweb.com\/pt-pt\/wp-json\/wp\/v2\/media?parent=198"}],"curies":[{"name":"wp","href":"https:\/\/api.w.org\/{rel}","templated":true}]}}