{"id":205,"date":"2014-04-04T15:14:56","date_gmt":"2014-04-04T14:14:56","guid":{"rendered":"http:\/\/histoweb.com\/?page_id=205"},"modified":"2018-01-12T17:41:21","modified_gmt":"2018-01-12T16:41:21","slug":"rotina-de-trabalho","status":"publish","type":"page","link":"https:\/\/histoweb.com\/pt-pt\/servicos\/rotina-de-trabalho\/","title":{"rendered":"Rotina de trabalho"},"content":{"rendered":"<div id='full_slider_1'  class='avia-fullwidth-slider main_color avia-shadow   avia-builder-el-0  el_before_av_textblock  avia-builder-el-first   container_wrap fullsize'  ><div  class='avia-slideshow av-av_slideshow_full-4f3ef5c0d0c5e5a45e27d5f99336c2be avia-slideshow-featured av_slideshow_full avia-slide-slider av-slideshow-ui av-control-default av-slideshow-manual av-loop-once av-loop-manual-endless av-default-height-applied   avia-slideshow-1' data-slideshow-options=\"{&quot;animation&quot;:&quot;slide&quot;,&quot;autoplay&quot;:false,&quot;loop_autoplay&quot;:&quot;once&quot;,&quot;interval&quot;:5,&quot;loop_manual&quot;:&quot;manual-endless&quot;,&quot;autoplay_stopper&quot;:false,&quot;noNavigation&quot;:false,&quot;bg_slider&quot;:false,&quot;keep_padding&quot;:false,&quot;hoverpause&quot;:false,&quot;show_slide_delay&quot;:0}\"  itemprop=\"image\" itemscope=\"itemscope\" itemtype=\"https:\/\/schema.org\/ImageObject\" ><ul class='avia-slideshow-inner ' style='padding-bottom: 26.595744680851%;'><li  class='avia-slideshow-slide av-av_slideshow_full-4f3ef5c0d0c5e5a45e27d5f99336c2be__0  av-single-slide slide-1 slide-odd'><div data-rel='slideshow-1' class='avia-slide-wrap '   ><img decoding=\"async\" fetchpriority=\"high\" class=\"wp-image-3056 avia-img-lazy-loading-not-3056\"  src=\"https:\/\/histoweb.com\/wp-content\/uploads\/2014\/11\/biopsia-citologia-24-horas.jpg\" width=\"940\" height=\"250\" title='biopsia-citologia-24-horas' alt=''  itemprop=\"thumbnailUrl\" srcset=\"https:\/\/histoweb.com\/wp-content\/uploads\/2014\/11\/biopsia-citologia-24-horas.jpg 940w, https:\/\/histoweb.com\/wp-content\/uploads\/2014\/11\/biopsia-citologia-24-horas-300x79.jpg 300w\" sizes=\"(max-width: 940px) 100vw, 940px\" \/><\/div><\/li><\/ul><\/div><\/div><div id='after_full_slider_1'  class='main_color av_default_container_wrap container_wrap fullsize'  ><div class='container av-section-cont-open' ><div class='template-page content  av-content-full alpha units'><div class='post-entry post-entry-type-page post-entry-205'><div class='entry-content-wrapper clearfix'>\n<section  class='av_textblock_section av-av_textblock-0366cc7376be6c9e82a3e9cc8987b64f '   itemscope=\"itemscope\" itemtype=\"https:\/\/schema.org\/CreativeWork\" ><div class='avia_textblock'  itemprop=\"text\" ><h2>ROTINA DE TRABALHO<\/h2>\n<p>As entregas realizam-se em HISTOVET da manh\u00e3. Durante o meio dia e \u00e0 tarde do mesmo dia as mostras s\u00e3o processadas e inclu\u00eddas em parafina. Os tecidos inclu\u00eddos cortam-se e se tingem na manh\u00e3 seguinte, e finalmente diagnostica-se durante a tarde. Isto \u00e9, a biopsia sempre \u00e9 diagnosticada entre 24 e 36 horas da chegada a nosso laborat\u00f3rio. As citologias se tingem e diagnosticam durante a tarde do mesmo dia de chegada a nosso centro.<\/p>\n<p>Os casos especialmente urgentes diagnosticam-se a primeira hora da tarde, conseguindo a comunica\u00e7\u00e3o do resultado ao dia seguinte da chegada da mostra no caso das biopsias ou no mesmo dia de sua chegada com citologias (marcar estes casos de forma claramente vis\u00edvel no formul\u00e1rio de solicita\u00e7\u00e3o de estudo).<\/p>\n<p><span style=\"color: #18acb2;\">AVISO DE RESULTADOS<\/span><br \/>\nVoc\u00ea pode escolher se os resultados ser\u00e3o enviados via e-mail, fax ou correio. <span style=\"color: #ff0000;\">OS RELAT\u00d3RIOS S\u00c3O FORNECIDOS EM ESPANHOL OU PORTUGU\u00caS<\/span><\/p>\n<p><span style=\"color: #18acb4;\">EXEMPLO DE RELAT\u00d3RIO<\/span><\/p>\n<p><a href=\"https:\/\/histoweb.com\/wp-content\/uploads\/2014\/11\/H-0454363.pdf\"><img loading=\"lazy\" decoding=\"async\" class=\"alignleft wp-image-3455 size-medium\" src=\"https:\/\/histoweb.com\/wp-content\/uploads\/2014\/11\/H-0454363-212x300.jpg\" alt=\"\" width=\"212\" height=\"300\" srcset=\"https:\/\/histoweb.com\/wp-content\/uploads\/2014\/11\/H-0454363-212x300.jpg 212w, https:\/\/histoweb.com\/wp-content\/uploads\/2014\/11\/H-0454363-724x1024.jpg 724w, https:\/\/histoweb.com\/wp-content\/uploads\/2014\/11\/H-0454363.jpg 1239w\" sizes=\"auto, (max-width: 212px) 100vw, 212px\" \/><\/a><\/p>\n<\/div><\/section>\n<div  class='hr av-av_hr-dcd2069817a0e3d34ae04cad8f3443c7 hr-default  avia-builder-el-2  el_after_av_textblock  el_before_av_contact '><span class='hr-inner '><span class=\"hr-inner-style\"><\/span><\/span><\/div>\n<form action=\"https:\/\/histoweb.com\/pt-pt\/servicos\/rotina-de-trabalho\/\" method=\"post\" data-fields-with-error=\"Found errors in the following field(s):\" class=\"avia_ajax_form av-form-labels-visible   avia-builder-el-3  el_after_av_hr  el_before_av_hr   \" data-avia-form-id=\"1\" data-avia-redirect='' ><h3 class=''>Se faz favor, use o formul\u00e1rio abaixo para fazer sua pergunta ou coment\u00e1rio.<\/h3><fieldset><p class='  first_form  form_element form_fullwidth' id='element_avia_1_1'><label for=\"avia_1_1\">Nome <abbr class=\"required\" title=\"required\">*<\/abbr><\/label> <input name=\"avia_1_1\" class=\"text_input is_empty\" type=\"text\" id=\"avia_1_1\" value=\"\" \/><\/p><p class='  first_form  form_element form_fullwidth' id='element_avia_2_1'><label for=\"avia_2_1\">E-Mail <abbr class=\"required\" title=\"required\">*<\/abbr><\/label> <input name=\"avia_2_1\" class=\"text_input is_email\" type=\"text\" id=\"avia_2_1\" value=\"\" \/><\/p><p class='  first_form  form_element form_fullwidth' id='element_avia_3_1'><label for=\"avia_3_1\">Assunto <abbr class=\"required\" title=\"required\">*<\/abbr><\/label> <input name=\"avia_3_1\" class=\"text_input is_empty\" type=\"text\" id=\"avia_3_1\" value=\"\" \/><\/p><p class='  first_form  form_element form_fullwidth' id='element_avia_4_1'><label for=\"avia_4_1\" class=\"textare_label hidden textare_label_avia_4_1\">Mensagem <abbr class=\"required\" title=\"required\">*<\/abbr><\/label><textarea  name=\"avia_4_1\" class=\"text_area is_empty\" cols=\"40\" rows=\"7\" id=\"avia_4_1\" ><\/textarea><\/p><p class='  first_form  form_element form_fullwidth' id='element_avia_5_1'><input  name=\"avia_5_1\" class=\"input_checkbox is_empty\" type=\"checkbox\" id=\"avia_5_1\" value=\"true\"\/><label class=\"input_checkbox_label\" for=\"avia_5_1\">Aceito <a href=\"https:\/\/histoweb.com\/politica-de-privacidad\/\" target=\"_blank\" rel=\"noopener\">os Termos e Condi\u00e7\u00f5es de Uso<\/a> <abbr class=\"required\" title=\"required\">*<\/abbr><\/label><\/p><p class=\"hidden\"><input type=\"text\" name=\"avia_6_1\" class=\"hidden \" id=\"avia_6_1\" value=\"\" \/><\/p><p class='   form_element form_fullwidth' id='element_avia_7_1'><span class='value_verifier_label'>0 + 4 = ?<\/span><input name=\"avia_7_1_verifier\" type=\"hidden\" id=\"avia_7_1_verifier\" value=\"375835647\"\/><label for=\"avia_7_1\">Por favor, resolver a equa\u00e7\u00e3o para mostrar que voc\u00ea n\u00e3o \u00e9 um rob\u00f4 . <abbr class=\"required\" title=\"required\">*<\/abbr><\/label><input name=\"avia_7_1\" class=\"text_input captcha\" type=\"text\" id=\"avia_7_1\" value=\"\"\/><\/p><p class=\"form_element \"><input type=\"hidden\" value=\"1\" name=\"avia_generated_form1\" \/><input type=\"submit\" value=\"Enviar\" class=\"button\"  data-sending-label=\"Sending\"\/><\/p><\/fieldset><\/form><div id=\"ajaxresponse_1\" class=\"ajaxresponse ajaxresponse_1 hidden\"><\/div>\n<div  class='hr av-av_hr-dcd2069817a0e3d34ae04cad8f3443c7 hr-default  avia-builder-el-4  el_after_av_contact  el_before_av_textblock '><span class='hr-inner '><span class=\"hr-inner-style\"><\/span><\/span><\/div>\n<section  class='av_textblock_section av-av_textblock-0366cc7376be6c9e82a3e9cc8987b64f '   itemscope=\"itemscope\" itemtype=\"https:\/\/schema.org\/CreativeWork\" ><div class='avia_textblock'  itemprop=\"text\" ><h1 style=\"text-align: center;\">BI\u00d3PSIAS E CITOLOGIA DE ANIMAIS EM 24 HORAS<\/h1>\n<\/div><\/section>\n","protected":false},"excerpt":{"rendered":"","protected":false},"author":2,"featured_media":0,"parent":210,"menu_order":0,"comment_status":"open","ping_status":"closed","template":"","meta":{"footnotes":""},"class_list":["post-205","page","type-page","status-publish","hentry"],"yoast_head":"<!-- This site is optimized with the Yoast SEO plugin v26.6 - https:\/\/yoast.com\/wordpress\/plugins\/seo\/ -->\n<title>Diagn\u00f3stico histopatol\u00f3gico veterin\u00e1rio nas primeiras 24 horas<\/title>\n<meta name=\"description\" content=\"Biopsia diagnosticada entre 24 e 36 horas da chegada ao laborat\u00f3rio de Histovet. As citologias diagnosticam-se durante o mesmo dia.\" \/>\n<meta name=\"robots\" content=\"index, follow, max-snippet:-1, max-image-preview:large, max-video-preview:-1\" \/>\n<link rel=\"canonical\" href=\"https:\/\/histoweb.com\/pt-pt\/servicos\/rotina-de-trabalho\/\" \/>\n<meta property=\"og:locale\" content=\"pt_PT\" \/>\n<meta property=\"og:type\" content=\"article\" \/>\n<meta property=\"og:title\" content=\"Diagn\u00f3stico histopatol\u00f3gico veterin\u00e1rio nas primeiras 24 horas\" \/>\n<meta property=\"og:description\" content=\"Biopsia diagnosticada entre 24 e 36 horas da chegada ao laborat\u00f3rio de Histovet. As citologias diagnosticam-se durante o mesmo dia.\" \/>\n<meta property=\"og:url\" content=\"https:\/\/histoweb.com\/pt-pt\/servicos\/rotina-de-trabalho\/\" \/>\n<meta property=\"og:site_name\" content=\"Histoweb\" \/>\n<meta property=\"article:modified_time\" content=\"2018-01-12T16:41:21+00:00\" \/>\n<meta property=\"og:image\" content=\"https:\/\/histoweb.com\/wp-content\/uploads\/2014\/11\/H-0454363-212x300.jpg\" \/>\n<meta name=\"twitter:label1\" content=\"Tempo estimado de leitura\" \/>\n\t<meta name=\"twitter:data1\" content=\"3 minutos\" \/>\n<script type=\"application\/ld+json\" class=\"yoast-schema-graph\">{\"@context\":\"https:\/\/schema.org\",\"@graph\":[{\"@type\":\"WebPage\",\"@id\":\"https:\/\/histoweb.com\/pt-pt\/servicos\/rotina-de-trabalho\/\",\"url\":\"https:\/\/histoweb.com\/pt-pt\/servicos\/rotina-de-trabalho\/\",\"name\":\"Diagn\u00f3stico histopatol\u00f3gico veterin\u00e1rio nas primeiras 24 horas\",\"isPartOf\":{\"@id\":\"https:\/\/histoweb.com\/#website\"},\"primaryImageOfPage\":{\"@id\":\"https:\/\/histoweb.com\/pt-pt\/servicos\/rotina-de-trabalho\/#primaryimage\"},\"image\":{\"@id\":\"https:\/\/histoweb.com\/pt-pt\/servicos\/rotina-de-trabalho\/#primaryimage\"},\"thumbnailUrl\":\"https:\/\/histoweb.com\/wp-content\/uploads\/2014\/11\/H-0454363-212x300.jpg\",\"datePublished\":\"2014-04-04T14:14:56+00:00\",\"dateModified\":\"2018-01-12T16:41:21+00:00\",\"description\":\"Biopsia diagnosticada entre 24 e 36 horas da chegada ao laborat\u00f3rio de Histovet. As citologias diagnosticam-se durante o mesmo dia.\",\"breadcrumb\":{\"@id\":\"https:\/\/histoweb.com\/pt-pt\/servicos\/rotina-de-trabalho\/#breadcrumb\"},\"inLanguage\":\"pt-PT\",\"potentialAction\":[{\"@type\":\"ReadAction\",\"target\":[\"https:\/\/histoweb.com\/pt-pt\/servicos\/rotina-de-trabalho\/\"]}]},{\"@type\":\"ImageObject\",\"inLanguage\":\"pt-PT\",\"@id\":\"https:\/\/histoweb.com\/pt-pt\/servicos\/rotina-de-trabalho\/#primaryimage\",\"url\":\"https:\/\/histoweb.com\/wp-content\/uploads\/2014\/11\/H-0454363-212x300.jpg\",\"contentUrl\":\"https:\/\/histoweb.com\/wp-content\/uploads\/2014\/11\/H-0454363-212x300.jpg\"},{\"@type\":\"BreadcrumbList\",\"@id\":\"https:\/\/histoweb.com\/pt-pt\/servicos\/rotina-de-trabalho\/#breadcrumb\",\"itemListElement\":[{\"@type\":\"ListItem\",\"position\":1,\"name\":\"Portada\",\"item\":\"https:\/\/histoweb.com\/pt-pt\/portada-2\/\"},{\"@type\":\"ListItem\",\"position\":2,\"name\":\"Servi\u00e7os\",\"item\":\"https:\/\/histoweb.com\/pt-pt\/servicos\/\"},{\"@type\":\"ListItem\",\"position\":3,\"name\":\"Rotina de trabalho\"}]},{\"@type\":\"WebSite\",\"@id\":\"https:\/\/histoweb.com\/#website\",\"url\":\"https:\/\/histoweb.com\/\",\"name\":\"Histoweb\",\"description\":\"Servicio de diagn\u00f3stico histopatol\u00f3gico veterinario\",\"publisher\":{\"@id\":\"https:\/\/histoweb.com\/#organization\"},\"potentialAction\":[{\"@type\":\"SearchAction\",\"target\":{\"@type\":\"EntryPoint\",\"urlTemplate\":\"https:\/\/histoweb.com\/?s={search_term_string}\"},\"query-input\":{\"@type\":\"PropertyValueSpecification\",\"valueRequired\":true,\"valueName\":\"search_term_string\"}}],\"inLanguage\":\"pt-PT\"},{\"@type\":\"Organization\",\"@id\":\"https:\/\/histoweb.com\/#organization\",\"name\":\"Histovet\",\"url\":\"https:\/\/histoweb.com\/\",\"logo\":{\"@type\":\"ImageObject\",\"inLanguage\":\"pt-PT\",\"@id\":\"https:\/\/histoweb.com\/#\/schema\/logo\/image\/\",\"url\":\"https:\/\/histoweb.com\/wp-content\/uploads\/2014\/03\/logo.jpg\",\"contentUrl\":\"https:\/\/histoweb.com\/wp-content\/uploads\/2014\/03\/logo.jpg\",\"width\":336,\"height\":75,\"caption\":\"Histovet\"},\"image\":{\"@id\":\"https:\/\/histoweb.com\/#\/schema\/logo\/image\/\"}}]}<\/script>\n<!-- \/ Yoast SEO plugin. -->","yoast_head_json":{"title":"Diagn\u00f3stico histopatol\u00f3gico veterin\u00e1rio nas primeiras 24 horas","description":"Biopsia diagnosticada entre 24 e 36 horas da chegada ao laborat\u00f3rio de Histovet. As citologias diagnosticam-se durante o mesmo dia.","robots":{"index":"index","follow":"follow","max-snippet":"max-snippet:-1","max-image-preview":"max-image-preview:large","max-video-preview":"max-video-preview:-1"},"canonical":"https:\/\/histoweb.com\/pt-pt\/servicos\/rotina-de-trabalho\/","og_locale":"pt_PT","og_type":"article","og_title":"Diagn\u00f3stico histopatol\u00f3gico veterin\u00e1rio nas primeiras 24 horas","og_description":"Biopsia diagnosticada entre 24 e 36 horas da chegada ao laborat\u00f3rio de Histovet. As citologias diagnosticam-se durante o mesmo dia.","og_url":"https:\/\/histoweb.com\/pt-pt\/servicos\/rotina-de-trabalho\/","og_site_name":"Histoweb","article_modified_time":"2018-01-12T16:41:21+00:00","og_image":[{"url":"https:\/\/histoweb.com\/wp-content\/uploads\/2014\/11\/H-0454363-212x300.jpg","type":"","width":"","height":""}],"twitter_misc":{"Tempo estimado de leitura":"3 minutos"},"schema":{"@context":"https:\/\/schema.org","@graph":[{"@type":"WebPage","@id":"https:\/\/histoweb.com\/pt-pt\/servicos\/rotina-de-trabalho\/","url":"https:\/\/histoweb.com\/pt-pt\/servicos\/rotina-de-trabalho\/","name":"Diagn\u00f3stico histopatol\u00f3gico veterin\u00e1rio nas primeiras 24 horas","isPartOf":{"@id":"https:\/\/histoweb.com\/#website"},"primaryImageOfPage":{"@id":"https:\/\/histoweb.com\/pt-pt\/servicos\/rotina-de-trabalho\/#primaryimage"},"image":{"@id":"https:\/\/histoweb.com\/pt-pt\/servicos\/rotina-de-trabalho\/#primaryimage"},"thumbnailUrl":"https:\/\/histoweb.com\/wp-content\/uploads\/2014\/11\/H-0454363-212x300.jpg","datePublished":"2014-04-04T14:14:56+00:00","dateModified":"2018-01-12T16:41:21+00:00","description":"Biopsia diagnosticada entre 24 e 36 horas da chegada ao laborat\u00f3rio de Histovet. As citologias diagnosticam-se durante o mesmo dia.","breadcrumb":{"@id":"https:\/\/histoweb.com\/pt-pt\/servicos\/rotina-de-trabalho\/#breadcrumb"},"inLanguage":"pt-PT","potentialAction":[{"@type":"ReadAction","target":["https:\/\/histoweb.com\/pt-pt\/servicos\/rotina-de-trabalho\/"]}]},{"@type":"ImageObject","inLanguage":"pt-PT","@id":"https:\/\/histoweb.com\/pt-pt\/servicos\/rotina-de-trabalho\/#primaryimage","url":"https:\/\/histoweb.com\/wp-content\/uploads\/2014\/11\/H-0454363-212x300.jpg","contentUrl":"https:\/\/histoweb.com\/wp-content\/uploads\/2014\/11\/H-0454363-212x300.jpg"},{"@type":"BreadcrumbList","@id":"https:\/\/histoweb.com\/pt-pt\/servicos\/rotina-de-trabalho\/#breadcrumb","itemListElement":[{"@type":"ListItem","position":1,"name":"Portada","item":"https:\/\/histoweb.com\/pt-pt\/portada-2\/"},{"@type":"ListItem","position":2,"name":"Servi\u00e7os","item":"https:\/\/histoweb.com\/pt-pt\/servicos\/"},{"@type":"ListItem","position":3,"name":"Rotina de trabalho"}]},{"@type":"WebSite","@id":"https:\/\/histoweb.com\/#website","url":"https:\/\/histoweb.com\/","name":"Histoweb","description":"Servicio de diagn\u00f3stico histopatol\u00f3gico veterinario","publisher":{"@id":"https:\/\/histoweb.com\/#organization"},"potentialAction":[{"@type":"SearchAction","target":{"@type":"EntryPoint","urlTemplate":"https:\/\/histoweb.com\/?s={search_term_string}"},"query-input":{"@type":"PropertyValueSpecification","valueRequired":true,"valueName":"search_term_string"}}],"inLanguage":"pt-PT"},{"@type":"Organization","@id":"https:\/\/histoweb.com\/#organization","name":"Histovet","url":"https:\/\/histoweb.com\/","logo":{"@type":"ImageObject","inLanguage":"pt-PT","@id":"https:\/\/histoweb.com\/#\/schema\/logo\/image\/","url":"https:\/\/histoweb.com\/wp-content\/uploads\/2014\/03\/logo.jpg","contentUrl":"https:\/\/histoweb.com\/wp-content\/uploads\/2014\/03\/logo.jpg","width":336,"height":75,"caption":"Histovet"},"image":{"@id":"https:\/\/histoweb.com\/#\/schema\/logo\/image\/"}}]}},"_links":{"self":[{"href":"https:\/\/histoweb.com\/pt-pt\/wp-json\/wp\/v2\/pages\/205","targetHints":{"allow":["GET"]}}],"collection":[{"href":"https:\/\/histoweb.com\/pt-pt\/wp-json\/wp\/v2\/pages"}],"about":[{"href":"https:\/\/histoweb.com\/pt-pt\/wp-json\/wp\/v2\/types\/page"}],"author":[{"embeddable":true,"href":"https:\/\/histoweb.com\/pt-pt\/wp-json\/wp\/v2\/users\/2"}],"replies":[{"embeddable":true,"href":"https:\/\/histoweb.com\/pt-pt\/wp-json\/wp\/v2\/comments?post=205"}],"version-history":[{"count":1,"href":"https:\/\/histoweb.com\/pt-pt\/wp-json\/wp\/v2\/pages\/205\/revisions"}],"predecessor-version":[{"id":7342,"href":"https:\/\/histoweb.com\/pt-pt\/wp-json\/wp\/v2\/pages\/205\/revisions\/7342"}],"up":[{"embeddable":true,"href":"https:\/\/histoweb.com\/pt-pt\/wp-json\/wp\/v2\/pages\/210"}],"wp:attachment":[{"href":"https:\/\/histoweb.com\/pt-pt\/wp-json\/wp\/v2\/media?parent=205"}],"curies":[{"name":"wp","href":"https:\/\/api.w.org\/{rel}","templated":true}]}}