{"id":207,"date":"2014-03-13T12:16:54","date_gmt":"2014-03-13T11:16:54","guid":{"rendered":"http:\/\/histoweb.com\/?page_id=207"},"modified":"2016-02-22T17:42:19","modified_gmt":"2016-02-22T16:42:19","slug":"tecnicas-especiais-diagnostico","status":"publish","type":"page","link":"https:\/\/histoweb.com\/pt-pt\/servicos\/tecnicas-especiais-diagnostico\/","title":{"rendered":"T\u00e9cnicas especiais de diagn\u00f3stico"},"content":{"rendered":"<div id='full_slider_1'  class='avia-fullwidth-slider main_color avia-shadow   avia-builder-el-0  el_before_av_textblock  avia-builder-el-first   container_wrap fullsize'  ><div  class='avia-slideshow av-av_slideshow_full-4f3ef5c0d0c5e5a45e27d5f99336c2be avia-slideshow-featured av_slideshow_full avia-slide-slider av-slideshow-ui av-control-default av-slideshow-manual av-loop-once av-loop-manual-endless av-default-height-applied   avia-slideshow-1' data-slideshow-options=\"{&quot;animation&quot;:&quot;slide&quot;,&quot;autoplay&quot;:false,&quot;loop_autoplay&quot;:&quot;once&quot;,&quot;interval&quot;:5,&quot;loop_manual&quot;:&quot;manual-endless&quot;,&quot;autoplay_stopper&quot;:false,&quot;noNavigation&quot;:false,&quot;bg_slider&quot;:false,&quot;keep_padding&quot;:false,&quot;hoverpause&quot;:false,&quot;show_slide_delay&quot;:0}\"  itemprop=\"image\" itemscope=\"itemscope\" itemtype=\"https:\/\/schema.org\/ImageObject\" ><ul class='avia-slideshow-inner ' style='padding-bottom: 26.595744680851%;'><li  class='avia-slideshow-slide av-av_slideshow_full-4f3ef5c0d0c5e5a45e27d5f99336c2be__0  av-single-slide slide-1 slide-odd'><div data-rel='slideshow-1' class='avia-slide-wrap '   ><img decoding=\"async\" fetchpriority=\"high\" class=\"wp-image-3091 avia-img-lazy-loading-not-3091\"  src=\"https:\/\/histoweb.com\/wp-content\/uploads\/2014\/11\/tecnolog\u00edas-especiales-pato.jpg\" width=\"940\" height=\"250\" title='tecnolog\u00edas-especiales-pato' alt=''  itemprop=\"thumbnailUrl\" srcset=\"https:\/\/histoweb.com\/wp-content\/uploads\/2014\/11\/tecnolog\u00edas-especiales-pato.jpg 940w, https:\/\/histoweb.com\/wp-content\/uploads\/2014\/11\/tecnolog\u00edas-especiales-pato-300x79.jpg 300w\" sizes=\"(max-width: 940px) 100vw, 940px\" \/><\/div><\/li><\/ul><\/div><\/div><div id='after_full_slider_1'  class='main_color av_default_container_wrap container_wrap fullsize'  ><div class='container av-section-cont-open' ><div class='template-page content  av-content-full alpha units'><div class='post-entry post-entry-type-page post-entry-207'><div class='entry-content-wrapper clearfix'>\n<section  class='av_textblock_section av-av_textblock-0366cc7376be6c9e82a3e9cc8987b64f '   itemscope=\"itemscope\" itemtype=\"https:\/\/schema.org\/CreativeWork\" ><div class='avia_textblock'  itemprop=\"text\" ><h2><span style=\"font-size: 20px;\">T\u00c9CNICAS ESPECIAIS DE DIAGN\u00d3STICO<\/span><\/h2>\n<p><strong><span style=\"color: #18acb2;\">ESTUDOS IMUNOHISTOQUIMICOS<\/span><\/strong><\/p>\n<p>As t\u00e9cnicas imunohistoqu\u00edmicas (IHQs) aplicam-se para identificar neoplasias indiferenciadas ou detectar agentes infecciosos nas biopsias j\u00e1 remetidas ao laborat\u00f3rio, mediante uso dos seguintes anticorpos\u00a0t\u00e9cnicas inmunocitoqu\u00edmicas se aplican para identificar neoplasias indiferenciadas o detectar agentes infecciosos en las biopsias ya remitidas al laboratorio, mediante el uso de los siguientes anticuerpos.<\/p>\n<table class=\"myTable\">\n<thead>\n<tr>\n<th>Anticorpo<\/th>\n<th>Reconhece<\/th>\n<th>Diagn\u00f3stico<\/th>\n<\/tr>\n<\/thead>\n<tbody>\n<tr>\n<td>CD3<\/td>\n<td>Linf\u00f3citos T<\/td>\n<td>Linfoma T<\/td>\n<\/tr>\n<tr>\n<td>CD79a<\/td>\n<td>Linf\u00f3citos B (c\u00e3o)<\/td>\n<td>Linfoma B<\/td>\n<\/tr>\n<tr>\n<td>CD45R<\/td>\n<td>Linf\u00f3citos B (gato)<\/td>\n<td>Linfoma B<\/td>\n<\/tr>\n<tr>\n<td>MHCII<\/td>\n<td>C\u00e9lulas dendr\u00edticas<\/td>\n<td>Trastornos histioc\u00edticos<\/td>\n<\/tr>\n<tr>\n<td>PAX5<\/td>\n<td>Linf\u00f3citos B<\/td>\n<td>Linfoma B<\/td>\n<\/tr>\n<tr>\n<td>CD31<\/td>\n<td>C\u00e9lulas endoteliais<\/td>\n<td>Hemangioma \/ Hemangiosarcoma<\/td>\n<\/tr>\n<tr>\n<td>E cadherina<\/td>\n<td>C\u00e9lulas epiteliais y dendr\u00edticas<\/td>\n<td>Trastornos histioc\u00edticos \/ met\u00e1stasis<\/td>\n<\/tr>\n<tr>\n<td>CD18 (canino)<\/td>\n<td>Integrina alfaXbeta2 \/ LFA1<\/td>\n<td>Trastornos leucocit\u00e1rios (PMN, NK)<\/td>\n<\/tr>\n<tr>\n<td>CD18 (felino)<\/td>\n<td>Integrina alfaXbeta2 \/ LFA1<\/td>\n<td>Trastornos leucocit\u00e1rios (PMN, NK)<\/td>\n<\/tr>\n<tr>\n<td>Cadeias lambda<\/td>\n<td>Linf\u00f3citos B \/ C\u00e9lulas plasm\u00e1ticas<\/td>\n<td>Linfoma B \/ Mieloma<\/td>\n<\/tr>\n<tr>\n<td>CD11d<\/td>\n<td>Integrina alfaD<\/td>\n<td>Trastornos monocit\u00e1rios \/macrof\u00e1gicos<\/td>\n<\/tr>\n<tr>\n<td>Triptasa<\/td>\n<td>Mast\u00f3citos<\/td>\n<td>Mastocitoma<\/td>\n<\/tr>\n<tr>\n<td>Cadeias kappa<\/td>\n<td>Linf\u00f3citos B \/ C\u00e9lulas plasm\u00e1ticas<\/td>\n<td>Linfoma B \/ Mieloma<\/td>\n<\/tr>\n<tr>\n<td>Mioglobina<\/td>\n<td>M\u00fasculo estriado<\/td>\n<td>Rabdomiosarcoma<\/td>\n<\/tr>\n<tr>\n<td>TNF alfa<\/td>\n<td>TNF alfa<\/td>\n<td>Citocina pro-inflamat\u00f3ria<\/td>\n<\/tr>\n<tr>\n<td>IL6<\/td>\n<td>Interleucina 6<\/td>\n<td>Citocina pro-inflamat\u00f3ria<\/td>\n<\/tr>\n<tr>\n<td>CD117<\/td>\n<td>ckit<\/td>\n<td>Mastocitoma<\/td>\n<\/tr>\n<tr>\n<td>Factor VIII<\/td>\n<td>C\u00e9lulas endoteliais<\/td>\n<td>Hemangioma \/ Hemangiosarcoma<\/td>\n<\/tr>\n<tr>\n<td>MAC387<\/td>\n<td>Macr\u00f3fagos<\/td>\n<td>Trastornos mielomonocit\u00e1rios<\/td>\n<\/tr>\n<tr>\n<td>Alfa-actina<\/td>\n<td>M\u00fasculo liso<\/td>\n<td>Leiomioma \/ Leiomiosarcoma \/ Mioepit\u00e9lio<\/td>\n<\/tr>\n<tr>\n<td>Citoqueratinas<\/td>\n<td>C\u00e9lulas epiteliais<\/td>\n<td>Carcinoma<\/td>\n<\/tr>\n<tr>\n<td>Vimentina<\/td>\n<td>C\u00e9lulas mesenquimatosas<\/td>\n<td>Sarcoma<\/td>\n<\/tr>\n<tr>\n<td>Melan A<\/td>\n<td>Melanocitos<\/td>\n<td>Melanoma<\/td>\n<\/tr>\n<tr>\n<td>S100<\/td>\n<td>S100<\/td>\n<td>Tumor de nervos perif\u00e9ricos \/ Melanoma<\/td>\n<\/tr>\n<tr>\n<td>GFAP<\/td>\n<td>GFAP<\/td>\n<td>Tumor glial<\/td>\n<\/tr>\n<tr>\n<td>Sinaptofisina<\/td>\n<td>Ves\u00edculas sin\u00e1pticas<\/td>\n<td>Tumor neuroend\u00f3crino<\/td>\n<\/tr>\n<tr>\n<td>Desmina<\/td>\n<td>M\u00fasculo liso y estriado<\/td>\n<td>Tumor muscular<\/td>\n<\/tr>\n<tr>\n<td>NF<\/td>\n<td>Neurofilamentos<\/td>\n<td>Tumor neural \/ Tumor end\u00f3crino<\/td>\n<\/tr>\n<tr>\n<td>PCNA<\/td>\n<td>Fases S y G1 ciclo celular<\/td>\n<td>Grau de\u00a0prolifera\u00e7\u00e3o<\/td>\n<\/tr>\n<tr>\n<td>Ki67<\/td>\n<td>Fases S, G1 y G2 ciclo celular<\/td>\n<td>Grau de\u00a0prolifera\u00e7\u00e3o<\/td>\n<\/tr>\n<\/tbody>\n<\/table>\n<table class=\"myTable\">\n<thead>\n<tr>\n<th>ANTICORPOS PARA AGENTES INFECCIOSOS<\/th>\n<\/tr>\n<\/thead>\n<tbody>\n<tr>\n<td>Coronavirus felino (FcoV)<\/td>\n<\/tr>\n<tr>\n<td>Calicivirus felino (FCV)<\/td>\n<\/tr>\n<tr>\n<td>Herpesvirus felino (FHV)<\/td>\n<\/tr>\n<tr>\n<td>Virus de la Leucemia felina (FeLV)<\/td>\n<\/tr>\n<tr>\n<td>Parvovirus canino y felino (FPV \/ CPV)<\/td>\n<\/tr>\n<tr>\n<td>Esgana\u00a0(CDV)<\/td>\n<\/tr>\n<tr>\n<td>V\u00edrus da doen\u00e7a de Borna\u00a0\u00a0(BDV)<\/td>\n<\/tr>\n<tr>\n<td>Toxoplasma gondii<\/td>\n<\/tr>\n<tr>\n<td>Neospora caninum<\/td>\n<\/tr>\n<tr>\n<td>Anaplasma phagocytophylum<\/td>\n<\/tr>\n<tr>\n<td>Helicobacter spp.<\/td>\n<\/tr>\n<tr>\n<td>Leishmania infantum<\/td>\n<\/tr>\n<tr>\n<td>Clamidia psitacii<\/td>\n<\/tr>\n<tr>\n<td>Coxiella burnetti<\/td>\n<\/tr>\n<tr>\n<td>Salmonella spp.<\/td>\n<\/tr>\n<\/tbody>\n<\/table>\n<p><span style=\"color: #18acb4;\"><strong>PROVAS MOLECULARES<\/strong><\/span><\/p>\n<p>As provas moleculares aplicam-se para a <a href=\"http:\/\/histovetblog.com\/2013\/04\/09\/pruebas-pronostico-2-mastocitomas\/\" target=\"_blank\">detec\u00e7\u00e3o de muta\u00e7\u00f5es em mastocitomas (MTCs)<\/a>, para valorizar a resposta ao tratamento com inibidores de tirosina-quinasas (ITQs) , em <a href=\"http:\/\/histovetblog.com\/2013\/07\/12\/4295\/\" target=\"_blank\">transtornos linfoproliferativos para distinguir reatividade de neoplasia<\/a> e, neste segundo caso, determinar ao mesmo tempo o fen\u00f3tipo da les\u00e3o\u00a0.<\/p>\n<p><span style=\"color: #18acb4;\"><strong>PROVAS DE PROGN\u00d3STICO<\/strong><\/span><\/p>\n<p>As <a href=\"http:\/\/histovetblog.com\/category\/funcionamiento\/pruebas-de-pronostico\/\" target=\"_blank\">provas de progn\u00f3stico<\/a> t\u00eam aplica\u00e7\u00e3o para valora\u00e7\u00e3o do comportamento de determinadas neoplasias, em termos de agressividade, Taxa de Sobreviv\u00eancia Global (TSG) e Intervalo Livre de Doen\u00e7a (ILD). Utilizam-se marcadores frente a prote\u00ednas de prolifera\u00e7\u00e3o e enzimas\u00a0.<\/p>\n<table class=\"myTable\" style=\"height: 749px;\" width=\"670\">\n<thead>\n<tr>\n<th><\/th>\n<th><span style=\"color: #993366;\"><strong>T\u00c9CNICA<\/strong><\/span><\/th>\n<th style=\"text-align: center;\"><strong>APLICA\u00c7\u00c3O<\/strong><\/th>\n<\/tr>\n<\/thead>\n<tbody>\n<tr>\n<td><span style=\"color: #18acb4;\"><strong>LINFOMA CANINO<\/strong><\/span><\/td>\n<td style=\"text-align: center;\"><span style=\"color: #993366;\">PCR<\/span><\/td>\n<td>Diferencia\u00e7\u00e3o objetiva entre prolifera\u00e7\u00e3o reativa e neopl\u00e1sica. Valora\u00e7\u00e3o do progn\u00f3stico atrav\u00e9s do fen\u00f3tipo<\/td>\n<\/tr>\n<tr>\n<td><span style=\"color: #18acb4;\"><strong>LINFOMA CANINO<\/strong><\/span><\/td>\n<td style=\"text-align: center;\"><span style=\"color: #993366;\">IHQ<\/span><\/td>\n<td>Diferencia\u00e7\u00e3o subjetiva entre prolifera\u00e7\u00e3o reativa e neopl\u00e1sica. Valora\u00e7\u00e3o do progn\u00f3stico atrav\u00e9s do fen\u00f3tipo<\/td>\n<\/tr>\n<tr>\n<td><span style=\"color: #18acb4;\"><strong>LINFOMA FELINO<\/strong><\/span><\/td>\n<td style=\"text-align: center;\"><span style=\"color: #993366;\">PCR<\/span><\/td>\n<td>Diferencia\u00e7\u00e3o subjetiva entre prolifera\u00e7\u00e3o reativa e neopl\u00e1sica. Tipifica\u00e7\u00e3o T\/B.<\/td>\n<\/tr>\n<tr>\n<td><span style=\"color: #18acb4;\"><strong>LINFOMA FELINO<\/strong><\/span><\/td>\n<td style=\"text-align: center;\"><span style=\"color: #993366;\">IHQ<\/span><\/td>\n<td>Diferencia\u00e7\u00e3o subjetiva entre prolifera\u00e7\u00e3o reativa e neopl\u00e1sica. Tipifica\u00e7\u00e3o T\/B.<\/td>\n<\/tr>\n<tr>\n<td><span style=\"color: #18acb4;\"><strong>LINFOMA ALIMENTAR FELINO<\/strong><\/span><\/td>\n<td style=\"text-align: center;\"><span style=\"color: #993366;\">PCR<\/span><\/td>\n<td>Diferencia\u00e7\u00e3o objetiva entre Enterite Linfoplasmocit\u00e1ria (IBD) e Linfoma alimentar<\/td>\n<\/tr>\n<tr>\n<td><span style=\"color: #18acb4;\"><strong>LINFOMA ALIMENTAR FELINO<\/strong><\/span><\/td>\n<td style=\"text-align: center;\"><span style=\"color: #993366;\">IHQ<\/span><\/td>\n<td>Diferencia\u00e7\u00e3o subjetiva entre Enterite Linfoplasmocit\u00e1ria (IBD) e Linfoma alimentar<\/td>\n<\/tr>\n<tr>\n<td><span style=\"color: #18acb4;\"><strong>MASTOCITOMA CANINO<\/strong><\/span><\/td>\n<td style=\"text-align: center;\"><span style=\"color: #993366;\">PCR<\/span><\/td>\n<td>Valora\u00e7\u00e3o objetiva sobre muta\u00e7\u00f5es. Informa\u00e7\u00e3o sobre a TSG e ILD. Previs\u00e3o sobre a mortalidade associada ao tumor, recidivas e efetividade da quimioterapia convencional e terapia com ITQ<\/td>\n<\/tr>\n<tr>\n<td><span style=\"color: #18acb4;\"><strong>MASTOCITOMA CANINO<\/strong><\/span><\/td>\n<td style=\"text-align: center;\"><span style=\"color: #993366;\">IHQ<\/span><\/td>\n<td>Valora\u00e7\u00e3o subjetiva sobre muta\u00e7\u00f5es. Informa\u00e7\u00e3o sobre a TSG e ILD<\/td>\n<\/tr>\n<tr>\n<td><span style=\"color: #18acb4;\"><strong>MASTOCITOMA CANINO<\/strong><\/span><\/td>\n<td style=\"text-align: center;\"><span style=\"color: #993366;\">IHQ<\/span><\/td>\n<td>Distin\u00e7\u00e3o entre MTCs de grau &#8220;baixo&#8221; e MTCs de grau &#8220;alto&#8221; e informa\u00e7\u00e3o sobre a TSG e possibilidade de recidivas\/met\u00e1stases<\/td>\n<\/tr>\n<tr>\n<td><span style=\"color: #18acb4;\"><strong>CARCINOMA MAM\u00c1RIO CANINO E FELINO<\/strong><\/span><\/td>\n<td style=\"text-align: center;\"><span style=\"color: #993366;\">IHQ<\/span><\/td>\n<td>Informa\u00e7\u00e3o sobre a TSG<\/td>\n<\/tr>\n<tr>\n<td><span style=\"color: #18acb4;\"><strong>OSTEOSARCOMA CANINO<\/strong><\/span><\/td>\n<td style=\"text-align: center;\"><span style=\"color: #993366;\">IHQ<\/span><\/td>\n<td>Informa\u00e7\u00e3o sobre o ILD<\/td>\n<\/tr>\n<tr>\n<td><span style=\"color: #18acb4;\"><strong>MELANOMA CANINO<\/strong><\/span><\/td>\n<td style=\"text-align: center;\"><span style=\"color: #993366;\">IHQ<\/span><\/td>\n<td>Informa\u00e7\u00e3o sobre o grau, a TSG e o ILD<\/td>\n<\/tr>\n<tr>\n<td><\/td>\n<td><\/td>\n<td><\/td>\n<\/tr>\n<\/tbody>\n<\/table>\n<\/div><\/section>\n<div  class='hr av-av_hr-dcd2069817a0e3d34ae04cad8f3443c7 hr-default'><span class='hr-inner '><span class=\"hr-inner-style\"><\/span><\/span><\/div>\n<form action=\"https:\/\/histoweb.com\/pt-pt\/servicos\/tecnicas-especiais-diagnostico\/\" method=\"post\" data-fields-with-error=\"Found errors in the following field(s):\" class=\"avia_ajax_form av-form-labels-visible    \" data-avia-form-id=\"1\" data-avia-redirect='' ><h3 class=''>Se faz favor, use o formul\u00e1rio abaixo para fazer sua pergunta ou coment\u00e1rio.<\/h3><fieldset><p class='  first_form  form_element form_fullwidth' id='element_avia_1_1'><label for=\"avia_1_1\">Nome <abbr class=\"required\" title=\"required\">*<\/abbr><\/label> <input name=\"avia_1_1\" class=\"text_input is_empty\" type=\"text\" id=\"avia_1_1\" value=\"\" \/><\/p><p class='  first_form  form_element form_fullwidth' id='element_avia_2_1'><label for=\"avia_2_1\">E-Mail <abbr class=\"required\" title=\"required\">*<\/abbr><\/label> <input name=\"avia_2_1\" class=\"text_input is_email\" type=\"text\" id=\"avia_2_1\" value=\"\" \/><\/p><p class='  first_form  form_element form_fullwidth' id='element_avia_3_1'><label for=\"avia_3_1\">Assunto <abbr class=\"required\" title=\"required\">*<\/abbr><\/label> <input name=\"avia_3_1\" class=\"text_input is_empty\" type=\"text\" id=\"avia_3_1\" value=\"\" \/><\/p><p class='  first_form  form_element form_fullwidth' id='element_avia_4_1'><label for=\"avia_4_1\" class=\"textare_label hidden textare_label_avia_4_1\">Mensagem <abbr class=\"required\" title=\"required\">*<\/abbr><\/label><textarea  name=\"avia_4_1\" class=\"text_area is_empty\" cols=\"40\" rows=\"7\" id=\"avia_4_1\" ><\/textarea><\/p><p class=\"hidden\"><input type=\"text\" name=\"avia_5_1\" class=\"hidden \" id=\"avia_5_1\" value=\"\" \/><\/p><p class='   form_element form_fullwidth' id='element_avia_6_1'><span class='value_verifier_label'>1 + 5 = ?<\/span><input name=\"avia_6_1_verifier\" type=\"hidden\" id=\"avia_6_1_verifier\" value=\"752256656\"\/><label for=\"avia_6_1\">Por favor, resolver a equa\u00e7\u00e3o para mostrar que voc\u00ea n\u00e3o \u00e9 um rob\u00f4 . <abbr class=\"required\" title=\"required\">*<\/abbr><\/label><input name=\"avia_6_1\" class=\"text_input captcha\" type=\"text\" id=\"avia_6_1\" value=\"\"\/><\/p><p class=\"form_element \"><input type=\"hidden\" value=\"1\" name=\"avia_generated_form1\" \/><input type=\"submit\" value=\"Enviar\" class=\"button\"  data-sending-label=\"Sending\"\/><\/p><\/fieldset><\/form><div id=\"ajaxresponse_1\" class=\"ajaxresponse ajaxresponse_1 hidden\"><\/div>\n<div  class='hr av-av_hr-dcd2069817a0e3d34ae04cad8f3443c7 hr-default'><span class='hr-inner '><span class=\"hr-inner-style\"><\/span><\/span><\/div>\n<section  class='av_textblock_section av-av_textblock-0366cc7376be6c9e82a3e9cc8987b64f '   itemscope=\"itemscope\" itemtype=\"https:\/\/schema.org\/CreativeWork\" ><div class='avia_textblock'  itemprop=\"text\" ><h1 style=\"text-align: center;\">T\u00c9CNICAS DE DIAGN\u00d3STICO ESPECIAIS PARA DOEN\u00c7AS DOS ANIMAIS NA HISTOVET<\/h1>\n<\/div><\/section>\n","protected":false},"excerpt":{"rendered":"","protected":false},"author":2,"featured_media":0,"parent":210,"menu_order":0,"comment_status":"open","ping_status":"closed","template":"","meta":{"footnotes":""},"class_list":["post-207","page","type-page","status-publish","hentry"],"yoast_head":"<!-- This site is optimized with the Yoast SEO plugin v26.6 - https:\/\/yoast.com\/wordpress\/plugins\/seo\/ -->\n<title>T\u00e9cnicas especiais de diagn\u00f3stico para patologia animal<\/title>\n<meta name=\"description\" content=\"Outras t\u00e9cnicas: imunocitoqu\u00edmica, imunohistoqu\u00edmica, imunocitoqu\u00edmicas, imunohistoqu\u00edmicas, provas moleculares ou de progn\u00f3stico, PCR.\" \/>\n<meta name=\"robots\" content=\"index, follow, max-snippet:-1, max-image-preview:large, max-video-preview:-1\" \/>\n<link rel=\"canonical\" href=\"https:\/\/histoweb.com\/pt-pt\/servicos\/tecnicas-especiais-diagnostico\/\" \/>\n<meta property=\"og:locale\" content=\"pt_PT\" \/>\n<meta property=\"og:type\" content=\"article\" \/>\n<meta property=\"og:title\" content=\"T\u00e9cnicas especiais de diagn\u00f3stico para patologia animal\" \/>\n<meta property=\"og:description\" content=\"Outras t\u00e9cnicas: imunocitoqu\u00edmica, imunohistoqu\u00edmica, imunocitoqu\u00edmicas, imunohistoqu\u00edmicas, provas moleculares ou de progn\u00f3stico, PCR.\" \/>\n<meta property=\"og:url\" content=\"https:\/\/histoweb.com\/pt-pt\/servicos\/tecnicas-especiais-diagnostico\/\" \/>\n<meta property=\"og:site_name\" content=\"Histoweb\" \/>\n<meta property=\"article:modified_time\" content=\"2016-02-22T16:42:19+00:00\" \/>\n<meta name=\"twitter:label1\" content=\"Tempo estimado de leitura\" \/>\n\t<meta name=\"twitter:data1\" content=\"5 minutos\" \/>\n<script type=\"application\/ld+json\" class=\"yoast-schema-graph\">{\"@context\":\"https:\/\/schema.org\",\"@graph\":[{\"@type\":\"WebPage\",\"@id\":\"https:\/\/histoweb.com\/pt-pt\/servicos\/tecnicas-especiais-diagnostico\/\",\"url\":\"https:\/\/histoweb.com\/pt-pt\/servicos\/tecnicas-especiais-diagnostico\/\",\"name\":\"T\u00e9cnicas especiais de diagn\u00f3stico para patologia animal\",\"isPartOf\":{\"@id\":\"https:\/\/histoweb.com\/#website\"},\"datePublished\":\"2014-03-13T11:16:54+00:00\",\"dateModified\":\"2016-02-22T16:42:19+00:00\",\"description\":\"Outras t\u00e9cnicas: imunocitoqu\u00edmica, imunohistoqu\u00edmica, imunocitoqu\u00edmicas, imunohistoqu\u00edmicas, provas moleculares ou de progn\u00f3stico, PCR.\",\"breadcrumb\":{\"@id\":\"https:\/\/histoweb.com\/pt-pt\/servicos\/tecnicas-especiais-diagnostico\/#breadcrumb\"},\"inLanguage\":\"pt-PT\",\"potentialAction\":[{\"@type\":\"ReadAction\",\"target\":[\"https:\/\/histoweb.com\/pt-pt\/servicos\/tecnicas-especiais-diagnostico\/\"]}]},{\"@type\":\"BreadcrumbList\",\"@id\":\"https:\/\/histoweb.com\/pt-pt\/servicos\/tecnicas-especiais-diagnostico\/#breadcrumb\",\"itemListElement\":[{\"@type\":\"ListItem\",\"position\":1,\"name\":\"Portada\",\"item\":\"https:\/\/histoweb.com\/pt-pt\/portada-2\/\"},{\"@type\":\"ListItem\",\"position\":2,\"name\":\"Servi\u00e7os\",\"item\":\"https:\/\/histoweb.com\/pt-pt\/servicos\/\"},{\"@type\":\"ListItem\",\"position\":3,\"name\":\"T\u00e9cnicas especiais de diagn\u00f3stico\"}]},{\"@type\":\"WebSite\",\"@id\":\"https:\/\/histoweb.com\/#website\",\"url\":\"https:\/\/histoweb.com\/\",\"name\":\"Histoweb\",\"description\":\"Servicio de diagn\u00f3stico histopatol\u00f3gico veterinario\",\"publisher\":{\"@id\":\"https:\/\/histoweb.com\/#organization\"},\"potentialAction\":[{\"@type\":\"SearchAction\",\"target\":{\"@type\":\"EntryPoint\",\"urlTemplate\":\"https:\/\/histoweb.com\/?s={search_term_string}\"},\"query-input\":{\"@type\":\"PropertyValueSpecification\",\"valueRequired\":true,\"valueName\":\"search_term_string\"}}],\"inLanguage\":\"pt-PT\"},{\"@type\":\"Organization\",\"@id\":\"https:\/\/histoweb.com\/#organization\",\"name\":\"Histovet\",\"url\":\"https:\/\/histoweb.com\/\",\"logo\":{\"@type\":\"ImageObject\",\"inLanguage\":\"pt-PT\",\"@id\":\"https:\/\/histoweb.com\/#\/schema\/logo\/image\/\",\"url\":\"https:\/\/histoweb.com\/wp-content\/uploads\/2014\/03\/logo.jpg\",\"contentUrl\":\"https:\/\/histoweb.com\/wp-content\/uploads\/2014\/03\/logo.jpg\",\"width\":336,\"height\":75,\"caption\":\"Histovet\"},\"image\":{\"@id\":\"https:\/\/histoweb.com\/#\/schema\/logo\/image\/\"}}]}<\/script>\n<!-- \/ Yoast SEO plugin. -->","yoast_head_json":{"title":"T\u00e9cnicas especiais de diagn\u00f3stico para patologia animal","description":"Outras t\u00e9cnicas: imunocitoqu\u00edmica, imunohistoqu\u00edmica, imunocitoqu\u00edmicas, imunohistoqu\u00edmicas, provas moleculares ou de progn\u00f3stico, PCR.","robots":{"index":"index","follow":"follow","max-snippet":"max-snippet:-1","max-image-preview":"max-image-preview:large","max-video-preview":"max-video-preview:-1"},"canonical":"https:\/\/histoweb.com\/pt-pt\/servicos\/tecnicas-especiais-diagnostico\/","og_locale":"pt_PT","og_type":"article","og_title":"T\u00e9cnicas especiais de diagn\u00f3stico para patologia animal","og_description":"Outras t\u00e9cnicas: imunocitoqu\u00edmica, imunohistoqu\u00edmica, imunocitoqu\u00edmicas, imunohistoqu\u00edmicas, provas moleculares ou de progn\u00f3stico, PCR.","og_url":"https:\/\/histoweb.com\/pt-pt\/servicos\/tecnicas-especiais-diagnostico\/","og_site_name":"Histoweb","article_modified_time":"2016-02-22T16:42:19+00:00","twitter_misc":{"Tempo estimado de leitura":"5 minutos"},"schema":{"@context":"https:\/\/schema.org","@graph":[{"@type":"WebPage","@id":"https:\/\/histoweb.com\/pt-pt\/servicos\/tecnicas-especiais-diagnostico\/","url":"https:\/\/histoweb.com\/pt-pt\/servicos\/tecnicas-especiais-diagnostico\/","name":"T\u00e9cnicas especiais de diagn\u00f3stico para patologia animal","isPartOf":{"@id":"https:\/\/histoweb.com\/#website"},"datePublished":"2014-03-13T11:16:54+00:00","dateModified":"2016-02-22T16:42:19+00:00","description":"Outras t\u00e9cnicas: imunocitoqu\u00edmica, imunohistoqu\u00edmica, imunocitoqu\u00edmicas, imunohistoqu\u00edmicas, provas moleculares ou de progn\u00f3stico, PCR.","breadcrumb":{"@id":"https:\/\/histoweb.com\/pt-pt\/servicos\/tecnicas-especiais-diagnostico\/#breadcrumb"},"inLanguage":"pt-PT","potentialAction":[{"@type":"ReadAction","target":["https:\/\/histoweb.com\/pt-pt\/servicos\/tecnicas-especiais-diagnostico\/"]}]},{"@type":"BreadcrumbList","@id":"https:\/\/histoweb.com\/pt-pt\/servicos\/tecnicas-especiais-diagnostico\/#breadcrumb","itemListElement":[{"@type":"ListItem","position":1,"name":"Portada","item":"https:\/\/histoweb.com\/pt-pt\/portada-2\/"},{"@type":"ListItem","position":2,"name":"Servi\u00e7os","item":"https:\/\/histoweb.com\/pt-pt\/servicos\/"},{"@type":"ListItem","position":3,"name":"T\u00e9cnicas especiais de diagn\u00f3stico"}]},{"@type":"WebSite","@id":"https:\/\/histoweb.com\/#website","url":"https:\/\/histoweb.com\/","name":"Histoweb","description":"Servicio de diagn\u00f3stico histopatol\u00f3gico veterinario","publisher":{"@id":"https:\/\/histoweb.com\/#organization"},"potentialAction":[{"@type":"SearchAction","target":{"@type":"EntryPoint","urlTemplate":"https:\/\/histoweb.com\/?s={search_term_string}"},"query-input":{"@type":"PropertyValueSpecification","valueRequired":true,"valueName":"search_term_string"}}],"inLanguage":"pt-PT"},{"@type":"Organization","@id":"https:\/\/histoweb.com\/#organization","name":"Histovet","url":"https:\/\/histoweb.com\/","logo":{"@type":"ImageObject","inLanguage":"pt-PT","@id":"https:\/\/histoweb.com\/#\/schema\/logo\/image\/","url":"https:\/\/histoweb.com\/wp-content\/uploads\/2014\/03\/logo.jpg","contentUrl":"https:\/\/histoweb.com\/wp-content\/uploads\/2014\/03\/logo.jpg","width":336,"height":75,"caption":"Histovet"},"image":{"@id":"https:\/\/histoweb.com\/#\/schema\/logo\/image\/"}}]}},"_links":{"self":[{"href":"https:\/\/histoweb.com\/pt-pt\/wp-json\/wp\/v2\/pages\/207","targetHints":{"allow":["GET"]}}],"collection":[{"href":"https:\/\/histoweb.com\/pt-pt\/wp-json\/wp\/v2\/pages"}],"about":[{"href":"https:\/\/histoweb.com\/pt-pt\/wp-json\/wp\/v2\/types\/page"}],"author":[{"embeddable":true,"href":"https:\/\/histoweb.com\/pt-pt\/wp-json\/wp\/v2\/users\/2"}],"replies":[{"embeddable":true,"href":"https:\/\/histoweb.com\/pt-pt\/wp-json\/wp\/v2\/comments?post=207"}],"version-history":[{"count":0,"href":"https:\/\/histoweb.com\/pt-pt\/wp-json\/wp\/v2\/pages\/207\/revisions"}],"up":[{"embeddable":true,"href":"https:\/\/histoweb.com\/pt-pt\/wp-json\/wp\/v2\/pages\/210"}],"wp:attachment":[{"href":"https:\/\/histoweb.com\/pt-pt\/wp-json\/wp\/v2\/media?parent=207"}],"curies":[{"name":"wp","href":"https:\/\/api.w.org\/{rel}","templated":true}]}}