{"id":210,"date":"2014-04-05T06:54:01","date_gmt":"2014-04-05T05:54:01","guid":{"rendered":"http:\/\/histoweb.com\/?page_id=210"},"modified":"2018-01-12T17:41:36","modified_gmt":"2018-01-12T16:41:36","slug":"servicos","status":"publish","type":"page","link":"https:\/\/histoweb.com\/pt-pt\/servicos\/","title":{"rendered":"Servi\u00e7os"},"content":{"rendered":"<div id='full_slider_1'  class='avia-fullwidth-slider main_color avia-shadow   avia-builder-el-0  el_before_av_textblock  avia-builder-el-first   container_wrap fullsize'  ><div  class='avia-slideshow av-av_slideshow_full-4f3ef5c0d0c5e5a45e27d5f99336c2be avia-slideshow-featured av_slideshow_full avia-slide-slider av-slideshow-ui av-control-default av-slideshow-manual av-loop-once av-loop-manual-endless av-default-height-applied   avia-slideshow-1' data-slideshow-options=\"{&quot;animation&quot;:&quot;slide&quot;,&quot;autoplay&quot;:false,&quot;loop_autoplay&quot;:&quot;once&quot;,&quot;interval&quot;:5,&quot;loop_manual&quot;:&quot;manual-endless&quot;,&quot;autoplay_stopper&quot;:false,&quot;noNavigation&quot;:false,&quot;bg_slider&quot;:false,&quot;keep_padding&quot;:false,&quot;hoverpause&quot;:false,&quot;show_slide_delay&quot;:0}\"  itemprop=\"image\" itemscope=\"itemscope\" itemtype=\"https:\/\/schema.org\/ImageObject\" ><ul class='avia-slideshow-inner ' style='padding-bottom: 26.595744680851%;'><li  class='avia-slideshow-slide av-av_slideshow_full-4f3ef5c0d0c5e5a45e27d5f99336c2be__0  av-single-slide slide-1 slide-odd'><div data-rel='slideshow-1' class='avia-slide-wrap '   ><img decoding=\"async\" fetchpriority=\"high\" class=\"wp-image-3084 avia-img-lazy-loading-not-3084\"  src=\"https:\/\/histoweb.com\/wp-content\/uploads\/2014\/11\/servicios-clinicas-veterina.jpg\" width=\"940\" height=\"250\" title='servicios-clinicas-veterina' alt=''  itemprop=\"thumbnailUrl\" srcset=\"https:\/\/histoweb.com\/wp-content\/uploads\/2014\/11\/servicios-clinicas-veterina.jpg 940w, https:\/\/histoweb.com\/wp-content\/uploads\/2014\/11\/servicios-clinicas-veterina-300x79.jpg 300w\" sizes=\"(max-width: 940px) 100vw, 940px\" \/><\/div><\/li><\/ul><\/div><\/div><div id='after_full_slider_1'  class='main_color av_default_container_wrap container_wrap fullsize'  ><div class='container av-section-cont-open' ><div class='template-page content  av-content-full alpha units'><div class='post-entry post-entry-type-page post-entry-210'><div class='entry-content-wrapper clearfix'>\n<section  class='av_textblock_section av-av_textblock-0366cc7376be6c9e82a3e9cc8987b64f '   itemscope=\"itemscope\" itemtype=\"https:\/\/schema.org\/CreativeWork\" ><div class='avia_textblock'  itemprop=\"text\" ><h2>Preocupamo-nos com oferecer um servi\u00e7o personalizado, de qualidade e r\u00e1pido para as Cl\u00ednicas Veterin\u00e1rias.<\/h2>\n<blockquote>\n<p>\u00danico servi\u00e7o de diagn\u00f3stico anatomopatol\u00f3gico em Espanha baixo dire\u00e7\u00e3o cient\u00edfica acreditada por um patologista diplomado pelo <i>European College of Veterinary Pathologists<\/i> (ECVP) (<i>European Board for Veterinary Specialisation<\/i>). \u201cReconhecido como \u201cCentro de forma\u00e7\u00e3o em Patologia Veterin\u00e1ria\u201d (<i>Registered Training Centre<\/i>) pelo ECVP\u201d<\/p>\n<\/blockquote>\n<p><strong>Um servi\u00e7o de diagn\u00f3stico histopatol\u00f3gico de qualidade e r\u00e1pido:<\/strong><\/p>\n<ul>\n<li>Exames realizados por patologistas especializados com uma longa experi\u00eancia profissional.<\/li>\n<li>Dire\u00e7\u00e3o cient\u00edfica acreditada pelo ECVP<\/li>\n<li>Relat\u00f3rios dispon\u00edveis on-line no momento da transcri\u00e7\u00e3o do relat\u00f3rio<\/li>\n<\/ul>\n<p><strong>Suporte dantes e ap\u00f3s o diagn\u00f3stico<\/strong><\/p>\n<ul>\n<li>Orienta\u00e7\u00e3o na recolha de amostras<\/li>\n<li>Envio de embalagens para biopsias<\/li>\n<li>Aten\u00e7\u00e3o telef\u00f3nica continuada de 9:30 a 20:00 sempre com disponibilidade de um patologista, suporte para interpreta\u00e7\u00e3o de casos diagnosticados e qualquer outro aspecto relacionado com Anatomia Patol\u00f3gica<\/li>\n<\/ul>\n<p><strong>Relat\u00f3rios detalhados, com interpreta\u00e7\u00e3o cl\u00ednica, opini\u00f5es pessoais e informa\u00e7\u00e3o bibliogr\u00e1fica com refer\u00eancias \u00e0 patogenia e progn\u00f3stico dos processos.<\/strong><\/p>\n<p><strong>Aplica\u00e7\u00e3o de t\u00e9cnicas imunol\u00f3gicas, de biologia molecular e de microscopia electr\u00f3nica para:<br \/>\n<\/strong><\/p>\n<ul>\n<li>Determinar tipos de tumor<\/li>\n<li>Identificar agentes infecciosos<\/li>\n<li>Valorizar progn\u00f3stico de diferentes neoplasias<\/li>\n<\/ul>\n<\/div><\/section>\n<div  class='hr av-av_hr-dcd2069817a0e3d34ae04cad8f3443c7 hr-default  avia-builder-el-2  el_after_av_textblock  el_before_av_contact '><span class='hr-inner '><span class=\"hr-inner-style\"><\/span><\/span><\/div>\n<form action=\"https:\/\/histoweb.com\/pt-pt\/servicos\/\" method=\"post\" data-fields-with-error=\"Found errors in the following field(s):\" class=\"avia_ajax_form av-form-labels-visible   avia-builder-el-3  el_after_av_hr  el_before_av_hr   \" data-avia-form-id=\"1\" data-avia-redirect='' ><h3 class=''>Se faz favor, use o formul\u00e1rio abaixo para fazer sua pergunta ou coment\u00e1rio.<\/h3><fieldset><p class='  first_form  form_element form_fullwidth' id='element_avia_1_1'><label for=\"avia_1_1\">Nome <abbr class=\"required\" title=\"required\">*<\/abbr><\/label> <input name=\"avia_1_1\" class=\"text_input is_empty\" type=\"text\" id=\"avia_1_1\" value=\"\" \/><\/p><p class='  first_form  form_element form_fullwidth' id='element_avia_2_1'><label for=\"avia_2_1\">E-Mail <abbr class=\"required\" title=\"required\">*<\/abbr><\/label> <input name=\"avia_2_1\" class=\"text_input is_email\" type=\"text\" id=\"avia_2_1\" value=\"\" \/><\/p><p class='  first_form  form_element form_fullwidth' id='element_avia_3_1'><label for=\"avia_3_1\">Assunto <abbr class=\"required\" title=\"required\">*<\/abbr><\/label> <input name=\"avia_3_1\" class=\"text_input is_empty\" type=\"text\" id=\"avia_3_1\" value=\"\" \/><\/p><p class='  first_form  form_element form_fullwidth' id='element_avia_4_1'><label for=\"avia_4_1\" class=\"textare_label hidden textare_label_avia_4_1\">Mensagem <abbr class=\"required\" title=\"required\">*<\/abbr><\/label><textarea  name=\"avia_4_1\" class=\"text_area is_empty\" cols=\"40\" rows=\"7\" id=\"avia_4_1\" ><\/textarea><\/p><p class='  first_form  form_element form_fullwidth' id='element_avia_5_1'><input  name=\"avia_5_1\" class=\"input_checkbox is_empty\" type=\"checkbox\" id=\"avia_5_1\" value=\"true\"\/><label class=\"input_checkbox_label\" for=\"avia_5_1\">Aceito <a href=\"https:\/\/histoweb.com\/politica-de-privacidad\/\" target=\"_blank\" rel=\"noopener\">os Termos e Condi\u00e7\u00f5es de Uso<\/a> <abbr class=\"required\" title=\"required\">*<\/abbr><\/label><\/p><p class=\"hidden\"><input type=\"text\" name=\"avia_6_1\" class=\"hidden \" id=\"avia_6_1\" value=\"\" \/><\/p><p class='   form_element form_fullwidth' id='element_avia_7_1'><span class='value_verifier_label'>3 + 1 = ?<\/span><input name=\"avia_7_1_verifier\" type=\"hidden\" id=\"avia_7_1_verifier\" value=\"684637446\"\/><label for=\"avia_7_1\">Por favor, resolver a equa\u00e7\u00e3o para mostrar que voc\u00ea n\u00e3o \u00e9 um rob\u00f4 . <abbr class=\"required\" title=\"required\">*<\/abbr><\/label><input name=\"avia_7_1\" class=\"text_input captcha\" type=\"text\" id=\"avia_7_1\" value=\"\"\/><\/p><p class=\"form_element \"><input type=\"hidden\" value=\"1\" name=\"avia_generated_form1\" \/><input type=\"submit\" value=\"Enviar\" class=\"button\"  data-sending-label=\"Sending\"\/><\/p><\/fieldset><\/form><div id=\"ajaxresponse_1\" class=\"ajaxresponse ajaxresponse_1 hidden\"><\/div>\n<div  class='hr av-av_hr-dcd2069817a0e3d34ae04cad8f3443c7 hr-default  avia-builder-el-4  el_after_av_contact  el_before_av_textblock '><span class='hr-inner '><span class=\"hr-inner-style\"><\/span><\/span><\/div>\n<section  class='av_textblock_section av-av_textblock-0366cc7376be6c9e82a3e9cc8987b64f '   itemscope=\"itemscope\" itemtype=\"https:\/\/schema.org\/CreativeWork\" ><div class='avia_textblock'  itemprop=\"text\" ><h1 style=\"text-align: center;\">SERVI\u00c7OS DE DIAGN\u00d3STICO VETERIN\u00c1RIO DA HISTOVET<\/h1>\n<\/div><\/section>\n","protected":false},"excerpt":{"rendered":"","protected":false},"author":2,"featured_media":0,"parent":0,"menu_order":0,"comment_status":"open","ping_status":"closed","template":"","meta":{"footnotes":""},"class_list":["post-210","page","type-page","status-publish","hentry"],"yoast_head":"<!-- This site is optimized with the Yoast SEO plugin v26.6 - https:\/\/yoast.com\/wordpress\/plugins\/seo\/ -->\n<title>Servi\u00e7o de diagn\u00f3stico histopatol\u00f3gico de Histovet<\/title>\n<meta name=\"description\" content=\"Histovet realiza diagn\u00f3sticos de anatomia patol\u00f3gica animal, estudos cl\u00ednicos, resolve d\u00favidas e colabora na reda\u00e7\u00e3o de artigos cient\u00edficos.\" \/>\n<meta name=\"robots\" content=\"index, follow, max-snippet:-1, max-image-preview:large, max-video-preview:-1\" \/>\n<link rel=\"canonical\" href=\"https:\/\/histoweb.com\/pt-pt\/servicos\/\" \/>\n<meta property=\"og:locale\" content=\"pt_PT\" \/>\n<meta property=\"og:type\" content=\"article\" \/>\n<meta property=\"og:title\" content=\"Servi\u00e7o de diagn\u00f3stico histopatol\u00f3gico de Histovet\" \/>\n<meta property=\"og:description\" content=\"Histovet realiza diagn\u00f3sticos de anatomia patol\u00f3gica animal, estudos cl\u00ednicos, resolve d\u00favidas e colabora na reda\u00e7\u00e3o de artigos cient\u00edficos.\" \/>\n<meta property=\"og:url\" content=\"https:\/\/histoweb.com\/pt-pt\/servicos\/\" \/>\n<meta property=\"og:site_name\" content=\"Histoweb\" \/>\n<meta property=\"article:modified_time\" content=\"2018-01-12T16:41:36+00:00\" \/>\n<meta name=\"twitter:label1\" content=\"Tempo estimado de leitura\" \/>\n\t<meta name=\"twitter:data1\" content=\"3 minutos\" \/>\n<script type=\"application\/ld+json\" class=\"yoast-schema-graph\">{\"@context\":\"https:\/\/schema.org\",\"@graph\":[{\"@type\":\"WebPage\",\"@id\":\"https:\/\/histoweb.com\/pt-pt\/servicos\/\",\"url\":\"https:\/\/histoweb.com\/pt-pt\/servicos\/\",\"name\":\"Servi\u00e7o de diagn\u00f3stico histopatol\u00f3gico de Histovet\",\"isPartOf\":{\"@id\":\"https:\/\/histoweb.com\/#website\"},\"datePublished\":\"2014-04-05T05:54:01+00:00\",\"dateModified\":\"2018-01-12T16:41:36+00:00\",\"description\":\"Histovet realiza diagn\u00f3sticos de anatomia patol\u00f3gica animal, estudos cl\u00ednicos, resolve d\u00favidas e colabora na reda\u00e7\u00e3o de artigos cient\u00edficos.\",\"breadcrumb\":{\"@id\":\"https:\/\/histoweb.com\/pt-pt\/servicos\/#breadcrumb\"},\"inLanguage\":\"pt-PT\",\"potentialAction\":[{\"@type\":\"ReadAction\",\"target\":[\"https:\/\/histoweb.com\/pt-pt\/servicos\/\"]}]},{\"@type\":\"BreadcrumbList\",\"@id\":\"https:\/\/histoweb.com\/pt-pt\/servicos\/#breadcrumb\",\"itemListElement\":[{\"@type\":\"ListItem\",\"position\":1,\"name\":\"Portada\",\"item\":\"https:\/\/histoweb.com\/pt-pt\/portada-2\/\"},{\"@type\":\"ListItem\",\"position\":2,\"name\":\"Servi\u00e7os\"}]},{\"@type\":\"WebSite\",\"@id\":\"https:\/\/histoweb.com\/#website\",\"url\":\"https:\/\/histoweb.com\/\",\"name\":\"Histoweb\",\"description\":\"Servicio de diagn\u00f3stico histopatol\u00f3gico veterinario\",\"publisher\":{\"@id\":\"https:\/\/histoweb.com\/#organization\"},\"potentialAction\":[{\"@type\":\"SearchAction\",\"target\":{\"@type\":\"EntryPoint\",\"urlTemplate\":\"https:\/\/histoweb.com\/?s={search_term_string}\"},\"query-input\":{\"@type\":\"PropertyValueSpecification\",\"valueRequired\":true,\"valueName\":\"search_term_string\"}}],\"inLanguage\":\"pt-PT\"},{\"@type\":\"Organization\",\"@id\":\"https:\/\/histoweb.com\/#organization\",\"name\":\"Histovet\",\"url\":\"https:\/\/histoweb.com\/\",\"logo\":{\"@type\":\"ImageObject\",\"inLanguage\":\"pt-PT\",\"@id\":\"https:\/\/histoweb.com\/#\/schema\/logo\/image\/\",\"url\":\"https:\/\/histoweb.com\/wp-content\/uploads\/2014\/03\/logo.jpg\",\"contentUrl\":\"https:\/\/histoweb.com\/wp-content\/uploads\/2014\/03\/logo.jpg\",\"width\":336,\"height\":75,\"caption\":\"Histovet\"},\"image\":{\"@id\":\"https:\/\/histoweb.com\/#\/schema\/logo\/image\/\"}}]}<\/script>\n<!-- \/ Yoast SEO plugin. -->","yoast_head_json":{"title":"Servi\u00e7o de diagn\u00f3stico histopatol\u00f3gico de Histovet","description":"Histovet realiza diagn\u00f3sticos de anatomia patol\u00f3gica animal, estudos cl\u00ednicos, resolve d\u00favidas e colabora na reda\u00e7\u00e3o de artigos cient\u00edficos.","robots":{"index":"index","follow":"follow","max-snippet":"max-snippet:-1","max-image-preview":"max-image-preview:large","max-video-preview":"max-video-preview:-1"},"canonical":"https:\/\/histoweb.com\/pt-pt\/servicos\/","og_locale":"pt_PT","og_type":"article","og_title":"Servi\u00e7o de diagn\u00f3stico histopatol\u00f3gico de Histovet","og_description":"Histovet realiza diagn\u00f3sticos de anatomia patol\u00f3gica animal, estudos cl\u00ednicos, resolve d\u00favidas e colabora na reda\u00e7\u00e3o de artigos cient\u00edficos.","og_url":"https:\/\/histoweb.com\/pt-pt\/servicos\/","og_site_name":"Histoweb","article_modified_time":"2018-01-12T16:41:36+00:00","twitter_misc":{"Tempo estimado de leitura":"3 minutos"},"schema":{"@context":"https:\/\/schema.org","@graph":[{"@type":"WebPage","@id":"https:\/\/histoweb.com\/pt-pt\/servicos\/","url":"https:\/\/histoweb.com\/pt-pt\/servicos\/","name":"Servi\u00e7o de diagn\u00f3stico histopatol\u00f3gico de Histovet","isPartOf":{"@id":"https:\/\/histoweb.com\/#website"},"datePublished":"2014-04-05T05:54:01+00:00","dateModified":"2018-01-12T16:41:36+00:00","description":"Histovet realiza diagn\u00f3sticos de anatomia patol\u00f3gica animal, estudos cl\u00ednicos, resolve d\u00favidas e colabora na reda\u00e7\u00e3o de artigos cient\u00edficos.","breadcrumb":{"@id":"https:\/\/histoweb.com\/pt-pt\/servicos\/#breadcrumb"},"inLanguage":"pt-PT","potentialAction":[{"@type":"ReadAction","target":["https:\/\/histoweb.com\/pt-pt\/servicos\/"]}]},{"@type":"BreadcrumbList","@id":"https:\/\/histoweb.com\/pt-pt\/servicos\/#breadcrumb","itemListElement":[{"@type":"ListItem","position":1,"name":"Portada","item":"https:\/\/histoweb.com\/pt-pt\/portada-2\/"},{"@type":"ListItem","position":2,"name":"Servi\u00e7os"}]},{"@type":"WebSite","@id":"https:\/\/histoweb.com\/#website","url":"https:\/\/histoweb.com\/","name":"Histoweb","description":"Servicio de diagn\u00f3stico histopatol\u00f3gico veterinario","publisher":{"@id":"https:\/\/histoweb.com\/#organization"},"potentialAction":[{"@type":"SearchAction","target":{"@type":"EntryPoint","urlTemplate":"https:\/\/histoweb.com\/?s={search_term_string}"},"query-input":{"@type":"PropertyValueSpecification","valueRequired":true,"valueName":"search_term_string"}}],"inLanguage":"pt-PT"},{"@type":"Organization","@id":"https:\/\/histoweb.com\/#organization","name":"Histovet","url":"https:\/\/histoweb.com\/","logo":{"@type":"ImageObject","inLanguage":"pt-PT","@id":"https:\/\/histoweb.com\/#\/schema\/logo\/image\/","url":"https:\/\/histoweb.com\/wp-content\/uploads\/2014\/03\/logo.jpg","contentUrl":"https:\/\/histoweb.com\/wp-content\/uploads\/2014\/03\/logo.jpg","width":336,"height":75,"caption":"Histovet"},"image":{"@id":"https:\/\/histoweb.com\/#\/schema\/logo\/image\/"}}]}},"_links":{"self":[{"href":"https:\/\/histoweb.com\/pt-pt\/wp-json\/wp\/v2\/pages\/210","targetHints":{"allow":["GET"]}}],"collection":[{"href":"https:\/\/histoweb.com\/pt-pt\/wp-json\/wp\/v2\/pages"}],"about":[{"href":"https:\/\/histoweb.com\/pt-pt\/wp-json\/wp\/v2\/types\/page"}],"author":[{"embeddable":true,"href":"https:\/\/histoweb.com\/pt-pt\/wp-json\/wp\/v2\/users\/2"}],"replies":[{"embeddable":true,"href":"https:\/\/histoweb.com\/pt-pt\/wp-json\/wp\/v2\/comments?post=210"}],"version-history":[{"count":1,"href":"https:\/\/histoweb.com\/pt-pt\/wp-json\/wp\/v2\/pages\/210\/revisions"}],"predecessor-version":[{"id":7343,"href":"https:\/\/histoweb.com\/pt-pt\/wp-json\/wp\/v2\/pages\/210\/revisions\/7343"}],"wp:attachment":[{"href":"https:\/\/histoweb.com\/pt-pt\/wp-json\/wp\/v2\/media?parent=210"}],"curies":[{"name":"wp","href":"https:\/\/api.w.org\/{rel}","templated":true}]}}