{"id":357,"date":"2014-03-13T14:55:07","date_gmt":"2014-03-13T13:55:07","guid":{"rendered":"http:\/\/histoweb.com\/?page_id=357"},"modified":"2025-02-20T11:48:06","modified_gmt":"2025-02-20T10:48:06","slug":"portada-2","status":"publish","type":"page","link":"https:\/\/histoweb.com\/pt-pt\/","title":{"rendered":"Home"},"content":{"rendered":"<div  class='flex_column av-35ydgl-90359cc19d5db0c8b89ea07a0acfcd50 av_two_third  avia-builder-el-0  el_before_av_one_third  avia-builder-el-first  first flex_column_div  '     ><div  class='avia-slideshow av-l9ztk6og-3d4b781584ef8a613c823a474b4853ef avia-slideshow-magazine av_slideshow avia-slide-slider  avia-builder-el-1  avia-builder-el-no-sibling  av-slideshow-ui av-control-default av-slideshow-autoplay av-loop-endless av-loop-manual-endless av-default-height-applied avia-slideshow-1' data-slideshow-options=\"{&quot;animation&quot;:&quot;slide&quot;,&quot;autoplay&quot;:true,&quot;loop_autoplay&quot;:&quot;endless&quot;,&quot;interval&quot;:3,&quot;loop_manual&quot;:&quot;manual-endless&quot;,&quot;autoplay_stopper&quot;:false,&quot;noNavigation&quot;:false,&quot;bg_slider&quot;:false,&quot;keep_padding&quot;:false,&quot;hoverpause&quot;:false,&quot;show_slide_delay&quot;:0}\"  itemprop=\"image\" itemscope=\"itemscope\" itemtype=\"https:\/\/schema.org\/ImageObject\" ><ul class='avia-slideshow-inner ' style='padding-bottom: 42.253521126761%;'><li  class='avia-slideshow-slide av-l9ztk6og-3d4b781584ef8a613c823a474b4853ef__0  slide-1 slide-odd'><a href=\"https:\/\/histoweb.com\/pt-pt\/arquivo-de-imagem\/\"  data-rel='slideshow-1' class='avia-slide-wrap '   ><div class='av-slideshow-caption av-l9ztk6og-3d4b781584ef8a613c823a474b4853ef__0 avia-caption'><div class=\"avia-inner-caption\"><h2 class='avia-caption-title '  itemprop=\"name\" >Doen\u00e7a de Paget. Carcinoma glandular intraepid\u00e9rmico. Cachorro<\/h2><div class='avia-caption-content '  itemprop=\"description\" ><p>Arquivo<\/p>\n<\/div><\/div><\/div><img decoding=\"async\" fetchpriority=\"high\" class=\"wp-image-7724 avia-img-lazy-loading-not-7724\"  src=\"https:\/\/histoweb.com\/wp-content\/uploads\/2022\/11\/H719537-Paget-2-2-1-710x300.jpg\" width=\"710\" height=\"300\" title='H719537 Paget 2 2' alt=''  itemprop=\"thumbnailUrl\"   \/><\/a><\/li><li  class='avia-slideshow-slide av-l9ztk6og-3d4b781584ef8a613c823a474b4853ef__1  slide-2 slide-even'><div data-rel='slideshow-1' class='avia-slide-wrap '   ><div class='av-slideshow-caption av-l9ztk6og-3d4b781584ef8a613c823a474b4853ef__1 avia-caption'><div class=\"avia-inner-caption\"><h2 class='avia-caption-title '  itemprop=\"name\" >DIAGN\u00d3STICO VETERIN\u00c1RIO<\/h2><div class='avia-caption-content '  itemprop=\"description\" ><p>Histovet \u00e9 um servi\u00e7o de diagn\u00f3stico veterin\u00e1rio com dedica\u00e7\u00e3o exclusiva \u00e0 Anatomia Patol\u00f3gica.<\/p>\n<\/div><\/div><\/div><img decoding=\"async\" fetchpriority=\"high\" class=\"wp-image-5687 avia-img-lazy-loading-not-5687\"  src=\"https:\/\/histoweb.com\/wp-content\/uploads\/2014\/03\/histopatologia-veterinaria-710x300.jpg\" width=\"710\" height=\"300\" title='histopatologia-veterinaria' alt=''  itemprop=\"thumbnailUrl\"   \/><\/div><\/li><li  class='avia-slideshow-slide av-l9ztk6og-3d4b781584ef8a613c823a474b4853ef__2  slide-3 slide-odd'><a href=\"https:\/\/histoweb.com\/pt-pt\/arquivo-de-imagem\/\"  data-rel='slideshow-1' class='avia-slide-wrap '   ><div class='av-slideshow-caption av-l9ztk6og-3d4b781584ef8a613c823a474b4853ef__2 avia-caption'><div class=\"avia-inner-caption\"><h2 class='avia-caption-title '  itemprop=\"name\" >Tumor de Colis\u00e3o. Carcinoma e osteossarcoma<\/h2><div class='avia-caption-content '  itemprop=\"description\" ><p>Arquivo<\/p>\n<\/div><\/div><\/div><img decoding=\"async\" fetchpriority=\"high\" class=\"wp-image-7347 avia-img-lazy-loading-not-7347\"  src=\"https:\/\/histoweb.com\/wp-content\/uploads\/2018\/04\/DSCN5555-copia-710x300.jpg\" width=\"710\" height=\"300\" title='Tumor de colisi\u00f3n' alt=''  itemprop=\"thumbnailUrl\"   \/><\/a><\/li><li  class='avia-slideshow-slide av-l9ztk6og-3d4b781584ef8a613c823a474b4853ef__3  slide-4 slide-even'><div data-rel='slideshow-1' class='avia-slide-wrap '   ><div class='av-slideshow-caption av-l9ztk6og-3d4b781584ef8a613c823a474b4853ef__3 avia-caption'><div class=\"avia-inner-caption\"><h2 class='avia-caption-title '  itemprop=\"name\" >PATOLOGISTAS DIPLOMADOS<\/h2><div class='avia-caption-content '  itemprop=\"description\" ><p>Laborat\u00f3rio dirigido por patologistas diplomados e reconhecido como Training Centre pelo ECVP.<\/p>\n<\/div><\/div><\/div><img decoding=\"async\" fetchpriority=\"high\" class=\"wp-image-5694 avia-img-lazy-loading-not-5694\"  src=\"https:\/\/histoweb.com\/wp-content\/uploads\/2014\/03\/citopatologia-veterinaria-710x300.jpg\" width=\"710\" height=\"300\" title='citopatologia-veterinaria' alt=''  itemprop=\"thumbnailUrl\"   \/><\/div><\/li><\/ul><div class='avia-slideshow-arrows avia-slideshow-controls' ><a href='#prev' class='prev-slide  avia-svg-icon avia-font-svg_entypo-fontello' data-av_svg_icon='left-open-big' data-av_iconset='svg_entypo-fontello' tabindex='-1' title=\"Previous\"><svg version=\"1.1\" xmlns=\"http:\/\/www.w3.org\/2000\/svg\" width=\"15\" height=\"32\" viewBox=\"0 0 15 32\" preserveAspectRatio=\"xMidYMid meet\" aria-labelledby='av-svg-title-1' aria-describedby='av-svg-desc-1' role=\"graphics-symbol\" aria-hidden=\"true\">\n<title id='av-svg-title-1'>Previous<\/title>\n<desc id='av-svg-desc-1'>Previous<\/desc>\n<path d=\"M14.464 27.84q0.832 0.832 0 1.536-0.832 0.832-1.536 0l-12.544-12.608q-0.768-0.768 0-1.6l12.544-12.608q0.704-0.832 1.536 0 0.832 0.704 0 1.536l-11.456 11.904z\"><\/path>\n<\/svg><span class='avia_hidden_link_text'>Previous<\/span><\/a><a href='#next' class='next-slide  avia-svg-icon avia-font-svg_entypo-fontello' data-av_svg_icon='right-open-big' data-av_iconset='svg_entypo-fontello' tabindex='-1' title=\"Next\"><svg version=\"1.1\" xmlns=\"http:\/\/www.w3.org\/2000\/svg\" width=\"15\" height=\"32\" viewBox=\"0 0 15 32\" preserveAspectRatio=\"xMidYMid meet\" aria-labelledby='av-svg-title-2' aria-describedby='av-svg-desc-2' role=\"graphics-symbol\" aria-hidden=\"true\">\n<title id='av-svg-title-2'>Next<\/title>\n<desc id='av-svg-desc-2'>Next<\/desc>\n<path d=\"M0.416 27.84l11.456-11.84-11.456-11.904q-0.832-0.832 0-1.536 0.832-0.832 1.536 0l12.544 12.608q0.768 0.832 0 1.6l-12.544 12.608q-0.704 0.832-1.536 0-0.832-0.704 0-1.536z\"><\/path>\n<\/svg><span class='avia_hidden_link_text'>Next<\/span><\/a><\/div><div class='avia-slideshow-dots avia-slideshow-controls'><a href='#1' class='goto-slide active' >1<\/a><a href='#2' class='goto-slide ' >2<\/a><a href='#3' class='goto-slide ' >3<\/a><a href='#4' class='goto-slide ' >4<\/a><\/div><\/div><\/div>\n\n<style type=\"text\/css\" data-created_by=\"avia_inline_auto\" id=\"style-css-av-2mbryl-5044ffded1bad1c0428d021d69b71a3c\">\n.flex_column.av-2mbryl-5044ffded1bad1c0428d021d69b71a3c{\nborder-radius:0px 0px 0px 0px;\npadding:0px 0px 0px 0px;\n}\n<\/style>\n<div  class='flex_column av-2mbryl-5044ffded1bad1c0428d021d69b71a3c av_one_third  avia-builder-el-2  el_after_av_two_third  el_before_av_one_fourth  flex_column_div av-zero-column-padding  '     ><div  data-slideshow-options=\"{&quot;animation&quot;:&quot;fade&quot;,&quot;autoplay&quot;:false,&quot;loop_autoplay&quot;:&quot;once&quot;,&quot;interval&quot;:5,&quot;loop_manual&quot;:&quot;manual-endless&quot;,&quot;autoplay_stopper&quot;:false,&quot;noNavigation&quot;:false,&quot;show_slide_delay&quot;:90}\" class='avia-content-slider avia-content-grid-active avia-content-slider1 avia-content-slider-odd  avia-builder-el-3  avia-builder-el-no-sibling  av-slideshow-ui av-control-default   av-no-slider-navigation av-slideshow-manual av-loop-once av-loop-manual-endless '  itemscope=\"itemscope\" itemtype=\"https:\/\/schema.org\/Blog\" ><div class=\"avia-content-slider-inner\"><div class=\"slide-entry-wrap\"><article class='slide-entry flex_column  post-entry post-entry-7520 slide-entry-overview slide-loop-1 slide-parity-odd  post-entry-last  av_fullwidth first real-thumbnail posttype-post post-format-standard'  itemscope=\"itemscope\" itemtype=\"https:\/\/schema.org\/CreativeWork\" ><a href='https:\/\/histoweb.com\/pt-pt\/melanoma\/' data-rel='slide-1' class='slide-image' title='Melanoma'><img decoding=\"async\" fetchpriority=\"high\" width=\"260\" height=\"185\" src=\"https:\/\/histoweb.com\/wp-content\/uploads\/2018\/05\/MelanomaIris-3-260x185.jpg\" class=\"wp-image-8002 avia-img-lazy-loading-not-8002 attachment-portfolio_small size-portfolio_small wp-post-image\" alt=\"\" \/><\/a><div class=\"slide-content\"><header class=\"entry-content-header\" aria-label=\"Slide: Melanoma\"><h3 class='slide-entry-title entry-title '  itemprop=\"headline\" ><a href='https:\/\/histoweb.com\/pt-pt\/melanoma\/' title='Melanoma'>Melanoma<\/a><\/h3><span class=\"av-vertical-delimiter\"><\/span><\/header><div class=\"slide-meta\"><time class='slide-meta-time updated'  itemprop=\"datePublished\" datetime=\"2018-06-18T14:37:57+01:00\" >18 Junho, 2018<\/time><\/div><div class='slide-entry-excerpt entry-content'  itemprop=\"text\" ><div class=\"read-more-link\"><a href=\"https:\/\/histoweb.com\/pt-pt\/melanoma\/\" class=\"more-link\">Leia mais\r\n<span class='more-link-arrow avia-svg-icon avia-font-svg_entypo-fontello' data-av_svg_icon='right-open-big' data-av_iconset='svg_entypo-fontello'><svg version=\"1.1\" xmlns=\"http:\/\/www.w3.org\/2000\/svg\" width=\"15\" height=\"32\" viewBox=\"0 0 15 32\" preserveAspectRatio=\"xMidYMid meet\" role=\"graphics-symbol\" aria-hidden=\"true\">\n<path d=\"M0.416 27.84l11.456-11.84-11.456-11.904q-0.832-0.832 0-1.536 0.832-0.832 1.536 0l12.544 12.608q0.768 0.832 0 1.6l-12.544 12.608q-0.704 0.832-1.536 0-0.832-0.704 0-1.536z\"><\/path>\n<\/svg><\/span><\/a><\/div><\/div><\/div><footer class=\"entry-footer\"><\/footer><span class='hidden'>\n\t\t\t\t<span class='av-structured-data'  itemprop=\"image\" itemscope=\"itemscope\" itemtype=\"https:\/\/schema.org\/ImageObject\" >\n\t\t\t\t\t\t<span itemprop='url'>https:\/\/histoweb.com\/wp-content\/uploads\/2018\/05\/MelanomaIris-3.jpg<\/span>\n\t\t\t\t\t\t<span itemprop='height'>960<\/span>\n\t\t\t\t\t\t<span itemprop='width'>1280<\/span>\n\t\t\t\t<\/span>\n\t\t\t\t<span class='av-structured-data'  itemprop=\"publisher\" itemtype=\"https:\/\/schema.org\/Organization\" itemscope=\"itemscope\" >\n\t\t\t\t\t\t<span itemprop='name'>Histovet<\/span>\n\t\t\t\t\t\t<span itemprop='logo' itemscope itemtype='https:\/\/schema.org\/ImageObject'>\n\t\t\t\t\t\t\t<span itemprop='url'>https:\/\/histoweb.com\/wp-content\/uploads\/2015\/06\/logo-HISTOVET.jpg<\/span>\n\t\t\t\t\t\t<\/span>\n\t\t\t\t<\/span><span class='av-structured-data'  itemprop=\"author\" itemscope=\"itemscope\" itemtype=\"https:\/\/schema.org\/Person\" ><span itemprop='name'>Histovet<\/span><\/span><span class='av-structured-data'  itemprop=\"datePublished\" datetime=\"2014-03-13T14:55:07+01:00\" >2018-06-18 14:37:57<\/span><span class='av-structured-data'  itemprop=\"dateModified\" itemtype=\"https:\/\/schema.org\/dateModified\" >2022-11-14 19:02:20<\/span><span class='av-structured-data'  itemprop=\"mainEntityOfPage\" itemtype=\"https:\/\/schema.org\/mainEntityOfPage\" ><span itemprop='name'>Melanoma<\/span><\/span><\/span><\/article><\/div><\/div><\/div><\/div>\n<div  class='flex_column av-1rosed-f499bde8d9f05e5f6c8404889be1b579 av_one_fourth  avia-builder-el-4  el_after_av_one_third  el_before_av_one_fourth  first flex_column_div  column-top-margin'     ><article  class='iconbox iconbox_top av-1ld89p-416f76979ff72905224fb71376e8a764 av-no-box  avia-builder-el-5  avia-builder-el-no-sibling '  itemscope=\"itemscope\" itemtype=\"https:\/\/schema.org\/CreativeWork\" ><div class=\"iconbox_content\"><header class=\"entry-content-header\" aria-label=\"Icon: SERVI\u00c7O\"><div class='iconbox_icon heading-color avia-iconfont avia-font-entypo-fontello' data-av_icon='\ue82b' data-av_iconfont='entypo-fontello'  ><\/div><h3 class='iconbox_content_title '  itemprop=\"headline\" >SERVI\u00c7O<\/h3><\/header><div class='iconbox_content_container '  itemprop=\"text\" ><p>Um servi\u00e7o de diagn\u00f3stico histopatol\u00f3gico de qualidade e r\u00e1pido<\/p>\n<\/div><\/div><footer class=\"entry-footer\"><\/footer><\/article><\/div>\n\n<style type=\"text\/css\" data-created_by=\"avia_inline_auto\" id=\"style-css-av-1dkwg5-844718cfcdad457b1098e6da2d28ac8e\">\n.flex_column.av-1dkwg5-844718cfcdad457b1098e6da2d28ac8e{\nborder-radius:0px 0px 0px 0px;\npadding:0px 0px 0px 0px;\n}\n<\/style>\n<div  class='flex_column av-1dkwg5-844718cfcdad457b1098e6da2d28ac8e av_one_fourth  avia-builder-el-6  el_after_av_one_fourth  el_before_av_one_fourth  flex_column_div av-zero-column-padding  column-top-margin'     ><article  class='iconbox iconbox_top av-1ai40t-efc89433e5260e28cfdb882e44f8b019 av-no-box  avia-builder-el-7  avia-builder-el-no-sibling '  itemscope=\"itemscope\" itemtype=\"https:\/\/schema.org\/CreativeWork\" ><div class=\"iconbox_content\"><header class=\"entry-content-header\" aria-label=\"Icon: SUPORTE\"><div class='iconbox_icon heading-color avia-iconfont avia-font-entypo-fontello' data-av_icon='\ue891' data-av_iconfont='entypo-fontello'  ><\/div><h3 class='iconbox_content_title '  itemprop=\"headline\" >SUPORTE<\/h3><\/header><div class='iconbox_content_container '  itemprop=\"text\" ><p>Suporte dantes e ap\u00f3s o diagn\u00f3stico<\/p>\n<\/div><\/div><footer class=\"entry-footer\"><\/footer><\/article><\/div>\n\n<style type=\"text\/css\" data-created_by=\"avia_inline_auto\" id=\"style-css-av-12qn2d-a739d215be57e4361107fe4dfdf0b9bc\">\n.flex_column.av-12qn2d-a739d215be57e4361107fe4dfdf0b9bc{\nborder-radius:0px 0px 0px 0px;\npadding:0px 0px 0px 0px;\n}\n<\/style>\n<div  class='flex_column av-12qn2d-a739d215be57e4361107fe4dfdf0b9bc av_one_fourth  avia-builder-el-8  el_after_av_one_fourth  el_before_av_one_fourth  flex_column_div av-zero-column-padding  column-top-margin'     ><article  class='iconbox iconbox_top av-va5xx-77e719401f4566c2141488e77bd9b926 av-no-box  avia-builder-el-9  avia-builder-el-no-sibling '  itemscope=\"itemscope\" itemtype=\"https:\/\/schema.org\/CreativeWork\" ><div class=\"iconbox_content\"><header class=\"entry-content-header\" aria-label=\"Icon: INFORMES\"><div class='iconbox_icon heading-color avia-iconfont avia-font-entypo-fontello' data-av_icon='\ue84d' data-av_iconfont='entypo-fontello'  ><\/div><h3 class='iconbox_content_title '  itemprop=\"headline\" >INFORMES<\/h3><\/header><div class='iconbox_content_container '  itemprop=\"text\" ><p>Informes detalhados, com opini\u00f5es pessoais e informa\u00e7\u00e3o bibliogr\u00e1fica com refer\u00eancias \u00e0 patogenia e progn\u00f3sticos dos processos.<\/p>\n<\/div><\/div><footer class=\"entry-footer\"><\/footer><\/article><\/div>\n\n<style type=\"text\/css\" data-created_by=\"avia_inline_auto\" id=\"style-css-av-psi79-bdc7fb845fa5647e1f26dc54712d6cf3\">\n.flex_column.av-psi79-bdc7fb845fa5647e1f26dc54712d6cf3{\nborder-radius:0px 0px 0px 0px;\npadding:0px 0px 0px 0px;\n}\n<\/style>\n<div  class='flex_column av-psi79-bdc7fb845fa5647e1f26dc54712d6cf3 av_one_fourth  avia-builder-el-10  el_after_av_one_fourth  el_before_av_hr  flex_column_div av-zero-column-padding  column-top-margin'     ><article  class='iconbox iconbox_top av-ng7h9-66da3bab9ecbc2a7034a43731cb97be7 av-no-box  avia-builder-el-11  avia-builder-el-no-sibling '  itemscope=\"itemscope\" itemtype=\"https:\/\/schema.org\/CreativeWork\" ><div class=\"iconbox_content\"><header class=\"entry-content-header\" aria-label=\"Icon: T\u00c9CNICAS\"><div class='iconbox_icon heading-color avia-iconfont avia-font-entypo-fontello' data-av_icon='\ue8d6' data-av_iconfont='entypo-fontello'  ><\/div><h3 class='iconbox_content_title '  itemprop=\"headline\" >T\u00c9CNICAS<\/h3><\/header><div class='iconbox_content_container '  itemprop=\"text\" ><p>Aplica\u00e7\u00e3o de t\u00e9cnicas imunol\u00f3gicas, de biologia molecular e de microscopia electr\u00f3nica.<\/p>\n<\/div><\/div><footer class=\"entry-footer\"><\/footer><\/article><\/div>\n\n<style type=\"text\/css\" data-created_by=\"avia_inline_auto\" id=\"style-css-av-1g1qd-0d93e2ad09c13dab6bc6c2221d23ea38\">\n#top .hr.hr-invisible.av-1g1qd-0d93e2ad09c13dab6bc6c2221d23ea38{\nheight:70px;\n}\n<\/style>\n<div  class='hr av-1g1qd-0d93e2ad09c13dab6bc6c2221d23ea38 hr-invisible  avia-builder-el-12  el_after_av_one_fourth  el_before_av_textblock  av-small-hide av-mini-hide'><span class='hr-inner '><span class=\"hr-inner-style\"><\/span><\/span><\/div>\n<section  class='av_textblock_section av-9fqzh-95460beb599403cd5e88a5ac4a058361 '   itemscope=\"itemscope\" itemtype=\"https:\/\/schema.org\/CreativeWork\" ><div class='avia_textblock'  itemprop=\"text\" ><h1 style=\"text-align: center;\">HISTOVET: PATOLOGIA ANIMAL<\/h1>\n<\/div><\/section>\n","protected":false},"excerpt":{"rendered":"","protected":false},"author":2,"featured_media":0,"parent":0,"menu_order":0,"comment_status":"open","ping_status":"open","template":"","meta":{"footnotes":""},"class_list":["post-357","page","type-page","status-publish","hentry"],"yoast_head":"<!-- This site is optimized with the Yoast SEO plugin v26.6 - https:\/\/yoast.com\/wordpress\/plugins\/seo\/ -->\n<title>Diagn\u00f3stico veterin\u00e1rio centrado em anatomia patol\u00f3gica<\/title>\n<meta name=\"description\" content=\"Histovet, laborat\u00f3rio de refer\u00eancia que oferece suporte ao trabalho cl\u00ednico veterin\u00e1rio, centrado na anatomia patol\u00f3gica dos animais dom\u00e9sticos (+34937211916)\" \/>\n<meta name=\"robots\" content=\"index, follow, max-snippet:-1, max-image-preview:large, max-video-preview:-1\" \/>\n<link rel=\"canonical\" href=\"https:\/\/histoweb.com\/pt-pt\/portada-2\/\" \/>\n<meta property=\"og:locale\" content=\"pt_PT\" \/>\n<meta property=\"og:type\" content=\"article\" \/>\n<meta property=\"og:title\" content=\"Diagn\u00f3stico veterin\u00e1rio centrado em anatomia patol\u00f3gica\" \/>\n<meta property=\"og:description\" content=\"Histovet, laborat\u00f3rio de refer\u00eancia que oferece suporte ao trabalho cl\u00ednico veterin\u00e1rio, centrado na anatomia patol\u00f3gica dos animais dom\u00e9sticos (+34937211916)\" \/>\n<meta property=\"og:url\" content=\"https:\/\/histoweb.com\/pt-pt\/portada-2\/\" \/>\n<meta property=\"og:site_name\" content=\"Histoweb\" \/>\n<meta property=\"article:modified_time\" content=\"2025-02-20T10:48:06+00:00\" \/>\n<meta name=\"twitter:label1\" content=\"Tempo estimado de leitura\" \/>\n\t<meta name=\"twitter:data1\" content=\"3 minutos\" \/>\n<script type=\"application\/ld+json\" class=\"yoast-schema-graph\">{\"@context\":\"https:\/\/schema.org\",\"@graph\":[{\"@type\":\"WebPage\",\"@id\":\"https:\/\/histoweb.com\/pt-pt\/portada-2\/\",\"url\":\"https:\/\/histoweb.com\/pt-pt\/portada-2\/\",\"name\":\"Diagn\u00f3stico veterin\u00e1rio centrado em anatomia patol\u00f3gica\",\"isPartOf\":{\"@id\":\"https:\/\/histoweb.com\/#website\"},\"datePublished\":\"2014-03-13T13:55:07+00:00\",\"dateModified\":\"2025-02-20T10:48:06+00:00\",\"description\":\"Histovet, laborat\u00f3rio de refer\u00eancia que oferece suporte ao trabalho cl\u00ednico veterin\u00e1rio, centrado na anatomia patol\u00f3gica dos animais dom\u00e9sticos (+34937211916)\",\"breadcrumb\":{\"@id\":\"https:\/\/histoweb.com\/pt-pt\/portada-2\/#breadcrumb\"},\"inLanguage\":\"pt-PT\",\"potentialAction\":[{\"@type\":\"ReadAction\",\"target\":[\"https:\/\/histoweb.com\/pt-pt\/portada-2\/\"]}]},{\"@type\":\"BreadcrumbList\",\"@id\":\"https:\/\/histoweb.com\/pt-pt\/portada-2\/#breadcrumb\",\"itemListElement\":[{\"@type\":\"ListItem\",\"position\":1,\"name\":\"Portada\",\"item\":\"https:\/\/histoweb.com\/pt-pt\/portada-2\/\"},{\"@type\":\"ListItem\",\"position\":2,\"name\":\"Home\"}]},{\"@type\":\"WebSite\",\"@id\":\"https:\/\/histoweb.com\/#website\",\"url\":\"https:\/\/histoweb.com\/\",\"name\":\"Histoweb\",\"description\":\"Servicio de diagn\u00f3stico histopatol\u00f3gico veterinario\",\"publisher\":{\"@id\":\"https:\/\/histoweb.com\/#organization\"},\"potentialAction\":[{\"@type\":\"SearchAction\",\"target\":{\"@type\":\"EntryPoint\",\"urlTemplate\":\"https:\/\/histoweb.com\/?s={search_term_string}\"},\"query-input\":{\"@type\":\"PropertyValueSpecification\",\"valueRequired\":true,\"valueName\":\"search_term_string\"}}],\"inLanguage\":\"pt-PT\"},{\"@type\":\"Organization\",\"@id\":\"https:\/\/histoweb.com\/#organization\",\"name\":\"Histovet\",\"url\":\"https:\/\/histoweb.com\/\",\"logo\":{\"@type\":\"ImageObject\",\"inLanguage\":\"pt-PT\",\"@id\":\"https:\/\/histoweb.com\/#\/schema\/logo\/image\/\",\"url\":\"https:\/\/histoweb.com\/wp-content\/uploads\/2014\/03\/logo.jpg\",\"contentUrl\":\"https:\/\/histoweb.com\/wp-content\/uploads\/2014\/03\/logo.jpg\",\"width\":336,\"height\":75,\"caption\":\"Histovet\"},\"image\":{\"@id\":\"https:\/\/histoweb.com\/#\/schema\/logo\/image\/\"}}]}<\/script>\n<!-- \/ Yoast SEO plugin. -->","yoast_head_json":{"title":"Diagn\u00f3stico veterin\u00e1rio centrado em anatomia patol\u00f3gica","description":"Histovet, laborat\u00f3rio de refer\u00eancia que oferece suporte ao trabalho cl\u00ednico veterin\u00e1rio, centrado na anatomia patol\u00f3gica dos animais dom\u00e9sticos (+34937211916)","robots":{"index":"index","follow":"follow","max-snippet":"max-snippet:-1","max-image-preview":"max-image-preview:large","max-video-preview":"max-video-preview:-1"},"canonical":"https:\/\/histoweb.com\/pt-pt\/portada-2\/","og_locale":"pt_PT","og_type":"article","og_title":"Diagn\u00f3stico veterin\u00e1rio centrado em anatomia patol\u00f3gica","og_description":"Histovet, laborat\u00f3rio de refer\u00eancia que oferece suporte ao trabalho cl\u00ednico veterin\u00e1rio, centrado na anatomia patol\u00f3gica dos animais dom\u00e9sticos (+34937211916)","og_url":"https:\/\/histoweb.com\/pt-pt\/portada-2\/","og_site_name":"Histoweb","article_modified_time":"2025-02-20T10:48:06+00:00","twitter_misc":{"Tempo estimado de leitura":"3 minutos"},"schema":{"@context":"https:\/\/schema.org","@graph":[{"@type":"WebPage","@id":"https:\/\/histoweb.com\/pt-pt\/portada-2\/","url":"https:\/\/histoweb.com\/pt-pt\/portada-2\/","name":"Diagn\u00f3stico veterin\u00e1rio centrado em anatomia patol\u00f3gica","isPartOf":{"@id":"https:\/\/histoweb.com\/#website"},"datePublished":"2014-03-13T13:55:07+00:00","dateModified":"2025-02-20T10:48:06+00:00","description":"Histovet, laborat\u00f3rio de refer\u00eancia que oferece suporte ao trabalho cl\u00ednico veterin\u00e1rio, centrado na anatomia patol\u00f3gica dos animais dom\u00e9sticos (+34937211916)","breadcrumb":{"@id":"https:\/\/histoweb.com\/pt-pt\/portada-2\/#breadcrumb"},"inLanguage":"pt-PT","potentialAction":[{"@type":"ReadAction","target":["https:\/\/histoweb.com\/pt-pt\/portada-2\/"]}]},{"@type":"BreadcrumbList","@id":"https:\/\/histoweb.com\/pt-pt\/portada-2\/#breadcrumb","itemListElement":[{"@type":"ListItem","position":1,"name":"Portada","item":"https:\/\/histoweb.com\/pt-pt\/portada-2\/"},{"@type":"ListItem","position":2,"name":"Home"}]},{"@type":"WebSite","@id":"https:\/\/histoweb.com\/#website","url":"https:\/\/histoweb.com\/","name":"Histoweb","description":"Servicio de diagn\u00f3stico histopatol\u00f3gico veterinario","publisher":{"@id":"https:\/\/histoweb.com\/#organization"},"potentialAction":[{"@type":"SearchAction","target":{"@type":"EntryPoint","urlTemplate":"https:\/\/histoweb.com\/?s={search_term_string}"},"query-input":{"@type":"PropertyValueSpecification","valueRequired":true,"valueName":"search_term_string"}}],"inLanguage":"pt-PT"},{"@type":"Organization","@id":"https:\/\/histoweb.com\/#organization","name":"Histovet","url":"https:\/\/histoweb.com\/","logo":{"@type":"ImageObject","inLanguage":"pt-PT","@id":"https:\/\/histoweb.com\/#\/schema\/logo\/image\/","url":"https:\/\/histoweb.com\/wp-content\/uploads\/2014\/03\/logo.jpg","contentUrl":"https:\/\/histoweb.com\/wp-content\/uploads\/2014\/03\/logo.jpg","width":336,"height":75,"caption":"Histovet"},"image":{"@id":"https:\/\/histoweb.com\/#\/schema\/logo\/image\/"}}]}},"_links":{"self":[{"href":"https:\/\/histoweb.com\/pt-pt\/wp-json\/wp\/v2\/pages\/357","targetHints":{"allow":["GET"]}}],"collection":[{"href":"https:\/\/histoweb.com\/pt-pt\/wp-json\/wp\/v2\/pages"}],"about":[{"href":"https:\/\/histoweb.com\/pt-pt\/wp-json\/wp\/v2\/types\/page"}],"author":[{"embeddable":true,"href":"https:\/\/histoweb.com\/pt-pt\/wp-json\/wp\/v2\/users\/2"}],"replies":[{"embeddable":true,"href":"https:\/\/histoweb.com\/pt-pt\/wp-json\/wp\/v2\/comments?post=357"}],"version-history":[{"count":8,"href":"https:\/\/histoweb.com\/pt-pt\/wp-json\/wp\/v2\/pages\/357\/revisions"}],"predecessor-version":[{"id":8208,"href":"https:\/\/histoweb.com\/pt-pt\/wp-json\/wp\/v2\/pages\/357\/revisions\/8208"}],"wp:attachment":[{"href":"https:\/\/histoweb.com\/pt-pt\/wp-json\/wp\/v2\/media?parent=357"}],"curies":[{"name":"wp","href":"https:\/\/api.w.org\/{rel}","templated":true}]}}