{"id":4391,"date":"2015-01-31T11:35:22","date_gmt":"2015-01-31T10:35:22","guid":{"rendered":"http:\/\/histoweb.com\/?page_id=4391"},"modified":"2022-11-02T16:50:30","modified_gmt":"2022-11-02T15:50:30","slug":"arquivo-de-imagem","status":"publish","type":"page","link":"https:\/\/histoweb.com\/pt-pt\/arquivo-de-imagem\/","title":{"rendered":"Arquivo de Imagem"},"content":{"rendered":"<div id=\"attachment_7724\" style=\"width: 903px\" class=\"wp-caption aligncenter\"><img loading=\"lazy\" decoding=\"async\" aria-describedby=\"caption-attachment-7724\" class=\"wp-image-7724 \" src=\"https:\/\/histoweb.com\/wp-content\/uploads\/2022\/11\/H719537-Paget-2-2-1.jpg\" alt=\"\" width=\"893\" height=\"285\" srcset=\"https:\/\/histoweb.com\/wp-content\/uploads\/2022\/11\/H719537-Paget-2-2-1.jpg 940w, https:\/\/histoweb.com\/wp-content\/uploads\/2022\/11\/H719537-Paget-2-2-1-300x96.jpg 300w, https:\/\/histoweb.com\/wp-content\/uploads\/2022\/11\/H719537-Paget-2-2-1-768x245.jpg 768w, https:\/\/histoweb.com\/wp-content\/uploads\/2022\/11\/H719537-Paget-2-2-1-705x225.jpg 705w\" sizes=\"auto, (max-width: 893px) 100vw, 893px\" \/><p id=\"caption-attachment-7724\" class=\"wp-caption-text\">DOEN\u00c7A DE PAGET. Carcinoma glandular intraepid\u00e9rmico. Cachorro<\/p><\/div>\n<p>&nbsp;<\/p>\n<div id=\"attachment_7347\" style=\"width: 910px\" class=\"wp-caption aligncenter\"><img loading=\"lazy\" decoding=\"async\" aria-describedby=\"caption-attachment-7347\" class=\"wp-image-7347 size-full\" src=\"https:\/\/histoweb.com\/wp-content\/uploads\/2018\/04\/DSCN5555-copia.jpg\" alt=\"\" width=\"900\" height=\"300\" srcset=\"https:\/\/histoweb.com\/wp-content\/uploads\/2018\/04\/DSCN5555-copia.jpg 900w, https:\/\/histoweb.com\/wp-content\/uploads\/2018\/04\/DSCN5555-copia-300x100.jpg 300w, https:\/\/histoweb.com\/wp-content\/uploads\/2018\/04\/DSCN5555-copia-768x256.jpg 768w, https:\/\/histoweb.com\/wp-content\/uploads\/2018\/04\/DSCN5555-copia-705x235.jpg 705w, https:\/\/histoweb.com\/wp-content\/uploads\/2018\/04\/DSCN5555-copia-450x150.jpg 450w\" sizes=\"auto, (max-width: 900px) 100vw, 900px\" \/><p id=\"caption-attachment-7347\" class=\"wp-caption-text\">TUMOR DE COLIS\u00c3O. Conflu\u00eancia de um carcinoma e osteosarcoma<\/p><\/div>\n<p>&nbsp;<\/p>\n<div id=\"attachment_7245\" style=\"width: 922px\" class=\"wp-caption aligncenter\"><img loading=\"lazy\" decoding=\"async\" aria-describedby=\"caption-attachment-7245\" class=\" wp-image-7245\" src=\"https:\/\/histoweb.com\/wp-content\/uploads\/2017\/06\/Carcinoma-basal.jpg\" alt=\"OLYMPUS DIGITAL CAMERA\" width=\"912\" height=\"291\" srcset=\"https:\/\/histoweb.com\/wp-content\/uploads\/2017\/06\/Carcinoma-basal.jpg 940w, https:\/\/histoweb.com\/wp-content\/uploads\/2017\/06\/Carcinoma-basal-300x96.jpg 300w, https:\/\/histoweb.com\/wp-content\/uploads\/2017\/06\/Carcinoma-basal-768x245.jpg 768w, https:\/\/histoweb.com\/wp-content\/uploads\/2017\/06\/Carcinoma-basal-705x225.jpg 705w, https:\/\/histoweb.com\/wp-content\/uploads\/2017\/06\/Carcinoma-basal-450x144.jpg 450w\" sizes=\"auto, (max-width: 912px) 100vw, 912px\" \/><p id=\"caption-attachment-7245\" class=\"wp-caption-text\">CARCINOMA DE C\u00c9LULAS BASAIS. Neoplasia epiteliais CK5+ e CK8+<\/p><\/div>\n<p>&nbsp;<\/p>\n<div id=\"attachment_7212\" style=\"width: 915px\" class=\"wp-caption aligncenter\"><img loading=\"lazy\" decoding=\"async\" aria-describedby=\"caption-attachment-7212\" class=\"wp-image-7212 \" src=\"https:\/\/histoweb.com\/wp-content\/uploads\/2016\/12\/Alopecia-areata.jpg\" alt=\"alopecia-areata\" width=\"905\" height=\"289\" srcset=\"https:\/\/histoweb.com\/wp-content\/uploads\/2016\/12\/Alopecia-areata.jpg 940w, https:\/\/histoweb.com\/wp-content\/uploads\/2016\/12\/Alopecia-areata-300x96.jpg 300w, https:\/\/histoweb.com\/wp-content\/uploads\/2016\/12\/Alopecia-areata-768x245.jpg 768w, https:\/\/histoweb.com\/wp-content\/uploads\/2016\/12\/Alopecia-areata-705x225.jpg 705w, https:\/\/histoweb.com\/wp-content\/uploads\/2016\/12\/Alopecia-areata-450x144.jpg 450w\" sizes=\"auto, (max-width: 905px) 100vw, 905px\" \/><p id=\"caption-attachment-7212\" class=\"wp-caption-text\">ALOPECIA AREATA. A acumula\u00e7\u00e3o de linf\u00f3citos T CD4 + e CD8 + no bulbo folicular<\/p><\/div>\n<p>&nbsp;<\/p>\n<div id=\"attachment_7048\" style=\"width: 915px\" class=\"wp-caption aligncenter\"><img loading=\"lazy\" decoding=\"async\" aria-describedby=\"caption-attachment-7048\" class=\"wp-image-7048 \" src=\"https:\/\/histoweb.com\/wp-content\/uploads\/2016\/09\/c-kit-mastocitoma.jpg\" alt=\"c-kit-mastocitoma\" width=\"905\" height=\"289\" srcset=\"https:\/\/histoweb.com\/wp-content\/uploads\/2016\/09\/c-kit-mastocitoma.jpg 940w, https:\/\/histoweb.com\/wp-content\/uploads\/2016\/09\/c-kit-mastocitoma-300x96.jpg 300w, https:\/\/histoweb.com\/wp-content\/uploads\/2016\/09\/c-kit-mastocitoma-768x245.jpg 768w, https:\/\/histoweb.com\/wp-content\/uploads\/2016\/09\/c-kit-mastocitoma-705x225.jpg 705w, https:\/\/histoweb.com\/wp-content\/uploads\/2016\/09\/c-kit-mastocitoma-450x144.jpg 450w\" sizes=\"auto, (max-width: 905px) 100vw, 905px\" \/><p id=\"caption-attachment-7048\" class=\"wp-caption-text\">c-kit Tipo II de express\u00e3o de c-kit em mast\u00f3citos. Indica muta\u00e7\u00e3o<\/p><\/div>\n<p>&nbsp;<\/p>\n<div id=\"attachment_7007\" style=\"width: 937px\" class=\"wp-caption aligncenter\"><img loading=\"lazy\" decoding=\"async\" aria-describedby=\"caption-attachment-7007\" class=\"wp-image-7007 \" src=\"https:\/\/histoweb.com\/wp-content\/uploads\/2016\/06\/IMG-20160408-WA0003-2.jpg\" alt=\"Mesotelioma\" width=\"927\" height=\"296\" srcset=\"https:\/\/histoweb.com\/wp-content\/uploads\/2016\/06\/IMG-20160408-WA0003-2.jpg 940w, https:\/\/histoweb.com\/wp-content\/uploads\/2016\/06\/IMG-20160408-WA0003-2-300x96.jpg 300w, https:\/\/histoweb.com\/wp-content\/uploads\/2016\/06\/IMG-20160408-WA0003-2-768x245.jpg 768w, https:\/\/histoweb.com\/wp-content\/uploads\/2016\/06\/IMG-20160408-WA0003-2-705x225.jpg 705w, https:\/\/histoweb.com\/wp-content\/uploads\/2016\/06\/IMG-20160408-WA0003-2-450x144.jpg 450w\" sizes=\"auto, (max-width: 927px) 100vw, 927px\" \/><p id=\"caption-attachment-7007\" class=\"wp-caption-text\">MESOTELIOMA. Neoplasias epiteliais derivados da serosa<\/p><\/div>\n<p>&nbsp;<\/p>\n<div id=\"attachment_6455\" style=\"width: 950px\" class=\"wp-caption aligncenter\"><img loading=\"lazy\" decoding=\"async\" aria-describedby=\"caption-attachment-6455\" class=\"wp-image-6455 size-full\" src=\"https:\/\/histoweb.com\/wp-content\/uploads\/2016\/02\/Lymph-B.-CD79-green-CD3-red.png\" alt=\"Lymph B. CD79 green, CD3 red\" width=\"940\" height=\"300\" srcset=\"https:\/\/histoweb.com\/wp-content\/uploads\/2016\/02\/Lymph-B.-CD79-green-CD3-red.png 940w, https:\/\/histoweb.com\/wp-content\/uploads\/2016\/02\/Lymph-B.-CD79-green-CD3-red-300x96.png 300w, https:\/\/histoweb.com\/wp-content\/uploads\/2016\/02\/Lymph-B.-CD79-green-CD3-red-768x245.png 768w, https:\/\/histoweb.com\/wp-content\/uploads\/2016\/02\/Lymph-B.-CD79-green-CD3-red-705x225.png 705w, https:\/\/histoweb.com\/wp-content\/uploads\/2016\/02\/Lymph-B.-CD79-green-CD3-red-450x144.png 450w\" sizes=\"auto, (max-width: 940px) 100vw, 940px\" \/><p id=\"caption-attachment-6455\" class=\"wp-caption-text\">LINFOMA B DUPLA IMUNOCOLORA\u00c7AO. Linf\u00f3citos B verde (CD79+). Linf\u00f3citos T vermelho (CD3+).<\/p><\/div>\n<p>&nbsp;<\/p>\n<div id=\"attachment_6318\" style=\"width: 950px\" class=\"wp-caption aligncenter\"><img loading=\"lazy\" decoding=\"async\" aria-describedby=\"caption-attachment-6318\" class=\"wp-image-6318 size-full\" src=\"https:\/\/histoweb.com\/wp-content\/uploads\/2015\/12\/DSCN4895.jpg\" alt=\"DSCN4895\" width=\"940\" height=\"300\" srcset=\"https:\/\/histoweb.com\/wp-content\/uploads\/2015\/12\/DSCN4895.jpg 940w, https:\/\/histoweb.com\/wp-content\/uploads\/2015\/12\/DSCN4895-300x96.jpg 300w, https:\/\/histoweb.com\/wp-content\/uploads\/2015\/12\/DSCN4895-705x225.jpg 705w, https:\/\/histoweb.com\/wp-content\/uploads\/2015\/12\/DSCN4895-450x144.jpg 450w\" sizes=\"auto, (max-width: 940px) 100vw, 940px\" \/><p id=\"caption-attachment-6318\" class=\"wp-caption-text\">PLACA VIRAL PIGMENTADO. Infec\u00e7\u00e3o por papilomav\u00edrus<\/p><\/div>\n<p>&nbsp;<\/p>\n<div id=\"attachment_6201\" style=\"width: 950px\" class=\"wp-caption aligncenter\"><img loading=\"lazy\" decoding=\"async\" aria-describedby=\"caption-attachment-6201\" class=\"wp-image-6201 size-full\" src=\"https:\/\/histoweb.com\/wp-content\/uploads\/2015\/10\/DSCN2774.jpg\" alt=\"DSCN2774\" width=\"940\" height=\"300\" srcset=\"https:\/\/histoweb.com\/wp-content\/uploads\/2015\/10\/DSCN2774.jpg 940w, https:\/\/histoweb.com\/wp-content\/uploads\/2015\/10\/DSCN2774-300x96.jpg 300w, https:\/\/histoweb.com\/wp-content\/uploads\/2015\/10\/DSCN2774-705x225.jpg 705w, https:\/\/histoweb.com\/wp-content\/uploads\/2015\/10\/DSCN2774-450x144.jpg 450w\" sizes=\"auto, (max-width: 940px) 100vw, 940px\" \/><p id=\"caption-attachment-6201\" class=\"wp-caption-text\">MICOBACTERIOSE. Linfadenite granulomatosa um Schnauzer associado com Mycobacterium avium subsp. Hominissuis<\/p><\/div>\n<p>&nbsp;<\/p>\n<div id=\"attachment_6079\" style=\"width: 950px\" class=\"wp-caption aligncenter\"><img loading=\"lazy\" decoding=\"async\" aria-describedby=\"caption-attachment-6079\" class=\"wp-image-6079 size-full\" src=\"https:\/\/histoweb.com\/wp-content\/uploads\/2015\/06\/DSCN6519.jpg\" alt=\"DSCN6519\" width=\"940\" height=\"300\" srcset=\"https:\/\/histoweb.com\/wp-content\/uploads\/2015\/06\/DSCN6519.jpg 940w, https:\/\/histoweb.com\/wp-content\/uploads\/2015\/06\/DSCN6519-300x96.jpg 300w, https:\/\/histoweb.com\/wp-content\/uploads\/2015\/06\/DSCN6519-705x225.jpg 705w, https:\/\/histoweb.com\/wp-content\/uploads\/2015\/06\/DSCN6519-450x144.jpg 450w\" sizes=\"auto, (max-width: 940px) 100vw, 940px\" \/><p id=\"caption-attachment-6079\" class=\"wp-caption-text\">CRIPTOCOCOSE. Organismos monom\u00f3rficas 1-7 \u00b5m de di\u00e2metro com capsular aur\u00e9ola transparente<\/p><\/div>\n<p>&nbsp;<\/p>\n<div id=\"attachment_5958\" style=\"width: 950px\" class=\"wp-caption aligncenter\"><img loading=\"lazy\" decoding=\"async\" aria-describedby=\"caption-attachment-5958\" class=\"wp-image-5958 size-full\" src=\"https:\/\/histoweb.com\/wp-content\/uploads\/2015\/06\/Ves\u00edcula.red_1.jpg\" alt=\"Ves\u00edcula.red\" width=\"940\" height=\"300\" srcset=\"https:\/\/histoweb.com\/wp-content\/uploads\/2015\/06\/Ves\u00edcula.red_1.jpg 940w, https:\/\/histoweb.com\/wp-content\/uploads\/2015\/06\/Ves\u00edcula.red_1-300x96.jpg 300w, https:\/\/histoweb.com\/wp-content\/uploads\/2015\/06\/Ves\u00edcula.red_1-705x225.jpg 705w, https:\/\/histoweb.com\/wp-content\/uploads\/2015\/06\/Ves\u00edcula.red_1-450x144.jpg 450w\" sizes=\"auto, (max-width: 940px) 100vw, 940px\" \/><p id=\"caption-attachment-5958\" class=\"wp-caption-text\">EPIDERM\u00d3LISE BOLHOSA. Separa\u00e7\u00e3o da epiderme e da derme<\/p><\/div>\n<p>&nbsp;<\/p>\n<div id=\"attachment_5874\" style=\"width: 950px\" class=\"wp-caption aligncenter\"><img loading=\"lazy\" decoding=\"async\" aria-describedby=\"caption-attachment-5874\" class=\"wp-image-5874 size-full\" src=\"https:\/\/histoweb.com\/wp-content\/uploads\/2015\/06\/Cirrosis-Histovet.jpg\" alt=\"CIRROSE. Fibrose e hiperplasia nodular\" width=\"940\" height=\"300\" srcset=\"https:\/\/histoweb.com\/wp-content\/uploads\/2015\/06\/Cirrosis-Histovet.jpg 940w, https:\/\/histoweb.com\/wp-content\/uploads\/2015\/06\/Cirrosis-Histovet-300x96.jpg 300w, https:\/\/histoweb.com\/wp-content\/uploads\/2015\/06\/Cirrosis-Histovet-705x225.jpg 705w, https:\/\/histoweb.com\/wp-content\/uploads\/2015\/06\/Cirrosis-Histovet-450x144.jpg 450w\" sizes=\"auto, (max-width: 940px) 100vw, 940px\" \/><p id=\"caption-attachment-5874\" class=\"wp-caption-text\">CIRROSE. Fibrose e hiperplasia nodular<\/p><\/div>\n<p>&nbsp;<\/p>\n<div id=\"attachment_5905\" style=\"width: 950px\" class=\"wp-caption aligncenter\"><img loading=\"lazy\" decoding=\"async\" aria-describedby=\"caption-attachment-5905\" class=\"wp-image-5905 size-full\" src=\"https:\/\/histoweb.com\/wp-content\/uploads\/2015\/06\/insulinoma-Histovet.jpg\" alt=\"INSULINOMA. Adenoma das c\u00e9lulas beta\" width=\"940\" height=\"300\" srcset=\"https:\/\/histoweb.com\/wp-content\/uploads\/2015\/06\/insulinoma-Histovet.jpg 940w, https:\/\/histoweb.com\/wp-content\/uploads\/2015\/06\/insulinoma-Histovet-300x96.jpg 300w, https:\/\/histoweb.com\/wp-content\/uploads\/2015\/06\/insulinoma-Histovet-705x225.jpg 705w, https:\/\/histoweb.com\/wp-content\/uploads\/2015\/06\/insulinoma-Histovet-450x144.jpg 450w\" sizes=\"auto, (max-width: 940px) 100vw, 940px\" \/><p id=\"caption-attachment-5905\" class=\"wp-caption-text\">INSULINOMA. Adenoma das c\u00e9lulas beta<\/p><\/div>\n<p>&nbsp;<\/p>\n<div id=\"attachment_5292\" style=\"width: 950px\" class=\"wp-caption aligncenter\"><img loading=\"lazy\" decoding=\"async\" aria-describedby=\"caption-attachment-5292\" class=\"wp-image-5292 size-full\" src=\"https:\/\/histoweb.com\/wp-content\/uploads\/2015\/04\/7.jpg\" alt=\"Histovet - Citoqueratina. C\u00e9lulas citoqueratina positivo em um carcinoma\" width=\"940\" height=\"300\" srcset=\"https:\/\/histoweb.com\/wp-content\/uploads\/2015\/04\/7.jpg 940w, https:\/\/histoweb.com\/wp-content\/uploads\/2015\/04\/7-300x96.jpg 300w, https:\/\/histoweb.com\/wp-content\/uploads\/2015\/04\/7-705x225.jpg 705w, https:\/\/histoweb.com\/wp-content\/uploads\/2015\/04\/7-450x144.jpg 450w\" sizes=\"auto, (max-width: 940px) 100vw, 940px\" \/><p id=\"caption-attachment-5292\" class=\"wp-caption-text\">Citoqueratina. C\u00e9lulas citoqueratina positivo em um carcinoma<\/p><\/div>\n<p>&nbsp;<\/p>\n<div id=\"attachment_4958\" style=\"width: 950px\" class=\"wp-caption aligncenter\"><img loading=\"lazy\" decoding=\"async\" aria-describedby=\"caption-attachment-4958\" class=\"wp-image-4958 size-full\" src=\"https:\/\/histoweb.com\/wp-content\/uploads\/2015\/03\/fig11.jpg\" alt=\"fig1\" width=\"940\" height=\"300\" srcset=\"https:\/\/histoweb.com\/wp-content\/uploads\/2015\/03\/fig11.jpg 940w, https:\/\/histoweb.com\/wp-content\/uploads\/2015\/03\/fig11-300x96.jpg 300w, https:\/\/histoweb.com\/wp-content\/uploads\/2015\/03\/fig11-705x225.jpg 705w, https:\/\/histoweb.com\/wp-content\/uploads\/2015\/03\/fig11-450x144.jpg 450w\" sizes=\"auto, (max-width: 940px) 100vw, 940px\" \/><p id=\"caption-attachment-4958\" class=\"wp-caption-text\">Pleocytosis. Aumento de c\u00e9lulas inflamat\u00f3rias no fluido cerebrospinal em encefalite<\/p><\/div>\n<p>&nbsp;<\/p>\n<div id=\"attachment_5113\" style=\"width: 950px\" class=\"wp-caption aligncenter\"><img loading=\"lazy\" decoding=\"async\" aria-describedby=\"caption-attachment-5113\" class=\"wp-image-5113 size-full\" src=\"https:\/\/histoweb.com\/wp-content\/uploads\/2015\/01\/SCHWANOMA.jpg\" alt=\"SCHWANOMA\" width=\"940\" height=\"300\" srcset=\"https:\/\/histoweb.com\/wp-content\/uploads\/2015\/01\/SCHWANOMA.jpg 940w, https:\/\/histoweb.com\/wp-content\/uploads\/2015\/01\/SCHWANOMA-300x96.jpg 300w, https:\/\/histoweb.com\/wp-content\/uploads\/2015\/01\/SCHWANOMA-705x225.jpg 705w, https:\/\/histoweb.com\/wp-content\/uploads\/2015\/01\/SCHWANOMA-450x144.jpg 450w\" sizes=\"auto, (max-width: 940px) 100vw, 940px\" \/><p id=\"caption-attachment-5113\" class=\"wp-caption-text\">SCHWANNOMA. Tumor benigno neural<\/p><\/div>\n<p>&nbsp;<\/p>\n<div id=\"attachment_4623\" style=\"width: 950px\" class=\"wp-caption aligncenter\"><img loading=\"lazy\" decoding=\"async\" aria-describedby=\"caption-attachment-4623\" class=\"wp-image-4623 size-full\" src=\"https:\/\/histoweb.com\/wp-content\/uploads\/2015\/02\/vasculitis-slider.jpg\" alt=\"vasculitis\" width=\"940\" height=\"300\" srcset=\"https:\/\/histoweb.com\/wp-content\/uploads\/2015\/02\/vasculitis-slider.jpg 940w, https:\/\/histoweb.com\/wp-content\/uploads\/2015\/02\/vasculitis-slider-300x96.jpg 300w, https:\/\/histoweb.com\/wp-content\/uploads\/2015\/02\/vasculitis-slider-705x225.jpg 705w, https:\/\/histoweb.com\/wp-content\/uploads\/2015\/02\/vasculitis-slider-450x144.jpg 450w\" sizes=\"auto, (max-width: 940px) 100vw, 940px\" \/><p id=\"caption-attachment-4623\" class=\"wp-caption-text\">Vasculite. Tipo III reac\u00e7\u00e3o de hipersensibilidade<\/p><\/div>\n<p>&nbsp;<\/p>\n<div id=\"attachment_4616\" style=\"width: 950px\" class=\"wp-caption aligncenter\"><img loading=\"lazy\" decoding=\"async\" aria-describedby=\"caption-attachment-4616\" class=\"wp-image-4616 size-full\" src=\"https:\/\/histoweb.com\/wp-content\/uploads\/2015\/02\/linfagiectasia-slider.jpg\" alt=\"linfagiectasia\" width=\"940\" height=\"300\" srcset=\"https:\/\/histoweb.com\/wp-content\/uploads\/2015\/02\/linfagiectasia-slider.jpg 940w, https:\/\/histoweb.com\/wp-content\/uploads\/2015\/02\/linfagiectasia-slider-300x96.jpg 300w, https:\/\/histoweb.com\/wp-content\/uploads\/2015\/02\/linfagiectasia-slider-705x225.jpg 705w, https:\/\/histoweb.com\/wp-content\/uploads\/2015\/02\/linfagiectasia-slider-450x144.jpg 450w\" sizes=\"auto, (max-width: 940px) 100vw, 940px\" \/><p id=\"caption-attachment-4616\" class=\"wp-caption-text\">Linfangiectasia. Linf\u00e1ticos dilatados em uma Protein-losing enteropathy<\/p><\/div>\n","protected":false},"excerpt":{"rendered":"<p>&nbsp; &nbsp; &nbsp; &nbsp; &nbsp; &nbsp; &nbsp; &nbsp; &nbsp; &nbsp; &nbsp; &nbsp; &nbsp; &nbsp; &nbsp; &nbsp; &nbsp;<\/p>\n","protected":false},"author":4,"featured_media":0,"parent":0,"menu_order":0,"comment_status":"closed","ping_status":"closed","template":"","meta":{"footnotes":""},"class_list":["post-4391","page","type-page","status-publish","hentry"],"yoast_head":"<!-- This site is optimized with the Yoast SEO plugin v26.6 - https:\/\/yoast.com\/wordpress\/plugins\/seo\/ -->\n<title>Arquivo de Imagem - Histoweb<\/title>\n<meta name=\"robots\" content=\"index, follow, max-snippet:-1, max-image-preview:large, max-video-preview:-1\" \/>\n<link rel=\"canonical\" href=\"https:\/\/histoweb.com\/pt-pt\/arquivo-de-imagem\/\" \/>\n<meta property=\"og:locale\" content=\"pt_PT\" \/>\n<meta property=\"og:type\" content=\"article\" \/>\n<meta property=\"og:title\" content=\"Arquivo de Imagem - Histoweb\" \/>\n<meta property=\"og:description\" content=\"&nbsp; &nbsp; &nbsp; &nbsp; &nbsp; &nbsp; &nbsp; &nbsp; &nbsp; &nbsp; &nbsp; &nbsp; &nbsp; &nbsp; &nbsp; &nbsp; &nbsp;\" \/>\n<meta property=\"og:url\" content=\"https:\/\/histoweb.com\/pt-pt\/arquivo-de-imagem\/\" \/>\n<meta property=\"og:site_name\" content=\"Histoweb\" \/>\n<meta property=\"article:modified_time\" content=\"2022-11-02T15:50:30+00:00\" \/>\n<meta property=\"og:image\" content=\"https:\/\/histoweb.com\/wp-content\/uploads\/2022\/11\/H719537-Paget-2-2-1.jpg\" \/>\n<meta name=\"twitter:label1\" content=\"Tempo estimado de leitura\" \/>\n\t<meta name=\"twitter:data1\" content=\"2 minutos\" \/>\n<script type=\"application\/ld+json\" class=\"yoast-schema-graph\">{\"@context\":\"https:\/\/schema.org\",\"@graph\":[{\"@type\":\"WebPage\",\"@id\":\"https:\/\/histoweb.com\/pt-pt\/arquivo-de-imagem\/\",\"url\":\"https:\/\/histoweb.com\/pt-pt\/arquivo-de-imagem\/\",\"name\":\"Arquivo de Imagem - Histoweb\",\"isPartOf\":{\"@id\":\"https:\/\/histoweb.com\/#website\"},\"primaryImageOfPage\":{\"@id\":\"https:\/\/histoweb.com\/pt-pt\/arquivo-de-imagem\/#primaryimage\"},\"image\":{\"@id\":\"https:\/\/histoweb.com\/pt-pt\/arquivo-de-imagem\/#primaryimage\"},\"thumbnailUrl\":\"https:\/\/histoweb.com\/wp-content\/uploads\/2022\/11\/H719537-Paget-2-2-1.jpg\",\"datePublished\":\"2015-01-31T10:35:22+00:00\",\"dateModified\":\"2022-11-02T15:50:30+00:00\",\"breadcrumb\":{\"@id\":\"https:\/\/histoweb.com\/pt-pt\/arquivo-de-imagem\/#breadcrumb\"},\"inLanguage\":\"pt-PT\",\"potentialAction\":[{\"@type\":\"ReadAction\",\"target\":[\"https:\/\/histoweb.com\/pt-pt\/arquivo-de-imagem\/\"]}]},{\"@type\":\"ImageObject\",\"inLanguage\":\"pt-PT\",\"@id\":\"https:\/\/histoweb.com\/pt-pt\/arquivo-de-imagem\/#primaryimage\",\"url\":\"https:\/\/histoweb.com\/wp-content\/uploads\/2022\/11\/H719537-Paget-2-2-1.jpg\",\"contentUrl\":\"https:\/\/histoweb.com\/wp-content\/uploads\/2022\/11\/H719537-Paget-2-2-1.jpg\"},{\"@type\":\"BreadcrumbList\",\"@id\":\"https:\/\/histoweb.com\/pt-pt\/arquivo-de-imagem\/#breadcrumb\",\"itemListElement\":[{\"@type\":\"ListItem\",\"position\":1,\"name\":\"Portada\",\"item\":\"https:\/\/histoweb.com\/pt-pt\/portada-2\/\"},{\"@type\":\"ListItem\",\"position\":2,\"name\":\"Arquivo de Imagem\"}]},{\"@type\":\"WebSite\",\"@id\":\"https:\/\/histoweb.com\/#website\",\"url\":\"https:\/\/histoweb.com\/\",\"name\":\"Histoweb\",\"description\":\"Servicio de diagn\u00f3stico histopatol\u00f3gico veterinario\",\"publisher\":{\"@id\":\"https:\/\/histoweb.com\/#organization\"},\"potentialAction\":[{\"@type\":\"SearchAction\",\"target\":{\"@type\":\"EntryPoint\",\"urlTemplate\":\"https:\/\/histoweb.com\/?s={search_term_string}\"},\"query-input\":{\"@type\":\"PropertyValueSpecification\",\"valueRequired\":true,\"valueName\":\"search_term_string\"}}],\"inLanguage\":\"pt-PT\"},{\"@type\":\"Organization\",\"@id\":\"https:\/\/histoweb.com\/#organization\",\"name\":\"Histovet\",\"url\":\"https:\/\/histoweb.com\/\",\"logo\":{\"@type\":\"ImageObject\",\"inLanguage\":\"pt-PT\",\"@id\":\"https:\/\/histoweb.com\/#\/schema\/logo\/image\/\",\"url\":\"https:\/\/histoweb.com\/wp-content\/uploads\/2014\/03\/logo.jpg\",\"contentUrl\":\"https:\/\/histoweb.com\/wp-content\/uploads\/2014\/03\/logo.jpg\",\"width\":336,\"height\":75,\"caption\":\"Histovet\"},\"image\":{\"@id\":\"https:\/\/histoweb.com\/#\/schema\/logo\/image\/\"}}]}<\/script>\n<!-- \/ Yoast SEO plugin. -->","yoast_head_json":{"title":"Arquivo de Imagem - Histoweb","robots":{"index":"index","follow":"follow","max-snippet":"max-snippet:-1","max-image-preview":"max-image-preview:large","max-video-preview":"max-video-preview:-1"},"canonical":"https:\/\/histoweb.com\/pt-pt\/arquivo-de-imagem\/","og_locale":"pt_PT","og_type":"article","og_title":"Arquivo de Imagem - Histoweb","og_description":"&nbsp; &nbsp; &nbsp; &nbsp; &nbsp; &nbsp; &nbsp; &nbsp; &nbsp; &nbsp; &nbsp; &nbsp; &nbsp; &nbsp; &nbsp; &nbsp; &nbsp;","og_url":"https:\/\/histoweb.com\/pt-pt\/arquivo-de-imagem\/","og_site_name":"Histoweb","article_modified_time":"2022-11-02T15:50:30+00:00","og_image":[{"url":"https:\/\/histoweb.com\/wp-content\/uploads\/2022\/11\/H719537-Paget-2-2-1.jpg","type":"","width":"","height":""}],"twitter_misc":{"Tempo estimado de leitura":"2 minutos"},"schema":{"@context":"https:\/\/schema.org","@graph":[{"@type":"WebPage","@id":"https:\/\/histoweb.com\/pt-pt\/arquivo-de-imagem\/","url":"https:\/\/histoweb.com\/pt-pt\/arquivo-de-imagem\/","name":"Arquivo de Imagem - Histoweb","isPartOf":{"@id":"https:\/\/histoweb.com\/#website"},"primaryImageOfPage":{"@id":"https:\/\/histoweb.com\/pt-pt\/arquivo-de-imagem\/#primaryimage"},"image":{"@id":"https:\/\/histoweb.com\/pt-pt\/arquivo-de-imagem\/#primaryimage"},"thumbnailUrl":"https:\/\/histoweb.com\/wp-content\/uploads\/2022\/11\/H719537-Paget-2-2-1.jpg","datePublished":"2015-01-31T10:35:22+00:00","dateModified":"2022-11-02T15:50:30+00:00","breadcrumb":{"@id":"https:\/\/histoweb.com\/pt-pt\/arquivo-de-imagem\/#breadcrumb"},"inLanguage":"pt-PT","potentialAction":[{"@type":"ReadAction","target":["https:\/\/histoweb.com\/pt-pt\/arquivo-de-imagem\/"]}]},{"@type":"ImageObject","inLanguage":"pt-PT","@id":"https:\/\/histoweb.com\/pt-pt\/arquivo-de-imagem\/#primaryimage","url":"https:\/\/histoweb.com\/wp-content\/uploads\/2022\/11\/H719537-Paget-2-2-1.jpg","contentUrl":"https:\/\/histoweb.com\/wp-content\/uploads\/2022\/11\/H719537-Paget-2-2-1.jpg"},{"@type":"BreadcrumbList","@id":"https:\/\/histoweb.com\/pt-pt\/arquivo-de-imagem\/#breadcrumb","itemListElement":[{"@type":"ListItem","position":1,"name":"Portada","item":"https:\/\/histoweb.com\/pt-pt\/portada-2\/"},{"@type":"ListItem","position":2,"name":"Arquivo de Imagem"}]},{"@type":"WebSite","@id":"https:\/\/histoweb.com\/#website","url":"https:\/\/histoweb.com\/","name":"Histoweb","description":"Servicio de diagn\u00f3stico histopatol\u00f3gico veterinario","publisher":{"@id":"https:\/\/histoweb.com\/#organization"},"potentialAction":[{"@type":"SearchAction","target":{"@type":"EntryPoint","urlTemplate":"https:\/\/histoweb.com\/?s={search_term_string}"},"query-input":{"@type":"PropertyValueSpecification","valueRequired":true,"valueName":"search_term_string"}}],"inLanguage":"pt-PT"},{"@type":"Organization","@id":"https:\/\/histoweb.com\/#organization","name":"Histovet","url":"https:\/\/histoweb.com\/","logo":{"@type":"ImageObject","inLanguage":"pt-PT","@id":"https:\/\/histoweb.com\/#\/schema\/logo\/image\/","url":"https:\/\/histoweb.com\/wp-content\/uploads\/2014\/03\/logo.jpg","contentUrl":"https:\/\/histoweb.com\/wp-content\/uploads\/2014\/03\/logo.jpg","width":336,"height":75,"caption":"Histovet"},"image":{"@id":"https:\/\/histoweb.com\/#\/schema\/logo\/image\/"}}]}},"_links":{"self":[{"href":"https:\/\/histoweb.com\/pt-pt\/wp-json\/wp\/v2\/pages\/4391","targetHints":{"allow":["GET"]}}],"collection":[{"href":"https:\/\/histoweb.com\/pt-pt\/wp-json\/wp\/v2\/pages"}],"about":[{"href":"https:\/\/histoweb.com\/pt-pt\/wp-json\/wp\/v2\/types\/page"}],"author":[{"embeddable":true,"href":"https:\/\/histoweb.com\/pt-pt\/wp-json\/wp\/v2\/users\/4"}],"replies":[{"embeddable":true,"href":"https:\/\/histoweb.com\/pt-pt\/wp-json\/wp\/v2\/comments?post=4391"}],"version-history":[{"count":5,"href":"https:\/\/histoweb.com\/pt-pt\/wp-json\/wp\/v2\/pages\/4391\/revisions"}],"predecessor-version":[{"id":7756,"href":"https:\/\/histoweb.com\/pt-pt\/wp-json\/wp\/v2\/pages\/4391\/revisions\/7756"}],"wp:attachment":[{"href":"https:\/\/histoweb.com\/pt-pt\/wp-json\/wp\/v2\/media?parent=4391"}],"curies":[{"name":"wp","href":"https:\/\/api.w.org\/{rel}","templated":true}]}}