{"id":6786,"date":"2016-02-19T10:02:39","date_gmt":"2016-02-19T09:02:39","guid":{"rendered":"http:\/\/histoweb.com\/pt-pt\/?page_id=6786"},"modified":"2016-02-19T10:20:27","modified_gmt":"2016-02-19T09:20:27","slug":"histovet-citologia-tecidos-solidas-video","status":"publish","type":"page","link":"https:\/\/histoweb.com\/pt-pt\/histovet-citologia-tecidos-solidas-video\/","title":{"rendered":"Histovet:  citolog\u00eda tecidos s\u00f3lidas &#8211; v\u00eddeo"},"content":{"rendered":"<section  class='av_textblock_section av-av_textblock-0366cc7376be6c9e82a3e9cc8987b64f '   itemscope=\"itemscope\" itemtype=\"https:\/\/schema.org\/CreativeWork\" ><div class='avia_textblock'  itemprop=\"text\" ><h1 style=\"text-align: center;\">V\u00cdDEO: CITOLOG\u00cdA\u00a0TECIDOS S\u00d3LIDAS<\/h1>\n<\/div><\/section>\n<div  class='avia-video av-av_video-05ff4c3c9b31263cae64556157868b35 avia-video-16-9 av-no-preview-image avia-video-load-always av-lazyload-immediate av-lazyload-video-embed'  itemprop=\"video\" itemtype=\"https:\/\/schema.org\/VideoObject\"  data-original_url='https:\/\/www.youtube.com\/watch?v=0kFaHoq5WCg'><script type='text\/html' class='av-video-tmpl'><div class='avia-iframe-wrap'><iframe loading=\"lazy\" width=\"1333\" height=\"1000\" src=\"https:\/\/www.youtube.com\/embed\/0kFaHoq5WCg?feature=oembed&autoplay=0&loop=0&controls=1&mute=0\" frameborder=\"0\" allowfullscreen><\/iframe><\/div><\/script><div class='av-click-to-play-overlay'><div class=\"avia_playpause_icon\"><\/div><\/div><\/div>\n<div  class='avia-button-wrap av-av_button-00960e20ae75d87617178e934698a6a3-wrap avia-button-center  avia-builder-el-2  el_after_av_video  avia-builder-el-last '><a href='https:\/\/histoweb.com\/pt-pt\/servicos\/biopsias-citologias\/'  class='avia-button av-av_button-00960e20ae75d87617178e934698a6a3 av-link-btn avia-icon_select-yes-left-icon avia-size-x-large avia-position-center avia-color-theme-color'   aria-label=\"Back to BIOPSIAS e CITOLOG\u00cdAS\"><span class='avia_button_icon avia_button_icon_left avia-iconfont avia-font-entypo-fontello' data-av_icon='\ue830' data-av_iconfont='entypo-fontello' ><\/span><span class='avia_iconbox_title' >Back to BIOPSIAS e CITOLOG\u00cdAS<\/span><\/a><\/div>\n","protected":false},"excerpt":{"rendered":"","protected":false},"author":4,"featured_media":0,"parent":0,"menu_order":0,"comment_status":"closed","ping_status":"closed","template":"","meta":{"footnotes":""},"class_list":["post-6786","page","type-page","status-publish","hentry"],"yoast_head":"<!-- This site is optimized with the Yoast SEO plugin v26.6 - https:\/\/yoast.com\/wordpress\/plugins\/seo\/ -->\n<title>Histovet: citolog\u00eda tecidos s\u00f3lidas - v\u00eddeo - Histoweb<\/title>\n<meta name=\"description\" content=\"Histovet: \u00a0citolog\u00eda tecidos s\u00f3lidas - v\u00eddeo\" \/>\n<meta name=\"robots\" content=\"index, follow, max-snippet:-1, max-image-preview:large, max-video-preview:-1\" \/>\n<link rel=\"canonical\" href=\"https:\/\/histoweb.com\/pt-pt\/histovet-citologia-tecidos-solidas-video\/\" \/>\n<meta property=\"og:locale\" content=\"pt_PT\" \/>\n<meta property=\"og:type\" content=\"article\" \/>\n<meta property=\"og:title\" content=\"Histovet: citolog\u00eda tecidos s\u00f3lidas - v\u00eddeo - Histoweb\" \/>\n<meta property=\"og:description\" content=\"Histovet: \u00a0citolog\u00eda tecidos s\u00f3lidas - v\u00eddeo\" \/>\n<meta property=\"og:url\" content=\"https:\/\/histoweb.com\/pt-pt\/histovet-citologia-tecidos-solidas-video\/\" \/>\n<meta property=\"og:site_name\" content=\"Histoweb\" \/>\n<meta property=\"article:modified_time\" content=\"2016-02-19T09:20:27+00:00\" \/>\n<script type=\"application\/ld+json\" class=\"yoast-schema-graph\">{\"@context\":\"https:\/\/schema.org\",\"@graph\":[{\"@type\":\"WebPage\",\"@id\":\"https:\/\/histoweb.com\/pt-pt\/histovet-citologia-tecidos-solidas-video\/\",\"url\":\"https:\/\/histoweb.com\/pt-pt\/histovet-citologia-tecidos-solidas-video\/\",\"name\":\"Histovet: citolog\u00eda tecidos s\u00f3lidas - v\u00eddeo - Histoweb\",\"isPartOf\":{\"@id\":\"https:\/\/histoweb.com\/#website\"},\"datePublished\":\"2016-02-19T09:02:39+00:00\",\"dateModified\":\"2016-02-19T09:20:27+00:00\",\"description\":\"Histovet: \u00a0citolog\u00eda tecidos s\u00f3lidas - v\u00eddeo\",\"breadcrumb\":{\"@id\":\"https:\/\/histoweb.com\/pt-pt\/histovet-citologia-tecidos-solidas-video\/#breadcrumb\"},\"inLanguage\":\"pt-PT\",\"potentialAction\":[{\"@type\":\"ReadAction\",\"target\":[\"https:\/\/histoweb.com\/pt-pt\/histovet-citologia-tecidos-solidas-video\/\"]}]},{\"@type\":\"BreadcrumbList\",\"@id\":\"https:\/\/histoweb.com\/pt-pt\/histovet-citologia-tecidos-solidas-video\/#breadcrumb\",\"itemListElement\":[{\"@type\":\"ListItem\",\"position\":1,\"name\":\"Portada\",\"item\":\"https:\/\/histoweb.com\/pt-pt\/portada-2\/\"},{\"@type\":\"ListItem\",\"position\":2,\"name\":\"Histovet: citolog\u00eda tecidos s\u00f3lidas &#8211; v\u00eddeo\"}]},{\"@type\":\"WebSite\",\"@id\":\"https:\/\/histoweb.com\/#website\",\"url\":\"https:\/\/histoweb.com\/\",\"name\":\"Histoweb\",\"description\":\"Servicio de diagn\u00f3stico histopatol\u00f3gico veterinario\",\"publisher\":{\"@id\":\"https:\/\/histoweb.com\/#organization\"},\"potentialAction\":[{\"@type\":\"SearchAction\",\"target\":{\"@type\":\"EntryPoint\",\"urlTemplate\":\"https:\/\/histoweb.com\/?s={search_term_string}\"},\"query-input\":{\"@type\":\"PropertyValueSpecification\",\"valueRequired\":true,\"valueName\":\"search_term_string\"}}],\"inLanguage\":\"pt-PT\"},{\"@type\":\"Organization\",\"@id\":\"https:\/\/histoweb.com\/#organization\",\"name\":\"Histovet\",\"url\":\"https:\/\/histoweb.com\/\",\"logo\":{\"@type\":\"ImageObject\",\"inLanguage\":\"pt-PT\",\"@id\":\"https:\/\/histoweb.com\/#\/schema\/logo\/image\/\",\"url\":\"https:\/\/histoweb.com\/wp-content\/uploads\/2014\/03\/logo.jpg\",\"contentUrl\":\"https:\/\/histoweb.com\/wp-content\/uploads\/2014\/03\/logo.jpg\",\"width\":336,\"height\":75,\"caption\":\"Histovet\"},\"image\":{\"@id\":\"https:\/\/histoweb.com\/#\/schema\/logo\/image\/\"}}]}<\/script>\n<!-- \/ Yoast SEO plugin. -->","yoast_head_json":{"title":"Histovet: citolog\u00eda tecidos s\u00f3lidas - v\u00eddeo - Histoweb","description":"Histovet: \u00a0citolog\u00eda tecidos s\u00f3lidas - v\u00eddeo","robots":{"index":"index","follow":"follow","max-snippet":"max-snippet:-1","max-image-preview":"max-image-preview:large","max-video-preview":"max-video-preview:-1"},"canonical":"https:\/\/histoweb.com\/pt-pt\/histovet-citologia-tecidos-solidas-video\/","og_locale":"pt_PT","og_type":"article","og_title":"Histovet: citolog\u00eda tecidos s\u00f3lidas - v\u00eddeo - Histoweb","og_description":"Histovet: \u00a0citolog\u00eda tecidos s\u00f3lidas - v\u00eddeo","og_url":"https:\/\/histoweb.com\/pt-pt\/histovet-citologia-tecidos-solidas-video\/","og_site_name":"Histoweb","article_modified_time":"2016-02-19T09:20:27+00:00","schema":{"@context":"https:\/\/schema.org","@graph":[{"@type":"WebPage","@id":"https:\/\/histoweb.com\/pt-pt\/histovet-citologia-tecidos-solidas-video\/","url":"https:\/\/histoweb.com\/pt-pt\/histovet-citologia-tecidos-solidas-video\/","name":"Histovet: citolog\u00eda tecidos s\u00f3lidas - v\u00eddeo - Histoweb","isPartOf":{"@id":"https:\/\/histoweb.com\/#website"},"datePublished":"2016-02-19T09:02:39+00:00","dateModified":"2016-02-19T09:20:27+00:00","description":"Histovet: \u00a0citolog\u00eda tecidos s\u00f3lidas - v\u00eddeo","breadcrumb":{"@id":"https:\/\/histoweb.com\/pt-pt\/histovet-citologia-tecidos-solidas-video\/#breadcrumb"},"inLanguage":"pt-PT","potentialAction":[{"@type":"ReadAction","target":["https:\/\/histoweb.com\/pt-pt\/histovet-citologia-tecidos-solidas-video\/"]}]},{"@type":"BreadcrumbList","@id":"https:\/\/histoweb.com\/pt-pt\/histovet-citologia-tecidos-solidas-video\/#breadcrumb","itemListElement":[{"@type":"ListItem","position":1,"name":"Portada","item":"https:\/\/histoweb.com\/pt-pt\/portada-2\/"},{"@type":"ListItem","position":2,"name":"Histovet: citolog\u00eda tecidos s\u00f3lidas &#8211; v\u00eddeo"}]},{"@type":"WebSite","@id":"https:\/\/histoweb.com\/#website","url":"https:\/\/histoweb.com\/","name":"Histoweb","description":"Servicio de diagn\u00f3stico histopatol\u00f3gico veterinario","publisher":{"@id":"https:\/\/histoweb.com\/#organization"},"potentialAction":[{"@type":"SearchAction","target":{"@type":"EntryPoint","urlTemplate":"https:\/\/histoweb.com\/?s={search_term_string}"},"query-input":{"@type":"PropertyValueSpecification","valueRequired":true,"valueName":"search_term_string"}}],"inLanguage":"pt-PT"},{"@type":"Organization","@id":"https:\/\/histoweb.com\/#organization","name":"Histovet","url":"https:\/\/histoweb.com\/","logo":{"@type":"ImageObject","inLanguage":"pt-PT","@id":"https:\/\/histoweb.com\/#\/schema\/logo\/image\/","url":"https:\/\/histoweb.com\/wp-content\/uploads\/2014\/03\/logo.jpg","contentUrl":"https:\/\/histoweb.com\/wp-content\/uploads\/2014\/03\/logo.jpg","width":336,"height":75,"caption":"Histovet"},"image":{"@id":"https:\/\/histoweb.com\/#\/schema\/logo\/image\/"}}]}},"_links":{"self":[{"href":"https:\/\/histoweb.com\/pt-pt\/wp-json\/wp\/v2\/pages\/6786","targetHints":{"allow":["GET"]}}],"collection":[{"href":"https:\/\/histoweb.com\/pt-pt\/wp-json\/wp\/v2\/pages"}],"about":[{"href":"https:\/\/histoweb.com\/pt-pt\/wp-json\/wp\/v2\/types\/page"}],"author":[{"embeddable":true,"href":"https:\/\/histoweb.com\/pt-pt\/wp-json\/wp\/v2\/users\/4"}],"replies":[{"embeddable":true,"href":"https:\/\/histoweb.com\/pt-pt\/wp-json\/wp\/v2\/comments?post=6786"}],"version-history":[{"count":0,"href":"https:\/\/histoweb.com\/pt-pt\/wp-json\/wp\/v2\/pages\/6786\/revisions"}],"wp:attachment":[{"href":"https:\/\/histoweb.com\/pt-pt\/wp-json\/wp\/v2\/media?parent=6786"}],"curies":[{"name":"wp","href":"https:\/\/api.w.org\/{rel}","templated":true}]}}