{"id":8234,"date":"2014-03-13T15:36:15","date_gmt":"2014-03-13T14:36:15","guid":{"rendered":"https:\/\/histoweb.com\/?page_id=8234"},"modified":"2025-04-10T10:46:27","modified_gmt":"2025-04-10T09:46:27","slug":"politica-de-privacidade","status":"publish","type":"page","link":"https:\/\/histoweb.com\/pt-pt\/politica-de-privacidade\/","title":{"rendered":"Pol\u00edtica de privacidade"},"content":{"rendered":"<h3>PROTE\u00c7\u00c3O DE DADOS PESSOAIS<\/h3>\n<p>Em conformidade com o disposto na Lei Org\u00e2nica 15\/1999 sobre a Prote\u00e7\u00e3o de Dados de Car\u00e1cter Pessoal, a HISTOVET informa os utilizadores do seu website de que os dados pessoais recolhidos atrav\u00e9s dos formul\u00e1rios presentes nas suas p\u00e1ginas ser\u00e3o inseridos num ficheiro automatizado sob responsabilidade da HISTOVET, com o objetivo de facilitar, agilizar e cumprir os compromissos estabelecidos entre ambas as partes.<\/p>\n<p>A HISTOVET informa ainda sobre a possibilidade de exercer os direitos de acesso, cancelamento, retifica\u00e7\u00e3o e oposi\u00e7\u00e3o mediante pedido escrito enviado para: Av. Pa\u00efsos Catalans 12D, C\u00f3digo Postal: 08192, Localidade: Sant Quirze del Vall\u00e8s, Prov\u00edncia: Barcelona, acompanhado de fotoc\u00f3pia do Cart\u00e3o de Cidad\u00e3o ou documenta\u00e7\u00e3o alternativa que comprove a identidade.<\/p>\n<p>Enquanto n\u00e3o recebermos indica\u00e7\u00e3o em contr\u00e1rio, entenderemos que os seus dados n\u00e3o foram modificados, que se compromete a informar-nos de qualquer altera\u00e7\u00e3o e que nos autoriza a utiliz\u00e1-los para manter a rela\u00e7\u00e3o entre as partes.<\/p>\n<p>De acordo com o disposto no artigo 21 da Lei 34\/2002 sobre Servi\u00e7os da Sociedade da Informa\u00e7\u00e3o e Com\u00e9rcio Electr\u00f3nico, solicitamos o seu consentimento para lhe enviarmos comunica\u00e7\u00f5es publicit\u00e1rias que consideremos do seu interesse, por correio eletr\u00f3nico ou qualquer outro meio de comunica\u00e7\u00e3o eletr\u00f3nica equivalente.<\/p>\n<hr \/>\n<h3>POL\u00cdTICA DE LIGA\u00c7\u00d5ES E ISEN\u00c7\u00c3O DE RESPONSABILIDADE<\/h3>\n<p>A HISTOVET n\u00e3o se responsabiliza pelo conte\u00fado das p\u00e1ginas web \u00e0s quais o utilizador possa aceder atrav\u00e9s dos links inclu\u00eddos no seu website, e declara que, em nenhum caso, examinar\u00e1 nem exercer\u00e1 qualquer tipo de controlo sobre o conte\u00fado de p\u00e1ginas externas.<\/p>\n<p>Do mesmo modo, n\u00e3o garante a disponibilidade t\u00e9cnica, exatid\u00e3o, veracidade, validade ou legalidade de p\u00e1ginas n\u00e3o pertencentes \u00e0 empresa, \u00e0s quais se possa aceder por meio de liga\u00e7\u00f5es.<\/p>\n<p>A HISTOVET declara que tomou todas as medidas necess\u00e1rias para evitar quaisquer danos que possam decorrer da navega\u00e7\u00e3o nas suas p\u00e1ginas web. Consequentemente, n\u00e3o ser\u00e1 respons\u00e1vel, em caso algum, por eventuais preju\u00edzos que o utilizador possa sofrer ao navegar na Internet.<\/p>\n<p>A HISTOVET n\u00e3o se responsabiliza por danos ou preju\u00edzos de qualquer tipo causados ao utilizador resultantes de falhas ou desconex\u00f5es nas redes de telecomunica\u00e7\u00f5es que possam provocar a suspens\u00e3o, cancelamento, instala\u00e7\u00e3o ou interrup\u00e7\u00e3o do servi\u00e7o do site durante ou antes da sua presta\u00e7\u00e3o.<\/p>\n<p>O acesso ao site <a href=\"http:\/\/www.histoweb.com\/\">www.histoweb.com<\/a> n\u00e3o implica obriga\u00e7\u00e3o por parte da empresa de controlar a aus\u00eancia de v\u00edrus ou qualquer outro elemento inform\u00e1tico nocivo. Compete ao utilizador dispor de ferramentas adequadas para a dete\u00e7\u00e3o e desinfe\u00e7\u00e3o de programas inform\u00e1ticos prejudiciais.<\/p>\n<p>A HISTOVET n\u00e3o \u00e9 respons\u00e1vel por danos causados a equipamentos inform\u00e1ticos, documentos e\/ou ficheiros dos utilizadores ou de terceiros durante a presta\u00e7\u00e3o de servi\u00e7os no Portal.<\/p>\n<hr \/>\n<h3>PUBLICIDADE<\/h3>\n<p>O site <a href=\"http:\/\/www.histoweb.com\/\">www.histoweb.com<\/a> pode incluir conte\u00fados publicit\u00e1rios ou patrocinados. Os anunciantes ou patrocinadores s\u00e3o os \u00fanicos respons\u00e1veis por garantir que o material enviado para inclus\u00e3o no site est\u00e1 em conformidade com a legisla\u00e7\u00e3o aplic\u00e1vel em cada caso.<\/p>\n<p>A HISTOVET n\u00e3o se responsabiliza por quaisquer erros, imprecis\u00f5es ou irregularidades que os conte\u00fados publicit\u00e1rios ou dos patrocinadores possam conter.<\/p>\n<hr \/>\n<h3>MODIFICA\u00c7\u00d5ES<\/h3>\n<p>A HISTOVET reserva-se o direito de efetuar as altera\u00e7\u00f5es que considere adequadas, sem aviso pr\u00e9vio, ao conte\u00fado dos seus websites, tanto no que diz respeito aos conte\u00fados como \u00e0s condi\u00e7\u00f5es de utiliza\u00e7\u00e3o ou condi\u00e7\u00f5es gerais de contrata\u00e7\u00e3o. Essas altera\u00e7\u00f5es podem ser efetuadas por qualquer forma legalmente admiss\u00edvel e ser\u00e3o de cumprimento obrigat\u00f3rio enquanto estiverem publicadas no site, at\u00e9 serem substitu\u00eddas por outras posteriores.<\/p>\n<hr \/>\n<h3>UTILIZA\u00c7\u00c3O DE COOKIES<\/h3>\n<p>A HISTOVET reserva-se o direito de utilizar cookies durante a navega\u00e7\u00e3o do utilizador nos seus websites, com o objetivo de facilitar a personaliza\u00e7\u00e3o e comodidade da navega\u00e7\u00e3o. De acordo com a sua pol\u00edtica de prote\u00e7\u00e3o de dados, a HISTOVET informa que os cookies se associam a um utilizador an\u00f3nimo e ao seu computador, e n\u00e3o fornecem, por si mesmos, o nome nem os apelidos do utilizador.<\/p>\n<p>O utilizador pode configurar o seu navegador para ser avisado da rece\u00e7\u00e3o de cookies, podendo, se assim o desejar, impedir a sua instala\u00e7\u00e3o no disco r\u00edgido. Contudo, a instala\u00e7\u00e3o de cookies n\u00e3o \u00e9 obrigat\u00f3ria para aceder aos websites da HISTOVET.<\/p>\n<p>O utilizador compromete-se a abster-se de reproduzir, copiar, distribuir, disponibilizar ou, de qualquer outra forma, comunicar publicamente, transformar ou modificar os conte\u00fados, salvo se autorizado pelo titular dos respetivos direitos ou se tal for legalmente permitido.<\/p>\n<hr \/>\n<h3>PROPRIEDADE INTELECTUAL<\/h3>\n<p>Os direitos de propriedade intelectual e industrial sobre todos os textos, imagens, assim como sobre os meios e formas de apresenta\u00e7\u00e3o e montagem das p\u00e1ginas, pertencem, por si ou como cession\u00e1ria, \u00e0 HISTOVET. Por conseguinte, estas obras est\u00e3o protegidas por direitos de propriedade intelectual ao abrigo da legisla\u00e7\u00e3o espanhola, podendo tamb\u00e9m ser aplic\u00e1veis as normas da Uni\u00e3o Europeia e os tratados internacionais em vigor subscritos por Espanha.<\/p>\n<p>Todos os direitos reservados. Em conformidade com a Lei da Propriedade Intelectual, \u00e9 expressamente proibida a reprodu\u00e7\u00e3o, distribui\u00e7\u00e3o, comunica\u00e7\u00e3o p\u00fablica e utiliza\u00e7\u00e3o, total ou parcial, dos conte\u00fados das suas p\u00e1ginas web sem o consentimento expresso da HISTOVET.<\/p>\n<p>A HISTOVET reserva-se ainda o direito de interpor as a\u00e7\u00f5es civis ou penais que considere adequadas pela utiliza\u00e7\u00e3o indevida dos seus websites e conte\u00fados ou pelo incumprimento das presentes condi\u00e7\u00f5es.<\/p>\n<hr \/>\n<h3>A\u00c7\u00d5ES LEGAIS, LEGISLA\u00c7\u00c3O APLIC\u00c1VEL E JURISDI\u00c7\u00c3O<\/h3>\n<p>A rela\u00e7\u00e3o entre o utilizador e a HISTOVET rege-se pela legisla\u00e7\u00e3o espanhola em vigor, sendo competentes para resolver qualquer lit\u00edgio que possa surgir entre as partes os tribunais da comarca de Barcelona.<\/p>\n<p>&nbsp;<\/p>\n","protected":false},"excerpt":{"rendered":"<p>PROTE\u00c7\u00c3O DE DADOS PESSOAIS Em conformidade com o disposto na Lei Org\u00e2nica 15\/1999 sobre a Prote\u00e7\u00e3o de Dados de Car\u00e1cter Pessoal, a HISTOVET informa os utilizadores do seu website de que os dados pessoais recolhidos atrav\u00e9s dos formul\u00e1rios presentes nas suas p\u00e1ginas ser\u00e3o inseridos num ficheiro automatizado sob responsabilidade da HISTOVET, com o objetivo de [&hellip;]<\/p>\n","protected":false},"author":4,"featured_media":0,"parent":0,"menu_order":0,"comment_status":"open","ping_status":"open","template":"","meta":{"footnotes":""},"class_list":["post-8234","page","type-page","status-publish","hentry"],"yoast_head":"<!-- This site is optimized with the Yoast SEO plugin v26.6 - https:\/\/yoast.com\/wordpress\/plugins\/seo\/ -->\n<title>Pol\u00edtica de privacidade - Histoweb<\/title>\n<meta name=\"robots\" content=\"index, follow, max-snippet:-1, max-image-preview:large, max-video-preview:-1\" \/>\n<link rel=\"canonical\" href=\"https:\/\/histoweb.com\/pt-pt\/politica-de-privacidade\/\" \/>\n<meta property=\"og:locale\" content=\"pt_PT\" \/>\n<meta property=\"og:type\" content=\"article\" \/>\n<meta property=\"og:title\" content=\"Pol\u00edtica de privacidade - Histoweb\" \/>\n<meta property=\"og:description\" content=\"PROTE\u00c7\u00c3O DE DADOS PESSOAIS Em conformidade com o disposto na Lei Org\u00e2nica 15\/1999 sobre a Prote\u00e7\u00e3o de Dados de Car\u00e1cter Pessoal, a HISTOVET informa os utilizadores do seu website de que os dados pessoais recolhidos atrav\u00e9s dos formul\u00e1rios presentes nas suas p\u00e1ginas ser\u00e3o inseridos num ficheiro automatizado sob responsabilidade da HISTOVET, com o objetivo de [&hellip;]\" \/>\n<meta property=\"og:url\" content=\"https:\/\/histoweb.com\/pt-pt\/politica-de-privacidade\/\" \/>\n<meta property=\"og:site_name\" content=\"Histoweb\" \/>\n<meta property=\"article:modified_time\" content=\"2025-04-10T09:46:27+00:00\" \/>\n<meta name=\"twitter:label1\" content=\"Tempo estimado de leitura\" \/>\n\t<meta name=\"twitter:data1\" content=\"4 minutos\" \/>\n<script type=\"application\/ld+json\" class=\"yoast-schema-graph\">{\"@context\":\"https:\/\/schema.org\",\"@graph\":[{\"@type\":\"WebPage\",\"@id\":\"https:\/\/histoweb.com\/pt-pt\/politica-de-privacidade\/\",\"url\":\"https:\/\/histoweb.com\/pt-pt\/politica-de-privacidade\/\",\"name\":\"Pol\u00edtica de privacidade - Histoweb\",\"isPartOf\":{\"@id\":\"https:\/\/histoweb.com\/#website\"},\"datePublished\":\"2014-03-13T14:36:15+00:00\",\"dateModified\":\"2025-04-10T09:46:27+00:00\",\"breadcrumb\":{\"@id\":\"https:\/\/histoweb.com\/pt-pt\/politica-de-privacidade\/#breadcrumb\"},\"inLanguage\":\"pt-PT\",\"potentialAction\":[{\"@type\":\"ReadAction\",\"target\":[\"https:\/\/histoweb.com\/pt-pt\/politica-de-privacidade\/\"]}]},{\"@type\":\"BreadcrumbList\",\"@id\":\"https:\/\/histoweb.com\/pt-pt\/politica-de-privacidade\/#breadcrumb\",\"itemListElement\":[{\"@type\":\"ListItem\",\"position\":1,\"name\":\"Portada\",\"item\":\"https:\/\/histoweb.com\/pt-pt\/portada-2\/\"},{\"@type\":\"ListItem\",\"position\":2,\"name\":\"Pol\u00edtica de privacidade\"}]},{\"@type\":\"WebSite\",\"@id\":\"https:\/\/histoweb.com\/#website\",\"url\":\"https:\/\/histoweb.com\/\",\"name\":\"Histoweb\",\"description\":\"Servicio de diagn\u00f3stico histopatol\u00f3gico veterinario\",\"publisher\":{\"@id\":\"https:\/\/histoweb.com\/#organization\"},\"potentialAction\":[{\"@type\":\"SearchAction\",\"target\":{\"@type\":\"EntryPoint\",\"urlTemplate\":\"https:\/\/histoweb.com\/?s={search_term_string}\"},\"query-input\":{\"@type\":\"PropertyValueSpecification\",\"valueRequired\":true,\"valueName\":\"search_term_string\"}}],\"inLanguage\":\"pt-PT\"},{\"@type\":\"Organization\",\"@id\":\"https:\/\/histoweb.com\/#organization\",\"name\":\"Histovet\",\"url\":\"https:\/\/histoweb.com\/\",\"logo\":{\"@type\":\"ImageObject\",\"inLanguage\":\"pt-PT\",\"@id\":\"https:\/\/histoweb.com\/#\/schema\/logo\/image\/\",\"url\":\"https:\/\/histoweb.com\/wp-content\/uploads\/2014\/03\/logo.jpg\",\"contentUrl\":\"https:\/\/histoweb.com\/wp-content\/uploads\/2014\/03\/logo.jpg\",\"width\":336,\"height\":75,\"caption\":\"Histovet\"},\"image\":{\"@id\":\"https:\/\/histoweb.com\/#\/schema\/logo\/image\/\"}}]}<\/script>\n<!-- \/ Yoast SEO plugin. -->","yoast_head_json":{"title":"Pol\u00edtica de privacidade - Histoweb","robots":{"index":"index","follow":"follow","max-snippet":"max-snippet:-1","max-image-preview":"max-image-preview:large","max-video-preview":"max-video-preview:-1"},"canonical":"https:\/\/histoweb.com\/pt-pt\/politica-de-privacidade\/","og_locale":"pt_PT","og_type":"article","og_title":"Pol\u00edtica de privacidade - Histoweb","og_description":"PROTE\u00c7\u00c3O DE DADOS PESSOAIS Em conformidade com o disposto na Lei Org\u00e2nica 15\/1999 sobre a Prote\u00e7\u00e3o de Dados de Car\u00e1cter Pessoal, a HISTOVET informa os utilizadores do seu website de que os dados pessoais recolhidos atrav\u00e9s dos formul\u00e1rios presentes nas suas p\u00e1ginas ser\u00e3o inseridos num ficheiro automatizado sob responsabilidade da HISTOVET, com o objetivo de [&hellip;]","og_url":"https:\/\/histoweb.com\/pt-pt\/politica-de-privacidade\/","og_site_name":"Histoweb","article_modified_time":"2025-04-10T09:46:27+00:00","twitter_misc":{"Tempo estimado de leitura":"4 minutos"},"schema":{"@context":"https:\/\/schema.org","@graph":[{"@type":"WebPage","@id":"https:\/\/histoweb.com\/pt-pt\/politica-de-privacidade\/","url":"https:\/\/histoweb.com\/pt-pt\/politica-de-privacidade\/","name":"Pol\u00edtica de privacidade - Histoweb","isPartOf":{"@id":"https:\/\/histoweb.com\/#website"},"datePublished":"2014-03-13T14:36:15+00:00","dateModified":"2025-04-10T09:46:27+00:00","breadcrumb":{"@id":"https:\/\/histoweb.com\/pt-pt\/politica-de-privacidade\/#breadcrumb"},"inLanguage":"pt-PT","potentialAction":[{"@type":"ReadAction","target":["https:\/\/histoweb.com\/pt-pt\/politica-de-privacidade\/"]}]},{"@type":"BreadcrumbList","@id":"https:\/\/histoweb.com\/pt-pt\/politica-de-privacidade\/#breadcrumb","itemListElement":[{"@type":"ListItem","position":1,"name":"Portada","item":"https:\/\/histoweb.com\/pt-pt\/portada-2\/"},{"@type":"ListItem","position":2,"name":"Pol\u00edtica de privacidade"}]},{"@type":"WebSite","@id":"https:\/\/histoweb.com\/#website","url":"https:\/\/histoweb.com\/","name":"Histoweb","description":"Servicio de diagn\u00f3stico histopatol\u00f3gico veterinario","publisher":{"@id":"https:\/\/histoweb.com\/#organization"},"potentialAction":[{"@type":"SearchAction","target":{"@type":"EntryPoint","urlTemplate":"https:\/\/histoweb.com\/?s={search_term_string}"},"query-input":{"@type":"PropertyValueSpecification","valueRequired":true,"valueName":"search_term_string"}}],"inLanguage":"pt-PT"},{"@type":"Organization","@id":"https:\/\/histoweb.com\/#organization","name":"Histovet","url":"https:\/\/histoweb.com\/","logo":{"@type":"ImageObject","inLanguage":"pt-PT","@id":"https:\/\/histoweb.com\/#\/schema\/logo\/image\/","url":"https:\/\/histoweb.com\/wp-content\/uploads\/2014\/03\/logo.jpg","contentUrl":"https:\/\/histoweb.com\/wp-content\/uploads\/2014\/03\/logo.jpg","width":336,"height":75,"caption":"Histovet"},"image":{"@id":"https:\/\/histoweb.com\/#\/schema\/logo\/image\/"}}]}},"_links":{"self":[{"href":"https:\/\/histoweb.com\/pt-pt\/wp-json\/wp\/v2\/pages\/8234","targetHints":{"allow":["GET"]}}],"collection":[{"href":"https:\/\/histoweb.com\/pt-pt\/wp-json\/wp\/v2\/pages"}],"about":[{"href":"https:\/\/histoweb.com\/pt-pt\/wp-json\/wp\/v2\/types\/page"}],"author":[{"embeddable":true,"href":"https:\/\/histoweb.com\/pt-pt\/wp-json\/wp\/v2\/users\/4"}],"replies":[{"embeddable":true,"href":"https:\/\/histoweb.com\/pt-pt\/wp-json\/wp\/v2\/comments?post=8234"}],"version-history":[{"count":2,"href":"https:\/\/histoweb.com\/pt-pt\/wp-json\/wp\/v2\/pages\/8234\/revisions"}],"predecessor-version":[{"id":8236,"href":"https:\/\/histoweb.com\/pt-pt\/wp-json\/wp\/v2\/pages\/8234\/revisions\/8236"}],"wp:attachment":[{"href":"https:\/\/histoweb.com\/pt-pt\/wp-json\/wp\/v2\/media?parent=8234"}],"curies":[{"name":"wp","href":"https:\/\/api.w.org\/{rel}","templated":true}]}}