{"id":8246,"date":"2018-05-30T21:12:21","date_gmt":"2018-05-30T20:12:21","guid":{"rendered":"https:\/\/histoweb.com\/?page_id=8246"},"modified":"2025-04-10T10:56:29","modified_gmt":"2025-04-10T09:56:29","slug":"politica-de-cookies","status":"publish","type":"page","link":"https:\/\/histoweb.com\/pt-pt\/politica-de-cookies\/","title":{"rendered":"Pol\u00edtica de cookies"},"content":{"rendered":"<h3>O QUE S\u00c3O COOKIES?<\/h3>\n<p>Os cookies s\u00e3o pequenos ficheiros de dados que s\u00e3o enviados para o dispositivo do utilizador a partir do website visitado e s\u00e3o utilizados para registar certas intera\u00e7\u00f5es de navega\u00e7\u00e3o num site, armazenando dados que podem ser atualizados e recuperados posteriormente. Estes ficheiros s\u00e3o guardados no computador do utilizador e cont\u00eam dados an\u00f3nimos que n\u00e3o s\u00e3o prejudiciais ao dispositivo. Servem, por exemplo, para recordar prefer\u00eancias do utilizador como o idioma selecionado, dados de acesso ou personaliza\u00e7\u00e3o da p\u00e1gina.<\/p>\n<p>Os cookies tamb\u00e9m podem ser usados para recolher informa\u00e7\u00e3o an\u00f3nima sobre como um visitante utiliza um website. Por exemplo, de que p\u00e1gina web veio ou se utilizou um \u201cbanner\u201d publicit\u00e1rio para aceder.<\/p>\n<hr \/>\n<h3>POR QUE UTILIZAMOS COOKIES?<\/h3>\n<p>A HISTOVET utiliza cookies estritamente necess\u00e1rias e essenciais para que possa navegar livremente nos nossos websites, aceder a \u00e1reas seguras e utilizar op\u00e7\u00f5es personalizadas. Al\u00e9m disso, a HISTOVET usa cookies que recolhem dados sobre a an\u00e1lise de utiliza\u00e7\u00e3o do site. Estes dados ajudam-nos a melhorar o servi\u00e7o ao cliente, avaliando o uso e o desempenho da p\u00e1gina, com o objetivo de otimiz\u00e1-la e personaliz\u00e1-la.<\/p>\n<p>Os nossos websites tamb\u00e9m podem incluir liga\u00e7\u00f5es a redes sociais (como o Facebook ou o Twitter). A HISTOVET n\u00e3o controla os cookies utilizados por esses sites externos. Para mais informa\u00e7\u00f5es sobre os cookies destas redes sociais ou outros sites externos, recomendamos que consultes as respetivas pol\u00edticas de cookies.<\/p>\n<p>Este site utiliza \u201ccookies\u201d das seguintes formas:<\/p>\n<ul>\n<li><strong>Cookie do Google Analytics<\/strong>: O Google Analytics \u00e9 um servi\u00e7o gratuito da Google Inc. que recolhe informa\u00e7\u00e3o sobre as p\u00e1ginas visitadas, o tempo da visita, o navegador utilizado, etc. Esta informa\u00e7\u00e3o \u00e9 posteriormente enviada para os servidores da Google Inc. nos Estados Unidos.<\/li>\n<li><strong>Cookies da aplica\u00e7\u00e3o &#8220;AddThis&#8221;<\/strong>: AddThis \u00e9 um servi\u00e7o gratuito que permite partilhar p\u00e1ginas deste site atrav\u00e9s de v\u00e1rios canais (email, redes sociais, etc.). AddThis recolhe informa\u00e7\u00e3o estat\u00edstica sobre a navega\u00e7\u00e3o para apresentar publicidade ajustada aos h\u00e1bitos do utilizador neste site ou noutros.<\/li>\n<\/ul>\n<hr \/>\n<h3>QUE USO DAMOS AOS DIFERENTES TIPOS DE COOKIES?<\/h3>\n<p><strong>Segundo a sua finalidade:<\/strong><\/p>\n<ul>\n<li><strong>Cookies t\u00e9cnicas<\/strong>: S\u00e3o essenciais e estritamente necess\u00e1rias para o funcionamento correto do site e para a utiliza\u00e7\u00e3o das v\u00e1rias op\u00e7\u00f5es e servi\u00e7os que este oferece (como manter a sess\u00e3o iniciada, gerir o tempo de resposta, usar elementos de seguran\u00e7a, partilhar conte\u00fados em redes sociais, etc.).<\/li>\n<li><strong>Cookies de personaliza\u00e7\u00e3o<\/strong>: Permitem ao utilizador definir ou personalizar algumas funcionalidades gerais do site, como o idioma, a configura\u00e7\u00e3o regional ou o tipo de navegador.<\/li>\n<li><strong>Cookies anal\u00edticas<\/strong>: S\u00e3o utilizadas para elaborar perfis de navega\u00e7\u00e3o e conhecer as prefer\u00eancias dos utilizadores, com o objetivo de melhorar a oferta de produtos e servi\u00e7os. Por exemplo, permitem saber que zonas geogr\u00e1ficas geram mais interesse ou qual o produto mais popular.<\/li>\n<li><strong>Cookies publicit\u00e1rias\/de publicidade<\/strong>: Permitem gerir os espa\u00e7os publicit\u00e1rios com base em crit\u00e9rios espec\u00edficos (como a frequ\u00eancia de acesso ou o conte\u00fado visualizado). Tamb\u00e9m podem armazenar informa\u00e7\u00f5es sobre os h\u00e1bitos de navega\u00e7\u00e3o do utilizador e construir um perfil para apresentar publicidade relacionada com os seus interesses.<\/li>\n<\/ul>\n<p><strong>Segundo a sua dura\u00e7\u00e3o:<\/strong><\/p>\n<ul>\n<li><strong>Cookies de sess\u00e3o<\/strong>: S\u00e3o tempor\u00e1rias e permanecem apenas enquanto o utilizador navega no site. S\u00e3o apagadas ao fechar o navegador.<\/li>\n<li><strong>Cookies persistentes<\/strong>: Permanecem armazenadas no dispositivo por um per\u00edodo mais prolongado, permitindo recordar as prefer\u00eancias do utilizador sem que tenha de reconfigur\u00e1-las sempre que visita o site.<\/li>\n<\/ul>\n<hr \/>\n<h3>COOKIES PR\u00d3PRIAS EM USO<\/h3>\n<p>Algumas das seguintes cookies podem estar ativas ao visitar esta p\u00e1gina:<\/p>\n<table>\n<thead>\n<tr>\n<th>Dom\u00ednio<\/th>\n<th>Cookie<\/th>\n<th>Empresa<\/th>\n<th>Fun\u00e7\u00e3o<\/th>\n<th>Validade<\/th>\n<\/tr>\n<\/thead>\n<tbody>\n<tr>\n<td>histoweb.com<\/td>\n<td>_ga<\/td>\n<td>Google<\/td>\n<td>Analytics, identifica utilizadores<\/td>\n<td>2 anos<\/td>\n<\/tr>\n<tr>\n<td><\/td>\n<td>_gat<\/td>\n<td>Google<\/td>\n<td>Analytics, controla a taxa de pedidos<\/td>\n<td>2 anos<\/td>\n<\/tr>\n<tr>\n<td><\/td>\n<td>_gid<\/td>\n<td>Google<\/td>\n<td>Analytics, dados estat\u00edsticos<\/td>\n<td>Sess\u00e3o<\/td>\n<\/tr>\n<tr>\n<td><\/td>\n<td>PHPSESSID<\/td>\n<td>PHP<\/td>\n<td>Cookie t\u00e9cnica de sess\u00e3o<\/td>\n<td>Sess\u00e3o<\/td>\n<\/tr>\n<\/tbody>\n<\/table>\n<hr \/>\n<h3>POR QUE \u00c9 QUE PRECISAMOS DO SEU CONSENTIMENTO EXPL\u00cdCITO PARA UTILIZ\u00c1-LAS?<\/h3>\n<p><strong>Ac\u00f3rd\u00e3o do Tribunal de Justi\u00e7a da Uni\u00e3o Europeia, 1 de outubro de 2019<\/strong><\/p>\n<p>Segundo esta decis\u00e3o, o consentimento <strong>n\u00e3o \u00e9 v\u00e1lido<\/strong> se for dado com base numa caixa pr\u00e9-selecionada que o utilizador tem de desmarcar para recusar. O consentimento deve ser <strong>expl\u00edcito<\/strong>, ou seja, uma aceita\u00e7\u00e3o ou recusa clara por parte do utilizador.<\/p>\n<p>Esta regra aplica-se <strong>independentemente de a informa\u00e7\u00e3o armazenada nos cookies ser ou n\u00e3o de car\u00e1cter pessoal<\/strong>.<\/p>\n<p>O Tribunal determinou tamb\u00e9m que o fornecedor de servi\u00e7os deve informar o utilizador:<\/p>\n<ul>\n<li>Do <strong>per\u00edodo de validade dos cookies<\/strong><\/li>\n<li>Da <strong>possibilidade de terceiros acederem \u00e0s informa\u00e7\u00f5es armazenadas<\/strong><\/li>\n<\/ul>\n<p>Este requisito est\u00e1 previsto na Diretiva 2009\/136\/CE que altera o artigo 5.\u00ba, n.\u00ba 3, da Diretiva 2002\/58\/CE.<\/p>\n<hr \/>\n<h3>O QUE ACONTECE SE RECUSAR OS COOKIES?<\/h3>\n<p>Se recusar ou apagar os cookies de navega\u00e7\u00e3o, <strong>n\u00e3o poderemos guardar as suas prefer\u00eancias<\/strong>, algumas funcionalidades do site poder\u00e3o n\u00e3o funcionar corretamente e <strong>teremos de lhe pedir autoriza\u00e7\u00e3o sempre que visitar o nosso site<\/strong>.<\/p>\n<hr \/>\n<h3>COMO CONFIGURAR O NAVEGADOR?<\/h3>\n<p>Se quiser alterar a configura\u00e7\u00e3o dos cookies, pode apag\u00e1-los ou impedir o seu registo no seu dispositivo atrav\u00e9s das op\u00e7\u00f5es do seu navegador:<\/p>\n<ul>\n<li><a href=\"https:\/\/support.microsoft.com\/pt-pt\/help\/17442\/windows-internet-explorer-delete-manage-cookies\">Configura\u00e7\u00e3o de cookies no Internet Explorer<\/a><\/li>\n<li><a href=\"https:\/\/support.mozilla.org\/pt-PT\/kb\/ativar-desativar-cookies-preferencias\">Configura\u00e7\u00e3o de cookies no Firefox<\/a><\/li>\n<li><a href=\"https:\/\/support.google.com\/chrome\/answer\/95647?hl=pt-PT\">Configura\u00e7\u00e3o de cookies no Google Chrome<\/a><\/li>\n<li><a href=\"https:\/\/support.apple.com\/pt-pt\/HT201265\">Configura\u00e7\u00e3o de cookies no Safari<\/a><\/li>\n<\/ul>\n<p>Os navegadores podem sofrer atualiza\u00e7\u00f5es, pelo que n\u00e3o podemos garantir que estes links correspondam sempre \u00e0 vers\u00e3o mais recente. Se utiliza outro navegador (como Konqueror, Arora, Flock, etc.), recomendamos consultar a op\u00e7\u00e3o &#8220;Privacidade&#8221; ou &#8220;Seguran\u00e7a&#8221; no menu de configura\u00e7\u00f5es. Consulte a ajuda do seu navegador para mais informa\u00e7\u00f5es.<\/p>\n<hr \/>\n<h3>ONDE POSSO OBTER MAIS INFORMA\u00c7\u00d5ES?<\/h3>\n<p>Poder\u00e1 obter mais informa\u00e7\u00f5es sobre cookies em:<br \/>\n<a href=\"http:\/\/www.allaboutcookies.org\/\">www.allaboutcookies.org<\/a><\/p>\n<p>&nbsp;<\/p>\n","protected":false},"excerpt":{"rendered":"<p>O QUE S\u00c3O COOKIES? Os cookies s\u00e3o pequenos ficheiros de dados que s\u00e3o enviados para o dispositivo do utilizador a partir do website visitado e s\u00e3o utilizados para registar certas intera\u00e7\u00f5es de navega\u00e7\u00e3o num site, armazenando dados que podem ser atualizados e recuperados posteriormente. Estes ficheiros s\u00e3o guardados no computador do utilizador e cont\u00eam dados [&hellip;]<\/p>\n","protected":false},"author":4,"featured_media":0,"parent":0,"menu_order":0,"comment_status":"closed","ping_status":"closed","template":"","meta":{"footnotes":""},"class_list":["post-8246","page","type-page","status-publish","hentry"],"yoast_head":"<!-- This site is optimized with the Yoast SEO plugin v26.6 - https:\/\/yoast.com\/wordpress\/plugins\/seo\/ -->\n<title>Pol\u00edtica de cookies - Histoweb<\/title>\n<meta name=\"robots\" content=\"index, follow, max-snippet:-1, max-image-preview:large, max-video-preview:-1\" \/>\n<link rel=\"canonical\" href=\"https:\/\/histoweb.com\/pt-pt\/politica-de-cookies\/\" \/>\n<meta property=\"og:locale\" content=\"pt_PT\" \/>\n<meta property=\"og:type\" content=\"article\" \/>\n<meta property=\"og:title\" content=\"Pol\u00edtica de cookies - Histoweb\" \/>\n<meta property=\"og:description\" content=\"O QUE S\u00c3O COOKIES? Os cookies s\u00e3o pequenos ficheiros de dados que s\u00e3o enviados para o dispositivo do utilizador a partir do website visitado e s\u00e3o utilizados para registar certas intera\u00e7\u00f5es de navega\u00e7\u00e3o num site, armazenando dados que podem ser atualizados e recuperados posteriormente. Estes ficheiros s\u00e3o guardados no computador do utilizador e cont\u00eam dados [&hellip;]\" \/>\n<meta property=\"og:url\" content=\"https:\/\/histoweb.com\/pt-pt\/politica-de-cookies\/\" \/>\n<meta property=\"og:site_name\" content=\"Histoweb\" \/>\n<meta property=\"article:modified_time\" content=\"2025-04-10T09:56:29+00:00\" \/>\n<meta name=\"twitter:label1\" content=\"Tempo estimado de leitura\" \/>\n\t<meta name=\"twitter:data1\" content=\"4 minutos\" \/>\n<script type=\"application\/ld+json\" class=\"yoast-schema-graph\">{\"@context\":\"https:\/\/schema.org\",\"@graph\":[{\"@type\":\"WebPage\",\"@id\":\"https:\/\/histoweb.com\/pt-pt\/politica-de-cookies\/\",\"url\":\"https:\/\/histoweb.com\/pt-pt\/politica-de-cookies\/\",\"name\":\"Pol\u00edtica de cookies - Histoweb\",\"isPartOf\":{\"@id\":\"https:\/\/histoweb.com\/#website\"},\"datePublished\":\"2018-05-30T20:12:21+00:00\",\"dateModified\":\"2025-04-10T09:56:29+00:00\",\"breadcrumb\":{\"@id\":\"https:\/\/histoweb.com\/pt-pt\/politica-de-cookies\/#breadcrumb\"},\"inLanguage\":\"pt-PT\",\"potentialAction\":[{\"@type\":\"ReadAction\",\"target\":[\"https:\/\/histoweb.com\/pt-pt\/politica-de-cookies\/\"]}]},{\"@type\":\"BreadcrumbList\",\"@id\":\"https:\/\/histoweb.com\/pt-pt\/politica-de-cookies\/#breadcrumb\",\"itemListElement\":[{\"@type\":\"ListItem\",\"position\":1,\"name\":\"Portada\",\"item\":\"https:\/\/histoweb.com\/pt-pt\/portada-2\/\"},{\"@type\":\"ListItem\",\"position\":2,\"name\":\"Pol\u00edtica de cookies\"}]},{\"@type\":\"WebSite\",\"@id\":\"https:\/\/histoweb.com\/#website\",\"url\":\"https:\/\/histoweb.com\/\",\"name\":\"Histoweb\",\"description\":\"Servicio de diagn\u00f3stico histopatol\u00f3gico veterinario\",\"publisher\":{\"@id\":\"https:\/\/histoweb.com\/#organization\"},\"potentialAction\":[{\"@type\":\"SearchAction\",\"target\":{\"@type\":\"EntryPoint\",\"urlTemplate\":\"https:\/\/histoweb.com\/?s={search_term_string}\"},\"query-input\":{\"@type\":\"PropertyValueSpecification\",\"valueRequired\":true,\"valueName\":\"search_term_string\"}}],\"inLanguage\":\"pt-PT\"},{\"@type\":\"Organization\",\"@id\":\"https:\/\/histoweb.com\/#organization\",\"name\":\"Histovet\",\"url\":\"https:\/\/histoweb.com\/\",\"logo\":{\"@type\":\"ImageObject\",\"inLanguage\":\"pt-PT\",\"@id\":\"https:\/\/histoweb.com\/#\/schema\/logo\/image\/\",\"url\":\"https:\/\/histoweb.com\/wp-content\/uploads\/2014\/03\/logo.jpg\",\"contentUrl\":\"https:\/\/histoweb.com\/wp-content\/uploads\/2014\/03\/logo.jpg\",\"width\":336,\"height\":75,\"caption\":\"Histovet\"},\"image\":{\"@id\":\"https:\/\/histoweb.com\/#\/schema\/logo\/image\/\"}}]}<\/script>\n<!-- \/ Yoast SEO plugin. -->","yoast_head_json":{"title":"Pol\u00edtica de cookies - Histoweb","robots":{"index":"index","follow":"follow","max-snippet":"max-snippet:-1","max-image-preview":"max-image-preview:large","max-video-preview":"max-video-preview:-1"},"canonical":"https:\/\/histoweb.com\/pt-pt\/politica-de-cookies\/","og_locale":"pt_PT","og_type":"article","og_title":"Pol\u00edtica de cookies - Histoweb","og_description":"O QUE S\u00c3O COOKIES? Os cookies s\u00e3o pequenos ficheiros de dados que s\u00e3o enviados para o dispositivo do utilizador a partir do website visitado e s\u00e3o utilizados para registar certas intera\u00e7\u00f5es de navega\u00e7\u00e3o num site, armazenando dados que podem ser atualizados e recuperados posteriormente. Estes ficheiros s\u00e3o guardados no computador do utilizador e cont\u00eam dados [&hellip;]","og_url":"https:\/\/histoweb.com\/pt-pt\/politica-de-cookies\/","og_site_name":"Histoweb","article_modified_time":"2025-04-10T09:56:29+00:00","twitter_misc":{"Tempo estimado de leitura":"4 minutos"},"schema":{"@context":"https:\/\/schema.org","@graph":[{"@type":"WebPage","@id":"https:\/\/histoweb.com\/pt-pt\/politica-de-cookies\/","url":"https:\/\/histoweb.com\/pt-pt\/politica-de-cookies\/","name":"Pol\u00edtica de cookies - Histoweb","isPartOf":{"@id":"https:\/\/histoweb.com\/#website"},"datePublished":"2018-05-30T20:12:21+00:00","dateModified":"2025-04-10T09:56:29+00:00","breadcrumb":{"@id":"https:\/\/histoweb.com\/pt-pt\/politica-de-cookies\/#breadcrumb"},"inLanguage":"pt-PT","potentialAction":[{"@type":"ReadAction","target":["https:\/\/histoweb.com\/pt-pt\/politica-de-cookies\/"]}]},{"@type":"BreadcrumbList","@id":"https:\/\/histoweb.com\/pt-pt\/politica-de-cookies\/#breadcrumb","itemListElement":[{"@type":"ListItem","position":1,"name":"Portada","item":"https:\/\/histoweb.com\/pt-pt\/portada-2\/"},{"@type":"ListItem","position":2,"name":"Pol\u00edtica de cookies"}]},{"@type":"WebSite","@id":"https:\/\/histoweb.com\/#website","url":"https:\/\/histoweb.com\/","name":"Histoweb","description":"Servicio de diagn\u00f3stico histopatol\u00f3gico veterinario","publisher":{"@id":"https:\/\/histoweb.com\/#organization"},"potentialAction":[{"@type":"SearchAction","target":{"@type":"EntryPoint","urlTemplate":"https:\/\/histoweb.com\/?s={search_term_string}"},"query-input":{"@type":"PropertyValueSpecification","valueRequired":true,"valueName":"search_term_string"}}],"inLanguage":"pt-PT"},{"@type":"Organization","@id":"https:\/\/histoweb.com\/#organization","name":"Histovet","url":"https:\/\/histoweb.com\/","logo":{"@type":"ImageObject","inLanguage":"pt-PT","@id":"https:\/\/histoweb.com\/#\/schema\/logo\/image\/","url":"https:\/\/histoweb.com\/wp-content\/uploads\/2014\/03\/logo.jpg","contentUrl":"https:\/\/histoweb.com\/wp-content\/uploads\/2014\/03\/logo.jpg","width":336,"height":75,"caption":"Histovet"},"image":{"@id":"https:\/\/histoweb.com\/#\/schema\/logo\/image\/"}}]}},"_links":{"self":[{"href":"https:\/\/histoweb.com\/pt-pt\/wp-json\/wp\/v2\/pages\/8246","targetHints":{"allow":["GET"]}}],"collection":[{"href":"https:\/\/histoweb.com\/pt-pt\/wp-json\/wp\/v2\/pages"}],"about":[{"href":"https:\/\/histoweb.com\/pt-pt\/wp-json\/wp\/v2\/types\/page"}],"author":[{"embeddable":true,"href":"https:\/\/histoweb.com\/pt-pt\/wp-json\/wp\/v2\/users\/4"}],"replies":[{"embeddable":true,"href":"https:\/\/histoweb.com\/pt-pt\/wp-json\/wp\/v2\/comments?post=8246"}],"version-history":[{"count":2,"href":"https:\/\/histoweb.com\/pt-pt\/wp-json\/wp\/v2\/pages\/8246\/revisions"}],"predecessor-version":[{"id":8248,"href":"https:\/\/histoweb.com\/pt-pt\/wp-json\/wp\/v2\/pages\/8246\/revisions\/8248"}],"wp:attachment":[{"href":"https:\/\/histoweb.com\/pt-pt\/wp-json\/wp\/v2\/media?parent=8246"}],"curies":[{"name":"wp","href":"https:\/\/api.w.org\/{rel}","templated":true}]}}